{"id":5045,"date":"2025-01-13T10:49:25","date_gmt":"2025-01-13T02:49:25","guid":{"rendered":"https:\/\/www.linble-coldroom.com\/equipo-de-frio-tipo-caja-l\/"},"modified":"2025-01-13T10:49:25","modified_gmt":"2025-01-13T02:49:25","slug":"equipo-de-frio-tipo-caja-l","status":"publish","type":"product","link":"https:\/\/www.linble-coldroom.com\/es\/product\/equipo-de-frio-tipo-caja-l\/","title":{"rendered":"Equipo de Frio Tipo Caja L"},"content":{"rendered":"<h2>Par\u00e1metros del condensador tipo L de caja<\/h2>\n<table>\n<tbody>\n<tr>\n<td>Modelo<\/p>\n<p>&nbsp;<\/td>\n<td>Capacidad de intercambio de calor<br \/>\n(kW)<\/td>\n<td>Potencia del ventilador<br \/>\n(w)<\/td>\n<td>Di\u00e1metro del ventilador<br \/>\n(mm)<\/td>\n<td>Volumen de aire del ventilador<br \/>\n(m\u00b3\/h)<\/td>\n<td>Tensi\u00f3n del ventilador<br \/>\n(v)<\/td>\n<td>Tubo de entrada<br \/>\n(mm)<\/td>\n<td>Traquea posterior<br \/>\n(mm)<\/td>\n<td>Total<br \/>\nDimensi\u00f3n(mm)<br \/>\nA*B*H<\/td>\n<td>Instalaci\u00f3n<br \/>\nDimensi\u00f3n(mm)D<\/td>\n<td>Instalaci\u00f3n<br \/>\nDimensi\u00f3n(mm)E<\/td>\n<\/tr>\n<tr>\n<td>FNL-20<\/td>\n<td>6.6<\/td>\n<td>1*190<\/td>\n<td>\u03c6400<\/td>\n<td>1*3800<\/td>\n<td>380<\/td>\n<td>\u03c610<\/td>\n<td>\u03c616<\/td>\n<td>1110*500*790<\/td>\n<td>590<\/td>\n<td>440<\/td>\n<\/tr>\n<tr>\n<td>FNL-29<\/td>\n<td>9.6<\/td>\n<td>1*190<\/td>\n<td>\u03c6400<\/td>\n<td>1*3800<\/td>\n<td>380<\/td>\n<td>\u03c610<\/td>\n<td>\u03c616<\/td>\n<td>1110*500*790<\/td>\n<td>590<\/td>\n<td>440<\/td>\n<\/tr>\n<tr>\n<td>FNL-39<\/td>\n<td>12.5<\/td>\n<td>1*190<\/td>\n<td>\u03c6400<\/td>\n<td>1*3800<\/td>\n<td>380<\/td>\n<td>\u03c610<\/td>\n<td>\u03c616<\/td>\n<td>1110*500*790<\/td>\n<td>590<\/td>\n<td>440<\/td>\n<\/tr>\n<tr>\n<td>FNL-48<\/td>\n<td>15.9<\/td>\n<td>2*190<\/td>\n<td>\u03c6400<\/td>\n<td>2*3800<\/td>\n<td>380<\/td>\n<td>\u03c612<\/td>\n<td>\u03c619<\/td>\n<td>1110*500*1240<\/td>\n<td>590<\/td>\n<td>440<\/td>\n<\/tr>\n<tr>\n<td>FNL-58<\/td>\n<td>18.1<\/td>\n<td>2*190<\/td>\n<td>\u03c6400<\/td>\n<td>2*3800<\/td>\n<td>380<\/td>\n<td>\u03c612<\/td>\n<td>\u03c619<\/td>\n<td>1110*500*1240<\/td>\n<td>590<\/td>\n<td>440<\/td>\n<\/tr>\n<tr>\n<td>FNL-68<\/td>\n<td>20.5<\/td>\n<td>2*190<\/td>\n<td>\u03c6400<\/td>\n<td>2*3800<\/td>\n<td>380<\/td>\n<td>\u03c612<\/td>\n<td>\u03c619<\/td>\n<td>1110*500*1240<\/td>\n<td>590<\/td>\n<td>440<\/td>\n<\/tr>\n<tr>\n<td>FNL-70<\/td>\n<td>22.4<\/td>\n<td>2*230<\/td>\n<td>\u03c6450<\/td>\n<td>2*5000<\/td>\n<td>380<\/td>\n<td>\u03c616<\/td>\n<td>\u03c622<\/td>\n<td>1230*560*1240<\/td>\n<td>840<\/td>\n<td>500<\/td>\n<\/tr>\n<tr>\n<td>FNL-80<\/td>\n<td>25.6<\/td>\n<td>2*230<\/td>\n<td>\u03c6450<\/td>\n<td>2*5000<\/td>\n<td>380<\/td>\n<td>\u03c616<\/td>\n<td>\u03c628<\/td>\n<td>1230*560*1390<\/td>\n<td>900<\/td>\n<td>500<\/td>\n<\/tr>\n<tr>\n<td>FNL-90<\/td>\n<td>28.8<\/td>\n<td>2*230<\/td>\n<td>\u03c6450<\/td>\n<td>2*5000<\/td>\n<td>380<\/td>\n<td>\u03c616<\/td>\n<td>\u03c635<\/td>\n<td>1330*560*1390<\/td>\n<td>940<\/td>\n<td>500<\/td>\n<\/tr>\n<tr>\n<td>FNL-100<\/td>\n<td>32.1<\/td>\n<td>2*320<\/td>\n<td>\u03c6500<\/td>\n<td>2*6600<\/td>\n<td>380<\/td>\n<td>\u03c616<\/td>\n<td>\u03c635<\/td>\n<td>1430*560*1390<\/td>\n<td>1040<\/td>\n<td>500<\/td>\n<\/tr>\n<tr>\n<td>FNL-120<\/td>\n<td>38.4<\/td>\n<td>4*190<\/td>\n<td>\u03c6400<\/td>\n<td>4*3800<\/td>\n<td>380<\/td>\n<td>\u03c616<\/td>\n<td>\u03c635<\/td>\n<td>1630*630*1390<\/td>\n<td>1110<\/td>\n<td>570<\/td>\n<\/tr>\n<tr>\n<td>FNL-140<\/td>\n<td>44.4<\/td>\n<td>4*190<\/td>\n<td>\u03c6450<\/td>\n<td>4*5000<\/td>\n<td>380<\/td>\n<td>\u03c616<\/td>\n<td>\u03c635<\/td>\n<td>1730*630*1390<\/td>\n<td>1210<\/td>\n<td>570<\/td>\n<\/tr>\n<\/tbody>\n<\/table>\n<p>Nota: FNL-20m2 a FNL-67m2 con v\u00e1lvula de entrada y salida, FNL-70m2 y superiores sin v\u00e1lvula.<\/p>\n<h2>Par\u00e1metros de Equipo de Frio Tipo Caja L<\/h2>\n<table>\n<tbody>\n<tr>\n<td colspan=\"13\">\n<p style=\"text-align: center;\">Equipo de frio enfriado por aire de temperatura media y alta<\/p>\n<\/td>\n<\/tr>\n<tr>\n<td colspan=\"3\">Modelo de unidades<\/td>\n<td>CX-FNL-02MH<\/td>\n<td>CX-FNL-03MH<\/td>\n<td>CX-FNL-04MH<\/td>\n<td>CX-FNL-05MH<\/td>\n<td>CX-FNL-06MH<\/td>\n<td>CX-FNL- 07MH<\/td>\n<td>CX-FNL-08MH<\/td>\n<td>CX-FNL-10MH<\/td>\n<td>CX-FNL-12MH<\/td>\n<td>CX-FNL-15MH<\/td>\n<\/tr>\n<tr>\n<td colspan=\"3\">Modelo de compresor<\/td>\n<td>ZB15KQ<\/td>\n<td>ZB21KQ<\/td>\n<td>ZB29KQ<\/td>\n<td>ZB38KQ<\/td>\n<td>ZB45KQ<\/td>\n<td>ZB48KQ<\/td>\n<td>ZB58KQ<\/td>\n<td>ZB76KQ<\/td>\n<td>ZB88KQ<\/td>\n<td>ZB114KQ<\/td>\n<\/tr>\n<tr>\n<td colspan=\"3\">Temperatura aplicable(\u2103)<\/td>\n<td colspan=\"10\">0\u2103~-15\u2103<\/td>\n<\/tr>\n<tr>\n<td colspan=\"3\">Refrigerante<\/td>\n<td colspan=\"10\">R22\/R404A<\/td>\n<\/tr>\n<tr>\n<td colspan=\"3\">Suministro<\/td>\n<td colspan=\"10\">380V 50Hz<\/td>\n<\/tr>\n<tr>\n<td rowspan=\"3\">Condensador<\/td>\n<td colspan=\"2\">Cantidad de ventiladores (piezas)<\/td>\n<td>1<\/td>\n<td>1<\/td>\n<td>1<\/td>\n<td>2<\/td>\n<td>2<\/td>\n<td>2<\/td>\n<td>2<\/td>\n<td>2<\/td>\n<td>4<\/td>\n<td>4<\/td>\n<\/tr>\n<tr>\n<td colspan=\"2\">Caudal de aire (m\u00b3\/h)<\/td>\n<td>1*3800<\/td>\n<td>1*3800<\/td>\n<td>1*3800<\/td>\n<td>2*3800<\/td>\n<td>2*3800<\/td>\n<td>2*5000<\/td>\n<td>2*5000<\/td>\n<td>2*7000<\/td>\n<td>4*3800<\/td>\n<td>5*5000<\/td>\n<\/tr>\n<tr>\n<td colspan=\"2\">Potencia del ventilador(w)<\/td>\n<td>1*190<\/td>\n<td>1*190<\/td>\n<td>1*190<\/td>\n<td>2*190<\/td>\n<td>2*190<\/td>\n<td>2*230<\/td>\n<td>2*230<\/td>\n<td>2*420<\/td>\n<td>4*190<\/td>\n<td>4*250<\/td>\n<\/tr>\n<tr>\n<td rowspan=\"6\">Ref. Capacidad de las unidades condensadoras <\/td>\n<td rowspan=\"2\">Evaporaci\u00f3n<br \/>\nTemperatura -0\u2103<\/td>\n<td>Ref. Capacidad (w) <\/td>\n<td>4830\/4670<\/td>\n<td>7020\/6690<\/td>\n<td>9430\/9480<\/td>\n<td>11700\/11950<\/td>\n<td>14150\/14000<\/td>\n<td>15600\/15750<\/td>\n<td>18550\/18600<\/td>\n<td>24900\/24700<\/td>\n<td>28500<\/td>\n<td>36200\/36300<\/td>\n<\/tr>\n<tr>\n<td>Potencia(w)<\/td>\n<td>1540\/1720<\/td>\n<td>2270\/2480<\/td>\n<td>2890\/3290<\/td>\n<td>660\/4150<\/td>\n<td>4230\/4700<\/td>\n<td>4650\/5570<\/td>\n<td>5470\/6390<\/td>\n<td>7180\/8360<\/td>\n<td>8130<\/td>\n<td>10900\/12700<\/td>\n<\/tr>\n<tr>\n<td rowspan=\"2\">Evaporaci\u00f3n<br \/>\nTemperatura-5\u2103<\/td>\n<td>Ref. Capacidad (w) <\/td>\n<td>4000\/3820<\/td>\n<td>5820\/5740<\/td>\n<td>7810\/7790<\/td>\n<td>9710\/9830<\/td>\n<td>11750\/11500<\/td>\n<td>12950\/13000<\/td>\n<td>15100\/15300<\/td>\n<td>20600\/20400<\/td>\n<td>23500<\/td>\n<td>29500\/29700<\/td>\n<\/tr>\n<tr>\n<td>Potencia(w)<\/td>\n<td>1520\/1760<\/td>\n<td>2240\/2500<\/td>\n<td>2860\/3310<\/td>\n<td>3610\/4180<\/td>\n<td>4210\/4730<\/td>\n<td>4630\/5410<\/td>\n<td>5460\/6360<\/td>\n<td>7130\/8290<\/td>\n<td>8070<\/td>\n<td>10800\/12650<\/td>\n<\/tr>\n<tr>\n<td rowspan=\"2\">Temperatura de evaporaci\u00f3n<br \/>\n-12\u2103<\/td>\n<td>Ref. Capacidad (w) <\/td>\n<td>2990\/2710<\/td>\n<td>4350\/4300<\/td>\n<td>5840\/5840<\/td>\n<td>7260\/7370<\/td>\n<td>8840\/8630<\/td>\n<td>9730\/9800<\/td>\n<td>10900\/11350<\/td>\n<td>15450\/15250<\/td>\n<td>17550<\/td>\n<td>21100\/21900<\/td>\n<\/tr>\n<tr>\n<td>Potencia(w)<\/td>\n<td>1510\/1840<\/td>\n<td>2220\/2510<\/td>\n<td>2930\/3330<\/td>\n<td>3570\/4200<\/td>\n<td>4150\/4760<\/td>\n<td>4570\/5150<\/td>\n<td>5470\/6320<\/td>\n<td>7040\/8190<\/td>\n<td>7970<\/td>\n<td>10750\/12650<\/td>\n<\/tr>\n<tr>\n<td rowspan=\"2\">Acoplamiento<\/td>\n<td colspan=\"2\">Acoplamiento de tubos<\/td>\n<td>\u03c610<\/td>\n<td>\u03c610<\/td>\n<td>\u03c612<\/td>\n<td>\u03c612<\/td>\n<td>\u03c612<\/td>\n<td>\u03c616<\/td>\n<td>\u03c616<\/td>\n<td>\u03c616<\/td>\n<td>\u03c616<\/td>\n<td>\u03c616<\/td>\n<\/tr>\n<tr>\n<td colspan=\"2\">Acoplamiento de aspiraci\u00f3n<\/td>\n<td>\u03c616<\/td>\n<td>\u03c616<\/td>\n<td>\u03c619<\/td>\n<td>\u03c619<\/td>\n<td>\u03c619<\/td>\n<td>\u03c622<\/td>\n<td>\u03c628<\/td>\n<td>\u03c635<\/td>\n<td>\u03c635<\/td>\n<td>\u03c635<\/td>\n<\/tr>\n<tr>\n<td rowspan=\"3\">Dimensi\u00f3n general\n<\/td>\n<td colspan=\"2\">Longitud(A)mm<\/td>\n<td>1110<\/td>\n<td>1110<\/td>\n<td>1110<\/td>\n<td>1110<\/td>\n<td>1110<\/td>\n<td>1230<\/td>\n<td>1230<\/td>\n<td>1430<\/td>\n<td>1630<\/td>\n<td>1730<\/td>\n<\/tr>\n<tr>\n<td colspan=\"2\">Anchura(B)mm<\/td>\n<td>500<\/td>\n<td>500<\/td>\n<td>500<\/td>\n<td>500<\/td>\n<td>500<\/td>\n<td>560<\/td>\n<td>560<\/td>\n<td>560<\/td>\n<td>630<\/td>\n<td>630<\/td>\n<\/tr>\n<tr>\n<td colspan=\"2\">Altura(H)mm<\/td>\n<td>790<\/td>\n<td>790<\/td>\n<td>790<\/td>\n<td>1240<\/td>\n<td>1240<\/td>\n<td>1240<\/td>\n<td>1390<\/td>\n<td>1390<\/td>\n<td>1390<\/td>\n<td>1490<\/td>\n<\/tr>\n<tr>\n<td rowspan=\"2\">Instalaci\u00f3n<br \/>\nDimensi\u00f3n<\/td>\n<td colspan=\"2\">Longitud(D)mm<\/td>\n<td>590<\/td>\n<td>590<\/td>\n<td>590<\/td>\n<td>590<\/td>\n<td>590<\/td>\n<td>840<\/td>\n<td>900<\/td>\n<td>1040<\/td>\n<td>1110<\/td>\n<td>1210<\/td>\n<\/tr>\n<tr>\n<td colspan=\"2\">Anchura(E)mm<\/td>\n<td>440<\/td>\n<td>440<\/td>\n<td>440<\/td>\n<td>440<\/td>\n<td>440<\/td>\n<td>500<\/td>\n<td>500<\/td>\n<td>500<\/td>\n<td>570<\/td>\n<td>570<\/td>\n<\/tr>\n<\/tbody>\n<\/table>\n<p>Nota:<\/p>\n<ol>\n<li>La capacidad y potencia ref. se basan en la temperatura ambiente a 32\u00b0C.<\/li>\n<li>Posibilidad de a\u00f1adir y reducir la configuraci\u00f3n seg\u00fan las necesidades de los clientes.<\/li>\n<li>Si desea personalizar un equipo de frio semiherm\u00e9tico, no dude en ponerse en contacto con nosotros.<\/li>\n<\/ol>\n<table>\n<tbody>\n<tr>\n<td style=\"text-align: center;\" colspan=\"7\">Equipo de frio refrigerado por aire de alta temperatura Serie Tecumseh<\/td>\n<\/tr>\n<tr>\n<td colspan=\"3\">Modelo de unidades<\/td>\n<td>CX-FNL-02MH<\/td>\n<td>CX-FNL-03MH<\/td>\n<td>CX-FNL-04MH<\/td>\n<td>CX-FNL-05MH<\/td>\n<\/tr>\n<tr>\n<td colspan=\"3\">Modelo de compresor<\/td>\n<td>FH4524Z<\/td>\n<td>TFH4540Z<\/td>\n<td>TAG4546Z<\/td>\n<td>TAG4561Z<\/td>\n<\/tr>\n<tr>\n<td colspan=\"3\">Temperatura aplicable (\u00b0C)<\/td>\n<td colspan=\"4\">0\u2103~-15\u2103<\/td>\n<\/tr>\n<tr>\n<td colspan=\"3\">Refrigerante<\/td>\n<td colspan=\"4\">R404A<\/td>\n<\/tr>\n<tr>\n<td rowspan=\"2\">Condensador<\/td>\n<td colspan=\"2\">Cantidad de ventiladores (piezas)<\/td>\n<td>1<\/td>\n<td>1<\/td>\n<td>1<\/td>\n<td>2<\/td>\n<\/tr>\n<tr>\n<td colspan=\"2\">Potencia del ventilador(w)<\/td>\n<td>1*190<\/td>\n<td>1*190<\/td>\n<td>1*190<\/td>\n<td>2*190<\/td>\n<\/tr>\n<tr>\n<td rowspan=\"6\">Ref. Capacidad de las unidades condensadoras <\/td>\n<td rowspan=\"2\">Evaporaci\u00f3n<br \/>\nTemperatura -0\u2103<\/td>\n<td>Ref. Capacidad (w) <\/td>\n<td>4371<\/td>\n<td>8390<\/td>\n<td>9670<\/td>\n<td>12126<\/td>\n<\/tr>\n<tr>\n<td>Potencia(w)<\/td>\n<td>2088<\/td>\n<td>3483<\/td>\n<td>3668<\/td>\n<td>4728<\/td>\n<\/tr>\n<tr>\n<td rowspan=\"2\">Evaporaci\u00f3n Temperatura<br \/>\n-5\u2103<\/td>\n<td>Ref. Capacidad (w) <\/td>\n<td>3526<\/td>\n<td>6861<\/td>\n<td>7591<\/td>\n<td>9681<\/td>\n<\/tr>\n<tr>\n<td>Potencia(w)<\/td>\n<td>1920<\/td>\n<td>3184<\/td>\n<td>3322<\/td>\n<td>4256<\/td>\n<\/tr>\n<tr>\n<td rowspan=\"2\">Temperatura de evaporaci\u00f3n<br \/>\n-12\u2103<\/td>\n<td>Ref. Capacidad (w) <\/td>\n<td>2500<\/td>\n<td>5009<\/td>\n<td>5175<\/td>\n<td>6804<\/td>\n<\/tr>\n<tr>\n<td>Potencia(w)<\/td>\n<td>1664<\/td>\n<td>2773<\/td>\n<td>2791<\/td>\n<td>3589<\/td>\n<\/tr>\n<tr>\n<td rowspan=\"2\">Acoplamiento<\/td>\n<td colspan=\"2\">Acoplamiento de tubos<\/td>\n<td>\u03c610<\/td>\n<td>\u03c610<\/td>\n<td>\u03c610<\/td>\n<td>\u03c612<\/td>\n<\/tr>\n<tr>\n<td colspan=\"2\">Acoplamiento de aspiraci\u00f3n<\/td>\n<td>\u03c616<\/td>\n<td>\u03c616<\/td>\n<td>\u03c616<\/td>\n<td>\u03c619<\/td>\n<\/tr>\n<tr>\n<td rowspan=\"3\">Dimensi\u00f3n general<\/td>\n<td colspan=\"2\">Longitud(A)mm<\/td>\n<td>1110<\/td>\n<td>1110<\/td>\n<td>1110<\/td>\n<td>1110<\/td>\n<\/tr>\n<tr>\n<td colspan=\"2\">Anchura(B)mm<\/td>\n<td>500<\/td>\n<td>500<\/td>\n<td>500<\/td>\n<td>500<\/td>\n<\/tr>\n<tr>\n<td colspan=\"2\">Altura(H)mm<\/td>\n<td>790<\/td>\n<td>790<\/td>\n<td>790<\/td>\n<td>1240<\/td>\n<\/tr>\n<tr>\n<td>Dimensi\u00f3n de la instalaci\u00f3n<\/td>\n<td colspan=\"2\">(D*E)mm<\/td>\n<td>590*440<\/td>\n<td>590*440<\/td>\n<td>590*440<\/td>\n<td>590*440<\/td>\n<\/tr>\n<\/tbody>\n<\/table>\n<table>\n<tbody>\n<tr>\n<td style=\"text-align: center;\" colspan=\"7\">Equipo de frio refrigerado por aire a baja temperatura Serie Tecumseh<\/td>\n<\/tr>\n<tr>\n<td colspan=\"3\">Modelo de unidades<\/td>\n<td>CX-FNL-02ML<\/td>\n<td>CX-FNL-03ML<\/td>\n<td>CX-FNL-04ML<\/td>\n<td>CX-FNL-05ML<\/td>\n<\/tr>\n<tr>\n<td colspan=\"3\">Modelo de compresor<\/td>\n<td>FH2480Z<\/td>\n<td>FH2511Z<\/td>\n<td>TAG2516Z<\/td>\n<td>TAG2522Z<\/td>\n<\/tr>\n<tr>\n<td colspan=\"3\">Temperatura aplicable (\u00b0C)<\/td>\n<td colspan=\"4\">-10\u2103~-35\u2103<\/td>\n<\/tr>\n<tr>\n<td colspan=\"3\">Refrigerante<\/td>\n<td colspan=\"4\">R404A<\/td>\n<\/tr>\n<tr>\n<td rowspan=\"2\">Condensador<\/td>\n<td colspan=\"2\">Cantidad de ventiladores (piezas)<\/td>\n<td>1<\/td>\n<td>1<\/td>\n<td>1<\/td>\n<td>2<\/td>\n<\/tr>\n<tr>\n<td colspan=\"2\">Potencia del ventilador (w)<\/td>\n<td>1*190<\/td>\n<td>1*190<\/td>\n<td>1*190<\/td>\n<td>2*190<\/td>\n<\/tr>\n<tr>\n<td rowspan=\"6\">Ref. Capacidad de las unidades condensadoras <\/td>\n<td rowspan=\"2\">Temperatura de evaporaci\u00f3n -15\u00b0\u2103<\/td>\n<td>Ref. Capacidad (w) <\/td>\n<td>2983<\/td>\n<td>4040<\/td>\n<td>5725<\/td>\n<td>7235<\/td>\n<\/tr>\n<tr>\n<td>Potencia(w)<\/td>\n<td>2172<\/td>\n<td>2833<\/td>\n<td>3803<\/td>\n<td>4695<\/td>\n<\/tr>\n<tr>\n<td rowspan=\"2\">Temperatura de evaporaci\u00f3n -20\u2103<\/td>\n<td>Ref. Capacidad (w) <\/td>\n<td>2268<\/td>\n<td>3054<\/td>\n<td>4218<\/td>\n<td>5406<\/td>\n<\/tr>\n<tr>\n<td>Potencia(w)<\/td>\n<td>1909<\/td>\n<td>2483<\/td>\n<td>3275<\/td>\n<td>4052<\/td>\n<\/tr>\n<tr>\n<td rowspan=\"2\">Temperatura de evaporaci\u00f3n -25\u00b0\u2103<\/td>\n<td>Ref. Capacidad (w) <\/td>\n<td>1671<\/td>\n<td>2240<\/td>\n<td>3005<\/td>\n<td>3940<\/td>\n<\/tr>\n<tr>\n<td>Potencia(w)<\/td>\n<td>1655<\/td>\n<td>2143<\/td>\n<td>2770<\/td>\n<td>3446<\/td>\n<\/tr>\n<tr>\n<td rowspan=\"2\">Acoplamiento<\/td>\n<td colspan=\"2\">Acoplamiento de tubos<\/td>\n<td>\u03c610<\/td>\n<td>\u03c610<\/td>\n<td>\u03c610<\/td>\n<td>\u03c612<\/td>\n<\/tr>\n<tr>\n<td colspan=\"2\">Acoplamiento de aspiraci\u00f3n<\/td>\n<td>\u03c616<\/td>\n<td>\u03c616<\/td>\n<td>\u03c616<\/td>\n<td>\u03c619<\/td>\n<\/tr>\n<tr>\n<td rowspan=\"3\">Dimensi\u00f3n general<\/td>\n<td colspan=\"2\">Longitud(A)mm<\/td>\n<td>1110<\/td>\n<td>1110<\/td>\n<td>1110<\/td>\n<td>1110<\/td>\n<\/tr>\n<tr>\n<td colspan=\"2\">Anchura(B)mm<\/td>\n<td>500<\/td>\n<td>500<\/td>\n<td>500<\/td>\n<td>500<\/td>\n<\/tr>\n<tr>\n<td colspan=\"2\">Altura(H)mm<\/td>\n<td>790<\/td>\n<td>790<\/td>\n<td>790<\/td>\n<td>1240<\/td>\n<\/tr>\n<tr>\n<td>Dimensi\u00f3n de la instalaci\u00f3n<\/td>\n<td colspan=\"2\">(D*E)mm<\/td>\n<td>590*440<\/td>\n<td>590*440<\/td>\n<td>590*440<\/td>\n<td>590*440<\/td>\n<\/tr>\n<\/tbody>\n<\/table>\n","protected":false},"excerpt":{"rendered":"<ul>\n<li>La caja admite compresores de 1 a 30 HP, con una estructura de pared delgada para instalaci\u00f3n en pared o suelo.<\/li>\n<li>Los equipos de frio de 1-15 HP est\u00e1n equipados con compresores scroll, con opciones para dise\u00f1os compatibles con compresores semiherm\u00e9ticos.<\/li>\n<li>Los equipos de frio de 15-30 HP utilizan principalmente compresores semiherm\u00e9ticos Copeland y Bitzer para un rendimiento fiable.<\/li>\n<li>Los ventiladores axiales garantizan una f\u00e1cil instalaci\u00f3n, mantenimiento, funcionamiento estable y bajos niveles de ruido.<\/li>\n<\/ul>\n","protected":false},"featured_media":4245,"comment_status":"open","ping_status":"closed","template":"","meta":{"site-sidebar-layout":"default","site-content-layout":"","ast-site-content-layout":"default","site-content-style":"default","site-sidebar-style":"default","ast-global-header-display":"","ast-banner-title-visibility":"","ast-main-header-display":"","ast-hfb-above-header-display":"","ast-hfb-below-header-display":"","ast-hfb-mobile-header-display":"","site-post-title":"","ast-breadcrumbs-content":"","ast-featured-img":"","footer-sml-layout":"","theme-transparent-header-meta":"default","adv-header-id-meta":"","stick-header-meta":"","header-above-stick-meta":"","header-main-stick-meta":"","header-below-stick-meta":"","astra-migrate-meta-layouts":"default","ast-page-background-enabled":"default","ast-page-background-meta":{"desktop":{"background-color":"var(--ast-global-color-4)","background-image":"","background-repeat":"repeat","background-position":"center center","background-size":"auto","background-attachment":"scroll","background-type":"","background-media":"","overlay-type":"","overlay-color":"","overlay-opacity":"","overlay-gradient":""},"tablet":{"background-color":"","background-image":"","background-repeat":"repeat","background-position":"center center","background-size":"auto","background-attachment":"scroll","background-type":"","background-media":"","overlay-type":"","overlay-color":"","overlay-opacity":"","overlay-gradient":""},"mobile":{"background-color":"","background-image":"","background-repeat":"repeat","background-position":"center center","background-size":"auto","background-attachment":"scroll","background-type":"","background-media":"","overlay-type":"","overlay-color":"","overlay-opacity":"","overlay-gradient":""}},"ast-content-background-meta":{"desktop":{"background-color":"var(--ast-global-color-5)","background-image":"","background-repeat":"repeat","background-position":"center center","background-size":"auto","background-attachment":"scroll","background-type":"","background-media":"","overlay-type":"","overlay-color":"","overlay-opacity":"","overlay-gradient":""},"tablet":{"background-color":"var(--ast-global-color-5)","background-image":"","background-repeat":"repeat","background-position":"center center","background-size":"auto","background-attachment":"scroll","background-type":"","background-media":"","overlay-type":"","overlay-color":"","overlay-opacity":"","overlay-gradient":""},"mobile":{"background-color":"var(--ast-global-color-5)","background-image":"","background-repeat":"repeat","background-position":"center center","background-size":"auto","background-attachment":"scroll","background-type":"","background-media":"","overlay-type":"","overlay-color":"","overlay-opacity":"","overlay-gradient":""}}},"product_brand":[],"product_cat":[57,50],"product_tag":[],"class_list":{"0":"post-5045","1":"product","2":"type-product","3":"status-publish","4":"has-post-thumbnail","6":"product_cat-equipo-de-frio-hermetico-para-camara-frigorifica","7":"product_cat-sin-categoria","8":"desktop-align-left","9":"tablet-align-left","10":"mobile-align-left","12":"first","13":"instock","14":"shipping-taxable","15":"product-type-simple"},"_links":{"self":[{"href":"https:\/\/www.linble-coldroom.com\/es\/wp-json\/wp\/v2\/product\/5045","targetHints":{"allow":["GET"]}}],"collection":[{"href":"https:\/\/www.linble-coldroom.com\/es\/wp-json\/wp\/v2\/product"}],"about":[{"href":"https:\/\/www.linble-coldroom.com\/es\/wp-json\/wp\/v2\/types\/product"}],"replies":[{"embeddable":true,"href":"https:\/\/www.linble-coldroom.com\/es\/wp-json\/wp\/v2\/comments?post=5045"}],"wp:featuredmedia":[{"embeddable":true,"href":"https:\/\/www.linble-coldroom.com\/es\/wp-json\/wp\/v2\/media\/4245"}],"wp:attachment":[{"href":"https:\/\/www.linble-coldroom.com\/es\/wp-json\/wp\/v2\/media?parent=5045"}],"wp:term":[{"taxonomy":"product_brand","embeddable":true,"href":"https:\/\/www.linble-coldroom.com\/es\/wp-json\/wp\/v2\/product_brand?post=5045"},{"taxonomy":"product_cat","embeddable":true,"href":"https:\/\/www.linble-coldroom.com\/es\/wp-json\/wp\/v2\/product_cat?post=5045"},{"taxonomy":"product_tag","embeddable":true,"href":"https:\/\/www.linble-coldroom.com\/es\/wp-json\/wp\/v2\/product_tag?post=5045"}],"curies":[{"name":"wp","href":"https:\/\/api.w.org\/{rel}","templated":true}]}}