{"id":5046,"date":"2025-01-10T15:01:48","date_gmt":"2025-01-10T07:01:48","guid":{"rendered":"https:\/\/www.linble-coldroom.com\/puerta-rapida-enrollable-para-camara-frigorifica\/"},"modified":"2025-01-10T15:01:48","modified_gmt":"2025-01-10T07:01:48","slug":"puerta-rapida-enrollable-para-camara-frigorifica","status":"publish","type":"product","link":"https:\/\/www.linble-coldroom.com\/es\/product\/puerta-rapida-enrollable-para-camara-frigorifica\/","title":{"rendered":"Puerta R\u00e1pida Enrollable para C\u00e1mara Frigor\u00edfica"},"content":{"rendered":"<table>\n<tbody>\n<tr>\n<td style=\"text-align: center;\" colspan=\"2\"><strong>Par\u00e1metros de la puerta enrollable r\u00e1pida para c\u00e1mara frigor\u00edfica<\/strong><\/td>\n<\/tr>\n<tr>\n<td>Ancho<\/td>\n<td>600mm to 4500mm<\/td>\n<\/tr>\n<tr>\n<td>Altura<\/td>\n<td>900mm to 5000mm<\/td>\n<\/tr>\n<tr>\n<td>Door frame<\/td>\n<td>1. Acero galvanizado de 1,2 mm de grosor por defecto con pulverizaci\u00f3n electrost\u00e1tica externa.<\/p>\n<p>2. Aleaci\u00f3n de aluminio y acero inoxidable opcionales.<\/p>\n<p>3. Selle con un pincel en doble fila.<\/p>\n<p>4. Disponible en colores personalizados.<\/td>\n<\/tr>\n<tr>\n<td>Material of curtain<\/td>\n<td>1. Tejido de poli\u00e9ster de alta resistencia y duradero.<\/p>\n<p>2. Espesor de 0,8 mm a 1,2 mm.<\/p>\n<p>3. Resistencia al fuego B2.<\/p>\n<p>4. Autolimpieza en ambos lados.<\/td>\n<\/tr>\n<tr>\n<td>Sistema de control<\/td>\n<td>Sistema de control integrado de alta inteligencia FROG PUPIL alem\u00e1n<\/td>\n<\/tr>\n<tr>\n<td>Capacidad antiviento<\/td>\n<td>Nivel 5 a 8 <\/td>\n<\/tr>\n<tr>\n<td>Rendimiento en seguridad<\/td>\n<td>1. Fotoel\u00e9ctrico infrarrojo de seguridad (predeterminado).<\/p>\n<p>2. Airbag de seguridad y pantalla de luz de seguridad en la parte inferior (opcional).<\/p>\n<p>3. Temperatura adecuada: de -40 \u00b0C a 80 \u00b0C.<\/td>\n<\/tr>\n<tr>\n<td>Forma de control<\/td>\n<td>Alimentaci\u00f3n de emergencia opcional, abra la puerta con una llave inglesa en caso de corte de energ\u00eda.<\/td>\n<\/tr>\n<\/tbody>\n<\/table>\n","protected":false},"excerpt":{"rendered":"<ul>\n<li>Anchura de 600 mm a 4500 mm<\/li>\n<li>De 900 mm a 5000 mm de altura<\/li>\n<li>Marco de la puerta de acero galvanizado de 1,2 mm de grosor<\/li>\n<li>8 &#8211; Cortina de tejido de poli\u00e9ster de 1,2 mm de grosor<\/li>\n<li>B2 resistencia al fuego<\/li>\n<li>Rango de temperatura de -40\u00b0C a 80\u00b0C<\/li>\n<li>Sistema de control inteligente integrado<\/li>\n<li>Capacidad antiviento de nivel 5 a 8<\/li>\n<li>Fotoel\u00e9ctrico infrarrojo de seguridad<\/li>\n<li>Opciones adicionales\n<ul>\n<li>Energ\u00eda de emergencia<\/li>\n<li>Airbag de seguridad inferior<\/li>\n<li>Pantalla de luz inferior<\/li>\n<\/ul>\n<\/li>\n<\/ul>\n","protected":false},"featured_media":1487,"comment_status":"open","ping_status":"closed","template":"","meta":{"site-sidebar-layout":"default","site-content-layout":"","ast-site-content-layout":"default","site-content-style":"default","site-sidebar-style":"default","ast-global-header-display":"","ast-banner-title-visibility":"","ast-main-header-display":"","ast-hfb-above-header-display":"","ast-hfb-below-header-display":"","ast-hfb-mobile-header-display":"","site-post-title":"","ast-breadcrumbs-content":"","ast-featured-img":"","footer-sml-layout":"","theme-transparent-header-meta":"default","adv-header-id-meta":"","stick-header-meta":"","header-above-stick-meta":"","header-main-stick-meta":"","header-below-stick-meta":"","astra-migrate-meta-layouts":"default","ast-page-background-enabled":"default","ast-page-background-meta":{"desktop":{"background-color":"var(--ast-global-color-4)","background-image":"","background-repeat":"repeat","background-position":"center center","background-size":"auto","background-attachment":"scroll","background-type":"","background-media":"","overlay-type":"","overlay-color":"","overlay-opacity":"","overlay-gradient":""},"tablet":{"background-color":"","background-image":"","background-repeat":"repeat","background-position":"center center","background-size":"auto","background-attachment":"scroll","background-type":"","background-media":"","overlay-type":"","overlay-color":"","overlay-opacity":"","overlay-gradient":""},"mobile":{"background-color":"","background-image":"","background-repeat":"repeat","background-position":"center center","background-size":"auto","background-attachment":"scroll","background-type":"","background-media":"","overlay-type":"","overlay-color":"","overlay-opacity":"","overlay-gradient":""}},"ast-content-background-meta":{"desktop":{"background-color":"var(--ast-global-color-5)","background-image":"","background-repeat":"repeat","background-position":"center center","background-size":"auto","background-attachment":"scroll","background-type":"","background-media":"","overlay-type":"","overlay-color":"","overlay-opacity":"","overlay-gradient":""},"tablet":{"background-color":"var(--ast-global-color-5)","background-image":"","background-repeat":"repeat","background-position":"center center","background-size":"auto","background-attachment":"scroll","background-type":"","background-media":"","overlay-type":"","overlay-color":"","overlay-opacity":"","overlay-gradient":""},"mobile":{"background-color":"var(--ast-global-color-5)","background-image":"","background-repeat":"repeat","background-position":"center center","background-size":"auto","background-attachment":"scroll","background-type":"","background-media":"","overlay-type":"","overlay-color":"","overlay-opacity":"","overlay-gradient":""}}},"product_brand":[],"product_cat":[50],"product_tag":[],"class_list":{"0":"post-5046","1":"product","2":"type-product","3":"status-publish","4":"has-post-thumbnail","6":"product_cat-sin-categoria","7":"desktop-align-left","8":"tablet-align-left","9":"mobile-align-left","11":"first","12":"instock","13":"shipping-taxable","14":"product-type-simple"},"_links":{"self":[{"href":"https:\/\/www.linble-coldroom.com\/es\/wp-json\/wp\/v2\/product\/5046","targetHints":{"allow":["GET"]}}],"collection":[{"href":"https:\/\/www.linble-coldroom.com\/es\/wp-json\/wp\/v2\/product"}],"about":[{"href":"https:\/\/www.linble-coldroom.com\/es\/wp-json\/wp\/v2\/types\/product"}],"replies":[{"embeddable":true,"href":"https:\/\/www.linble-coldroom.com\/es\/wp-json\/wp\/v2\/comments?post=5046"}],"wp:featuredmedia":[{"embeddable":true,"href":"https:\/\/www.linble-coldroom.com\/es\/wp-json\/wp\/v2\/media\/1487"}],"wp:attachment":[{"href":"https:\/\/www.linble-coldroom.com\/es\/wp-json\/wp\/v2\/media?parent=5046"}],"wp:term":[{"taxonomy":"product_brand","embeddable":true,"href":"https:\/\/www.linble-coldroom.com\/es\/wp-json\/wp\/v2\/product_brand?post=5046"},{"taxonomy":"product_cat","embeddable":true,"href":"https:\/\/www.linble-coldroom.com\/es\/wp-json\/wp\/v2\/product_cat?post=5046"},{"taxonomy":"product_tag","embeddable":true,"href":"https:\/\/www.linble-coldroom.com\/es\/wp-json\/wp\/v2\/product_tag?post=5046"}],"curies":[{"name":"wp","href":"https:\/\/api.w.org\/{rel}","templated":true}]}}