{"id":5047,"date":"2025-01-10T14:32:07","date_gmt":"2025-01-10T06:32:07","guid":{"rendered":"https:\/\/www.linble-coldroom.com\/puerta-de-elevacion-de-camara-frigorifica\/"},"modified":"2025-01-10T14:32:07","modified_gmt":"2025-01-10T06:32:07","slug":"puerta-de-elevacion-de-camara-frigorifica","status":"publish","type":"product","link":"https:\/\/www.linble-coldroom.com\/es\/product\/puerta-de-elevacion-de-camara-frigorifica\/","title":{"rendered":"Puerta de Elevaci\u00f3n de C\u00e1mara Frigor\u00edfica"},"content":{"rendered":"<table>\n<tbody>\n<tr>\n<td style=\"text-align: center;\" colspan=\"2\"><strong>Par\u00e1metros de la puerta levadiza de la c\u00e1mara frigor\u00edfica<\/strong><\/td>\n<\/tr>\n<tr>\n<td>Grosor del panel de la puerta<\/td>\n<td>40 mm<\/td>\n<\/tr>\n<tr>\n<td>Espesor del acero de color<\/td>\n<td>0,5 mm<\/td>\n<\/tr>\n<tr>\n<td>Densidad del PU<\/td>\n<td>43 kg\/m3<\/td>\n<\/tr>\n<tr>\n<td>Conductividad t\u00e9rmica<\/td>\n<td>0,38 W\/M\u00b0C<\/td>\n<\/tr>\n<tr>\n<td>Aislamiento ac\u00fastico<\/td>\n<td>24 dB<\/td>\n<\/tr>\n<tr>\n<td>Capacidad antiviento<\/td>\n<td>Nivel 3 de la norma europea EN 13241-1<\/td>\n<\/tr>\n<tr>\n<td>Estanqueidad<\/td>\n<td>30Pa<\/td>\n<\/tr>\n<\/tbody>\n<\/table>\n","protected":false},"excerpt":{"rendered":"<p>El grosor del panel de la puerta de elevaci\u00f3n de nuestra c\u00e1mara frigor\u00edfica es de acero de color de 0,5 mm, y los bordes del acero de color no entrar\u00e1n en contacto directo entre s\u00ed, lo que puede evitar eficazmente que el panel de la puerta se congele como resultado del puente t\u00e9rmico.<\/p>\n<p>Nuestras puertas levadizas para c\u00e1maras frigor\u00edficas utilizan espuma de poliuretano de alta densidad de 43 kg\/m\u00b3 entre chapas de acero de colores.<\/p>\n<p>Las tiras de sellado alrededor del panel de la puerta evitan eficazmente la penetraci\u00f3n del aire y la lluvia.<\/p>\n<p>Nuestra puerta levadiza para c\u00e1maras frigor\u00edficas cuenta con un dispositivo de seguridad con certificaciones de normas europeas e informes de pruebas CSTP franceses. El dispositivo de seguridad incluye<\/p>\n<ul>\n<li>NFMG primavera<\/li>\n<li>Cable de acero interior<\/li>\n<li>Dispositivo antifractura de alambre de acero<\/li>\n<li>Protecci\u00f3n del fondo<\/li>\n<\/ul>\n","protected":false},"featured_media":1477,"comment_status":"open","ping_status":"closed","template":"","meta":{"site-sidebar-layout":"default","site-content-layout":"","ast-site-content-layout":"default","site-content-style":"default","site-sidebar-style":"default","ast-global-header-display":"","ast-banner-title-visibility":"","ast-main-header-display":"","ast-hfb-above-header-display":"","ast-hfb-below-header-display":"","ast-hfb-mobile-header-display":"","site-post-title":"","ast-breadcrumbs-content":"","ast-featured-img":"","footer-sml-layout":"","theme-transparent-header-meta":"default","adv-header-id-meta":"","stick-header-meta":"","header-above-stick-meta":"","header-main-stick-meta":"","header-below-stick-meta":"","astra-migrate-meta-layouts":"default","ast-page-background-enabled":"default","ast-page-background-meta":{"desktop":{"background-color":"var(--ast-global-color-4)","background-image":"","background-repeat":"repeat","background-position":"center center","background-size":"auto","background-attachment":"scroll","background-type":"","background-media":"","overlay-type":"","overlay-color":"","overlay-opacity":"","overlay-gradient":""},"tablet":{"background-color":"","background-image":"","background-repeat":"repeat","background-position":"center center","background-size":"auto","background-attachment":"scroll","background-type":"","background-media":"","overlay-type":"","overlay-color":"","overlay-opacity":"","overlay-gradient":""},"mobile":{"background-color":"","background-image":"","background-repeat":"repeat","background-position":"center center","background-size":"auto","background-attachment":"scroll","background-type":"","background-media":"","overlay-type":"","overlay-color":"","overlay-opacity":"","overlay-gradient":""}},"ast-content-background-meta":{"desktop":{"background-color":"var(--ast-global-color-5)","background-image":"","background-repeat":"repeat","background-position":"center center","background-size":"auto","background-attachment":"scroll","background-type":"","background-media":"","overlay-type":"","overlay-color":"","overlay-opacity":"","overlay-gradient":""},"tablet":{"background-color":"var(--ast-global-color-5)","background-image":"","background-repeat":"repeat","background-position":"center center","background-size":"auto","background-attachment":"scroll","background-type":"","background-media":"","overlay-type":"","overlay-color":"","overlay-opacity":"","overlay-gradient":""},"mobile":{"background-color":"var(--ast-global-color-5)","background-image":"","background-repeat":"repeat","background-position":"center center","background-size":"auto","background-attachment":"scroll","background-type":"","background-media":"","overlay-type":"","overlay-color":"","overlay-opacity":"","overlay-gradient":""}}},"product_brand":[],"product_cat":[50],"product_tag":[],"class_list":{"0":"post-5047","1":"product","2":"type-product","3":"status-publish","4":"has-post-thumbnail","6":"product_cat-sin-categoria","7":"desktop-align-left","8":"tablet-align-left","9":"mobile-align-left","11":"first","12":"instock","13":"shipping-taxable","14":"product-type-simple"},"_links":{"self":[{"href":"https:\/\/www.linble-coldroom.com\/es\/wp-json\/wp\/v2\/product\/5047","targetHints":{"allow":["GET"]}}],"collection":[{"href":"https:\/\/www.linble-coldroom.com\/es\/wp-json\/wp\/v2\/product"}],"about":[{"href":"https:\/\/www.linble-coldroom.com\/es\/wp-json\/wp\/v2\/types\/product"}],"replies":[{"embeddable":true,"href":"https:\/\/www.linble-coldroom.com\/es\/wp-json\/wp\/v2\/comments?post=5047"}],"wp:featuredmedia":[{"embeddable":true,"href":"https:\/\/www.linble-coldroom.com\/es\/wp-json\/wp\/v2\/media\/1477"}],"wp:attachment":[{"href":"https:\/\/www.linble-coldroom.com\/es\/wp-json\/wp\/v2\/media?parent=5047"}],"wp:term":[{"taxonomy":"product_brand","embeddable":true,"href":"https:\/\/www.linble-coldroom.com\/es\/wp-json\/wp\/v2\/product_brand?post=5047"},{"taxonomy":"product_cat","embeddable":true,"href":"https:\/\/www.linble-coldroom.com\/es\/wp-json\/wp\/v2\/product_cat?post=5047"},{"taxonomy":"product_tag","embeddable":true,"href":"https:\/\/www.linble-coldroom.com\/es\/wp-json\/wp\/v2\/product_tag?post=5047"}],"curies":[{"name":"wp","href":"https:\/\/api.w.org\/{rel}","templated":true}]}}