{"id":4946,"date":"2025-01-14T10:10:24","date_gmt":"2025-01-14T02:10:24","guid":{"rendered":"https:\/\/www.linble-coldroom.com\/groupe-frigorifique-semi-hermetique-ouvert-bitzer\/"},"modified":"2025-01-14T10:10:24","modified_gmt":"2025-01-14T02:10:24","slug":"groupe-frigorifique-semi-hermetique-ouvert-bitzer","status":"publish","type":"product","link":"https:\/\/www.linble-coldroom.com\/fr\/product\/groupe-frigorifique-semi-hermetique-ouvert-bitzer\/","title":{"rendered":"Groupe Frigorifique Semi-herm\u00e9tique Ouvert Bitzer"},"content":{"rendered":"<h2>Param\u00e8tres du produit<\/h2>\n<table>\n<tbody>\n<tr>\n<td colspan=\"12\">\n<p style=\"text-align: center;\">Type ouvert Bitzer Groupe frigorifique \u00e0 refroidissement par air pour moyenne et haute temp\u00e9rature<\/p>\n<\/td>\n<\/tr>\n<tr>\n<td colspan=\"3\">Mod\u00e8le d&rsquo;unit\u00e9s<\/td>\n<td>CX-BZ- 003H<\/td>\n<td>C -BZ-004H<\/td>\n<td>CX-BZ-005H<\/td>\n<td>CX-BZ-006H<\/td>\n<td>CX-BZ-007H<\/td>\n<td>CX-BZ-010H<\/td>\n<td>CX-BZ-012H<\/td>\n<td>CX-BZ-015H<\/td>\n<td>CX-BZ-020H<\/td>\n<\/tr>\n<tr>\n<td colspan=\"3\">Mod\u00e8le de compresseur<\/td>\n<td>2DES-3<\/td>\n<td>2CES-4<\/td>\n<td>4FES-5<\/td>\n<td>4FES-6<\/td>\n<td>4DES-7<\/td>\n<td>4VES-10<\/td>\n<td>4TES-12<\/td>\n<td>4PES-15<\/td>\n<td>4NES-20<\/td>\n<\/tr>\n<tr>\n<td colspan=\"3\">Temp\u00e9rature applicable (\u2103)<\/td>\n<td colspan=\"9\">-5\u2103~-15\u2103<\/td>\n<\/tr>\n<tr>\n<td colspan=\"3\">R\u00e9frig\u00e9rant<\/td>\n<td colspan=\"9\">R404<\/td>\n<\/tr>\n<tr>\n<td rowspan=\"2\">Condenseur<\/td>\n<td colspan=\"2\">Quantit\u00e9 de ventilateurs (pcs)<\/td>\n<td>2<\/td>\n<td>2<\/td>\n<td>2<\/td>\n<td>4<\/td>\n<td>4<\/td>\n<td>4<\/td>\n<td>4<\/td>\n<td>4<\/td>\n<td>4<\/td>\n<\/tr>\n<tr>\n<td colspan=\"2\">Puissance du ventilateur (w)<\/td>\n<td>2*190<\/td>\n<td>2*190<\/td>\n<td>2*190<\/td>\n<td>4*135<\/td>\n<td>4*190<\/td>\n<td>4*190<\/td>\n<td>4*190<\/td>\n<td>4*250<\/td>\n<td>4*420<\/td>\n<\/tr>\n<tr>\n<td rowspan=\"4\">R\u00e9f. Capacit\u00e9 des groupes de condensation <\/td>\n<td rowspan=\"2\">Temp\u00e9rature d&rsquo;\u00e9vaporation -5\u2103<\/td>\n<td>R\u00e9f. Capacit\u00e9 (w) <\/td>\n<td>8300<\/td>\n<td>10250<\/td>\n<td>11110<\/td>\n<td>13960<\/td>\n<td>16890<\/td>\n<td>21300<\/td>\n<td>25800<\/td>\n<td>29400<\/td>\n<td>35200<\/td>\n<\/tr>\n<tr>\n<td>Puissance (w)<\/td>\n<td>3310<\/td>\n<td>4070<\/td>\n<td>4380<\/td>\n<td>5540<\/td>\n<td>6620<\/td>\n<td>8010<\/td>\n<td>9860<\/td>\n<td>11170<\/td>\n<td>13320<\/td>\n<\/tr>\n<tr>\n<td rowspan=\"2\">Temp\u00e9rature d&rsquo;\u00e9vaporation -15\u2103<\/td>\n<td>R\u00e9f. Capacit\u00e9 (w) <\/td>\n<td>5520<\/td>\n<td>6870<\/td>\n<td>7370<\/td>\n<td>9210<\/td>\n<td>11190<\/td>\n<td>13730<\/td>\n<td>6780<\/td>\n<td>18830<\/td>\n<td>22900<\/td>\n<\/tr>\n<tr>\n<td>Puissance (w)<\/td>\n<td>2780<\/td>\n<td>3440<\/td>\n<td>3760<\/td>\n<td>4700<\/td>\n<td>5690<\/td>\n<td>6580<\/td>\n<td>8130<\/td>\n<td>9090<\/td>\n<td>11000<\/td>\n<\/tr>\n<tr>\n<td rowspan=\"2\">Accouplement<\/td>\n<td colspan=\"2\">Raccord de tube<\/td>\n<td>12<\/td>\n<td>12<\/td>\n<td>12<\/td>\n<td>16<\/td>\n<td>16<\/td>\n<td>16<\/td>\n<td>16<\/td>\n<td>16<\/td>\n<td>22<\/td>\n<\/tr>\n<tr>\n<td colspan=\"2\">Accouplement d&rsquo;aspiration<\/td>\n<td>22<\/td>\n<td>22<\/td>\n<td>22<\/td>\n<td>28<\/td>\n<td>28<\/td>\n<td>28<\/td>\n<td>35<\/td>\n<td>42<\/td>\n<td>42<\/td>\n<\/tr>\n<tr>\n<td rowspan=\"3\">Dimension globale<\/td>\n<td colspan=\"2\">Longueur(A)mm<\/td>\n<td>1000<\/td>\n<td>1000<\/td>\n<td>1010<\/td>\n<td>1170<\/td>\n<td>1170<\/td>\n<td>1170<\/td>\n<td>1200<\/td>\n<td>1340<\/td>\n<td>1560<\/td>\n<\/tr>\n<tr>\n<td colspan=\"2\">Largeur(B)mm<\/td>\n<td>820<\/td>\n<td>820<\/td>\n<td>820<\/td>\n<td>900<\/td>\n<td>900<\/td>\n<td>900<\/td>\n<td>900<\/td>\n<td>900<\/td>\n<td>900<\/td>\n<\/tr>\n<tr>\n<td colspan=\"2\">Hauteur (H)mm<\/td>\n<td>590<\/td>\n<td>590<\/td>\n<td>690<\/td>\n<td>1020<\/td>\n<td>1120<\/td>\n<td>1120<\/td>\n<td>1320<\/td>\n<td>1320<\/td>\n<td>1420<\/td>\n<\/tr>\n<tr>\n<td>Dimension de l&rsquo;installation<\/td>\n<td colspan=\"2\">(D*E)mm<\/td>\n<td>644*786<\/td>\n<td>644*786<\/td>\n<td>644*786<\/td>\n<td>800*860<\/td>\n<td>800*860<\/td>\n<td>800*860<\/td>\n<td>830*860<\/td>\n<td>990*860<\/td>\n<td>170*860<\/td>\n<\/tr>\n<\/tbody>\n<\/table>\n<table width=\"1446\">\n<tbody>\n<tr>\n<td style=\"text-align: center;\" colspan=\"12\" width=\"1446\"> Type ouvert Bitzer Groupe de r\u00e9frig\u00e9ration \u00e0 refroidissement par air \u00e0 moyenne et haute temp\u00e9rature<\/td>\n<\/tr>\n<tr>\n<td colspan=\"3\" width=\"439\">Mod\u00e8le d&rsquo;unit\u00e9s<\/td>\n<td width=\"123\">CX-BZ-003L<\/td>\n<td width=\"104\">CX-BZ-004L<\/td>\n<td width=\"133\">CX-BZ-005L<\/td>\n<td width=\"103\">CX-BZ-007L<\/td>\n<td width=\"99\">CX-BZ-009L<\/td>\n<td width=\"93\">CX-BZ-012L<\/td>\n<td width=\"102\">CX-BZ-014L<\/td>\n<td width=\"125\">CX-BZ-018L<\/td>\n<td width=\"125\">CX-BZ-023L<\/td>\n<\/tr>\n<tr>\n<td colspan=\"3\" width=\"439\">Mod\u00e8le de compresseur<\/td>\n<td width=\"123\">4FES-3<\/td>\n<td width=\"104\">4EES-4<\/td>\n<td width=\"133\">4DES-5<\/td>\n<td width=\"103\">4VES-7<\/td>\n<td width=\"99\">4TES-9<\/td>\n<td width=\"93\">4PES-12<\/td>\n<td width=\"102\">4NES-14<\/td>\n<td width=\"125\">4HES-18<\/td>\n<td width=\"125\">4GE-23<\/td>\n<\/tr>\n<tr>\n<td colspan=\"3\" width=\"439\">Temp\u00e9rature applicable (\u2103)<\/td>\n<td colspan=\"9\" width=\"1007\">-20\u2103~-35\u2103<\/td>\n<\/tr>\n<tr>\n<td colspan=\"3\" width=\"439\">R\u00e9frig\u00e9rant<\/td>\n<td colspan=\"9\" width=\"1007\">R404A<\/td>\n<\/tr>\n<tr>\n<td rowspan=\"2\" width=\"169\">Condenseur<\/td>\n<td colspan=\"2\" width=\"270\">Quantit\u00e9 de ventilateurs (pcs)<\/td>\n<td width=\"123\">2<\/td>\n<td width=\"104\">2<\/td>\n<td width=\"133\">2<\/td>\n<td width=\"103\">2<\/td>\n<td width=\"99\">4<\/td>\n<td width=\"93\">4<\/td>\n<td width=\"102\">4<\/td>\n<td width=\"125\">4<\/td>\n<td width=\"125\">4<\/td>\n<\/tr>\n<tr>\n<td colspan=\"2\" width=\"270\">Puissance du ventilateur (w)<\/td>\n<td width=\"123\">2*135<\/td>\n<td width=\"104\">2*190<\/td>\n<td width=\"133\">2*190<\/td>\n<td width=\"103\">2*190<\/td>\n<td width=\"99\">4*135<\/td>\n<td width=\"93\">4*190<\/td>\n<td width=\"102\">4*190<\/td>\n<td width=\"125\">4*190<\/td>\n<td width=\"125\">4*250<\/td>\n<\/tr>\n<tr>\n<td rowspan=\"4\" width=\"169\">R\u00e9f. Capacit\u00e9 des groupes de condensation <\/td>\n<td rowspan=\"2\" width=\"138\">\u00c9vaporation<br \/>\nTemp\u00e9rature-25\u2103<\/td>\n<td width=\"132\">Capacit\u00e9 de r\u00e9f\u00e9rence (W)<\/td>\n<td width=\"123\">4640<\/td>\n<td width=\"104\">5890<\/td>\n<td width=\"133\">7030<\/td>\n<td width=\"103\">8240<\/td>\n<td width=\"99\">10280<\/td>\n<td width=\"93\">11320<\/td>\n<td width=\"102\">13950<\/td>\n<td width=\"125\">19880<\/td>\n<td width=\"125\">23400<\/td>\n<\/tr>\n<tr>\n<td width=\"132\">Puissance (w)<\/td>\n<td width=\"123\">3060<\/td>\n<td width=\"104\">3840<\/td>\n<td width=\"133\">4550<\/td>\n<td width=\"103\">5080<\/td>\n<td width=\"99\">6350<\/td>\n<td width=\"93\">6880<\/td>\n<td width=\"102\">8580<\/td>\n<td width=\"125\">12000<\/td>\n<td width=\"125\">14270<\/td>\n<\/tr>\n<tr>\n<td rowspan=\"2\" width=\"138\">\u00c9vaporation<br \/>\nTemp\u00e9rature -30\u2103<\/td>\n<td width=\"132\">Capacit\u00e9 de r\u00e9f\u00e9rence (w)<\/td>\n<td width=\"123\">3590<\/td>\n<td width=\"104\">4540<\/td>\n<td width=\"133\">5420<\/td>\n<td width=\"103\">6140<\/td>\n<td width=\"99\">7760<\/td>\n<td width=\"93\">8410<\/td>\n<td width=\"102\">10520<\/td>\n<td width=\"125\">15320<\/td>\n<td width=\"125\">15320<\/td>\n<\/tr>\n<tr>\n<td width=\"132\">Puissance (w)<\/td>\n<td width=\"123\">2660<\/td>\n<td width=\"104\">3320<\/td>\n<td width=\"133\">3940<\/td>\n<td width=\"103\">4260<\/td>\n<td width=\"99\">5380<\/td>\n<td width=\"93\">5740<\/td>\n<td width=\"102\">7240<\/td>\n<td width=\"125\">10350<\/td>\n<td width=\"125\">10350<\/td>\n<\/tr>\n<tr>\n<td rowspan=\"2\" width=\"169\">Accouplement<\/td>\n<td colspan=\"2\" width=\"270\">Raccord de tube<\/td>\n<td width=\"123\">12<\/td>\n<td width=\"104\">12<\/td>\n<td width=\"133\">12<\/td>\n<td width=\"103\">16<\/td>\n<td width=\"99\">16<\/td>\n<td width=\"93\">16<\/td>\n<td width=\"102\">16<\/td>\n<td width=\"125\">16<\/td>\n<td width=\"125\">22<\/td>\n<\/tr>\n<tr>\n<td colspan=\"2\" width=\"270\">Raccord d&rsquo;aspiration<\/td>\n<td width=\"123\">22<\/td>\n<td width=\"104\">28<\/td>\n<td width=\"133\">28<\/td>\n<td width=\"103\">28<\/td>\n<td width=\"99\">35<\/td>\n<td width=\"93\">35<\/td>\n<td width=\"102\">35<\/td>\n<td width=\"125\">42<\/td>\n<td width=\"125\">54<\/td>\n<\/tr>\n<tr>\n<td rowspan=\"3\" width=\"169\">Dimension globale<\/td>\n<td colspan=\"2\" width=\"270\">Longueur(A)mm<\/td>\n<td width=\"123\">940<\/td>\n<td width=\"104\">1000<\/td>\n<td width=\"133\">1000<\/td>\n<td width=\"103\">1010<\/td>\n<td width=\"99\">1170<\/td>\n<td width=\"93\">1170<\/td>\n<td width=\"102\">1170<\/td>\n<td width=\"125\">1200<\/td>\n<td width=\"125\">1340<\/td>\n<\/tr>\n<tr>\n<td colspan=\"2\" width=\"270\">Largeur(B)mm<\/td>\n<td width=\"123\">820<\/td>\n<td width=\"104\">820<\/td>\n<td width=\"133\">820<\/td>\n<td width=\"103\">820<\/td>\n<td width=\"99\">900<\/td>\n<td width=\"93\">900<\/td>\n<td width=\"102\">900<\/td>\n<td width=\"125\">900<\/td>\n<td width=\"125\">900<\/td>\n<\/tr>\n<tr>\n<td colspan=\"2\" width=\"270\">Hauteur (H)mm<\/td>\n<td width=\"123\">540<\/td>\n<td width=\"104\">590<\/td>\n<td width=\"133\">590<\/td>\n<td width=\"103\">690<\/td>\n<td width=\"99\">1020<\/td>\n<td width=\"93\">1120<\/td>\n<td width=\"102\">1120<\/td>\n<td width=\"125\">1320<\/td>\n<td width=\"125\">1420<\/td>\n<\/tr>\n<tr>\n<td width=\"169\">Dimension de l&rsquo;installation<\/td>\n<td colspan=\"2\" width=\"270\">(D*E)mm<\/td>\n<td width=\"123\">590*786<\/td>\n<td width=\"104\">644*786<\/td>\n<td width=\"133\">644*786<\/td>\n<td width=\"103\">644*786<\/td>\n<td width=\"99\">800*860<\/td>\n<td width=\"93\">800*860<\/td>\n<td width=\"102\">800\/860<\/td>\n<td width=\"125\">830*860<\/td>\n<td width=\"125\">950*860<\/td>\n<\/tr>\n<\/tbody>\n<\/table>\n","protected":false},"excerpt":{"rendered":"<p data-pm-slice=\"1 1 []\">Utilise des compresseurs ouverts Bitzer qui peuvent \u00eatre personnalis\u00e9s pour diff\u00e9rents r\u00e9frig\u00e9rants, offrant ainsi une flexibilit\u00e9 pour divers besoins de refroidissement.<\/p>\n<p data-pm-slice=\"1 1 []\">La conception ouverte du compresseur facilite l&rsquo;entretien et la maintenance, car les composants sont plus accessibles que sur les mod\u00e8les herm\u00e9tiques.<\/p>\n<ul>\n<li>Simplifie les processus de d\u00e9placement, d&rsquo;installation et de maintenance.<\/li>\n<li>Des r\u00e9gulateurs haute\/basse pression prot\u00e8gent les compresseurs contre les surcharges.<\/li>\n<li>Comprend le compresseur Bitzer, le condenseur, le r\u00e9servoir r\u00e9cepteur et le syst\u00e8me de commande \u00e9lectrique avanc\u00e9.<\/li>\n<\/ul>\n","protected":false},"featured_media":4390,"comment_status":"open","ping_status":"closed","template":"","meta":{"site-sidebar-layout":"default","site-content-layout":"","ast-site-content-layout":"default","site-content-style":"default","site-sidebar-style":"default","ast-global-header-display":"","ast-banner-title-visibility":"","ast-main-header-display":"","ast-hfb-above-header-display":"","ast-hfb-below-header-display":"","ast-hfb-mobile-header-display":"","site-post-title":"","ast-breadcrumbs-content":"","ast-featured-img":"","footer-sml-layout":"","theme-transparent-header-meta":"default","adv-header-id-meta":"","stick-header-meta":"","header-above-stick-meta":"","header-main-stick-meta":"","header-below-stick-meta":"","astra-migrate-meta-layouts":"default","ast-page-background-enabled":"default","ast-page-background-meta":{"desktop":{"background-color":"var(--ast-global-color-4)","background-image":"","background-repeat":"repeat","background-position":"center center","background-size":"auto","background-attachment":"scroll","background-type":"","background-media":"","overlay-type":"","overlay-color":"","overlay-opacity":"","overlay-gradient":""},"tablet":{"background-color":"","background-image":"","background-repeat":"repeat","background-position":"center center","background-size":"auto","background-attachment":"scroll","background-type":"","background-media":"","overlay-type":"","overlay-color":"","overlay-opacity":"","overlay-gradient":""},"mobile":{"background-color":"","background-image":"","background-repeat":"repeat","background-position":"center center","background-size":"auto","background-attachment":"scroll","background-type":"","background-media":"","overlay-type":"","overlay-color":"","overlay-opacity":"","overlay-gradient":""}},"ast-content-background-meta":{"desktop":{"background-color":"var(--ast-global-color-5)","background-image":"","background-repeat":"repeat","background-position":"center center","background-size":"auto","background-attachment":"scroll","background-type":"","background-media":"","overlay-type":"","overlay-color":"","overlay-opacity":"","overlay-gradient":""},"tablet":{"background-color":"var(--ast-global-color-5)","background-image":"","background-repeat":"repeat","background-position":"center center","background-size":"auto","background-attachment":"scroll","background-type":"","background-media":"","overlay-type":"","overlay-color":"","overlay-opacity":"","overlay-gradient":""},"mobile":{"background-color":"var(--ast-global-color-5)","background-image":"","background-repeat":"repeat","background-position":"center center","background-size":"auto","background-attachment":"scroll","background-type":"","background-media":"","overlay-type":"","overlay-color":"","overlay-opacity":"","overlay-gradient":""}}},"product_brand":[],"product_cat":[49],"product_tag":[],"class_list":{"0":"post-4946","1":"product","2":"type-product","3":"status-publish","4":"has-post-thumbnail","6":"product_cat-non-categorise","7":"desktop-align-left","8":"tablet-align-left","9":"mobile-align-left","11":"first","12":"instock","13":"shipping-taxable","14":"product-type-simple"},"_links":{"self":[{"href":"https:\/\/www.linble-coldroom.com\/fr\/wp-json\/wp\/v2\/product\/4946","targetHints":{"allow":["GET"]}}],"collection":[{"href":"https:\/\/www.linble-coldroom.com\/fr\/wp-json\/wp\/v2\/product"}],"about":[{"href":"https:\/\/www.linble-coldroom.com\/fr\/wp-json\/wp\/v2\/types\/product"}],"replies":[{"embeddable":true,"href":"https:\/\/www.linble-coldroom.com\/fr\/wp-json\/wp\/v2\/comments?post=4946"}],"wp:featuredmedia":[{"embeddable":true,"href":"https:\/\/www.linble-coldroom.com\/fr\/wp-json\/wp\/v2\/media\/4390"}],"wp:attachment":[{"href":"https:\/\/www.linble-coldroom.com\/fr\/wp-json\/wp\/v2\/media?parent=4946"}],"wp:term":[{"taxonomy":"product_brand","embeddable":true,"href":"https:\/\/www.linble-coldroom.com\/fr\/wp-json\/wp\/v2\/product_brand?post=4946"},{"taxonomy":"product_cat","embeddable":true,"href":"https:\/\/www.linble-coldroom.com\/fr\/wp-json\/wp\/v2\/product_cat?post=4946"},{"taxonomy":"product_tag","embeddable":true,"href":"https:\/\/www.linble-coldroom.com\/fr\/wp-json\/wp\/v2\/product_tag?post=4946"}],"curies":[{"name":"wp","href":"https:\/\/api.w.org\/{rel}","templated":true}]}}