{"id":4947,"date":"2025-01-13T17:34:45","date_gmt":"2025-01-13T09:34:45","guid":{"rendered":"https:\/\/www.linble-coldroom.com\/groupe-de-refrigeration-de-type-box-v-entier-haut-et-bas\/"},"modified":"2025-01-13T17:34:45","modified_gmt":"2025-01-13T09:34:45","slug":"groupe-de-refrigeration-de-type-box-v-entier-haut-et-bas","status":"publish","type":"product","link":"https:\/\/www.linble-coldroom.com\/fr\/product\/groupe-de-refrigeration-de-type-box-v-entier-haut-et-bas\/","title":{"rendered":"Groupe de R\u00e9frig\u00e9ration de Type Box V (Entier Haut et Bas)"},"content":{"rendered":"<h2>Condenseur de type V Param\u00e8tres<\/h2>\n<table>\n<tbody>\n<tr>\n<td>Mod\u00e8le<\/td>\n<td>Capacit\u00e9 d&rsquo;\u00e9change thermique<br \/>\n(kW)<\/td>\n<td>Puissance du ventilateur<br \/>\n(w)<\/td>\n<td>Diam\u00e8tre du ventilateur<br \/>\n(mm)<\/td>\n<td>Volume d&rsquo;air du ventilateur (m\u00b3\/h)<\/td>\n<td>Ventilateur Vlotage<br \/>\n(V)<\/td>\n<td>Connecteur Tube d&rsquo;entr\u00e9e<br \/>\n(mm)<\/td>\n<td>Connecteur Dos Trach\u00e9e<br \/>\n(mm)<\/td>\n<td>Dimensions globales<br \/>\n(mm)<br \/>\nA*B*H<\/td>\n<td>Dimension d&rsquo;installation<br \/>\n(mm)<br \/>\nD<\/td>\n<td>Dimension d&rsquo;installation<br \/>\n(mm)<br \/>\nE<\/td>\n<\/tr>\n<tr>\n<td>FNV-100<\/td>\n<td>31<\/td>\n<td>2*420<\/td>\n<td>500<\/td>\n<td>2*6500<\/td>\n<td>380<\/td>\n<td>25<\/td>\n<td>19<\/td>\n<td>1360*950*1600<\/td>\n<td>956<\/td>\n<td>908<\/td>\n<\/tr>\n<tr>\n<td>FNV-120<\/td>\n<td>34.2<\/td>\n<td>2*550<\/td>\n<td>550<\/td>\n<td>2*7500<\/td>\n<td>380<\/td>\n<td>25<\/td>\n<td>19<\/td>\n<td>1580*950*1600<\/td>\n<td>1176<\/td>\n<td>908<\/td>\n<\/tr>\n<tr>\n<td>FNV-140<\/td>\n<td>38.6<\/td>\n<td>2*550<\/td>\n<td>550<\/td>\n<td>2*7500<\/td>\n<td>380<\/td>\n<td>25<\/td>\n<td>19<\/td>\n<td>1800*950*1600<\/td>\n<td>1396<\/td>\n<td>908<\/td>\n<\/tr>\n<tr>\n<td>FNV-160<\/td>\n<td>48.1<\/td>\n<td>2*550<\/td>\n<td>550<\/td>\n<td>2*7500<\/td>\n<td>380<\/td>\n<td>32<\/td>\n<td>22<\/td>\n<td>1620*990*1750<\/td>\n<td>1316<\/td>\n<td>944<\/td>\n<\/tr>\n<tr>\n<td>FNV-180<\/td>\n<td>55.8<\/td>\n<td>2*800<\/td>\n<td>600<\/td>\n<td>2*9500<\/td>\n<td>380<\/td>\n<td>32<\/td>\n<td>22<\/td>\n<td>1800*990*1750<\/td>\n<td>1496<\/td>\n<td>944<\/td>\n<\/tr>\n<tr>\n<td>FNV-200<\/td>\n<td>61.6<\/td>\n<td>2*800<\/td>\n<td>600<\/td>\n<td>2*9500<\/td>\n<td>380<\/td>\n<td>32<\/td>\n<td>22<\/td>\n<td>1960*990*1750<\/td>\n<td>1656<\/td>\n<td>944<\/td>\n<\/tr>\n<tr>\n<td>FNV-220<\/td>\n<td>67.4<\/td>\n<td>3*550<\/td>\n<td>550<\/td>\n<td>3*7500<\/td>\n<td>380<\/td>\n<td>32<\/td>\n<td>22<\/td>\n<td>2120*990*1750<\/td>\n<td>1816<\/td>\n<td>944<\/td>\n<\/tr>\n<tr>\n<td>FNV-240<\/td>\n<td>73.9<\/td>\n<td>3*550<\/td>\n<td>550<\/td>\n<td>3*7500<\/td>\n<td>380<\/td>\n<td>32<\/td>\n<td>22<\/td>\n<td>2390*990*1750<\/td>\n<td>2086<\/td>\n<td>944<\/td>\n<\/tr>\n<tr>\n<td>FNV-265<\/td>\n<td>81.5<\/td>\n<td>3*550<\/td>\n<td>550<\/td>\n<td>3*7500<\/td>\n<td>380<\/td>\n<td>35<\/td>\n<td>25<\/td>\n<td>2540*990*1750<\/td>\n<td>2236<\/td>\n<td>944<\/td>\n<\/tr>\n<tr>\n<td>FNV-280<\/td>\n<td>86.2<\/td>\n<td>3*800<\/td>\n<td>600<\/td>\n<td>3*9500<\/td>\n<td>380<\/td>\n<td>35<\/td>\n<td>25<\/td>\n<td>2660*990*1750<\/td>\n<td>2356<\/td>\n<td>944<\/td>\n<\/tr>\n<tr>\n<td>FNV-300<\/td>\n<td>92.4<\/td>\n<td>3*800<\/td>\n<td>600<\/td>\n<td>3*9500<\/td>\n<td>380<\/td>\n<td>35<\/td>\n<td>25<\/td>\n<td>2840*990*1750<\/td>\n<td>2536<\/td>\n<td>944<\/td>\n<\/tr>\n<tr>\n<td>FNV-350<\/td>\n<td>108.7<\/td>\n<td>3*850<\/td>\n<td>630<\/td>\n<td>3*10800<\/td>\n<td>380<\/td>\n<td>42<\/td>\n<td>32<\/td>\n<td>2560*1090*1750<\/td>\n<td>2256<\/td>\n<td>1044<\/td>\n<\/tr>\n<tr>\n<td>FNV-400<\/td>\n<td>123.7<\/td>\n<td>4*850<\/td>\n<td>630<\/td>\n<td>4*10800<\/td>\n<td>380<\/td>\n<td>42<\/td>\n<td>32<\/td>\n<td>3710*990*1750<\/td>\n<td>3406<\/td>\n<td>944<\/td>\n<\/tr>\n<tr>\n<td>FNV-450<\/td>\n<td>138.7<\/td>\n<td>4*850<\/td>\n<td>630<\/td>\n<td>4*10800<\/td>\n<td>380<\/td>\n<td>42<\/td>\n<td>32<\/td>\n<td>3190*1090*1750<\/td>\n<td>2886<\/td>\n<td>1044<\/td>\n<\/tr>\n<tr>\n<td>FNV-500<\/td>\n<td>155<\/td>\n<td>5*800<\/td>\n<td>600<\/td>\n<td>4*10800<\/td>\n<td>380<\/td>\n<td>42<\/td>\n<td>32<\/td>\n<td>3700*1090*1750<\/td>\n<td>3396<\/td>\n<td>1044<\/td>\n<\/tr>\n<\/tbody>\n<\/table>\n<h2>Groupe Frigorifique de V Type Param\u00e8tres (Mont\u00e9e et Descente Enti\u00e8res)<\/h2>\n<table>\n<tbody>\n<tr>\n<td style=\"text-align: center;\" colspan=\"13\">Groupe Frigorifique \u00e0 Air \u00e0 Moyenne et Haute Temp\u00e9rature<\/td>\n<\/tr>\n<tr>\n<td colspan=\"3\">Mod\u00e8le d&rsquo;unit\u00e9s<\/td>\n<td>CX-FNV-10<\/td>\n<td>CX-FNV-12<\/td>\n<td>CX-FNV-15<\/td>\n<td>CX-FNV-20<\/td>\n<td>CX-FNV-25<\/td>\n<td>CX-FNV-30<\/td>\n<td>CX-FNV-33MH<\/td>\n<td>CX-FNV-35MH<\/td>\n<td>CX-FNV-40MH<\/td>\n<td>CX-FNV-50MH<\/td>\n<\/tr>\n<tr>\n<td colspan=\"3\">Mod\u00e8le de compresseur<\/td>\n<td>4VES-10\/4VES-10Y<\/td>\n<td>4TES-12<\/td>\n<td>4PES-15<\/td>\n<td>4NES-20<\/td>\n<td>4HE-25<\/td>\n<td>4GE-30<\/td>\n<td>6JE-33<\/td>\n<td>6HE-35<\/td>\n<td>6GE-40<\/td>\n<td>6FE-50<\/td>\n<\/tr>\n<tr>\n<td colspan=\"3\">Temp\u00e9rature applicable (C)<\/td>\n<td colspan=\"10\">-5\u2103~-15\u2103<\/td>\n<\/tr>\n<tr>\n<td colspan=\"3\">R\u00e9frig\u00e9rant<\/td>\n<td colspan=\"10\">R22\/R404A<\/td>\n<\/tr>\n<tr>\n<td rowspan=\"2\">Condenseur<\/td>\n<td colspan=\"2\">Quantit\u00e9 de ventilateurs (pcS)<\/td>\n<td>2<\/td>\n<td>2<\/td>\n<td>2<\/td>\n<td>2<\/td>\n<td>3<\/td>\n<td>3<\/td>\n<td>3<\/td>\n<td>3<\/td>\n<td>4<\/td>\n<td>5<\/td>\n<\/tr>\n<tr>\n<td colspan=\"2\">Puissance du ventilateur (w)<\/td>\n<td>2*550<\/td>\n<td>2*550<\/td>\n<td>2*800<\/td>\n<td>3*550<\/td>\n<td>3*550<\/td>\n<td>3*850<\/td>\n<td>3*800<\/td>\n<td>3*850<\/td>\n<td>4*850<\/td>\n<td>5*800<\/td>\n<\/tr>\n<tr>\n<td rowspan=\"4\">R\u00e9f. Capacit\u00e9 des<br \/>\ngroupes de condensation <\/td>\n<td rowspan=\"2\">\u00c9vaporation<br \/>\nTemp\u00e9rature -5\u2103<\/td>\n<td>Capacit\u00e9 de r\u00e9f\u00e9rence (w)<\/td>\n<td>21300\/21300<\/td>\n<td>25700\/25800<\/td>\n<td>29400\/29400<\/td>\n<td>34800\/35200<\/td>\n<td>46400\/46500<\/td>\n<td>53800\/53000<\/td>\n<td>58800\/58600<\/td>\n<td>69600\/68300<\/td>\n<td>79800\/77600<\/td>\n<td>96200\/94500<\/td>\n<\/tr>\n<tr>\n<td>Puissance (w)<\/td>\n<td>7210\/8010<\/td>\n<td>8830\/9860<\/td>\n<td>10050\/11170<\/td>\n<td>11810\/13320<\/td>\n<td>15860\/17590<\/td>\n<td>18280\/20300<\/td>\n<td>20000\/21700<\/td>\n<td>23900\/26100<\/td>\n<td>27400\/30300<\/td>\n<td>33300\/37500<\/td>\n<\/tr>\n<tr>\n<td rowspan=\"2\">\u00c9vaporation<br \/>\nTemp\u00e9rature -15\u2103<\/td>\n<td>Capacit\u00e9 de r\u00e9f\u00e9rence (w)<\/td>\n<td>13620\/13730<\/td>\n<td>16580\/16780<\/td>\n<td>22300\/22900<\/td>\n<td>22300\/22900<\/td>\n<td>30000\/30800<\/td>\n<td>35000\/35500<\/td>\n<td>37700\/38300<\/td>\n<td>45000\/45300<\/td>\n<td>51700\/51900<\/td>\n<td>62500\/63600<\/td>\n<\/tr>\n<tr>\n<td>Puissance (w)<\/td>\n<td>6020\/6580<\/td>\n<td>7390\/8130<\/td>\n<td>8320\/9090<\/td>\n<td>9860\/11000<\/td>\n<td>13330\/14700<\/td>\n<td>15440\/16990<\/td>\n<td>16710\/18190<\/td>\n<td>20000\/22000<\/td>\n<td>23100\/25600<\/td>\n<td>28200\/31500<\/td>\n<\/tr>\n<tr>\n<td rowspan=\"2\">Accouplement<\/td>\n<td colspan=\"2\">Raccord de tube<\/td>\n<td>16<\/td>\n<td>16<\/td>\n<td>16<\/td>\n<td>22<\/td>\n<td>22<\/td>\n<td>22<\/td>\n<td>22<\/td>\n<td>22<\/td>\n<td>28<\/td>\n<td>28<\/td>\n<\/tr>\n<tr>\n<td colspan=\"2\">Accouplement d&rsquo;aspiration<\/td>\n<td>28<\/td>\n<td>35<\/td>\n<td>42<\/td>\n<td>42<\/td>\n<td>54<\/td>\n<td>54<\/td>\n<td>54<\/td>\n<td>54<\/td>\n<td>54<\/td>\n<td>54<\/td>\n<\/tr>\n<tr>\n<td rowspan=\"3\">Dimensions globales\n<\/td>\n<td colspan=\"2\">Longueur(A)mm<\/td>\n<td>1580<\/td>\n<td>1800<\/td>\n<td>1800<\/td>\n<td>2120<\/td>\n<td>2540<\/td>\n<td>2560<\/td>\n<td>2840<\/td>\n<td>2560<\/td>\n<td>3710<\/td>\n<td>3700<\/td>\n<\/tr>\n<tr>\n<td colspan=\"2\">Largeur(B)mm<\/td>\n<td>950<\/td>\n<td>950<\/td>\n<td>990<\/td>\n<td>990<\/td>\n<td>990<\/td>\n<td>1090<\/td>\n<td>990<\/td>\n<td>1090<\/td>\n<td>990<\/td>\n<td>1090<\/td>\n<\/tr>\n<tr>\n<td colspan=\"2\">Hauteur (H)mm<\/td>\n<td>1600<\/td>\n<td>1600<\/td>\n<td>1750<\/td>\n<td>1750<\/td>\n<td>1750<\/td>\n<td>1750<\/td>\n<td>1750<\/td>\n<td>1750<\/td>\n<td>1750<\/td>\n<td>1750<\/td>\n<\/tr>\n<tr>\n<td>Installation<br \/>\nDimension<\/td>\n<td colspan=\"2\">(D*E)mm<\/td>\n<td>1176*908<\/td>\n<td>1396*908<\/td>\n<td>1496*944<\/td>\n<td>1816*944<\/td>\n<td>2236*944<\/td>\n<td>2256*1044<\/td>\n<td>2536*949<\/td>\n<td>2256*1044<\/td>\n<td>3046\/944<\/td>\n<td>3396\/1044<\/td>\n<\/tr>\n<\/tbody>\n<\/table>\n<table>\n<tbody>\n<tr>\n<td colspan=\"8\">\n<p style=\"text-align: center;\">Groupe de condensation \u00e0 air \u00e0 moyenne et basse temp\u00e9rature<\/p>\n<\/td>\n<\/tr>\n<tr>\n<td colspan=\"3\">Mod\u00e8le d&rsquo;unit\u00e9s<\/td>\n<td>CX-FNV-14ML<\/td>\n<td>CX-FNV-18ML<\/td>\n<td>CX-FNV-23ML<\/td>\n<td>CX-FNV-28ML<\/td>\n<td>CX-FNV-34ML<\/td>\n<\/tr>\n<tr>\n<td colspan=\"3\">Mod\u00e8le de compresseur<\/td>\n<td>4NES-14<\/td>\n<td>4HE-18<\/td>\n<td>4GE-23<\/td>\n<td>6HE-28<\/td>\n<td>6GE-34<\/td>\n<\/tr>\n<tr>\n<td colspan=\"3\">Temp\u00e9rature applicable (\u2103)<\/td>\n<td colspan=\"5\">-20\u2103~-35\u2103<\/td>\n<\/tr>\n<tr>\n<td colspan=\"3\">R\u00e9frig\u00e9rant<\/td>\n<td colspan=\"5\">R22\/R404A<\/td>\n<\/tr>\n<tr>\n<td rowspan=\"2\">Condenseur<\/td>\n<td colspan=\"2\">Quantit\u00e9 de ventilateurs (pcs)<\/td>\n<td>2<\/td>\n<td>2<\/td>\n<td>2<\/td>\n<td>2<\/td>\n<td>3<\/td>\n<\/tr>\n<tr>\n<td colspan=\"2\">Puissance du ventilateur (w)<\/td>\n<td>2*420<\/td>\n<td>2*550<\/td>\n<td>2*550<\/td>\n<td>2*800<\/td>\n<td>3*550<\/td>\n<\/tr>\n<tr>\n<td rowspan=\"4\">R\u00e9f. Capacit\u00e9 des unit\u00e9s \u00e0 condensation\n <\/td>\n<td rowspan=\"2\">\u00c9vaporation<br \/>\nTemp\u00e9rature-25\u2103<\/td>\n<td>Capacit\u00e9 de r\u00e9f\u00e9rence (w)<\/td>\n<td>13490\/13950<\/td>\n<td>17170\/19880<\/td>\n<td>19920\/23400<\/td>\n<td>25800\/29300<\/td>\n<td>29900\/35400<\/td>\n<\/tr>\n<tr>\n<td>Puissance (w)<\/td>\n<td>7880\/8580<\/td>\n<td>10420\/12000<\/td>\n<td>12490\/14270<\/td>\n<td>15610\/17690<\/td>\n<td>18720\/21800<\/td>\n<\/tr>\n<tr>\n<td rowspan=\"2\">\u00c9vaporation<br \/>\nTemp\u00e9rature -30\u2103<\/td>\n<td>Capacit\u00e9 de r\u00e9f\u00e9rence (w)<\/td>\n<td>10020\/10520<\/td>\n<td>12610\/15320<\/td>\n<td>14670\/18240<\/td>\n<td>18920\/22600<\/td>\n<td>22000\/27800<\/td>\n<\/tr>\n<tr>\n<td>Puissance (w)<\/td>\n<td>6800\/7240<\/td>\n<td>8920\/10350<\/td>\n<td>10770\/12330<\/td>\n<td>13370\/15200<\/td>\n<td>16130\/18950<\/td>\n<\/tr>\n<tr>\n<td rowspan=\"2\">Accouplement<\/td>\n<td colspan=\"2\">Raccord de tube<\/td>\n<td>16<\/td>\n<td>16<\/td>\n<td>22<\/td>\n<td>22<\/td>\n<td>22<\/td>\n<\/tr>\n<tr>\n<td colspan=\"2\">Accouplement d&rsquo;aspiration<\/td>\n<td>35<\/td>\n<td>42<\/td>\n<td>54<\/td>\n<td>54<\/td>\n<td>54<\/td>\n<\/tr>\n<tr>\n<td rowspan=\"3\">Dimension globale<\/td>\n<td colspan=\"2\">Longueur(A)mm<\/td>\n<td>1360<\/td>\n<td>1800<\/td>\n<td>1620<\/td>\n<td>1960<\/td>\n<td>2390<\/td>\n<\/tr>\n<tr>\n<td colspan=\"2\">Largeur(B)mm<\/td>\n<td>950<\/td>\n<td>950<\/td>\n<td>990<\/td>\n<td>990<\/td>\n<td>990<\/td>\n<\/tr>\n<tr>\n<td colspan=\"2\">Hauteur (H)mm<\/td>\n<td>1600<\/td>\n<td>1600<\/td>\n<td>1750<\/td>\n<td>1750<\/td>\n<td>1750<\/td>\n<\/tr>\n<tr>\n<td>Dimension de l&rsquo;installation<\/td>\n<td colspan=\"2\">(D*E)mm<\/td>\n<td>956*908<\/td>\n<td>1396*908<\/td>\n<td>1316*944<\/td>\n<td>1656*944<\/td>\n<td>2086*944<\/td>\n<\/tr>\n<\/tbody>\n<\/table>\n<p>&nbsp;<\/p>\n","protected":false},"excerpt":{"rendered":"<p>La forme en \u00ab V \u00bb permet une conception peu encombrante, avec un flux d&rsquo;air ascendant et descendant, optimisant l&rsquo;utilisation de l&rsquo;espace disponible dans la chambre froide.<\/p>\n<ul>\n<li>La coque en forme de bo\u00eete avec traitement de conservation assure la durabilit\u00e9 et un aspect visuel attrayant.<\/li>\n<li>Surface d&rsquo;\u00e9change de 80 \u00e0 1600 m\u00b2.<\/li>\n<li>Prend en charge la climatisation, les cong\u00e9lateurs, les chambres froides, etc., et est compatible avec divers compresseurs.<\/li>\n<li>7 pales de ventilateur assurent un fonctionnement stable et silencieux.<\/li>\n<\/ul>\n","protected":false},"featured_media":4428,"comment_status":"open","ping_status":"closed","template":"","meta":{"site-sidebar-layout":"default","site-content-layout":"","ast-site-content-layout":"default","site-content-style":"default","site-sidebar-style":"default","ast-global-header-display":"","ast-banner-title-visibility":"","ast-main-header-display":"","ast-hfb-above-header-display":"","ast-hfb-below-header-display":"","ast-hfb-mobile-header-display":"","site-post-title":"","ast-breadcrumbs-content":"","ast-featured-img":"","footer-sml-layout":"","theme-transparent-header-meta":"default","adv-header-id-meta":"","stick-header-meta":"","header-above-stick-meta":"","header-main-stick-meta":"","header-below-stick-meta":"","astra-migrate-meta-layouts":"default","ast-page-background-enabled":"default","ast-page-background-meta":{"desktop":{"background-color":"var(--ast-global-color-4)","background-image":"","background-repeat":"repeat","background-position":"center center","background-size":"auto","background-attachment":"scroll","background-type":"","background-media":"","overlay-type":"","overlay-color":"","overlay-opacity":"","overlay-gradient":""},"tablet":{"background-color":"","background-image":"","background-repeat":"repeat","background-position":"center center","background-size":"auto","background-attachment":"scroll","background-type":"","background-media":"","overlay-type":"","overlay-color":"","overlay-opacity":"","overlay-gradient":""},"mobile":{"background-color":"","background-image":"","background-repeat":"repeat","background-position":"center center","background-size":"auto","background-attachment":"scroll","background-type":"","background-media":"","overlay-type":"","overlay-color":"","overlay-opacity":"","overlay-gradient":""}},"ast-content-background-meta":{"desktop":{"background-color":"var(--ast-global-color-5)","background-image":"","background-repeat":"repeat","background-position":"center center","background-size":"auto","background-attachment":"scroll","background-type":"","background-media":"","overlay-type":"","overlay-color":"","overlay-opacity":"","overlay-gradient":""},"tablet":{"background-color":"var(--ast-global-color-5)","background-image":"","background-repeat":"repeat","background-position":"center center","background-size":"auto","background-attachment":"scroll","background-type":"","background-media":"","overlay-type":"","overlay-color":"","overlay-opacity":"","overlay-gradient":""},"mobile":{"background-color":"var(--ast-global-color-5)","background-image":"","background-repeat":"repeat","background-position":"center center","background-size":"auto","background-attachment":"scroll","background-type":"","background-media":"","overlay-type":"","overlay-color":"","overlay-opacity":"","overlay-gradient":""}}},"product_brand":[],"product_cat":[51,52],"product_tag":[],"class_list":{"0":"post-4947","1":"product","2":"type-product","3":"status-publish","4":"has-post-thumbnail","6":"product_cat-box-v-groupe-frigorifique-de-type-pour-chambre-froide","7":"product_cat-groupe-frigorifique-hermetique-pour-chambre-froide","8":"desktop-align-left","9":"tablet-align-left","10":"mobile-align-left","12":"first","13":"instock","14":"shipping-taxable","15":"product-type-simple"},"_links":{"self":[{"href":"https:\/\/www.linble-coldroom.com\/fr\/wp-json\/wp\/v2\/product\/4947","targetHints":{"allow":["GET"]}}],"collection":[{"href":"https:\/\/www.linble-coldroom.com\/fr\/wp-json\/wp\/v2\/product"}],"about":[{"href":"https:\/\/www.linble-coldroom.com\/fr\/wp-json\/wp\/v2\/types\/product"}],"replies":[{"embeddable":true,"href":"https:\/\/www.linble-coldroom.com\/fr\/wp-json\/wp\/v2\/comments?post=4947"}],"wp:featuredmedia":[{"embeddable":true,"href":"https:\/\/www.linble-coldroom.com\/fr\/wp-json\/wp\/v2\/media\/4428"}],"wp:attachment":[{"href":"https:\/\/www.linble-coldroom.com\/fr\/wp-json\/wp\/v2\/media?parent=4947"}],"wp:term":[{"taxonomy":"product_brand","embeddable":true,"href":"https:\/\/www.linble-coldroom.com\/fr\/wp-json\/wp\/v2\/product_brand?post=4947"},{"taxonomy":"product_cat","embeddable":true,"href":"https:\/\/www.linble-coldroom.com\/fr\/wp-json\/wp\/v2\/product_cat?post=4947"},{"taxonomy":"product_tag","embeddable":true,"href":"https:\/\/www.linble-coldroom.com\/fr\/wp-json\/wp\/v2\/product_tag?post=4947"}],"curies":[{"name":"wp","href":"https:\/\/api.w.org\/{rel}","templated":true}]}}