{"id":4948,"date":"2025-01-13T17:32:43","date_gmt":"2025-01-13T09:32:43","guid":{"rendered":"https:\/\/www.linble-coldroom.com\/boite-v-type-groupe-de-refrigeration-gauche-et-droite-entier\/"},"modified":"2025-01-13T17:32:43","modified_gmt":"2025-01-13T09:32:43","slug":"boite-v-type-groupe-de-refrigeration-gauche-et-droite-entier","status":"publish","type":"product","link":"https:\/\/www.linble-coldroom.com\/fr\/product\/boite-v-type-groupe-de-refrigeration-gauche-et-droite-entier\/","title":{"rendered":"Bo\u00eete V Type Groupe de R\u00e9frig\u00e9ration (Gauche et Droite Entier)"},"content":{"rendered":"<h2>Bo\u00eete V Type Groupe de R\u00e9frig\u00e9ration (Gauche et Droite Entier)<\/h2>\n<table>\n<tbody>\n<tr>\n<td>Mod\u00e8le<\/td>\n<td>Capacit\u00e9 d&rsquo;\u00e9change thermique<br \/>\n(kW)<\/td>\n<td>Puissance du ventilateur<br \/>\n(w)<\/td>\n<td>Diam\u00e8tre du ventilateur (mm)<\/td>\n<td>Volume d&rsquo;air du ventilateur (m\u00b3\/h)<\/td>\n<td>Tension du ventilateur<br \/>\n(V)<\/td>\n<td>Tube d&rsquo;entr\u00e9e<br \/>\n(mm)<\/td>\n<td>Dos Trach\u00e9e<br \/>\n(mm)<\/td>\n<td>Dimensions globales<br \/>\n(mm)<br \/>\nA*B*H<\/td>\n<td>Dimension d&rsquo;installation<br \/>\n(mm)<br \/>\nD<\/td>\n<td>Dimension d&rsquo;installation<br \/>\n(mm)<br \/>\nE<\/td>\n<\/tr>\n<tr>\n<td>FNV-100<\/td>\n<td>31<\/td>\n<td>2*230<\/td>\n<td>2*450<\/td>\n<td>10000<\/td>\n<td>380<\/td>\n<td>25<\/td>\n<td>19<\/td>\n<td>2110*880*920<\/td>\n<td>1710<\/td>\n<td>830<\/td>\n<\/tr>\n<tr>\n<td>FNV-120<\/td>\n<td>37.2<\/td>\n<td>2*320<\/td>\n<td>2*500<\/td>\n<td>13200<br \/>\n(6 \u00e9tages 7 lames)<\/td>\n<td>380<\/td>\n<td>28<\/td>\n<td>22<\/td>\n<td>2310*880*940<\/td>\n<td>1910<\/td>\n<td>830<\/td>\n<\/tr>\n<tr>\n<td>FNV-130<\/td>\n<td>40.3<\/td>\n<td>2*320<\/td>\n<td>2*500<\/td>\n<td>13200<br \/>\n(6 \u00e9tages 7 lames)<\/td>\n<td>380<\/td>\n<td>28<\/td>\n<td>22<\/td>\n<td>2410*880*940<\/td>\n<td>2010<\/td>\n<td>830<\/td>\n<\/tr>\n<tr>\n<td>FNV-140<\/td>\n<td>43.4<\/td>\n<td>2*320<\/td>\n<td>2*500<\/td>\n<td>13200<br \/>\n(6 \u00e9tages 7 lames)<\/td>\n<td>380<\/td>\n<td>28<\/td>\n<td>22<\/td>\n<td>2510*880*940<\/td>\n<td>2110<\/td>\n<td>830<\/td>\n<\/tr>\n<tr>\n<td>FNV-160<\/td>\n<td>49.6<\/td>\n<td>2*350<\/td>\n<td>2*550<\/td>\n<td>16000<br \/>\n(6 \u00e9tapes 7 lames)<\/td>\n<td>380<\/td>\n<td>32 (35)<\/td>\n<td>22<\/td>\n<td>2760*880*940<\/td>\n<td>2360<\/td>\n<td>830<\/td>\n<\/tr>\n<tr>\n<td>FNV-180<\/td>\n<td>55.8<\/td>\n<td>2*580<\/td>\n<td>2*630<\/td>\n<td>22800<br \/>\n(6 \u00e9tapes 7 lames)<\/td>\n<td>380<\/td>\n<td>32(35)<\/td>\n<td>22<\/td>\n<td>2510*1070*1140<\/td>\n<td>2110<\/td>\n<td>1020<\/td>\n<\/tr>\n<tr>\n<td>FNV-200<\/td>\n<td>62<\/td>\n<td>2*580<\/td>\n<td>2*630<\/td>\n<td>22800<br \/>\n(6 \u00e9tages 7 lames)<\/td>\n<td>380<\/td>\n<td>35<\/td>\n<td>25<\/td>\n<td>2710*1070*1140<\/td>\n<td>2310<\/td>\n<td>1020<\/td>\n<\/tr>\n<tr>\n<td>FNV-220<\/td>\n<td>68.2<\/td>\n<td>2*580<\/td>\n<td>2*630<\/td>\n<td>22800<br \/>\n(6 \u00e9tages 7 lames)<\/td>\n<td>380<\/td>\n<td>35<\/td>\n<td>25<\/td>\n<td>2860*1070*1140<\/td>\n<td>2460<\/td>\n<td>1020<\/td>\n<\/tr>\n<tr>\n<td>FNV-250<\/td>\n<td>77.5<\/td>\n<td>3*350<\/td>\n<td>3*550<\/td>\n<td>24000<br \/>\n(6 \u00e9tapes 7 lames)<\/td>\n<td>380<\/td>\n<td>35<\/td>\n<td>25<\/td>\n<td>3210*1070*1140<\/td>\n<td>2810<\/td>\n<td>1020<\/td>\n<\/tr>\n<tr>\n<td>FNV-285<\/td>\n<td>88.3<\/td>\n<td>3*580<\/td>\n<td>3*630<\/td>\n<td>34200<br \/>\n(6 \u00e9tages 7 lames)<\/td>\n<td>380<\/td>\n<td>35<\/td>\n<td>25<\/td>\n<td>3510*1070*1140<\/td>\n<td>2710<\/td>\n<td>1020<\/td>\n<\/tr>\n<tr>\n<td>FNV-300<\/td>\n<td>93<\/td>\n<td>3*580<\/td>\n<td>3*630<\/td>\n<td>34200<br \/>\n(6 \u00e9tages 7 lames)<\/td>\n<td>380<\/td>\n<td>35<\/td>\n<td>25<\/td>\n<td>3660*1070*1140<\/td>\n<td>2860<\/td>\n<td>1020<\/td>\n<\/tr>\n<tr>\n<td>FNV-320<\/td>\n<td>98<\/td>\n<td>3*550<\/td>\n<td>3*630<\/td>\n<td>31200<br \/>\n(6 \u00e9tages 7 lames)<\/td>\n<td>380<\/td>\n<td>35<\/td>\n<td>25<\/td>\n<td>3250*1120*1140<\/td>\n<td>2850<\/td>\n<td>1055<\/td>\n<\/tr>\n<tr>\n<td>FNV-340<\/td>\n<td>105<\/td>\n<td>3*580<\/td>\n<td>3*630<\/td>\n<td>34200<br \/>\n(6 \u00e9tages 7 lames)<\/td>\n<td>380<\/td>\n<td>35<\/td>\n<td>25<\/td>\n<td>3370*1120*1140<\/td>\n<td>2570<\/td>\n<td>1055<\/td>\n<\/tr>\n<tr>\n<td>FNV-380<\/td>\n<td>113<\/td>\n<td>3*580<\/td>\n<td>3*630<\/td>\n<td>34200<br \/>\n(6 \u00e9tages 7 lames)<\/td>\n<td>380<\/td>\n<td>42<\/td>\n<td>28<\/td>\n<td>3610*1120*1140<\/td>\n<td>2810<\/td>\n<td>1055<\/td>\n<\/tr>\n<tr>\n<td>FNV-430<\/td>\n<td>129<\/td>\n<td>4*550<\/td>\n<td>4*600<\/td>\n<td>41600<br \/>\n(6 \u00e9tages 7 lames)<\/td>\n<td>380<\/td>\n<td>42<\/td>\n<td>28<\/td>\n<td>3930*1120*1140<\/td>\n<td>3130<\/td>\n<td>1055<\/td>\n<\/tr>\n<\/tbody>\n<\/table>\n<h2>Groupe de R\u00e9frig\u00e9ration de Type V Param\u00e8tres (Entier Gauche et Droit)<\/h2>\n<table>\n<tbody>\n<tr>\n<td colspan=\"9\">\n<p style=\"text-align: center;\">Groupe de R\u00e9frig\u00e9ration \u00e0 Air \u00e0 Moyenne et Haute Temp\u00e9rature<\/p>\n<\/td>\n<\/tr>\n<tr>\n<td colspan=\"3\">Mod\u00e8le d&rsquo;unit\u00e9s<\/td>\n<td>CX-FNV-10<\/td>\n<td>CX-FNV-12<\/td>\n<td>CX-FNV-15<\/td>\n<td>CX-FNV-20<\/td>\n<td>CX-FNV-25<\/td>\n<td>CX-FNV-30<\/td>\n<\/tr>\n<tr>\n<td colspan=\"3\">Mod\u00e8le de compresseur<\/td>\n<td>4VES-10<\/td>\n<td>4TES-12<\/td>\n<td>4PES-15<\/td>\n<td>4NES-20<\/td>\n<td>4HE-25<\/td>\n<td>4GE-30<\/td>\n<\/tr>\n<tr>\n<td colspan=\"3\">Temp\u00e9rature applicable (\u2103)<\/td>\n<td colspan=\"6\">-5\u2103~-15\u2103<\/td>\n<\/tr>\n<tr>\n<td colspan=\"3\">R\u00e9frig\u00e9rant<\/td>\n<td colspan=\"6\">R22\/R404A<\/td>\n<\/tr>\n<tr>\n<td rowspan=\"2\">Condenseur<\/td>\n<td colspan=\"2\">Quantit\u00e9 de ventilateurs (pcs)<\/td>\n<td>2<\/td>\n<td>2<\/td>\n<td>2<\/td>\n<td>2<\/td>\n<td>3<\/td>\n<td>3<\/td>\n<\/tr>\n<tr>\n<td colspan=\"2\">Puissance du ventilateur (w)<\/td>\n<td>2*320<\/td>\n<td>2*320<\/td>\n<td>2*350<\/td>\n<td>2*580<\/td>\n<td>3*350<\/td>\n<td>3*580<\/td>\n<\/tr>\n<tr>\n<td rowspan=\"4\">R\u00e9f. Capacit\u00e9 du<br \/>\ngroupe de r\u00e9frig\u00e9ration <\/td>\n<td rowspan=\"2\">\u00c9vaporation<br \/>\nTemp\u00e9rature -5\u2103<\/td>\n<td>Capacit\u00e9 de r\u00e9f\u00e9rence (w)<\/td>\n<td>21300\/21300<\/td>\n<td>25700\/25800<\/td>\n<td>29400\/29400<\/td>\n<td>34800\/35200<\/td>\n<td>46400\/46500<\/td>\n<td>53800\/53300<\/td>\n<\/tr>\n<tr>\n<td>Puissance (w)<\/td>\n<td>7210\/8010<\/td>\n<td>8830\/9860<\/td>\n<td>10050\/11170<\/td>\n<td>11810\/13320<\/td>\n<td>15860\/17590<\/td>\n<td>18280\/20300<\/td>\n<\/tr>\n<tr>\n<td rowspan=\"2\">\u00c9vaporation<br \/>\nTemp\u00e9rature -15\u2103<\/td>\n<td>Capacit\u00e9 de r\u00e9f\u00e9rence (w)<\/td>\n<td>13620\/13730<\/td>\n<td>16580\/16780<\/td>\n<td>18730\/18830<\/td>\n<td>22300\/22900<\/td>\n<td>30000\/30800<\/td>\n<td>35000\/35500<\/td>\n<\/tr>\n<tr>\n<td>Puissance (w)<\/td>\n<td>6020\/6580<\/td>\n<td>7390\/8130<\/td>\n<td>8320\/9090<\/td>\n<td>9860\/11000<\/td>\n<td>13300\/14700<\/td>\n<td>15400\/16990<\/td>\n<\/tr>\n<tr>\n<td rowspan=\"2\">Accouplement<\/td>\n<td colspan=\"2\">Raccord de tube<\/td>\n<td>16<\/td>\n<td>16<\/td>\n<td>16<\/td>\n<td>19<\/td>\n<td>22<\/td>\n<td>22<\/td>\n<\/tr>\n<tr>\n<td colspan=\"2\">Accouplement d&rsquo;aspiration<\/td>\n<td>28<\/td>\n<td>35<\/td>\n<td>42<\/td>\n<td>42<\/td>\n<td>54<\/td>\n<td>54<\/td>\n<\/tr>\n<tr>\n<td rowspan=\"3\">Dimension globale<\/td>\n<td colspan=\"2\">Longueur(A)mm<\/td>\n<td>2310<\/td>\n<td>2410<\/td>\n<td>2760<\/td>\n<td>2710<\/td>\n<td>3210<\/td>\n<td>3660<\/td>\n<\/tr>\n<tr>\n<td colspan=\"2\">Largeur(B)mm<\/td>\n<td>880<\/td>\n<td>880<\/td>\n<td>880<\/td>\n<td>1070<\/td>\n<td>1070<\/td>\n<td>1070<\/td>\n<\/tr>\n<tr>\n<td colspan=\"2\">Hauteur (H)mm<\/td>\n<td>940<\/td>\n<td>940<\/td>\n<td>940<\/td>\n<td>1140<\/td>\n<td>1140<\/td>\n<td>1140<\/td>\n<\/tr>\n<tr>\n<td>Dimension de l&rsquo;installation<\/td>\n<td colspan=\"2\">(D*E)mm<\/td>\n<td>1910*830<\/td>\n<td>2010*830<\/td>\n<td>2360*830<\/td>\n<td>2310*1020<\/td>\n<td>2810*1020<\/td>\n<td>2860*1020<\/td>\n<\/tr>\n<\/tbody>\n<\/table>\n<table>\n<tbody>\n<tr>\n<td colspan=\"8\">\n<p style=\"text-align: center;\">Groupe de R\u00e9frig\u00e9ration \u00e0 Basse Temp\u00e9rature Refroidi par Air<\/p>\n<\/td>\n<\/tr>\n<tr>\n<td colspan=\"3\">Mod\u00e8le d&rsquo;unit\u00e9s<\/td>\n<td>CX-FNV-14ML<\/td>\n<td>CX-FNV-18ML<\/td>\n<td>CX-FNV-23ML<\/td>\n<td>CX-FNV-28ML<\/td>\n<td>CX-FNV-34ML<\/td>\n<\/tr>\n<tr>\n<td colspan=\"3\">Mod\u00e8le de compresseur<\/td>\n<td>4NES-14<\/td>\n<td>4HE-18<\/td>\n<td>4GE-23<\/td>\n<td>6HE-28<\/td>\n<td>6GE-34<\/td>\n<\/tr>\n<tr>\n<td colspan=\"3\">Temp\u00e9rature applicable (\u2103)<\/td>\n<td colspan=\"5\">-20\u00b0C~-35\u00b0\u2103<\/td>\n<\/tr>\n<tr>\n<td colspan=\"3\">R\u00e9frig\u00e9rant<\/td>\n<td colspan=\"5\">R22\/R404A<\/td>\n<\/tr>\n<tr>\n<td rowspan=\"2\">Condenseur<\/td>\n<td colspan=\"2\">Quantit\u00e9 de ventilateurs (pcs)<\/td>\n<td>2<\/td>\n<td>2<\/td>\n<td>2<\/td>\n<td>2<\/td>\n<td>3<\/td>\n<\/tr>\n<tr>\n<td colspan=\"2\">Puissance du ventilateur (w)<\/td>\n<td>2*320<\/td>\n<td>2*320<\/td>\n<td>2*350<\/td>\n<td>2*580<\/td>\n<td>3*350<\/td>\n<\/tr>\n<tr>\n<td rowspan=\"4\">R\u00e9f. Capacit\u00e9 des groupes de condensation <\/td>\n<td rowspan=\"2\">Evaporating<br \/>\nTemperature -25\u00b0\u2103<\/td>\n<td>Capacit\u00e9 de r\u00e9f\u00e9rence (w)<\/td>\n<td>13490\/13950<\/td>\n<td>17170\/19880<\/td>\n<td>19920\/23400<\/td>\n<td>25800\/29300<\/td>\n<td>29900\/35400<\/td>\n<\/tr>\n<tr>\n<td>Puissance (w)<\/td>\n<td>7880\/8580<\/td>\n<td>10420\/12000<\/td>\n<td>12490\/14270<\/td>\n<td>15610\/17690<\/td>\n<td>18720\/21800<\/td>\n<\/tr>\n<tr>\n<td rowspan=\"2\">\u00c9vaporation<br \/>\nTemp\u00e9rature -30\u2103<\/td>\n<td>R\u00e9f. Capacit\u00e9 (w) <\/td>\n<td>10020\/10520<\/td>\n<td>12610\/15320<\/td>\n<td>14670\/18240<\/td>\n<td>18920\/22600<\/td>\n<td>22000\/27800<\/td>\n<\/tr>\n<tr>\n<td>Puissance (w)<\/td>\n<td>6800\/7240<\/td>\n<td>8920\/10350<\/td>\n<td>10770\/12330<\/td>\n<td>13370\/15200<\/td>\n<td>16130\/18950<\/td>\n<\/tr>\n<tr>\n<td rowspan=\"2\">Accouplement<\/td>\n<td colspan=\"2\">Raccord de tube<\/td>\n<td>16<\/td>\n<td>16<\/td>\n<td>22<\/td>\n<td>22<\/td>\n<td>22<\/td>\n<\/tr>\n<tr>\n<td colspan=\"2\">Accouplement d&rsquo;aspiration<\/td>\n<td>35<\/td>\n<td>42<\/td>\n<td>54<\/td>\n<td>54<\/td>\n<td>54<\/td>\n<\/tr>\n<tr>\n<td rowspan=\"3\">Dimension globale<\/td>\n<td colspan=\"2\">Longueur(A)mm<\/td>\n<td>2110<\/td>\n<td>2310<\/td>\n<td>2760<\/td>\n<td>2710<\/td>\n<td>3210<\/td>\n<\/tr>\n<tr>\n<td colspan=\"2\">Largeur(B)mm<\/td>\n<td>880<\/td>\n<td>880<\/td>\n<td>880<\/td>\n<td>1070<\/td>\n<td>1070<\/td>\n<\/tr>\n<tr>\n<td colspan=\"2\">Hauteur (H)mm<\/td>\n<td>920<\/td>\n<td>940<\/td>\n<td>940<\/td>\n<td>1140<\/td>\n<td>1140<\/td>\n<\/tr>\n<tr>\n<td>Dimension de l&rsquo;installation<\/td>\n<td colspan=\"2\">(D*E)mm<\/td>\n<td>1710*830<\/td>\n<td>1910*830<\/td>\n<td>2360*830<\/td>\n<td>2310\/1020<\/td>\n<td>2810\/1020<\/td>\n<\/tr>\n<\/tbody>\n<\/table>\n<p>&nbsp;<\/p>\n","protected":false},"excerpt":{"rendered":"<p>La conception en V am\u00e9liore la distribution du flux d&rsquo;air, ce qui permet un \u00e9change thermique plus efficace et une meilleure performance de refroidissement dans les chambres froides.<\/p>\n<p>Les unit\u00e9s sont con\u00e7ues avec un flux d&rsquo;air \u00e0 gauche et \u00e0 droite, ce qui optimise la circulation de l&rsquo;air et assure un refroidissement uniforme dans tout l&rsquo;espace.<\/p>\n<ul>\n<li>La structure solide en caisson assure robustesse et stabilit\u00e9.<\/li>\n<li>Offre une plus grande stabilit\u00e9 et un minimum de vibrations que les unit\u00e9s courantes.<\/li>\n<li>Supporte une surface d&rsquo;\u00e9change de chaleur de 80 \u00e0 500 m\u00b2.<\/li>\n<li>Compatible avec divers compresseurs herm\u00e9tiques et semi-herm\u00e9tiques.<\/li>\n<li>Caract\u00e9ristiques 7 pales de ventilateur sur des ventilateurs axiaux \u00e0 6 \u00e9tages pour un fonctionnement stable et un faible niveau sonore.<\/li>\n<\/ul>\n","protected":false},"featured_media":4430,"comment_status":"open","ping_status":"closed","template":"","meta":{"site-sidebar-layout":"default","site-content-layout":"","ast-site-content-layout":"default","site-content-style":"default","site-sidebar-style":"default","ast-global-header-display":"","ast-banner-title-visibility":"","ast-main-header-display":"","ast-hfb-above-header-display":"","ast-hfb-below-header-display":"","ast-hfb-mobile-header-display":"","site-post-title":"","ast-breadcrumbs-content":"","ast-featured-img":"","footer-sml-layout":"","theme-transparent-header-meta":"default","adv-header-id-meta":"","stick-header-meta":"","header-above-stick-meta":"","header-main-stick-meta":"","header-below-stick-meta":"","astra-migrate-meta-layouts":"default","ast-page-background-enabled":"default","ast-page-background-meta":{"desktop":{"background-color":"var(--ast-global-color-4)","background-image":"","background-repeat":"repeat","background-position":"center center","background-size":"auto","background-attachment":"scroll","background-type":"","background-media":"","overlay-type":"","overlay-color":"","overlay-opacity":"","overlay-gradient":""},"tablet":{"background-color":"","background-image":"","background-repeat":"repeat","background-position":"center center","background-size":"auto","background-attachment":"scroll","background-type":"","background-media":"","overlay-type":"","overlay-color":"","overlay-opacity":"","overlay-gradient":""},"mobile":{"background-color":"","background-image":"","background-repeat":"repeat","background-position":"center center","background-size":"auto","background-attachment":"scroll","background-type":"","background-media":"","overlay-type":"","overlay-color":"","overlay-opacity":"","overlay-gradient":""}},"ast-content-background-meta":{"desktop":{"background-color":"var(--ast-global-color-5)","background-image":"","background-repeat":"repeat","background-position":"center center","background-size":"auto","background-attachment":"scroll","background-type":"","background-media":"","overlay-type":"","overlay-color":"","overlay-opacity":"","overlay-gradient":""},"tablet":{"background-color":"var(--ast-global-color-5)","background-image":"","background-repeat":"repeat","background-position":"center center","background-size":"auto","background-attachment":"scroll","background-type":"","background-media":"","overlay-type":"","overlay-color":"","overlay-opacity":"","overlay-gradient":""},"mobile":{"background-color":"var(--ast-global-color-5)","background-image":"","background-repeat":"repeat","background-position":"center center","background-size":"auto","background-attachment":"scroll","background-type":"","background-media":"","overlay-type":"","overlay-color":"","overlay-opacity":"","overlay-gradient":""}}},"product_brand":[],"product_cat":[51,52],"product_tag":[],"class_list":{"0":"post-4948","1":"product","2":"type-product","3":"status-publish","4":"has-post-thumbnail","6":"product_cat-box-v-groupe-frigorifique-de-type-pour-chambre-froide","7":"product_cat-groupe-frigorifique-hermetique-pour-chambre-froide","8":"desktop-align-left","9":"tablet-align-left","10":"mobile-align-left","12":"first","13":"instock","14":"shipping-taxable","15":"product-type-simple"},"_links":{"self":[{"href":"https:\/\/www.linble-coldroom.com\/fr\/wp-json\/wp\/v2\/product\/4948","targetHints":{"allow":["GET"]}}],"collection":[{"href":"https:\/\/www.linble-coldroom.com\/fr\/wp-json\/wp\/v2\/product"}],"about":[{"href":"https:\/\/www.linble-coldroom.com\/fr\/wp-json\/wp\/v2\/types\/product"}],"replies":[{"embeddable":true,"href":"https:\/\/www.linble-coldroom.com\/fr\/wp-json\/wp\/v2\/comments?post=4948"}],"wp:featuredmedia":[{"embeddable":true,"href":"https:\/\/www.linble-coldroom.com\/fr\/wp-json\/wp\/v2\/media\/4430"}],"wp:attachment":[{"href":"https:\/\/www.linble-coldroom.com\/fr\/wp-json\/wp\/v2\/media?parent=4948"}],"wp:term":[{"taxonomy":"product_brand","embeddable":true,"href":"https:\/\/www.linble-coldroom.com\/fr\/wp-json\/wp\/v2\/product_brand?post=4948"},{"taxonomy":"product_cat","embeddable":true,"href":"https:\/\/www.linble-coldroom.com\/fr\/wp-json\/wp\/v2\/product_cat?post=4948"},{"taxonomy":"product_tag","embeddable":true,"href":"https:\/\/www.linble-coldroom.com\/fr\/wp-json\/wp\/v2\/product_tag?post=4948"}],"curies":[{"name":"wp","href":"https:\/\/api.w.org\/{rel}","templated":true}]}}