{"id":4950,"date":"2025-01-13T11:37:22","date_gmt":"2025-01-13T03:37:22","guid":{"rendered":"https:\/\/www.linble-coldroom.com\/groupe-de-refrigeration-de-type-box-u\/"},"modified":"2025-01-13T11:37:22","modified_gmt":"2025-01-13T03:37:22","slug":"groupe-de-refrigeration-de-type-box-u","status":"publish","type":"product","link":"https:\/\/www.linble-coldroom.com\/fr\/product\/groupe-de-refrigeration-de-type-box-u\/","title":{"rendered":"Groupe de R\u00e9frig\u00e9ration de Type Box U"},"content":{"rendered":"<h2>Param\u00e8tres du condenseur de type caisson U<\/h2>\n<table>\n<tbody>\n<tr>\n<td>Mod\u00e8le<\/td>\n<td>Capacit\u00e9 d&rsquo;\u00e9change thermique<br \/>\n(kW)<\/td>\n<td colspan=\"4\">Ventilateur<\/td>\n<td colspan=\"2\">Connecteur (mm)<\/td>\n<td>Dimension globale (mm)<\/td>\n<td colspan=\"2\">Dimension d&rsquo;installation (mm)<\/td>\n<\/tr>\n<tr>\n<td colspan=\"2\">&nbsp;<\/td>\n<td>Puissance (w)<\/td>\n<td>Diam\u00e8tre (mm)<\/td>\n<td>Volume d&rsquo;air<br \/>\n(m3\/h)<\/td>\n<td>Tension<br \/>\n(V)<\/td>\n<td>Tube d&rsquo;entr\u00e9e<br \/>\n(mm)<\/td>\n<td>Dos Trach\u00e9e<br \/>\n(mm)<\/td>\n<td>A*B*H<\/td>\n<td>D<\/td>\n<td>E<\/td>\n<\/tr>\n<tr>\n<td>FNU-28<\/td>\n<td>9.3<\/td>\n<td>1*190<\/td>\n<td>\u03c6400<\/td>\n<td>1*3800<\/td>\n<td>380<\/td>\n<td>\u03c6l9<\/td>\n<td>\u03c616<\/td>\n<td>650*650*830<\/td>\n<td>450<\/td>\n<td>610<\/td>\n<\/tr>\n<tr>\n<td>FNU-35<\/td>\n<td>11.7<\/td>\n<td>1*230<\/td>\n<td>\u03c6450<\/td>\n<td>1*5000<\/td>\n<td>380<\/td>\n<td>\u03c619<\/td>\n<td>\u03c616<\/td>\n<td>700*650*950<\/td>\n<td>450<\/td>\n<td>610<\/td>\n<\/tr>\n<tr>\n<td>FNU-40<\/td>\n<td>13.2<\/td>\n<td>1*230<\/td>\n<td>\u03c6450<\/td>\n<td>1*5000<\/td>\n<td>380<\/td>\n<td>\u03c619<\/td>\n<td>\u03c616<\/td>\n<td>750*730*950<\/td>\n<td>500<\/td>\n<td>690<\/td>\n<\/tr>\n<tr>\n<td>FNU-45<\/td>\n<td>149<\/td>\n<td>1*230<\/td>\n<td>\u03c6450<\/td>\n<td>1*5000<\/td>\n<td>380<\/td>\n<td>\u03c619<\/td>\n<td>\u03c616<\/td>\n<td>850*730*950<\/td>\n<td>600<\/td>\n<td>690<\/td>\n<\/tr>\n<tr>\n<td>FNU-50<\/td>\n<td>16.5<\/td>\n<td>1*320<\/td>\n<td>\u03c6500<br \/>\n(6 \u00e9tages 7 lames)<\/td>\n<td>1*6600<\/td>\n<td>380<\/td>\n<td>\u03c622<\/td>\n<td>\u03c616<\/td>\n<td>950*730*950<\/td>\n<td>700<\/td>\n<td>690<\/td>\n<\/tr>\n<tr>\n<td>FNU-55<\/td>\n<td>18.1<\/td>\n<td>2*190<\/td>\n<td>\u03c6400<\/td>\n<td>2*3800<\/td>\n<td>380<\/td>\n<td>\u03c622<\/td>\n<td>\u03c616<\/td>\n<td>1130*730*950<\/td>\n<td>830<\/td>\n<td>690<\/td>\n<\/tr>\n<tr>\n<td>FNU-60<\/td>\n<td>19.8<\/td>\n<td>2*190<\/td>\n<td>\u03c6400<\/td>\n<td>2*3800<\/td>\n<td>380<\/td>\n<td>\u03c622<\/td>\n<td>\u03c616<\/td>\n<td>1130*730*1050<\/td>\n<td>830<\/td>\n<td>690<\/td>\n<\/tr>\n<tr>\n<td>FNU-70<\/td>\n<td>23.1<\/td>\n<td>2*230<\/td>\n<td>\u03c6450<\/td>\n<td>2*5000<\/td>\n<td>380<\/td>\n<td>\u03c622<\/td>\n<td>\u03c616<\/td>\n<td>1250*730*1050<\/td>\n<td>900<\/td>\n<td>690<\/td>\n<\/tr>\n<tr>\n<td>FNU-80<\/td>\n<td>26.4<\/td>\n<td>2*230<\/td>\n<td>\u03c6450<\/td>\n<td>2*5000<\/td>\n<td>380<\/td>\n<td>\u03c622<\/td>\n<td>\u03c616<\/td>\n<td>1250*730*1150<\/td>\n<td>900<\/td>\n<td>690<\/td>\n<\/tr>\n<tr>\n<td>FNU-90<\/td>\n<td>28.8<\/td>\n<td>2*230<\/td>\n<td>\u03c6450<\/td>\n<td>2*5000<\/td>\n<td>380<\/td>\n<td>\u03c622<\/td>\n<td>\u03c619<\/td>\n<td>1250*730*1000<\/td>\n<td>900<\/td>\n<td>690<\/td>\n<\/tr>\n<tr>\n<td>FNU-100<\/td>\n<td>32.1<\/td>\n<td>2*320<\/td>\n<td>\u03c6500<br \/>\n(6 \u00e9tages 7 lames)<\/td>\n<td>2*6600<\/td>\n<td>380<\/td>\n<td>\u03c625<\/td>\n<td>\u03c619<\/td>\n<td>1350*730*1050<\/td>\n<td>950<\/td>\n<td>690<\/td>\n<\/tr>\n<tr>\n<td>FNU-120<\/td>\n<td>38.4<\/td>\n<td>2*320<\/td>\n<td>\u03c6500<br \/>\n(6 \u00e9tages 7 lames)<\/td>\n<td>2*6600<\/td>\n<td>380<\/td>\n<td>\u03c625<\/td>\n<td>\u03c619<\/td>\n<td>1350*830*1100<\/td>\n<td>950<\/td>\n<td>790<\/td>\n<\/tr>\n<tr>\n<td>FNU-130<\/td>\n<td>41.6<\/td>\n<td>2*320<\/td>\n<td>\u03c6500<br \/>\n(6 \u00e9tages 7 lames)<\/td>\n<td>2*6600<\/td>\n<td>380<\/td>\n<td>\u03c625<\/td>\n<td>\u03c619<\/td>\n<td>1500*830*1100<\/td>\n<td>950<\/td>\n<td>790<\/td>\n<\/tr>\n<tr>\n<td>FNU-140<\/td>\n<td>44.8<\/td>\n<td>2*350<\/td>\n<td>\u03c6550<br \/>\n(6 \u00e9tages 7 lames)<\/td>\n<td>2*8000<\/td>\n<td>380<\/td>\n<td>\u03c625<\/td>\n<td>\u03c619<\/td>\n<td>1500*830*1150<\/td>\n<td>950<\/td>\n<td>790<\/td>\n<\/tr>\n<tr>\n<td>FNU-150<\/td>\n<td>48.1<\/td>\n<td>2*350<\/td>\n<td>\u03c6550<br \/>\n(6 \u00e9tages 7 lames)<\/td>\n<td>2*8000<\/td>\n<td>380<\/td>\n<td>\u03c625<\/td>\n<td>\u03c619<\/td>\n<td>1500*830*1200<\/td>\n<td>950<\/td>\n<td>790<\/td>\n<\/tr>\n<tr>\n<td>FNU-160<\/td>\n<td>49.6<\/td>\n<td>2*350<\/td>\n<td>\u03c6550<br \/>\n(6 \u00e9tages 7 lames)<\/td>\n<td>2*8000<\/td>\n<td>380<\/td>\n<td>\u03c628<\/td>\n<td>\u03c619<\/td>\n<td>1500*830*1250<\/td>\n<td>950<\/td>\n<td>790<\/td>\n<\/tr>\n<tr>\n<td>FNU-180<\/td>\n<td>57.6<\/td>\n<td>2*580<\/td>\n<td>\u03c6630<br \/>\n(6 \u00e9tages 7 lames)<\/td>\n<td>2*11400<\/td>\n<td>380<\/td>\n<td>\u03c628<\/td>\n<td>\u03c619<\/td>\n<td>1600*830*1350<\/td>\n<td>1000<\/td>\n<td>790<\/td>\n<\/tr>\n<tr>\n<td>FNU-200<\/td>\n<td>62<\/td>\n<td>2*580<\/td>\n<td>\u03c6630<br \/>\n(6 \u00e9tages 7 lames)<\/td>\n<td>2*11400<\/td>\n<td>380<\/td>\n<td>\u03c632<\/td>\n<td>\u03c622<\/td>\n<td>1600*880*1450<\/td>\n<td>1000<\/td>\n<td>840<\/td>\n<\/tr>\n<tr>\n<td>FNU-220<\/td>\n<td>67.5<\/td>\n<td>2*580<\/td>\n<td>\u03c6630<br \/>\n(6 \u00e9tapes, 7 lames)<\/td>\n<td>2*11400<\/td>\n<td>380<\/td>\n<td>\u03c632<\/td>\n<td>\u03c622<\/td>\n<td>1600*880*1550<\/td>\n<td>1000<\/td>\n<td>840<\/td>\n<\/tr>\n<tr>\n<td>FNU-240<\/td>\n<td>74.4<\/td>\n<td>2*580<\/td>\n<td>\u03c6630<br \/>\n(6 \u00e9tages 7 lames)<\/td>\n<td>2*11400<\/td>\n<td>380<\/td>\n<td>\u03c632<\/td>\n<td>\u03c622<\/td>\n<td>1800*880*1550<\/td>\n<td>1000<\/td>\n<td>840<\/td>\n<\/tr>\n<\/tbody>\n<\/table>\n<h2>Groupe de R\u00e9frig\u00e9ration de Type Box U Param\u00e8tres<\/h2>\n<table>\n<tbody>\n<tr>\n<td colspan=\"18\">\n<p style=\"text-align: center;\">Groupe Frigorifique \u00e0 Air \u00e0 Moyenne et Haute Temp\u00e9rature<\/p>\n<\/td>\n<\/tr>\n<tr>\n<td colspan=\"3\">Mod\u00e8le d&rsquo;unit\u00e9s<\/td>\n<td>CX-FNU-09MH<\/td>\n<td>CX-FNU-10MH<\/td>\n<td>CX-FNU-12MH<\/td>\n<td>CX-FNU-13MH<\/td>\n<td>CX-FNU-15MH<\/td>\n<td>CX-FNU-03<\/td>\n<td>CX-FNU-04<\/td>\n<td>CX-FNU-05<\/td>\n<td>CX-FNU-06<\/td>\n<td>CX-FNU-07<\/td>\n<td>CX-FNU-10<\/td>\n<td>CX-FNU-12<\/td>\n<td>CX-FNU-15<\/td>\n<td>CX-FNU-20<\/td>\n<td>CX-FNU-25<\/td>\n<\/tr>\n<tr>\n<td colspan=\"3\">Mod\u00e8le de compresseur<\/td>\n<td>ZB66KQ<\/td>\n<td>ZB76KQ<\/td>\n<td>ZB88KQ<\/td>\n<td>ZB95KQ<\/td>\n<td>ZB114KQ<\/td>\n<td>2DES-3<\/td>\n<td>2CES-4<\/td>\n<td>4FES-5<\/td>\n<td>4EES-6<\/td>\n<td>4DES-7<\/td>\n<td>4VES-10<\/td>\n<td>4TES-12<\/td>\n<td>4PES-15<\/td>\n<td>4NES-20<\/td>\n<td>4HE-25<\/td>\n<\/tr>\n<tr>\n<td colspan=\"3\">Temp\u00e9rature applicable (\u2103)<\/td>\n<td colspan=\"15\">-5\u2103\u223d-15\u2103<\/td>\n<\/tr>\n<tr>\n<td colspan=\"3\">R\u00e9frig\u00e9rant<\/td>\n<td colspan=\"15\">R22\/R404A<\/td>\n<\/tr>\n<tr>\n<td colspan=\"3\">Alimentation<\/td>\n<td colspan=\"5\">380V 50Hz<\/td>\n<td colspan=\"10\"> <\/td>\n<\/tr>\n<tr>\n<td rowspan=\"2\">Condenseur<\/td>\n<td colspan=\"2\">Quantit\u00e9 de ventilateurs (pcs)<\/td>\n<td>2<\/td>\n<td>2<\/td>\n<td>2<\/td>\n<td>2<\/td>\n<td>2<\/td>\n<td>1<\/td>\n<td>2<\/td>\n<td>2<\/td>\n<td>2<\/td>\n<td>2<\/td>\n<td>2<\/td>\n<td>2<\/td>\n<td>2<\/td>\n<td>2<\/td>\n<td>2<\/td>\n<\/tr>\n<tr>\n<td colspan=\"2\">Puissance du ventilateur (w)<\/td>\n<td>2*320<\/td>\n<td>2*320<\/td>\n<td>2*350<\/td>\n<td>2*350<\/td>\n<td>2*380<\/td>\n<td>1*230<\/td>\n<td>2*190<\/td>\n<td>2*190<\/td>\n<td>2*230<\/td>\n<td>2*230<\/td>\n<td>2*320<\/td>\n<td>2*320<\/td>\n<td>2*350<\/td>\n<td>2*580<\/td>\n<td>2*580<\/td>\n<\/tr>\n<tr>\n<td rowspan=\"4\">R\u00e9f. Capacit\u00e9 du<br \/>\ngroupe de r\u00e9frig\u00e9ration <\/td>\n<td rowspan=\"2\">\u00c9vaporation<\/p>\n<p>Temp\u00e9rature-5\u2103<\/td>\n<td>Capacit\u00e9 de r\u00e9f\u00e9rence (w)<\/td>\n<td>17500\/17100<\/td>\n<td>20600\/20400<\/td>\n<td>23500<\/td>\n<td>24700\/25000<\/td>\n<td>29500\/29700<\/td>\n<td>8020\/8300<\/td>\n<td>9880\/10250<\/td>\n<td>10530\/11110<\/td>\n<td>13400\/13960<\/td>\n<td>16010\/16890<\/td>\n<td>21300\/21300<\/td>\n<td>25700\/25800<\/td>\n<td>29400\/29400<\/td>\n<td>34800\/35200<\/td>\n<td>46400\/46500<\/td>\n<\/tr>\n<tr>\n<td>Puissance (w)<\/td>\n<td>6030\/7090<\/td>\n<td>7130\/8290<\/td>\n<td>8070<\/td>\n<td>9110\/10700<\/td>\n<td>10800\/12650<\/td>\n<td>2970\/3310<\/td>\n<td>3650\/4070<\/td>\n<td>3830\/4380<\/td>\n<td>3830\/4380<\/td>\n<td>5800\/6620<\/td>\n<td>7210\/8010<\/td>\n<td>8830\/9860<\/td>\n<td>10050\/11170<\/td>\n<td>11810\/13320<\/td>\n<td>15860\/17590<\/td>\n<\/tr>\n<tr>\n<td rowspan=\"2\">\u00c9vaporation<\/p>\n<p>Temp\u00e9rature -12\u2103<\/td>\n<td>Capacit\u00e9 de r\u00e9f\u00e9rence (w)<\/td>\n<td>13100\/12850<\/td>\n<td>15450\/15250<\/td>\n<td>17550<\/td>\n<td>17550\/18600<\/td>\n<td>21100\/21900<\/td>\n<td>5240\/5520<\/td>\n<td>6500\/6870<\/td>\n<td>6810\/7370<\/td>\n<td>6810\/7370<\/td>\n<td>10460\/11190<\/td>\n<td>13620\/13730<\/td>\n<td>16580\/16780<\/td>\n<td>18730\/18830<\/td>\n<td>22300\/22900<\/td>\n<td>30000\/30800<\/td>\n<\/tr>\n<tr>\n<td>Puissance (w)<\/td>\n<td>5970\/7040<\/td>\n<td>7040\/8190<\/td>\n<td>7970<\/td>\n<td>8940\/10600<\/td>\n<td>10750\/12650<\/td>\n<td>2530\/2780<\/td>\n<td>3120\/3440<\/td>\n<td>3250\/3760<\/td>\n<td>3250\/3760<\/td>\n<td>4940\/5640<\/td>\n<td>6020\/6580<\/td>\n<td>7390\/8130<\/td>\n<td>8320\/9090<\/td>\n<td>9860\/11000<\/td>\n<td>13330\/14700<\/td>\n<\/tr>\n<tr>\n<td rowspan=\"2\">Accouplement<\/td>\n<td colspan=\"2\">Raccord de tube<\/td>\n<td>\u03c616<\/td>\n<td>\u03c616<\/td>\n<td>\u03c616<\/td>\n<td>\u03c616<\/td>\n<td>\u03c616<\/td>\n<td>\u03c612<\/td>\n<td>\u03c612<\/td>\n<td>\u03c612<\/td>\n<td>\u03c612<\/td>\n<td>\u03c616<\/td>\n<td>\u03c616<\/td>\n<td>\u03c616<\/td>\n<td>\u03c616<\/td>\n<td>\u03c622<\/td>\n<td>\u03c622<\/td>\n<\/tr>\n<tr>\n<td colspan=\"2\">Raccord d&rsquo;aspiration<\/td>\n<td>\u03c635<\/td>\n<td>\u03c635<\/td>\n<td>\u03c635<\/td>\n<td>\u03c635<\/td>\n<td>\u03c635<\/td>\n<td>\u03c622<\/td>\n<td>\u03c622<\/td>\n<td>\u03c622<\/td>\n<td>\u03c622<\/td>\n<td>\u03c628<\/td>\n<td>\u03c628<\/td>\n<td>\u03c635<\/td>\n<td>\u03c635<\/td>\n<td>\u03c642<\/td>\n<td>\u03c654<\/td>\n<\/tr>\n<tr>\n<td rowspan=\"3\">Dimension globale<\/td>\n<td colspan=\"2\">Longueur(A)mm<\/td>\n<td>1350<\/td>\n<td>1350<\/td>\n<td>1500<\/td>\n<td>1500<\/td>\n<td>1600<\/td>\n<td>850<\/td>\n<td>1130<\/td>\n<td>1130<\/td>\n<td>1250<\/td>\n<td>1250<\/td>\n<td>1350<\/td>\n<td>1500<\/td>\n<td>1500<\/td>\n<td>1600<\/td>\n<td>1800<\/td>\n<\/tr>\n<tr>\n<td colspan=\"2\">Largeur(B)mm<\/td>\n<td>730<\/td>\n<td>830<\/td>\n<td>830<\/td>\n<td>830<\/td>\n<td>830<\/td>\n<td>730<\/td>\n<td>730<\/td>\n<td>730<\/td>\n<td>730<\/td>\n<td>730<\/td>\n<td>830<\/td>\n<td>830<\/td>\n<td>830<\/td>\n<td>880<\/td>\n<td>880<\/td>\n<\/tr>\n<tr>\n<td colspan=\"2\">Hauteur (H)mm<\/td>\n<td>1050<\/td>\n<td>1100<\/td>\n<td>1150<\/td>\n<td>1200<\/td>\n<td>1350<\/td>\n<td>950<\/td>\n<td>950<\/td>\n<td>1050<\/td>\n<td>1150<\/td>\n<td>1000<\/td>\n<td>1100<\/td>\n<td>1100<\/td>\n<td>1250<\/td>\n<td>1450<\/td>\n<td>1550<\/td>\n<\/tr>\n<tr>\n<td rowspan=\"2\">Dimension de l&rsquo;installation<\/td>\n<td colspan=\"2\">Longueur(D)mm<\/td>\n<td>950<\/td>\n<td>950<\/td>\n<td>950<\/td>\n<td>950<\/td>\n<td>1000<\/td>\n<td rowspan=\"2\">600*690<\/td>\n<td rowspan=\"2\">830*690<\/td>\n<td rowspan=\"2\">900*690<\/td>\n<td rowspan=\"2\">900*690<\/td>\n<td rowspan=\"2\">900*690<\/td>\n<td rowspan=\"2\">950*790<\/td>\n<td rowspan=\"2\">950*790<\/td>\n<td rowspan=\"2\">950*790<\/td>\n<td rowspan=\"2\">1000*840<\/td>\n<td rowspan=\"2\">1000*840<\/td>\n<\/tr>\n<tr>\n<td colspan=\"2\">Largeur(E)mm<\/td>\n<td>690<\/td>\n<td>790<\/td>\n<td>790<\/td>\n<td>790<\/td>\n<td>790<\/td>\n<\/tr>\n<\/tbody>\n<\/table>\n<table>\n<tbody>\n<tr>\n<td colspan=\"13\">\n<p style=\"text-align: center;\">Groupe de R\u00e9frig\u00e9ration \u00e0 Condensation par Air Moyenne et Basse Temp\u00e9rature<\/p>\n<\/td>\n<\/tr>\n<tr>\n<td colspan=\"3\">Mod\u00e8le d&rsquo;unit\u00e9s<\/td>\n<td>CX-FNU-04<\/td>\n<td>CX-FNU-05<\/td>\n<td>CX-FNU-07<\/td>\n<td>CX-FNU-09<\/td>\n<td>CX-FNU-12<\/td>\n<td>CX-FNU-14<\/td>\n<td>CX-FNU-<br \/>\n18ML<\/td>\n<td>CX-FNU-<br \/>\n23ML<\/td>\n<td>CX-FNU-<br \/>\n28ML<\/td>\n<td>CX-FNU-<br \/>\n34ML<\/td>\n<\/tr>\n<tr>\n<td colspan=\"3\">Mod\u00e8le de compresseur<\/td>\n<td>4EES-4<\/td>\n<td>4DES-5<\/td>\n<td>4VES-7<\/td>\n<td>4TES-9<\/td>\n<td>4PES-12<\/td>\n<td>4NES-14<\/td>\n<td>4HE-18<\/td>\n<td>4GE-23<\/td>\n<td>4HE-28<\/td>\n<td>6GE-4<\/td>\n<\/tr>\n<tr>\n<td colspan=\"3\">Temp\u00e9rature applicable (C)<\/td>\n<td colspan=\"10\">-20\u2103\u223d-35\u00b0\u2103<\/td>\n<\/tr>\n<tr>\n<td colspan=\"3\">R\u00e9frig\u00e9rant<\/td>\n<td colspan=\"10\">R22\/R404A<\/td>\n<\/tr>\n<tr>\n<td rowspan=\"2\">Condenseur<\/td>\n<td colspan=\"2\">Quantit\u00e9 de ventilateurs (pcs)<\/td>\n<td>1<\/td>\n<td>1<\/td>\n<td>2<\/td>\n<td>2<\/td>\n<td>2<\/td>\n<td>2<\/td>\n<td>2<\/td>\n<td>2<\/td>\n<td>2<\/td>\n<td>2<\/td>\n<\/tr>\n<tr>\n<td colspan=\"2\">Puissance du ventilateur (w)<\/td>\n<td>1*230<\/td>\n<td>1*230<\/td>\n<td>2*190<\/td>\n<td>2*230<\/td>\n<td>2*320<\/td>\n<td>2*320<\/td>\n<td>2*350<\/td>\n<td>2*580<\/td>\n<td>2*580<\/td>\n<td>2*580<\/td>\n<\/tr>\n<tr>\n<td rowspan=\"4\">R\u00e9f. Capacit\u00e9 des unit\u00e9s de condensation\n <\/td>\n<td rowspan=\"2\">Evaporating<br \/>\nTemperature -25\u00b0\u2103<\/td>\n<td>Capacit\u00e9 de r\u00e9f\u00e9rence (w)<\/td>\n<td>5260\/5890<\/td>\n<td>6370\/7030<\/td>\n<td>8130\/8240<\/td>\n<td>9960\/10280<\/td>\n<td>11560\/11320<\/td>\n<td>13490\/13950<\/td>\n<td>17170\/19880<\/td>\n<td>19920\/23400<\/td>\n<td>25800\/29300<\/td>\n<td>29900\/35400<\/td>\n<\/tr>\n<tr>\n<td>Puissance (w)<\/td>\n<td>3240\/3840<\/td>\n<td>3930\/4550<\/td>\n<td>4810\/5080<\/td>\n<td>5950\/6350<\/td>\n<td>6740\/6880<\/td>\n<td>7880\/8580<\/td>\n<td>10420\/12000<\/td>\n<td>12490\/14270<\/td>\n<td>15610\/17690<\/td>\n<td>18700\/21800<\/td>\n<\/tr>\n<tr>\n<td rowspan=\"2\">\u00c9vaporation<br \/>\nTemp\u00e9rature -35\u2103<\/td>\n<td>Capacit\u00e9 de r\u00e9f\u00e9rence (w)<\/td>\n<td>3920\/4540<\/td>\n<td>4780\/5420<\/td>\n<td>6020\/6140<\/td>\n<td>7400\/7760<\/td>\n<td>8590\/8410<\/td>\n<td>10020\/10520<\/td>\n<td>12610\/15320<\/td>\n<td>14670\/18240<\/td>\n<td>18920\/22600<\/td>\n<td>22000\/27800<\/td>\n<\/tr>\n<tr>\n<td>Puissance (w)<\/td>\n<td>2750\/3320<\/td>\n<td>3360\/3940<\/td>\n<td>4130\/4260<\/td>\n<td>5200\/5380<\/td>\n<td>5790\/5740<\/td>\n<td>6800\/7240<\/td>\n<td>8920\/10350<\/td>\n<td>10770\/12330<\/td>\n<td>13370\/15200<\/td>\n<td>16130\/18950<\/td>\n<\/tr>\n<tr>\n<td rowspan=\"2\">Accouplement<\/td>\n<td colspan=\"2\">Raccord de tube<\/td>\n<td>\u03c612<\/td>\n<td>\u03c612<\/td>\n<td>\u03c616<\/td>\n<td>\u03c616<\/td>\n<td>\u03c616<\/td>\n<td>\u03c616<\/td>\n<td>\u03c622<\/td>\n<td>\u03c622<\/td>\n<td>\u03c622<\/td>\n<td>\u03c622<\/td>\n<\/tr>\n<tr>\n<td colspan=\"2\">Raccord d&rsquo;aspiration<\/td>\n<td>\u03c622<\/td>\n<td>\u03c628<\/td>\n<td>\u03c628<\/td>\n<td>\u03c635<\/td>\n<td>\u03c635<\/td>\n<td>\u03c635<\/td>\n<td>\u03c642<\/td>\n<td>\u03c654<\/td>\n<td>\u03c654<\/td>\n<td>\u03c654<\/td>\n<\/tr>\n<tr>\n<td rowspan=\"3\">Dimensions globales\n<\/td>\n<td colspan=\"2\">Longueur(A)mm<\/td>\n<td>700<\/td>\n<td>850<\/td>\n<td>1130<\/td>\n<td>1130<\/td>\n<td>1250<\/td>\n<td>1350<\/td>\n<td>1350<\/td>\n<td>1500<\/td>\n<td>1600<\/td>\n<td>1800<\/td>\n<\/tr>\n<tr>\n<td colspan=\"2\">Largeur(B)mm<\/td>\n<td>650<\/td>\n<td>730<\/td>\n<td>730<\/td>\n<td>730<\/td>\n<td>730<\/td>\n<td>730<\/td>\n<td>830<\/td>\n<td>830<\/td>\n<td>880<\/td>\n<td>880<\/td>\n<\/tr>\n<tr>\n<td colspan=\"2\">Hauteur (H)mm<\/td>\n<td>950<\/td>\n<td>950<\/td>\n<td>950<\/td>\n<td>1050<\/td>\n<td>1000<\/td>\n<td>1050<\/td>\n<td>1100<\/td>\n<td>1250<\/td>\n<td>1450<\/td>\n<td>1550<\/td>\n<\/tr>\n<tr>\n<td>Installation<br \/>\nDimension<\/td>\n<td colspan=\"2\">(D*E)mm<\/td>\n<td>450*610<\/td>\n<td>600*690<\/td>\n<td>830*690<\/td>\n<td>830*690<\/td>\n<td>900*690<\/td>\n<td>950*690<\/td>\n<td>950*790<\/td>\n<td>950*790<\/td>\n<td>1000*840<\/td>\n<td>1000*840<\/td>\n<\/tr>\n<\/tbody>\n<\/table>\n<p>&nbsp;<\/p>\n","protected":false},"excerpt":{"rendered":"<ul>\n<li>La coque est constitu\u00e9e d&rsquo;une structure en caisson avec des assemblages s\u00e9curis\u00e9s.<\/li>\n<li>La puissance du compresseur varie de 1 \u00e0 30 CV, ce qui convient aux compresseurs herm\u00e9tiques et semi-herm\u00e9tiques de diff\u00e9rentes marques.<\/li>\n<li>Tous les appareils sont soumis \u00e0 des tests d&rsquo;\u00e9tanch\u00e9it\u00e9 aux gaz et de rejet de pollution \u00e0 2,8 MPa.<\/li>\n<li>Compatible avec les fluides frigorig\u00e8nes R22, R134a, R404a et R407c.<\/li>\n<li>\n<div class=\"flex-shrink-0 flex flex-col relative items-end\">\n<div>\n<div class=\"pt-0\">\n<div class=\"gizmo-bot-avatar flex h-8 w-8 items-center justify-center overflow-hidden rounded-full\">\n<div class=\"relative p-1 rounded-sm flex items-center justify-center bg-token-main-surface-primary text-token-text-primary h-8 w-8\"><span style=\"font-size: 16px;\">Le condenseur de type FNU a une large surface, ce qui permet d&rsquo;obtenir d&rsquo;excellentes performances d&rsquo;\u00e9change thermique dans les unit\u00e9s.<\/span><\/div>\n<\/div>\n<\/div>\n<\/div>\n<\/div>\n<\/li>\n<li>Tous les ventilateurs sont des ventilateurs axiaux, con\u00e7us pour une installation et une maintenance faciles, offrant un fonctionnement stable avec de faibles niveaux sonores.<\/li>\n<\/ul>\n","protected":false},"featured_media":4434,"comment_status":"open","ping_status":"closed","template":"","meta":{"site-sidebar-layout":"default","site-content-layout":"","ast-site-content-layout":"default","site-content-style":"default","site-sidebar-style":"default","ast-global-header-display":"","ast-banner-title-visibility":"","ast-main-header-display":"","ast-hfb-above-header-display":"","ast-hfb-below-header-display":"","ast-hfb-mobile-header-display":"","site-post-title":"","ast-breadcrumbs-content":"","ast-featured-img":"","footer-sml-layout":"","theme-transparent-header-meta":"default","adv-header-id-meta":"","stick-header-meta":"","header-above-stick-meta":"","header-main-stick-meta":"","header-below-stick-meta":"","astra-migrate-meta-layouts":"default","ast-page-background-enabled":"default","ast-page-background-meta":{"desktop":{"background-color":"var(--ast-global-color-4)","background-image":"","background-repeat":"repeat","background-position":"center center","background-size":"auto","background-attachment":"scroll","background-type":"","background-media":"","overlay-type":"","overlay-color":"","overlay-opacity":"","overlay-gradient":""},"tablet":{"background-color":"","background-image":"","background-repeat":"repeat","background-position":"center center","background-size":"auto","background-attachment":"scroll","background-type":"","background-media":"","overlay-type":"","overlay-color":"","overlay-opacity":"","overlay-gradient":""},"mobile":{"background-color":"","background-image":"","background-repeat":"repeat","background-position":"center center","background-size":"auto","background-attachment":"scroll","background-type":"","background-media":"","overlay-type":"","overlay-color":"","overlay-opacity":"","overlay-gradient":""}},"ast-content-background-meta":{"desktop":{"background-color":"var(--ast-global-color-5)","background-image":"","background-repeat":"repeat","background-position":"center center","background-size":"auto","background-attachment":"scroll","background-type":"","background-media":"","overlay-type":"","overlay-color":"","overlay-opacity":"","overlay-gradient":""},"tablet":{"background-color":"var(--ast-global-color-5)","background-image":"","background-repeat":"repeat","background-position":"center center","background-size":"auto","background-attachment":"scroll","background-type":"","background-media":"","overlay-type":"","overlay-color":"","overlay-opacity":"","overlay-gradient":""},"mobile":{"background-color":"var(--ast-global-color-5)","background-image":"","background-repeat":"repeat","background-position":"center center","background-size":"auto","background-attachment":"scroll","background-type":"","background-media":"","overlay-type":"","overlay-color":"","overlay-opacity":"","overlay-gradient":""}}},"product_brand":[],"product_cat":[52,49],"product_tag":[],"class_list":{"0":"post-4950","1":"product","2":"type-product","3":"status-publish","4":"has-post-thumbnail","6":"product_cat-groupe-frigorifique-hermetique-pour-chambre-froide","7":"product_cat-non-categorise","8":"desktop-align-left","9":"tablet-align-left","10":"mobile-align-left","12":"first","13":"instock","14":"shipping-taxable","15":"product-type-simple"},"_links":{"self":[{"href":"https:\/\/www.linble-coldroom.com\/fr\/wp-json\/wp\/v2\/product\/4950","targetHints":{"allow":["GET"]}}],"collection":[{"href":"https:\/\/www.linble-coldroom.com\/fr\/wp-json\/wp\/v2\/product"}],"about":[{"href":"https:\/\/www.linble-coldroom.com\/fr\/wp-json\/wp\/v2\/types\/product"}],"replies":[{"embeddable":true,"href":"https:\/\/www.linble-coldroom.com\/fr\/wp-json\/wp\/v2\/comments?post=4950"}],"wp:featuredmedia":[{"embeddable":true,"href":"https:\/\/www.linble-coldroom.com\/fr\/wp-json\/wp\/v2\/media\/4434"}],"wp:attachment":[{"href":"https:\/\/www.linble-coldroom.com\/fr\/wp-json\/wp\/v2\/media?parent=4950"}],"wp:term":[{"taxonomy":"product_brand","embeddable":true,"href":"https:\/\/www.linble-coldroom.com\/fr\/wp-json\/wp\/v2\/product_brand?post=4950"},{"taxonomy":"product_cat","embeddable":true,"href":"https:\/\/www.linble-coldroom.com\/fr\/wp-json\/wp\/v2\/product_cat?post=4950"},{"taxonomy":"product_tag","embeddable":true,"href":"https:\/\/www.linble-coldroom.com\/fr\/wp-json\/wp\/v2\/product_tag?post=4950"}],"curies":[{"name":"wp","href":"https:\/\/api.w.org\/{rel}","templated":true}]}}