{"id":4951,"date":"2025-01-13T10:49:25","date_gmt":"2025-01-13T02:49:25","guid":{"rendered":"https:\/\/www.linble-coldroom.com\/groupe-de-refrigeration-de-type-box-l\/"},"modified":"2025-01-13T10:49:25","modified_gmt":"2025-01-13T02:49:25","slug":"groupe-de-refrigeration-de-type-box-l","status":"publish","type":"product","link":"https:\/\/www.linble-coldroom.com\/fr\/product\/groupe-de-refrigeration-de-type-box-l\/","title":{"rendered":"Groupe de R\u00e9frig\u00e9ration de Type Box L"},"content":{"rendered":"<h2>Param\u00e8tres du condenseur de type L<\/h2>\n<table>\n<tbody>\n<tr>\n<td>Mod\u00e8le<\/p>\n<p>&nbsp;<\/td>\n<td>Capacit\u00e9 d&rsquo;\u00e9change thermique<br \/>\n(kW)<\/td>\n<td>Puissance du ventilateur<br \/>\n(w)<\/td>\n<td>Diam\u00e8tre du ventilateur<br \/>\n(mm)<\/td>\n<td>Volume d&rsquo;air du ventilateur<br \/>\n(m\u00b3\/h)<\/td>\n<td>Tension du ventilateur<br \/>\n(v)<\/td>\n<td>Tube d&rsquo;entr\u00e9e<br \/>\n(mm)<\/td>\n<td>Dos Trach\u00e9e<br \/>\n(mm)<\/td>\n<td>Total<br \/>\nDimension (mm)<br \/>\nA*B*H<\/td>\n<td>Installation<br \/>\nDimension(mm)D<\/td>\n<td>Installation<br \/>\nDimension(mm)E<\/td>\n<\/tr>\n<tr>\n<td>FNL-20<\/td>\n<td>6.6<\/td>\n<td>1*190<\/td>\n<td>\u03c6400<\/td>\n<td>1*3800<\/td>\n<td>380<\/td>\n<td>\u03c610<\/td>\n<td>\u03c616<\/td>\n<td>1110*500*790<\/td>\n<td>590<\/td>\n<td>440<\/td>\n<\/tr>\n<tr>\n<td>FNL-29<\/td>\n<td>9.6<\/td>\n<td>1*190<\/td>\n<td>\u03c6400<\/td>\n<td>1*3800<\/td>\n<td>380<\/td>\n<td>\u03c610<\/td>\n<td>\u03c616<\/td>\n<td>1110*500*790<\/td>\n<td>590<\/td>\n<td>440<\/td>\n<\/tr>\n<tr>\n<td>FNL-39<\/td>\n<td>12.5<\/td>\n<td>1*190<\/td>\n<td>\u03c6400<\/td>\n<td>1*3800<\/td>\n<td>380<\/td>\n<td>\u03c610<\/td>\n<td>\u03c616<\/td>\n<td>1110*500*790<\/td>\n<td>590<\/td>\n<td>440<\/td>\n<\/tr>\n<tr>\n<td>FNL-48<\/td>\n<td>15.9<\/td>\n<td>2*190<\/td>\n<td>\u03c6400<\/td>\n<td>2*3800<\/td>\n<td>380<\/td>\n<td>\u03c612<\/td>\n<td>\u03c619<\/td>\n<td>1110*500*1240<\/td>\n<td>590<\/td>\n<td>440<\/td>\n<\/tr>\n<tr>\n<td>FNL-58<\/td>\n<td>18.1<\/td>\n<td>2*190<\/td>\n<td>\u03c6400<\/td>\n<td>2*3800<\/td>\n<td>380<\/td>\n<td>\u03c612<\/td>\n<td>\u03c619<\/td>\n<td>1110*500*1240<\/td>\n<td>590<\/td>\n<td>440<\/td>\n<\/tr>\n<tr>\n<td>FNL-68<\/td>\n<td>20.5<\/td>\n<td>2*190<\/td>\n<td>\u03c6400<\/td>\n<td>2*3800<\/td>\n<td>380<\/td>\n<td>\u03c612<\/td>\n<td>\u03c619<\/td>\n<td>1110*500*1240<\/td>\n<td>590<\/td>\n<td>440<\/td>\n<\/tr>\n<tr>\n<td>FNL-70<\/td>\n<td>22.4<\/td>\n<td>2*230<\/td>\n<td>\u03c6450<\/td>\n<td>2*5000<\/td>\n<td>380<\/td>\n<td>\u03c616<\/td>\n<td>\u03c622<\/td>\n<td>1230*560*1240<\/td>\n<td>840<\/td>\n<td>500<\/td>\n<\/tr>\n<tr>\n<td>FNL-80<\/td>\n<td>25.6<\/td>\n<td>2*230<\/td>\n<td>\u03c6450<\/td>\n<td>2*5000<\/td>\n<td>380<\/td>\n<td>\u03c616<\/td>\n<td>\u03c628<\/td>\n<td>1230*560*1390<\/td>\n<td>900<\/td>\n<td>500<\/td>\n<\/tr>\n<tr>\n<td>FNL-90<\/td>\n<td>28.8<\/td>\n<td>2*230<\/td>\n<td>\u03c6450<\/td>\n<td>2*5000<\/td>\n<td>380<\/td>\n<td>\u03c616<\/td>\n<td>\u03c635<\/td>\n<td>1330*560*1390<\/td>\n<td>940<\/td>\n<td>500<\/td>\n<\/tr>\n<tr>\n<td>FNL-100<\/td>\n<td>32.1<\/td>\n<td>2*320<\/td>\n<td>\u03c6500<\/td>\n<td>2*6600<\/td>\n<td>380<\/td>\n<td>\u03c616<\/td>\n<td>\u03c635<\/td>\n<td>1430*560*1390<\/td>\n<td>1040<\/td>\n<td>500<\/td>\n<\/tr>\n<tr>\n<td>FNL-120<\/td>\n<td>38.4<\/td>\n<td>4*190<\/td>\n<td>\u03c6400<\/td>\n<td>4*3800<\/td>\n<td>380<\/td>\n<td>\u03c616<\/td>\n<td>\u03c635<\/td>\n<td>1630*630*1390<\/td>\n<td>1110<\/td>\n<td>570<\/td>\n<\/tr>\n<tr>\n<td>FNL-140<\/td>\n<td>44.4<\/td>\n<td>4*190<\/td>\n<td>\u03c6450<\/td>\n<td>4*5000<\/td>\n<td>380<\/td>\n<td>\u03c616<\/td>\n<td>\u03c635<\/td>\n<td>1730*630*1390<\/td>\n<td>1210<\/td>\n<td>570<\/td>\n<\/tr>\n<\/tbody>\n<\/table>\n<p>Note : FNL-20m2 \u00e0 FNL-67m2 avec vanne d&rsquo;entr\u00e9e et de sortie, FNL-70m2 et plus sans vanne.<\/p>\n<h2>Groupe de R\u00e9frig\u00e9ration de Type Box L Param\u00e8tres<\/h2>\n<table>\n<tbody>\n<tr>\n<td colspan=\"13\">\n<p style=\"text-align: center;\">Groupe de R\u00e9frig\u00e9ration \u00e0 Condensation par Air pour Moyenne et Haute Temp\u00e9rature S\u00e9rie Scroll<\/p>\n<\/td>\n<\/tr>\n<tr>\n<td colspan=\"3\">Mod\u00e8le d&rsquo;unit\u00e9s<\/td>\n<td>CX-FNL-02MH<\/td>\n<td>CX-FNL-03MH<\/td>\n<td>CX-FNL-04MH<\/td>\n<td>CX-FNL-05MH<\/td>\n<td>CX-FNL-06MH<\/td>\n<td>CX-FNL- 07MH<\/td>\n<td>CX-FNL-08MH<\/td>\n<td>CX-FNL-10MH<\/td>\n<td>CX-FNL-12MH<\/td>\n<td>CX-FNL-15MH<\/td>\n<\/tr>\n<tr>\n<td colspan=\"3\">Mod\u00e8le de compresseur<\/td>\n<td>ZB15KQ<\/td>\n<td>ZB21KQ<\/td>\n<td>ZB29KQ<\/td>\n<td>ZB38KQ<\/td>\n<td>ZB45KQ<\/td>\n<td>ZB48KQ<\/td>\n<td>ZB58KQ<\/td>\n<td>ZB76KQ<\/td>\n<td>ZB88KQ<\/td>\n<td>ZB114KQ<\/td>\n<\/tr>\n<tr>\n<td colspan=\"3\">Temp\u00e9rature applicable (\u2103)<\/td>\n<td colspan=\"10\">0\u2103~-15\u2103<\/td>\n<\/tr>\n<tr>\n<td colspan=\"3\">R\u00e9frig\u00e9rant<\/td>\n<td colspan=\"10\">R22\/R404A<\/td>\n<\/tr>\n<tr>\n<td colspan=\"3\">Alimentation \u00e9lectrique<\/td>\n<td colspan=\"10\">380V 50Hz<\/td>\n<\/tr>\n<tr>\n<td rowspan=\"3\">Condenseur<\/td>\n<td colspan=\"2\">Quantit\u00e9 de ventilateurs (pcs)<\/td>\n<td>1<\/td>\n<td>1<\/td>\n<td>1<\/td>\n<td>2<\/td>\n<td>2<\/td>\n<td>2<\/td>\n<td>2<\/td>\n<td>2<\/td>\n<td>4<\/td>\n<td>4<\/td>\n<\/tr>\n<tr>\n<td colspan=\"2\">D\u00e9bit d&rsquo;air (m\u00b3\/h)<\/td>\n<td>1*3800<\/td>\n<td>1*3800<\/td>\n<td>1*3800<\/td>\n<td>2*3800<\/td>\n<td>2*3800<\/td>\n<td>2*5000<\/td>\n<td>2*5000<\/td>\n<td>2*7000<\/td>\n<td>4*3800<\/td>\n<td>5*5000<\/td>\n<\/tr>\n<tr>\n<td colspan=\"2\">Puissance du ventilateur (w)<\/td>\n<td>1*190<\/td>\n<td>1*190<\/td>\n<td>1*190<\/td>\n<td>2*190<\/td>\n<td>2*190<\/td>\n<td>2*230<\/td>\n<td>2*230<\/td>\n<td>2*420<\/td>\n<td>4*190<\/td>\n<td>4*250<\/td>\n<\/tr>\n<tr>\n<td rowspan=\"6\">R\u00e9f. Capacit\u00e9 des groupes de condensation <\/td>\n<td rowspan=\"2\">\u00c9vaporation<br \/>\nTemp\u00e9rature -0\u2103<\/td>\n<td>R\u00e9f. Capacit\u00e9 (w) <\/td>\n<td>4830\/4670<\/td>\n<td>7020\/6690<\/td>\n<td>9430\/9480<\/td>\n<td>11700\/11950<\/td>\n<td>14150\/14000<\/td>\n<td>15600\/15750<\/td>\n<td>18550\/18600<\/td>\n<td>24900\/24700<\/td>\n<td>28500<\/td>\n<td>36200\/36300<\/td>\n<\/tr>\n<tr>\n<td>Puissance (w)<\/td>\n<td>1540\/1720<\/td>\n<td>2270\/2480<\/td>\n<td>2890\/3290<\/td>\n<td>660\/4150<\/td>\n<td>4230\/4700<\/td>\n<td>4650\/5570<\/td>\n<td>5470\/6390<\/td>\n<td>7180\/8360<\/td>\n<td>8130<\/td>\n<td>10900\/12700<\/td>\n<\/tr>\n<tr>\n<td rowspan=\"2\">\u00c9vaporationT<br \/>\nemp\u00e9rature-5\u2103<\/td>\n<td>R\u00e9f. Capacit\u00e9 (w) <\/td>\n<td>4000\/3820<\/td>\n<td>5820\/5740<\/td>\n<td>7810\/7790<\/td>\n<td>9710\/9830<\/td>\n<td>11750\/11500<\/td>\n<td>12950\/13000<\/td>\n<td>15100\/15300<\/td>\n<td>20600\/20400<\/td>\n<td>23500<\/td>\n<td>29500\/29700<\/td>\n<\/tr>\n<tr>\n<td>Puissance (w)<\/td>\n<td>1520\/1760<\/td>\n<td>2240\/2500<\/td>\n<td>2860\/3310<\/td>\n<td>3610\/4180<\/td>\n<td>4210\/4730<\/td>\n<td>4630\/5410<\/td>\n<td>5460\/6360<\/td>\n<td>7130\/8290<\/td>\n<td>8070<\/td>\n<td>10800\/12650<\/td>\n<\/tr>\n<tr>\n<td rowspan=\"2\">\u00c9vaporation<br \/>\nTemp\u00e9rature -12\u2103<\/td>\n<td>R\u00e9f. Capacit\u00e9 (w) <\/td>\n<td>2990\/2710<\/td>\n<td>4350\/4300<\/td>\n<td>5840\/5840<\/td>\n<td>7260\/7370<\/td>\n<td>8840\/8630<\/td>\n<td>9730\/9800<\/td>\n<td>10900\/11350<\/td>\n<td>15450\/15250<\/td>\n<td>17550<\/td>\n<td>21100\/21900<\/td>\n<\/tr>\n<tr>\n<td>Puissance (w)<\/td>\n<td>1510\/1840<\/td>\n<td>2220\/2510<\/td>\n<td>2930\/3330<\/td>\n<td>3570\/4200<\/td>\n<td>4150\/4760<\/td>\n<td>4570\/5150<\/td>\n<td>5470\/6320<\/td>\n<td>7040\/8190<\/td>\n<td>7970<\/td>\n<td>10750\/12650<\/td>\n<\/tr>\n<tr>\n<td rowspan=\"2\">Accouplement<\/td>\n<td colspan=\"2\">Raccord de tube<\/td>\n<td>\u03c610<\/td>\n<td>\u03c610<\/td>\n<td>\u03c612<\/td>\n<td>\u03c612<\/td>\n<td>\u03c612<\/td>\n<td>\u03c616<\/td>\n<td>\u03c616<\/td>\n<td>\u03c616<\/td>\n<td>\u03c616<\/td>\n<td>\u03c616<\/td>\n<\/tr>\n<tr>\n<td colspan=\"2\">Raccord d&rsquo;aspiration<\/td>\n<td>\u03c616<\/td>\n<td>\u03c616<\/td>\n<td>\u03c619<\/td>\n<td>\u03c619<\/td>\n<td>\u03c619<\/td>\n<td>\u03c622<\/td>\n<td>\u03c628<\/td>\n<td>\u03c635<\/td>\n<td>\u03c635<\/td>\n<td>\u03c635<\/td>\n<\/tr>\n<tr>\n<td rowspan=\"3\">Dimensions globales\n<\/td>\n<td colspan=\"2\">Longueur(A)mm<\/td>\n<td>1110<\/td>\n<td>1110<\/td>\n<td>1110<\/td>\n<td>1110<\/td>\n<td>1110<\/td>\n<td>1230<\/td>\n<td>1230<\/td>\n<td>1430<\/td>\n<td>1630<\/td>\n<td>1730<\/td>\n<\/tr>\n<tr>\n<td colspan=\"2\">Largeur(B)mm<\/td>\n<td>500<\/td>\n<td>500<\/td>\n<td>500<\/td>\n<td>500<\/td>\n<td>500<\/td>\n<td>560<\/td>\n<td>560<\/td>\n<td>560<\/td>\n<td>630<\/td>\n<td>630<\/td>\n<\/tr>\n<tr>\n<td colspan=\"2\">Hauteur (H)mm<\/td>\n<td>790<\/td>\n<td>790<\/td>\n<td>790<\/td>\n<td>1240<\/td>\n<td>1240<\/td>\n<td>1240<\/td>\n<td>1390<\/td>\n<td>1390<\/td>\n<td>1390<\/td>\n<td>1490<\/td>\n<\/tr>\n<tr>\n<td rowspan=\"2\">Installation<br \/>\nDimension<\/td>\n<td colspan=\"2\">Longueur(D)mm<\/td>\n<td>590<\/td>\n<td>590<\/td>\n<td>590<\/td>\n<td>590<\/td>\n<td>590<\/td>\n<td>840<\/td>\n<td>900<\/td>\n<td>1040<\/td>\n<td>1110<\/td>\n<td>1210<\/td>\n<\/tr>\n<tr>\n<td colspan=\"2\">Largeur(E)mm<\/td>\n<td>440<\/td>\n<td>440<\/td>\n<td>440<\/td>\n<td>440<\/td>\n<td>440<\/td>\n<td>500<\/td>\n<td>500<\/td>\n<td>500<\/td>\n<td>570<\/td>\n<td>570<\/td>\n<\/tr>\n<\/tbody>\n<\/table>\n<p>Note :<\/p>\n<ol>\n<li>La capacit\u00e9 et la puissance r\u00e9f. sont bas\u00e9es sur une temp\u00e9rature ambiante de 32\u00b0C.<\/li>\n<li>Il est possible d&rsquo;ajouter ou de r\u00e9duire la configuration en fonction des besoins des clients.<\/li>\n<li>Si vous souhaitez personnaliser un groupe frigorifique semi-herm\u00e9tique, n&rsquo;h\u00e9sitez pas \u00e0 nous contacter.<\/li>\n<\/ol>\n<table>\n<tbody>\n<tr>\n<td style=\"text-align: center;\" colspan=\"7\">Groupe de R\u00e9frig\u00e9ration \u00e0 Condensation par Air Haute Temp\u00e9rature S\u00e9rie Tecumseh<\/td>\n<\/tr>\n<tr>\n<td colspan=\"3\">Model of Units<\/td>\n<td>CX-FNL-02MH<\/td>\n<td>CX-FNL-03MH<\/td>\n<td>CX-FNL-04MH<\/td>\n<td>CX-FNL-05MH<\/td>\n<\/tr>\n<tr>\n<td colspan=\"3\">Mod\u00e8le de compresseur<\/td>\n<td>FH4524Z<\/td>\n<td>TFH4540Z<\/td>\n<td>TAG4546Z<\/td>\n<td>TAG4561Z<\/td>\n<\/tr>\n<tr>\n<td colspan=\"3\">Temp\u00e9rature applicable(C)<\/td>\n<td colspan=\"4\">0\u2103~-15\u2103<\/td>\n<\/tr>\n<tr>\n<td colspan=\"3\">R\u00e9frig\u00e9rant<\/td>\n<td colspan=\"4\">R404A<\/td>\n<\/tr>\n<tr>\n<td rowspan=\"2\">Condenseur<\/td>\n<td colspan=\"2\">Quantit\u00e9 de ventilateurs (pcs)<\/td>\n<td>1<\/td>\n<td>1<\/td>\n<td>1<\/td>\n<td>2<\/td>\n<\/tr>\n<tr>\n<td colspan=\"2\">Puissance du ventilateur (w)<\/td>\n<td>1*190<\/td>\n<td>1*190<\/td>\n<td>1*190<\/td>\n<td>2*190<\/td>\n<\/tr>\n<tr>\n<td rowspan=\"6\">R\u00e9f. Capacit\u00e9 des groupes de condensation <\/td>\n<td rowspan=\"2\">\u00c9vaporation<br \/>\nTemp\u00e9rature -0\u2103<\/td>\n<td>R\u00e9f. Capacit\u00e9 (w) <\/td>\n<td>4371<\/td>\n<td>8390<\/td>\n<td>9670<\/td>\n<td>12126<\/td>\n<\/tr>\n<tr>\n<td>Puissance (w)<\/td>\n<td>2088<\/td>\n<td>3483<\/td>\n<td>3668<\/td>\n<td>4728<\/td>\n<\/tr>\n<tr>\n<td rowspan=\"2\">\u00c9vaporation<br \/>\nTemp\u00e9rature-5\u2103<\/td>\n<td>R\u00e9f. Capacit\u00e9 (w) <\/td>\n<td>3526<\/td>\n<td>6861<\/td>\n<td>7591<\/td>\n<td>9681<\/td>\n<\/tr>\n<tr>\n<td>Puissance (w)<\/td>\n<td>1920<\/td>\n<td>3184<\/td>\n<td>3322<\/td>\n<td>4256<\/td>\n<\/tr>\n<tr>\n<td rowspan=\"2\">\u00c9vaporation<br \/>\nTemp\u00e9rature -12\u2103<\/td>\n<td>R\u00e9f. Capacit\u00e9 (w) <\/td>\n<td>2500<\/td>\n<td>5009<\/td>\n<td>5175<\/td>\n<td>6804<\/td>\n<\/tr>\n<tr>\n<td>Puissance (w)<\/td>\n<td>1664<\/td>\n<td>2773<\/td>\n<td>2791<\/td>\n<td>3589<\/td>\n<\/tr>\n<tr>\n<td rowspan=\"2\">Accouplement<\/td>\n<td colspan=\"2\">Raccord de tube<\/td>\n<td>\u03c610<\/td>\n<td>\u03c610<\/td>\n<td>\u03c610<\/td>\n<td>\u03c612<\/td>\n<\/tr>\n<tr>\n<td colspan=\"2\">Accouplement d&rsquo;aspiration<\/td>\n<td>\u03c616<\/td>\n<td>\u03c616<\/td>\n<td>\u03c616<\/td>\n<td>\u03c619<\/td>\n<\/tr>\n<tr>\n<td rowspan=\"3\">Dimension globale<\/td>\n<td colspan=\"2\">Longueur(A)mm<\/td>\n<td>1110<\/td>\n<td>1110<\/td>\n<td>1110<\/td>\n<td>1110<\/td>\n<\/tr>\n<tr>\n<td colspan=\"2\">Largeur(B)mm<\/td>\n<td>500<\/td>\n<td>500<\/td>\n<td>500<\/td>\n<td>500<\/td>\n<\/tr>\n<tr>\n<td colspan=\"2\">Hauteur(H)mm<\/td>\n<td>790<\/td>\n<td>790<\/td>\n<td>790<\/td>\n<td>1240<\/td>\n<\/tr>\n<tr>\n<td>Dimension de l&rsquo;installation<\/td>\n<td colspan=\"2\">(D*E)mm<\/td>\n<td>590*440<\/td>\n<td>590*440<\/td>\n<td>590*440<\/td>\n<td>590*440<\/td>\n<\/tr>\n<\/tbody>\n<\/table>\n<table>\n<tbody>\n<tr>\n<td style=\"text-align: center;\" colspan=\"7\">Groupe de R\u00e9frig\u00e9ration \u00e0 basse temp\u00e9rature refroidi par air S\u00e9rie Tecumseh<\/td>\n<\/tr>\n<tr>\n<td colspan=\"3\">Model of Units<\/td>\n<td>CX-FNL-02ML<\/td>\n<td>CX-FNL-03ML<\/td>\n<td>CX-FNL-04ML<\/td>\n<td>CX-FNL-05ML<\/td>\n<\/tr>\n<tr>\n<td colspan=\"3\">Mod\u00e8le de compresseur<\/td>\n<td>FH2480Z<\/td>\n<td>FH2511Z<\/td>\n<td>TAG2516Z<\/td>\n<td>TAG2522Z<\/td>\n<\/tr>\n<tr>\n<td colspan=\"3\">Temp\u00e9rature applicable (C)<\/td>\n<td colspan=\"4\">-10\u2103~-35\u2103<\/td>\n<\/tr>\n<tr>\n<td colspan=\"3\">R\u00e9frig\u00e9rant<\/td>\n<td colspan=\"4\">R404A<\/td>\n<\/tr>\n<tr>\n<td rowspan=\"2\">Condenseur<\/td>\n<td colspan=\"2\">Quantit\u00e9 de ventilateurs (pcs)<\/td>\n<td>1<\/td>\n<td>1<\/td>\n<td>1<\/td>\n<td>2<\/td>\n<\/tr>\n<tr>\n<td colspan=\"2\">Puissance du ventilateur (w)<\/td>\n<td>1*190<\/td>\n<td>1*190<\/td>\n<td>1*190<\/td>\n<td>2*190<\/td>\n<\/tr>\n<tr>\n<td rowspan=\"6\">R\u00e9f. Capacit\u00e9 des groupes de condensation <\/td>\n<td rowspan=\"2\">Temp\u00e9rature d&rsquo;\u00e9vaporation -15\u00b0\u2103<\/td>\n<td>R\u00e9f. Capacit\u00e9 (w) <\/td>\n<td>2983<\/td>\n<td>4040<\/td>\n<td>5725<\/td>\n<td>7235<\/td>\n<\/tr>\n<tr>\n<td>Puissance (w)<\/td>\n<td>2172<\/td>\n<td>2833<\/td>\n<td>3803<\/td>\n<td>4695<\/td>\n<\/tr>\n<tr>\n<td rowspan=\"2\">Temp\u00e9rature d&rsquo;\u00e9vaporation -20\u2103<\/td>\n<td>R\u00e9f. Capacit\u00e9 (w) <\/td>\n<td>2268<\/td>\n<td>3054<\/td>\n<td>4218<\/td>\n<td>5406<\/td>\n<\/tr>\n<tr>\n<td>Puissance(w)<\/td>\n<td>1909<\/td>\n<td>2483<\/td>\n<td>3275<\/td>\n<td>4052<\/td>\n<\/tr>\n<tr>\n<td rowspan=\"2\">Temp\u00e9rature d&rsquo;\u00e9vaporation -25\u00b0\u2103<\/td>\n<td>R\u00e9f. Capacit\u00e9 (w) <\/td>\n<td>1671<\/td>\n<td>2240<\/td>\n<td>3005<\/td>\n<td>3940<\/td>\n<\/tr>\n<tr>\n<td>Puissance (w)<\/td>\n<td>1655<\/td>\n<td>2143<\/td>\n<td>2770<\/td>\n<td>3446<\/td>\n<\/tr>\n<tr>\n<td rowspan=\"2\">Accouplement<\/td>\n<td colspan=\"2\">Raccord de tube<\/td>\n<td>\u03c610<\/td>\n<td>\u03c610<\/td>\n<td>\u03c610<\/td>\n<td>\u03c612<\/td>\n<\/tr>\n<tr>\n<td colspan=\"2\">Accouplement d&rsquo;aspiration<\/td>\n<td>\u03c616<\/td>\n<td>\u03c616<\/td>\n<td>\u03c616<\/td>\n<td>\u03c619<\/td>\n<\/tr>\n<tr>\n<td rowspan=\"3\">Dimension globale<\/td>\n<td colspan=\"2\">Longueur(A)mm<\/td>\n<td>1110<\/td>\n<td>1110<\/td>\n<td>1110<\/td>\n<td>1110<\/td>\n<\/tr>\n<tr>\n<td colspan=\"2\">Largeur(B)mm<\/td>\n<td>500<\/td>\n<td>500<\/td>\n<td>500<\/td>\n<td>500<\/td>\n<\/tr>\n<tr>\n<td colspan=\"2\">Hauteur(H)mm<\/td>\n<td>790<\/td>\n<td>790<\/td>\n<td>790<\/td>\n<td>1240<\/td>\n<\/tr>\n<tr>\n<td>Dimension de l&rsquo;installation<\/td>\n<td colspan=\"2\">(D*E)mm<\/td>\n<td>590*440<\/td>\n<td>590*440<\/td>\n<td>590*440<\/td>\n<td>590*440<\/td>\n<\/tr>\n<\/tbody>\n<\/table>\n","protected":false},"excerpt":{"rendered":"<ul>\n<li>Le caisson supporte des compresseurs de 1 CV \u00e0 30 CV, avec une structure \u00e0 parois minces pour une installation murale ou au sol.<\/li>\n<li>Les groupes frigorifiques de 1 \u00e0 15 CV sont \u00e9quip\u00e9s de compresseurs scroll, avec des options pour des conceptions compatibles avec des compresseurs semi-herm\u00e9tiques.<\/li>\n<li>Les groupes frigorifiques de 15 \u00e0 30 CV utilisent principalement des compresseurs semi-herm\u00e9tiques Copeland et Bitzer pour des performances fiables.<\/li>\n<li>Les ventilateurs axiaux garantissent une installation et une maintenance faciles, un fonctionnement stable et de faibles niveaux sonores.<\/li>\n<\/ul>\n","protected":false},"featured_media":4244,"comment_status":"open","ping_status":"closed","template":"","meta":{"site-sidebar-layout":"default","site-content-layout":"","ast-site-content-layout":"default","site-content-style":"default","site-sidebar-style":"default","ast-global-header-display":"","ast-banner-title-visibility":"","ast-main-header-display":"","ast-hfb-above-header-display":"","ast-hfb-below-header-display":"","ast-hfb-mobile-header-display":"","site-post-title":"","ast-breadcrumbs-content":"","ast-featured-img":"","footer-sml-layout":"","theme-transparent-header-meta":"default","adv-header-id-meta":"","stick-header-meta":"","header-above-stick-meta":"","header-main-stick-meta":"","header-below-stick-meta":"","astra-migrate-meta-layouts":"default","ast-page-background-enabled":"default","ast-page-background-meta":{"desktop":{"background-color":"var(--ast-global-color-4)","background-image":"","background-repeat":"repeat","background-position":"center center","background-size":"auto","background-attachment":"scroll","background-type":"","background-media":"","overlay-type":"","overlay-color":"","overlay-opacity":"","overlay-gradient":""},"tablet":{"background-color":"","background-image":"","background-repeat":"repeat","background-position":"center center","background-size":"auto","background-attachment":"scroll","background-type":"","background-media":"","overlay-type":"","overlay-color":"","overlay-opacity":"","overlay-gradient":""},"mobile":{"background-color":"","background-image":"","background-repeat":"repeat","background-position":"center center","background-size":"auto","background-attachment":"scroll","background-type":"","background-media":"","overlay-type":"","overlay-color":"","overlay-opacity":"","overlay-gradient":""}},"ast-content-background-meta":{"desktop":{"background-color":"var(--ast-global-color-5)","background-image":"","background-repeat":"repeat","background-position":"center center","background-size":"auto","background-attachment":"scroll","background-type":"","background-media":"","overlay-type":"","overlay-color":"","overlay-opacity":"","overlay-gradient":""},"tablet":{"background-color":"var(--ast-global-color-5)","background-image":"","background-repeat":"repeat","background-position":"center center","background-size":"auto","background-attachment":"scroll","background-type":"","background-media":"","overlay-type":"","overlay-color":"","overlay-opacity":"","overlay-gradient":""},"mobile":{"background-color":"var(--ast-global-color-5)","background-image":"","background-repeat":"repeat","background-position":"center center","background-size":"auto","background-attachment":"scroll","background-type":"","background-media":"","overlay-type":"","overlay-color":"","overlay-opacity":"","overlay-gradient":""}}},"product_brand":[],"product_cat":[52,49],"product_tag":[],"class_list":{"0":"post-4951","1":"product","2":"type-product","3":"status-publish","4":"has-post-thumbnail","6":"product_cat-groupe-frigorifique-hermetique-pour-chambre-froide","7":"product_cat-non-categorise","8":"desktop-align-left","9":"tablet-align-left","10":"mobile-align-left","12":"first","13":"instock","14":"shipping-taxable","15":"product-type-simple"},"_links":{"self":[{"href":"https:\/\/www.linble-coldroom.com\/fr\/wp-json\/wp\/v2\/product\/4951","targetHints":{"allow":["GET"]}}],"collection":[{"href":"https:\/\/www.linble-coldroom.com\/fr\/wp-json\/wp\/v2\/product"}],"about":[{"href":"https:\/\/www.linble-coldroom.com\/fr\/wp-json\/wp\/v2\/types\/product"}],"replies":[{"embeddable":true,"href":"https:\/\/www.linble-coldroom.com\/fr\/wp-json\/wp\/v2\/comments?post=4951"}],"wp:featuredmedia":[{"embeddable":true,"href":"https:\/\/www.linble-coldroom.com\/fr\/wp-json\/wp\/v2\/media\/4244"}],"wp:attachment":[{"href":"https:\/\/www.linble-coldroom.com\/fr\/wp-json\/wp\/v2\/media?parent=4951"}],"wp:term":[{"taxonomy":"product_brand","embeddable":true,"href":"https:\/\/www.linble-coldroom.com\/fr\/wp-json\/wp\/v2\/product_brand?post=4951"},{"taxonomy":"product_cat","embeddable":true,"href":"https:\/\/www.linble-coldroom.com\/fr\/wp-json\/wp\/v2\/product_cat?post=4951"},{"taxonomy":"product_tag","embeddable":true,"href":"https:\/\/www.linble-coldroom.com\/fr\/wp-json\/wp\/v2\/product_tag?post=4951"}],"curies":[{"name":"wp","href":"https:\/\/api.w.org\/{rel}","templated":true}]}}