{"id":4952,"date":"2025-01-10T15:01:48","date_gmt":"2025-01-10T07:01:48","guid":{"rendered":"https:\/\/www.linble-coldroom.com\/chambre-froide-porte-roulante-rapide\/"},"modified":"2025-01-10T15:01:48","modified_gmt":"2025-01-10T07:01:48","slug":"chambre-froide-porte-roulante-rapide","status":"publish","type":"product","link":"https:\/\/www.linble-coldroom.com\/fr\/product\/chambre-froide-porte-roulante-rapide\/","title":{"rendered":"Chambre Froide Porte Roulante Rapide"},"content":{"rendered":"<table>\n<tbody>\n<tr>\n<td style=\"text-align: center;\" colspan=\"2\"><strong>Param\u00e8tres de la porte \u00e0 enroulement rapide pour chambre froide<\/strong><\/td>\n<\/tr>\n<tr>\n<td>Largeur<\/td>\n<td>600 mm \u00e0 4500 mm<\/td>\n<\/tr>\n<tr>\n<td>Hauteur<\/td>\n<td>900mm \u00e0 5000mm<\/td>\n<\/tr>\n<tr>\n<td>Door frame<\/td>\n<td>1. Par d\u00e9faut, acier galvanis\u00e9 de 1,2 mm d&rsquo;\u00e9paisseur avec pulv\u00e9risation \u00e9lectrostatique externe.<\/p>\n<p>2. En option, alliage d&rsquo;aluminium et acier inoxydable.<\/p>\n<p>3. Sceller avec un pinceau en double rang\u00e9e.<\/p>\n<p>4. Couleur personnalis\u00e9e disponible.<\/td>\n<\/tr>\n<tr>\n<td>Material of curtain<\/td>\n<td>1. Tissu polyester haute r\u00e9sistance et anti-usure.<\/p>\n<p>2. \u00c9paisseur de 0,8 mm \u00e0 1,2 mm.<\/p>\n<p>3. R\u00e9sistance au feu B2.<\/p>\n<p>4. Autonettoyant des deux c\u00f4t\u00e9s.<\/td>\n<\/tr>\n<tr>\n<td>Syst\u00e8me de contr\u00f4le<\/td>\n<td>Syst\u00e8me de contr\u00f4le int\u00e9gr\u00e9 intelligent FROG PUPIL allemand<\/td>\n<\/tr>\n<tr>\n<td>Capacit\u00e9 anti-vent<\/td>\n<td>Niveau 5 \u00e0 8<\/td>\n<\/tr>\n<tr>\n<td>Performances en mati\u00e8re de s\u00e9curit\u00e9<\/td>\n<td>1. S\u00e9curit\u00e9 infrarouge photo\u00e9lectrique (par d\u00e9faut).<\/p>\n<p>2. Airbag de s\u00e9curit\u00e9 et \u00e9cran lumineux de s\u00e9curit\u00e9 en bas (en option).<\/p>\n<p>3. Temp\u00e9rature adapt\u00e9e -40 \u00b0C \u00e0 80 \u00b0C.<\/td>\n<\/tr>\n<tr>\n<td>Mode de contr\u00f4le<\/td>\n<td>Alimentation de secours en option, ouvrez la porte \u00e0 l&rsquo;aide d&rsquo;une cl\u00e9 en cas de panne de courant.<\/td>\n<\/tr>\n<\/tbody>\n<\/table>\n","protected":false},"excerpt":{"rendered":"<ul>\n<li>Largeur de 600 mm \u00e0 4500 mm<\/li>\n<li>Hauteur de 900 mm \u00e0 5000 mm<\/li>\n<li>Cadre de porte en acier galvanis\u00e9 de 1,2 mm d&rsquo;\u00e9paisseur<\/li>\n<li>8 &#8211; rideau en tissu polyester de 1,2 mm d&rsquo;\u00e9paisseur<\/li>\n<li>B2 r\u00e9sistance au feu<\/li>\n<li>Plage de temp\u00e9rature de -40\u00b0C \u00e0 80\u00b0C<\/li>\n<li>Syst\u00e8me de contr\u00f4le intelligent int\u00e9gr\u00e9<\/li>\n<li>Capacit\u00e9 anti-vent de niveau 5 \u00e0 8<\/li>\n<li>S\u00e9curit\u00e9 photo\u00e9lectrique infrarouge<\/li>\n<li>Options suppl\u00e9mentaires\n<ul>\n<li>Alimentation de secours<\/li>\n<li>Coussin gonflable de s\u00e9curit\u00e9 inf\u00e9rieur<\/li>\n<li>\u00c9cran lumineux inf\u00e9rieur<\/li>\n<\/ul>\n<\/li>\n<\/ul>\n","protected":false},"featured_media":1487,"comment_status":"open","ping_status":"closed","template":"","meta":{"site-sidebar-layout":"default","site-content-layout":"","ast-site-content-layout":"default","site-content-style":"default","site-sidebar-style":"default","ast-global-header-display":"","ast-banner-title-visibility":"","ast-main-header-display":"","ast-hfb-above-header-display":"","ast-hfb-below-header-display":"","ast-hfb-mobile-header-display":"","site-post-title":"","ast-breadcrumbs-content":"","ast-featured-img":"","footer-sml-layout":"","theme-transparent-header-meta":"default","adv-header-id-meta":"","stick-header-meta":"","header-above-stick-meta":"","header-main-stick-meta":"","header-below-stick-meta":"","astra-migrate-meta-layouts":"default","ast-page-background-enabled":"default","ast-page-background-meta":{"desktop":{"background-color":"var(--ast-global-color-4)","background-image":"","background-repeat":"repeat","background-position":"center center","background-size":"auto","background-attachment":"scroll","background-type":"","background-media":"","overlay-type":"","overlay-color":"","overlay-opacity":"","overlay-gradient":""},"tablet":{"background-color":"","background-image":"","background-repeat":"repeat","background-position":"center center","background-size":"auto","background-attachment":"scroll","background-type":"","background-media":"","overlay-type":"","overlay-color":"","overlay-opacity":"","overlay-gradient":""},"mobile":{"background-color":"","background-image":"","background-repeat":"repeat","background-position":"center center","background-size":"auto","background-attachment":"scroll","background-type":"","background-media":"","overlay-type":"","overlay-color":"","overlay-opacity":"","overlay-gradient":""}},"ast-content-background-meta":{"desktop":{"background-color":"var(--ast-global-color-5)","background-image":"","background-repeat":"repeat","background-position":"center center","background-size":"auto","background-attachment":"scroll","background-type":"","background-media":"","overlay-type":"","overlay-color":"","overlay-opacity":"","overlay-gradient":""},"tablet":{"background-color":"var(--ast-global-color-5)","background-image":"","background-repeat":"repeat","background-position":"center center","background-size":"auto","background-attachment":"scroll","background-type":"","background-media":"","overlay-type":"","overlay-color":"","overlay-opacity":"","overlay-gradient":""},"mobile":{"background-color":"var(--ast-global-color-5)","background-image":"","background-repeat":"repeat","background-position":"center center","background-size":"auto","background-attachment":"scroll","background-type":"","background-media":"","overlay-type":"","overlay-color":"","overlay-opacity":"","overlay-gradient":""}}},"product_brand":[],"product_cat":[49],"product_tag":[],"class_list":{"0":"post-4952","1":"product","2":"type-product","3":"status-publish","4":"has-post-thumbnail","6":"product_cat-non-categorise","7":"desktop-align-left","8":"tablet-align-left","9":"mobile-align-left","11":"first","12":"instock","13":"shipping-taxable","14":"product-type-simple"},"_links":{"self":[{"href":"https:\/\/www.linble-coldroom.com\/fr\/wp-json\/wp\/v2\/product\/4952","targetHints":{"allow":["GET"]}}],"collection":[{"href":"https:\/\/www.linble-coldroom.com\/fr\/wp-json\/wp\/v2\/product"}],"about":[{"href":"https:\/\/www.linble-coldroom.com\/fr\/wp-json\/wp\/v2\/types\/product"}],"replies":[{"embeddable":true,"href":"https:\/\/www.linble-coldroom.com\/fr\/wp-json\/wp\/v2\/comments?post=4952"}],"wp:featuredmedia":[{"embeddable":true,"href":"https:\/\/www.linble-coldroom.com\/fr\/wp-json\/wp\/v2\/media\/1487"}],"wp:attachment":[{"href":"https:\/\/www.linble-coldroom.com\/fr\/wp-json\/wp\/v2\/media?parent=4952"}],"wp:term":[{"taxonomy":"product_brand","embeddable":true,"href":"https:\/\/www.linble-coldroom.com\/fr\/wp-json\/wp\/v2\/product_brand?post=4952"},{"taxonomy":"product_cat","embeddable":true,"href":"https:\/\/www.linble-coldroom.com\/fr\/wp-json\/wp\/v2\/product_cat?post=4952"},{"taxonomy":"product_tag","embeddable":true,"href":"https:\/\/www.linble-coldroom.com\/fr\/wp-json\/wp\/v2\/product_tag?post=4952"}],"curies":[{"name":"wp","href":"https:\/\/api.w.org\/{rel}","templated":true}]}}