{"id":4954,"date":"2025-01-09T16:35:49","date_gmt":"2025-01-09T08:35:49","guid":{"rendered":"https:\/\/www.linble-coldroom.com\/condenseur-refroidi-par-air\/"},"modified":"2025-01-09T16:35:49","modified_gmt":"2025-01-09T08:35:49","slug":"condenseur-refroidi-par-air","status":"publish","type":"product","link":"https:\/\/www.linble-coldroom.com\/fr\/product\/condenseur-refroidi-par-air\/","title":{"rendered":"Condenseur Refroidi par Air"},"content":{"rendered":"<h2>Param\u00e8tres FNH<\/h2>\n<table>\n<tbody>\n<tr>\n<td width=\"79\">Mod\u00e8le<\/td>\n<td width=\"54\">Capacit\u00e9 d&rsquo;\u00e9change thermique<br \/>\n(kW)<\/td>\n<td width=\"43\">Surface<br \/>\n(\u33a1)<\/td>\n<td width=\"74\">Disposition des tuyaux en cuivre<\/td>\n<td width=\"50\">Quantit\u00e9 de ventilateurs<\/td>\n<td width=\"41\">Diam\u00e8tre du ventilateur \u03c6(mm)<\/td>\n<td width=\"44\">Volume d&rsquo;air du ventilateur<br \/>\n(m\u00b3\/h)<\/td>\n<td width=\"37\">Puissance du ventilateur<br \/>\n(w)<\/td>\n<td width=\"48\">Tension du ventilateur<br \/>\n(V)<\/td>\n<td width=\"45\">Dans la trach\u00e9e<br \/>\n(mm)<\/td>\n<td width=\"38\">Sortie produit<br \/>\n(mm)<\/td>\n<\/tr>\n<tr>\n<td width=\"79\">FNH-0.6\/2<\/td>\n<td width=\"54\">0.6<\/td>\n<td width=\"43\">2<\/td>\n<td width=\"74\">2*4<\/td>\n<td width=\"50\">1<\/td>\n<td width=\"41\">200<\/td>\n<td width=\"44\">425<\/td>\n<td width=\"37\">1*30<\/td>\n<td width=\"48\">220<\/td>\n<td width=\"45\">10<\/td>\n<td width=\"38\">10<\/td>\n<\/tr>\n<tr>\n<td width=\"79\">FNH-0.9\/3<\/td>\n<td width=\"54\">0.9<\/td>\n<td width=\"43\">3<\/td>\n<td width=\"74\">3*4<\/td>\n<td width=\"50\">1<\/td>\n<td width=\"41\">200<\/td>\n<td width=\"44\">425<\/td>\n<td width=\"37\">1*30<\/td>\n<td width=\"48\">220<\/td>\n<td width=\"45\">10<\/td>\n<td width=\"38\">10<\/td>\n<\/tr>\n<tr>\n<td width=\"79\">FNH-1.2\/4<\/td>\n<td width=\"54\">1.2<\/td>\n<td width=\"43\">4<\/td>\n<td width=\"74\">3*5<\/td>\n<td width=\"50\">1<\/td>\n<td width=\"41\">200<\/td>\n<td width=\"44\">425<\/td>\n<td width=\"37\">1*30<\/td>\n<td width=\"48\">220<\/td>\n<td width=\"45\">10<\/td>\n<td width=\"38\">10<\/td>\n<\/tr>\n<tr>\n<td width=\"79\">FNH-1.7\/6<\/td>\n<td width=\"54\">1.7<\/td>\n<td width=\"43\">6<\/td>\n<td width=\"74\">3*6<\/td>\n<td width=\"50\">1<\/td>\n<td width=\"41\">300<\/td>\n<td width=\"44\">1750<\/td>\n<td width=\"37\">1*90<\/td>\n<td width=\"48\">220\/380<\/td>\n<td width=\"45\">10<\/td>\n<td width=\"38\">10<\/td>\n<\/tr>\n<tr>\n<td width=\"79\">FNH-2.5\/8.5<\/td>\n<td width=\"54\">2.5<\/td>\n<td width=\"43\">8.5<\/td>\n<td width=\"74\">3*8<\/td>\n<td width=\"50\">1<\/td>\n<td width=\"41\">350<\/td>\n<td width=\"44\">2670<\/td>\n<td width=\"37\">1*135<\/td>\n<td width=\"48\">220\/380<\/td>\n<td width=\"45\">16<\/td>\n<td width=\"38\">16<\/td>\n<\/tr>\n<tr>\n<td width=\"79\">FNH-4.6\/15<\/td>\n<td width=\"54\">4.6<\/td>\n<td width=\"43\">15<\/td>\n<td width=\"74\">4*9<\/td>\n<td width=\"50\">1<\/td>\n<td width=\"41\">350<\/td>\n<td width=\"44\">2670<\/td>\n<td width=\"37\">1*135<\/td>\n<td width=\"48\">220\/380<\/td>\n<td width=\"45\">19<\/td>\n<td width=\"38\">16<\/td>\n<\/tr>\n<tr>\n<td width=\"79\">FNH-5.4\/18<\/td>\n<td width=\"54\">5.4<\/td>\n<td width=\"43\">18<\/td>\n<td width=\"74\">4*10<\/td>\n<td width=\"50\">1<\/td>\n<td width=\"41\">400<\/td>\n<td width=\"44\">3500<\/td>\n<td width=\"37\">1*190<\/td>\n<td width=\"48\">380<\/td>\n<td width=\"45\">19<\/td>\n<td width=\"38\">16<\/td>\n<\/tr>\n<tr>\n<td width=\"79\">FNH-6.4\/22<\/td>\n<td width=\"54\">6.4<\/td>\n<td width=\"43\">22<\/td>\n<td width=\"74\">5*10<\/td>\n<td width=\"50\">1<\/td>\n<td width=\"41\">400<\/td>\n<td width=\"44\">3500<\/td>\n<td width=\"37\">1*190<\/td>\n<td width=\"48\">380<\/td>\n<td width=\"45\">19<\/td>\n<td width=\"38\">16<\/td>\n<\/tr>\n<tr>\n<td width=\"79\">FNH-6.4\/22B<\/td>\n<td width=\"54\">6.4<\/td>\n<td width=\"43\">22<\/td>\n<td width=\"74\">4*8<\/td>\n<td width=\"50\">2<\/td>\n<td width=\"41\">350<\/td>\n<td width=\"44\">5340<\/td>\n<td width=\"37\">2*135<\/td>\n<td width=\"48\">380<\/td>\n<td width=\"45\">19<\/td>\n<td width=\"38\">16<\/td>\n<\/tr>\n<tr>\n<td width=\"79\">FNH-7.3\/28<\/td>\n<td width=\"54\">7.3<\/td>\n<td width=\"43\">28<\/td>\n<td width=\"74\">4*9<\/td>\n<td width=\"50\">2<\/td>\n<td width=\"41\">350<\/td>\n<td width=\"44\">5340<\/td>\n<td width=\"37\">2*135<\/td>\n<td width=\"48\">380<\/td>\n<td width=\"45\">19<\/td>\n<td width=\"38\">16<\/td>\n<\/tr>\n<tr>\n<td width=\"79\">FNH-9.7\/33<\/td>\n<td width=\"54\">9.7<\/td>\n<td width=\"43\">33<\/td>\n<td width=\"74\">4*10<\/td>\n<td width=\"50\">2<\/td>\n<td width=\"41\">400<\/td>\n<td width=\"44\">7000<\/td>\n<td width=\"37\">2*190<\/td>\n<td width=\"48\">380<\/td>\n<td width=\"45\">19<\/td>\n<td width=\"38\">16<\/td>\n<\/tr>\n<tr>\n<td width=\"79\">FNH-12.0\/41<\/td>\n<td width=\"54\">12<\/td>\n<td width=\"43\">41<\/td>\n<td width=\"74\">5*10<\/td>\n<td width=\"50\">2<\/td>\n<td width=\"41\">400<\/td>\n<td width=\"44\">7000<\/td>\n<td width=\"37\">2*190<\/td>\n<td width=\"48\">380<\/td>\n<td width=\"45\">19<\/td>\n<td width=\"38\">16<\/td>\n<\/tr>\n<tr>\n<td width=\"79\">FNH-13.8\/50<\/td>\n<td width=\"54\">13.8<\/td>\n<td width=\"43\">50<\/td>\n<td width=\"74\">5*12<\/td>\n<td width=\"50\">2<\/td>\n<td width=\"41\">400<\/td>\n<td width=\"44\">7000<\/td>\n<td width=\"37\">2*190<\/td>\n<td width=\"48\">380<\/td>\n<td width=\"45\">22<\/td>\n<td width=\"38\">16<\/td>\n<\/tr>\n<tr>\n<td width=\"79\">FNH-16.2\/60<\/td>\n<td width=\"54\">16.2<\/td>\n<td width=\"43\">60<\/td>\n<td width=\"74\">6*12<\/td>\n<td width=\"50\">2<\/td>\n<td width=\"41\">400<\/td>\n<td width=\"44\">7000<\/td>\n<td width=\"37\">2*190<\/td>\n<td width=\"48\">380<\/td>\n<td width=\"45\">22<\/td>\n<td width=\"38\">16<\/td>\n<\/tr>\n<tr>\n<td width=\"79\">FNH-20.7\/70<\/td>\n<td width=\"54\">20.7<\/td>\n<td width=\"43\">70<\/td>\n<td width=\"74\">4*18<\/td>\n<td width=\"50\">4<\/td>\n<td width=\"41\">350<\/td>\n<td width=\"44\">10680<\/td>\n<td width=\"37\">4*135<\/td>\n<td width=\"48\">380<\/td>\n<td width=\"45\">25<\/td>\n<td width=\"38\">19<\/td>\n<\/tr>\n<tr>\n<td width=\"79\">FNH-23.0\/80<\/td>\n<td width=\"54\">23<\/td>\n<td width=\"43\">80<\/td>\n<td width=\"74\">4*20<\/td>\n<td width=\"50\">4<\/td>\n<td width=\"41\">400<\/td>\n<td width=\"44\">14000<\/td>\n<td width=\"37\">4*190<\/td>\n<td width=\"48\">380<\/td>\n<td width=\"45\">25<\/td>\n<td width=\"38\">19<\/td>\n<\/tr>\n<tr>\n<td width=\"79\">FNH-27.6\/100<\/td>\n<td width=\"54\">27.6<\/td>\n<td width=\"43\">100<\/td>\n<td width=\"74\">5*20<\/td>\n<td width=\"50\">4<\/td>\n<td width=\"41\">400<\/td>\n<td width=\"44\">14000<\/td>\n<td width=\"37\">4*190<\/td>\n<td width=\"48\">380<\/td>\n<td width=\"45\">28<\/td>\n<td width=\"38\">22<\/td>\n<\/tr>\n<tr>\n<td width=\"79\">FNH-33.3\/120<\/td>\n<td width=\"54\">33.3<\/td>\n<td width=\"43\">120<\/td>\n<td width=\"74\">5*24<\/td>\n<td width=\"50\">4<\/td>\n<td width=\"41\">400<\/td>\n<td width=\"44\">14000<\/td>\n<td width=\"37\">4*190<\/td>\n<td width=\"48\">380<\/td>\n<td width=\"45\">32<\/td>\n<td width=\"38\">22<\/td>\n<\/tr>\n<tr>\n<td width=\"79\">FNH-39.8\/140<\/td>\n<td width=\"54\">39.8<\/td>\n<td width=\"43\">140<\/td>\n<td width=\"74\">5*24<\/td>\n<td width=\"50\">4<\/td>\n<td width=\"41\">450<\/td>\n<td width=\"44\">18000<\/td>\n<td width=\"37\">4*250<\/td>\n<td width=\"48\">380<\/td>\n<td width=\"45\">32<\/td>\n<td width=\"38\">22<\/td>\n<\/tr>\n<tr>\n<td width=\"79\">FNH-45.6\/160<\/td>\n<td width=\"54\">45.6<\/td>\n<td width=\"43\">160<\/td>\n<td width=\"74\">5*26<\/td>\n<td width=\"50\">4<\/td>\n<td width=\"41\">450<\/td>\n<td width=\"44\">18000<\/td>\n<td width=\"37\">4*250<\/td>\n<td width=\"48\">380<\/td>\n<td width=\"45\">32<\/td>\n<td width=\"38\">22<\/td>\n<\/tr>\n<tr>\n<td width=\"79\">FNH-49.9\/180<\/td>\n<td width=\"54\">49.9<\/td>\n<td width=\"43\">180<\/td>\n<td width=\"74\">5*26<\/td>\n<td width=\"50\">4<\/td>\n<td width=\"41\">450<\/td>\n<td width=\"44\">18000<\/td>\n<td width=\"37\">4*250<\/td>\n<td width=\"48\">380<\/td>\n<td width=\"45\">32<\/td>\n<td width=\"38\">22<\/td>\n<\/tr>\n<\/tbody>\n<\/table>\n<h2>Dimensions d&rsquo;encombrement et d&rsquo;installation FNH<\/h2>\n<table>\n<tbody>\n<tr>\n<td>Mod\u00e8le<\/td>\n<td>L Dimensions globales (mm)<\/td>\n<td>K Dimensions d&rsquo;encombrement (mm)<\/td>\n<td>H Dimensions totales (mm)<\/td>\n<td>A Dimensions d&rsquo;encombrement (mm)<\/td>\n<td>B Dimensions d&rsquo;encombrement (mm)<\/td>\n<td>W Dimensions globales (mm)<\/td>\n<\/tr>\n<tr>\n<td>FNH-0.6\/2<\/td>\n<td>320<\/td>\n<td>130<\/td>\n<td>250<\/td>\n<td>265<\/td>\n<td>70<\/td>\n<td>205<\/td>\n<\/tr>\n<tr>\n<td>FNH-0.9\/3<\/td>\n<td>320<\/td>\n<td>130<\/td>\n<td>250<\/td>\n<td>265<\/td>\n<td>70<\/td>\n<td>205<\/td>\n<\/tr>\n<tr>\n<td>FNH-1.2\/4<\/td>\n<td>340<\/td>\n<td>130<\/td>\n<td>300<\/td>\n<td>285<\/td>\n<td>70<\/td>\n<td>205<\/td>\n<\/tr>\n<tr>\n<td>FNH-1.7\/6<\/td>\n<td>460<\/td>\n<td>160<\/td>\n<td>385<\/td>\n<td>370<\/td>\n<td>90<\/td>\n<td>240<\/td>\n<\/tr>\n<tr>\n<td>FNH-2.5\/8.5<\/td>\n<td>480<\/td>\n<td>160<\/td>\n<td>435<\/td>\n<td>420<\/td>\n<td>90<\/td>\n<td>275<\/td>\n<\/tr>\n<tr>\n<td>FNH-4.6\/15<\/td>\n<td>560<\/td>\n<td>200<\/td>\n<td>485<\/td>\n<td>490<\/td>\n<td>130<\/td>\n<td>295<\/td>\n<\/tr>\n<tr>\n<td>FNH-5.4\/18<\/td>\n<td>640<\/td>\n<td>210<\/td>\n<td>540<\/td>\n<td>570<\/td>\n<td>140<\/td>\n<td>305<\/td>\n<\/tr>\n<tr>\n<td>FNH-6.4\/22<\/td>\n<td>640<\/td>\n<td>210<\/td>\n<td>540<\/td>\n<td>570<\/td>\n<td>140<\/td>\n<td>305<\/td>\n<\/tr>\n<tr>\n<td>FNH-6.4\/22B<\/td>\n<td>940<\/td>\n<td>210<\/td>\n<td>440<\/td>\n<td>870<\/td>\n<td>140<\/td>\n<td>275<\/td>\n<\/tr>\n<tr>\n<td>FNH-7.3\/28<\/td>\n<td>940<\/td>\n<td>210<\/td>\n<td>490<\/td>\n<td>870<\/td>\n<td>140<\/td>\n<td>275<\/td>\n<\/tr>\n<tr>\n<td>FNH-9.7\/33<\/td>\n<td>1010<\/td>\n<td>210<\/td>\n<td>540<\/td>\n<td>930<\/td>\n<td>140<\/td>\n<td>305<\/td>\n<\/tr>\n<tr>\n<td>FNH-12.0\/41<\/td>\n<td>1010<\/td>\n<td>210<\/td>\n<td>540<\/td>\n<td>930<\/td>\n<td>140<\/td>\n<td>305<\/td>\n<\/tr>\n<tr>\n<td>FNH-13.8\/50<\/td>\n<td>1010<\/td>\n<td>230<\/td>\n<td>640<\/td>\n<td>930<\/td>\n<td>150<\/td>\n<td>325<\/td>\n<\/tr>\n<tr>\n<td>FNH-17.2\/60<\/td>\n<td>1010<\/td>\n<td>230<\/td>\n<td>640<\/td>\n<td>930<\/td>\n<td>150<\/td>\n<td>325<\/td>\n<\/tr>\n<tr>\n<td>FNH-20.7\/70<\/td>\n<td>1170<\/td>\n<td>230<\/td>\n<td>940<\/td>\n<td>1080<\/td>\n<td>150<\/td>\n<td>365<\/td>\n<\/tr>\n<tr>\n<td>FNH-23.0\/80<\/td>\n<td>1170<\/td>\n<td>230<\/td>\n<td>1040<\/td>\n<td>1080<\/td>\n<td>150<\/td>\n<td>365<\/td>\n<\/tr>\n<tr>\n<td>FNH-27.6\/100<\/td>\n<td>1170<\/td>\n<td>230<\/td>\n<td>1040<\/td>\n<td>1080<\/td>\n<td>150<\/td>\n<td>365<\/td>\n<\/tr>\n<tr>\n<td>FNH-33.3\/120<\/td>\n<td>1200<\/td>\n<td>230<\/td>\n<td>1240<\/td>\n<td>1110<\/td>\n<td>150<\/td>\n<td>365<\/td>\n<\/tr>\n<tr>\n<td>FNH-39.8\/140<\/td>\n<td>1280<\/td>\n<td>250<\/td>\n<td>1240<\/td>\n<td>1170<\/td>\n<td>170<\/td>\n<td>385<\/td>\n<\/tr>\n<tr>\n<td>FNH-45.6\/160<\/td>\n<td>1340<\/td>\n<td>250<\/td>\n<td>1340<\/td>\n<td>1230<\/td>\n<td>170<\/td>\n<td>385<\/td>\n<\/tr>\n<tr>\n<td>FNH-49.9\/180<\/td>\n<td>1460<\/td>\n<td>250<\/td>\n<td>1340<\/td>\n<td>1350<\/td>\n<td>170<\/td>\n<td>385<\/td>\n<\/tr>\n<\/tbody>\n<\/table>\n<h2>FNHC (Copeland) Param\u00e8tres<\/h2>\n<table>\n<tbody>\n<tr>\n<td>Mod\u00e8le<\/td>\n<td>Capacit\u00e9 d&rsquo;\u00e9change de chaleur<\/td>\n<td>Surface<br \/>\n(\u33a1)<\/td>\n<td>Quantit\u00e9 de ventilateurs<\/td>\n<td>Dia du ventilateur \u03c6<br \/>\n(mm)<\/td>\n<td>Volume d&rsquo;air du ventilateur<br \/>\n(m\u00b3\/h)<\/td>\n<td>Puissance du ventilateur<br \/>\n(w)<\/td>\n<td>Tension du ventilateur<br \/>\n(v)<\/td>\n<td>Moteur du ventilateur<br \/>\n(n*w)<\/td>\n<td>Tension<\/td>\n<\/tr>\n<tr>\n<td>FNHC-25-3<\/td>\n<td>6.6<\/td>\n<td>25<\/td>\n<td>1<\/td>\n<td>400<\/td>\n<td>3500<\/td>\n<td>1*190<\/td>\n<td rowspan=\"6\">380V<br \/>\n3PH<br \/>\n50Hz<\/td>\n<td>19<\/td>\n<td>16<\/td>\n<\/tr>\n<tr>\n<td>FNHC-35-4<\/td>\n<td>9.1<\/td>\n<td>35<\/td>\n<td>1<\/td>\n<td>450<\/td>\n<td>4800<\/td>\n<td>1*250<\/td>\n<td>19<\/td>\n<td>16<\/td>\n<\/tr>\n<tr>\n<td>FNHC-41-5<\/td>\n<td>10.8<\/td>\n<td>41<\/td>\n<td>1<\/td>\n<td>500<\/td>\n<td>6500<\/td>\n<td>1*420<\/td>\n<td>19<\/td>\n<td>16<\/td>\n<\/tr>\n<tr>\n<td>FNHC-55-8<\/td>\n<td>14.5<\/td>\n<td>55<\/td>\n<td>1<\/td>\n<td>550<\/td>\n<td>7500<\/td>\n<td>1*550<\/td>\n<td>22<\/td>\n<td>19<\/td>\n<\/tr>\n<tr>\n<td>FNHC-80-10<\/td>\n<td>21<\/td>\n<td>80<\/td>\n<td>2<\/td>\n<td>500<\/td>\n<td>13000<\/td>\n<td>2*420<\/td>\n<td>25<\/td>\n<td>19<\/td>\n<\/tr>\n<tr>\n<td>FNHC-110-15<\/td>\n<td>28.8<\/td>\n<td>110<\/td>\n<td>2<\/td>\n<td>550<\/td>\n<td>15000<\/td>\n<td>2*550<\/td>\n<td>28<\/td>\n<td>22<\/td>\n<\/tr>\n<\/tbody>\n<\/table>\n<h2>FNHC(Copeland) Dimensions d&rsquo;encombrement et d&rsquo;installation<\/h2>\n<table>\n<tbody>\n<tr>\n<td width=\"130\">Mod\u00e8le<\/td>\n<td width=\"125\">A<\/td>\n<td width=\"99\">B<\/td>\n<td width=\"106\">C<\/td>\n<td width=\"96\">D<\/td>\n<td width=\"88\">E<\/td>\n<td width=\"88\">F<\/td>\n<td width=\"74\">G<\/td>\n<\/tr>\n<tr>\n<td width=\"130\">FNHC-25-3<\/td>\n<td width=\"125\">630<\/td>\n<td width=\"99\">330<\/td>\n<td width=\"106\">540<\/td>\n<td width=\"96\">220<\/td>\n<td width=\"88\">660<\/td>\n<td width=\"88\">140<\/td>\n<td width=\"74\">75<\/td>\n<\/tr>\n<tr>\n<td width=\"130\">FNHC-35-4<\/td>\n<td width=\"125\">730<\/td>\n<td width=\"99\">330<\/td>\n<td width=\"106\">590<\/td>\n<td width=\"96\">230<\/td>\n<td width=\"88\">760<\/td>\n<td width=\"88\">150<\/td>\n<td width=\"74\">120<\/td>\n<\/tr>\n<tr>\n<td width=\"130\">FNHC-41-5<\/td>\n<td width=\"125\">810<\/td>\n<td width=\"99\">330<\/td>\n<td width=\"106\">690<\/td>\n<td width=\"96\">230<\/td>\n<td width=\"88\">840<\/td>\n<td width=\"88\">150<\/td>\n<td width=\"74\">90<\/td>\n<\/tr>\n<tr>\n<td width=\"130\">FNHC-55-8<\/td>\n<td width=\"125\">900<\/td>\n<td width=\"99\">360<\/td>\n<td width=\"106\">840<\/td>\n<td width=\"96\">230<\/td>\n<td width=\"88\">930<\/td>\n<td width=\"88\">150<\/td>\n<td width=\"74\">70<\/td>\n<\/tr>\n<tr>\n<td width=\"130\">FNHC-80-10<\/td>\n<td width=\"125\">1175<\/td>\n<td width=\"99\">385<\/td>\n<td width=\"106\">940<\/td>\n<td width=\"96\">250<\/td>\n<td width=\"88\">1205<\/td>\n<td width=\"88\">170<\/td>\n<td width=\"74\">70<\/td>\n<\/tr>\n<tr>\n<td width=\"130\">FNHC-110-15<\/td>\n<td width=\"125\">1360<\/td>\n<td width=\"99\">405<\/td>\n<td width=\"106\">890<\/td>\n<td width=\"96\">270<\/td>\n<td width=\"88\">1390<\/td>\n<td width=\"88\">170<\/td>\n<td width=\"74\">50<\/td>\n<\/tr>\n<\/tbody>\n<\/table>\n","protected":false},"excerpt":{"rendered":"<ul>\n<li>Options des marques Linble et Copeland.<\/li>\n<li>Condenseur refroidi par air avec les types H, V, W. H est un mod\u00e8le \u00e0 soufflage lat\u00e9ral, tandis que V et W sont des mod\u00e8les \u00e0 soufflage par le toit. <\/li>\n<li>Les condenseurs se caract\u00e9risent par une structure raisonnable et une excellente compatibilit\u00e9, adapt\u00e9e \u00e0 divers compresseurs.<\/li>\n<li>La coque en acier de haute qualit\u00e9 avec une surface enduite de plastique assure une r\u00e9sistance \u00e0 la corrosion et un aspect attrayant.<\/li>\n<li>Test\u00e9 sous une pression d&rsquo;air de 2,5 MPa pour garantir une \u00e9tanch\u00e9it\u00e9 aux gaz exceptionnelle.<\/li>\n<li>Compatible avec plusieurs r\u00e9frig\u00e9rants, dont le R22, le R134a et le R407c.<\/li>\n<li>Ventilateurs de condenseur personnalisables disponibles pour r\u00e9pondre aux besoins sp\u00e9cifiques des clients.<\/li>\n<\/ul>\n","protected":false},"featured_media":2174,"comment_status":"open","ping_status":"closed","template":"","meta":{"site-sidebar-layout":"default","site-content-layout":"","ast-site-content-layout":"default","site-content-style":"default","site-sidebar-style":"default","ast-global-header-display":"","ast-banner-title-visibility":"","ast-main-header-display":"","ast-hfb-above-header-display":"","ast-hfb-below-header-display":"","ast-hfb-mobile-header-display":"","site-post-title":"","ast-breadcrumbs-content":"","ast-featured-img":"","footer-sml-layout":"","theme-transparent-header-meta":"default","adv-header-id-meta":"","stick-header-meta":"","header-above-stick-meta":"","header-main-stick-meta":"","header-below-stick-meta":"","astra-migrate-meta-layouts":"default","ast-page-background-enabled":"default","ast-page-background-meta":{"desktop":{"background-color":"var(--ast-global-color-4)","background-image":"","background-repeat":"repeat","background-position":"center center","background-size":"auto","background-attachment":"scroll","background-type":"","background-media":"","overlay-type":"","overlay-color":"","overlay-opacity":"","overlay-gradient":""},"tablet":{"background-color":"","background-image":"","background-repeat":"repeat","background-position":"center center","background-size":"auto","background-attachment":"scroll","background-type":"","background-media":"","overlay-type":"","overlay-color":"","overlay-opacity":"","overlay-gradient":""},"mobile":{"background-color":"","background-image":"","background-repeat":"repeat","background-position":"center center","background-size":"auto","background-attachment":"scroll","background-type":"","background-media":"","overlay-type":"","overlay-color":"","overlay-opacity":"","overlay-gradient":""}},"ast-content-background-meta":{"desktop":{"background-color":"var(--ast-global-color-5)","background-image":"","background-repeat":"repeat","background-position":"center center","background-size":"auto","background-attachment":"scroll","background-type":"","background-media":"","overlay-type":"","overlay-color":"","overlay-opacity":"","overlay-gradient":""},"tablet":{"background-color":"var(--ast-global-color-5)","background-image":"","background-repeat":"repeat","background-position":"center center","background-size":"auto","background-attachment":"scroll","background-type":"","background-media":"","overlay-type":"","overlay-color":"","overlay-opacity":"","overlay-gradient":""},"mobile":{"background-color":"var(--ast-global-color-5)","background-image":"","background-repeat":"repeat","background-position":"center center","background-size":"auto","background-attachment":"scroll","background-type":"","background-media":"","overlay-type":"","overlay-color":"","overlay-opacity":"","overlay-gradient":""}}},"product_brand":[],"product_cat":[49],"product_tag":[],"class_list":{"0":"post-4954","1":"product","2":"type-product","3":"status-publish","4":"has-post-thumbnail","6":"product_cat-non-categorise","7":"desktop-align-left","8":"tablet-align-left","9":"mobile-align-left","11":"first","12":"instock","13":"shipping-taxable","14":"product-type-simple"},"_links":{"self":[{"href":"https:\/\/www.linble-coldroom.com\/fr\/wp-json\/wp\/v2\/product\/4954","targetHints":{"allow":["GET"]}}],"collection":[{"href":"https:\/\/www.linble-coldroom.com\/fr\/wp-json\/wp\/v2\/product"}],"about":[{"href":"https:\/\/www.linble-coldroom.com\/fr\/wp-json\/wp\/v2\/types\/product"}],"replies":[{"embeddable":true,"href":"https:\/\/www.linble-coldroom.com\/fr\/wp-json\/wp\/v2\/comments?post=4954"}],"wp:featuredmedia":[{"embeddable":true,"href":"https:\/\/www.linble-coldroom.com\/fr\/wp-json\/wp\/v2\/media\/2174"}],"wp:attachment":[{"href":"https:\/\/www.linble-coldroom.com\/fr\/wp-json\/wp\/v2\/media?parent=4954"}],"wp:term":[{"taxonomy":"product_brand","embeddable":true,"href":"https:\/\/www.linble-coldroom.com\/fr\/wp-json\/wp\/v2\/product_brand?post=4954"},{"taxonomy":"product_cat","embeddable":true,"href":"https:\/\/www.linble-coldroom.com\/fr\/wp-json\/wp\/v2\/product_cat?post=4954"},{"taxonomy":"product_tag","embeddable":true,"href":"https:\/\/www.linble-coldroom.com\/fr\/wp-json\/wp\/v2\/product_tag?post=4954"}],"curies":[{"name":"wp","href":"https:\/\/api.w.org\/{rel}","templated":true}]}}