{"id":4955,"date":"2025-01-06T15:36:44","date_gmt":"2025-01-06T07:36:44","guid":{"rendered":"https:\/\/www.linble-coldroom.com\/evaporateur-a-soufflage-double-face\/"},"modified":"2025-01-06T15:36:44","modified_gmt":"2025-01-06T07:36:44","slug":"evaporateur-a-soufflage-double-face","status":"publish","type":"product","link":"https:\/\/www.linble-coldroom.com\/fr\/product\/evaporateur-a-soufflage-double-face\/","title":{"rendered":"Evaporateur \u00e0 soufflage double face"},"content":{"rendered":"<h2>Param\u00e8tres du produit<\/h2>\n<table>\n<tbody>\n<tr>\n<td colspan=\"12\" width=\"907\">\n<p style=\"text-align: center;\">Tech. Donn\u00e9es pour l&rsquo;\u00e9vaporateur \u00e0 double soufflage lat\u00e9ral de type SEDL <\/p>\n<\/td>\n<\/tr>\n<tr>\n<td rowspan=\"2\" width=\"110\">Mod\u00e8le<\/td>\n<td rowspan=\"2\" width=\"88\">Capacit\u00e9 de r\u00e9f\u00e9rence<br \/>\n(kW)<\/td>\n<td rowspan=\"2\" width=\"79\">Surface de refroidissement<br \/>\n(m\u00b2)<\/td>\n<td rowspan=\"2\" width=\"83\">Espacement des ailettes<\/td>\n<td colspan=\"6\" width=\"426\">Ventilateur<\/td>\n<td colspan=\"2\" width=\"121\">Chauffage de d\u00e9givrage<\/td>\n<\/tr>\n<tr>\n<td width=\"56\">Quantit\u00e9<\/td>\n<td width=\"71\">Diam\u00e8tre<br \/>\n(mm)<\/td>\n<td width=\"73\">Volume<br \/>\n(m3\/h)<\/td>\n<td width=\"83\">Pression<br \/>\n(Pa)<\/td>\n<td width=\"80\">Moteur du ventilateur<br \/>\n(n*w)<\/td>\n<td width=\"63\">Tension<\/td>\n<td width=\"69\">Puissance<br \/>\n(kW)<\/td>\n<td width=\"52\">Tension<br \/>\n(v)<\/td>\n<\/tr>\n<tr>\n<td width=\"110\">SEDL-20<\/td>\n<td width=\"88\">4.2<\/td>\n<td width=\"79\">20<\/td>\n<td rowspan=\"8\" width=\"83\">4.5<\/td>\n<td width=\"56\">2<\/td>\n<td width=\"71\">300<\/td>\n<td width=\"73\">2*1700<\/td>\n<td width=\"83\">82<\/td>\n<td width=\"80\">2*90<\/td>\n<td rowspan=\"8\" width=\"63\">380\/220<\/td>\n<td width=\"69\">2.7<\/td>\n<td rowspan=\"8\" width=\"52\">220<\/td>\n<\/tr>\n<tr>\n<td width=\"110\">SEDL-30<\/td>\n<td width=\"88\">6.2<\/td>\n<td width=\"79\">30<\/td>\n<td width=\"56\">2<\/td>\n<td width=\"71\">300<\/td>\n<td width=\"73\">2*1700<\/td>\n<td width=\"83\">82<\/td>\n<td width=\"80\">2*90<\/td>\n<td width=\"69\">2.8<\/td>\n<\/tr>\n<tr>\n<td width=\"110\">SEDL-40<\/td>\n<td width=\"88\">8.3<\/td>\n<td width=\"79\">40<\/td>\n<td width=\"56\">2<\/td>\n<td width=\"71\">350<\/td>\n<td width=\"73\">2*2200<\/td>\n<td width=\"83\">98<\/td>\n<td width=\"80\">2*140<\/td>\n<td width=\"69\">3.5<\/td>\n<\/tr>\n<tr>\n<td width=\"110\">SEDL-55<\/td>\n<td width=\"88\">11.5<\/td>\n<td width=\"79\">55<\/td>\n<td width=\"56\">3<\/td>\n<td width=\"71\">350<\/td>\n<td width=\"73\">3*2200<\/td>\n<td width=\"83\">98<\/td>\n<td width=\"80\">3*140<\/td>\n<td width=\"69\">4.8<\/td>\n<\/tr>\n<tr>\n<td width=\"110\">SEDL-80<\/td>\n<td width=\"88\">16.5<\/td>\n<td width=\"79\">80<\/td>\n<td width=\"56\">3<\/td>\n<td width=\"71\">350<\/td>\n<td width=\"73\">3*2200<\/td>\n<td width=\"83\">98<\/td>\n<td width=\"80\">3*140<\/td>\n<td width=\"69\">8.1<\/td>\n<\/tr>\n<tr>\n<td width=\"110\">SEDL-105<\/td>\n<td width=\"88\">22.2<\/td>\n<td width=\"79\">105<\/td>\n<td width=\"56\">3<\/td>\n<td width=\"71\">400<\/td>\n<td width=\"73\">3*3400<\/td>\n<td width=\"83\">118<\/td>\n<td width=\"80\">3*180<\/td>\n<td width=\"69\">9.5<\/td>\n<\/tr>\n<tr>\n<td width=\"110\">SEDL-130<\/td>\n<td width=\"88\">27.8<\/td>\n<td width=\"79\">130<\/td>\n<td width=\"56\">4<\/td>\n<td width=\"71\">400<\/td>\n<td width=\"73\">4*3400<\/td>\n<td width=\"83\">118<\/td>\n<td width=\"80\">4*180<\/td>\n<td width=\"69\">11.5<\/td>\n<\/tr>\n<tr>\n<td width=\"110\">SEDL-160<\/td>\n<td width=\"88\">33.6<\/td>\n<td width=\"79\">160<\/td>\n<td width=\"56\">4<\/td>\n<td width=\"71\">450<\/td>\n<td width=\"73\">4*4800<\/td>\n<td width=\"83\">147<\/td>\n<td width=\"80\">4*250<\/td>\n<td width=\"69\">13.8<\/td>\n<\/tr>\n<\/tbody>\n<\/table>\n<table width=\"1377\">\n<tbody>\n<tr>\n<td style=\"text-align: center;\" colspan=\"12\" width=\"1377\">Tech. Donn\u00e9es de l&rsquo;\u00e9vaporateur \u00e0 double soufflage lat\u00e9ral de type SEDJ <\/td>\n<\/tr>\n<tr>\n<td rowspan=\"2\" width=\"125\">Mod\u00e8le<\/td>\n<td rowspan=\"2\" width=\"117\">Capacit\u00e9 de r\u00e9f\u00e9rence<br \/>\n(kW)<\/td>\n<td rowspan=\"2\" width=\"113\">Surface de refroidissement<br \/>\n(m\u00b2)<\/td>\n<td rowspan=\"2\" width=\"107\">Espacement des ailettes<\/td>\n<td colspan=\"6\" width=\"696\">Ventilateur<\/td>\n<td colspan=\"2\" width=\"219\">Chauffage de d\u00e9givrage<\/td>\n<\/tr>\n<tr>\n<td width=\"100\">Quantit\u00e9<\/td>\n<td width=\"115\">Diam\u00e8tre<br \/>\n(mm)<\/td>\n<td width=\"116\">Volume<br \/>\n(m\u00b3\/h)<\/td>\n<td width=\"126\">Pression<br \/>\n(Pa)<\/td>\n<td width=\"122\">Moteur du ventilateur<br \/>\n(n*w)<\/td>\n<td width=\"117\">Tension<\/td>\n<td width=\"103\">Puissance<br \/>\n(kW)<\/td>\n<td width=\"116\">Tension<br \/>\n(V)<\/td>\n<\/tr>\n<tr>\n<td width=\"125\">SEDJ-10<\/td>\n<td width=\"117\">1.5<\/td>\n<td width=\"113\">10<\/td>\n<td rowspan=\"8\" width=\"107\">9<\/td>\n<td width=\"100\">2<\/td>\n<td width=\"115\">300<\/td>\n<td width=\"116\">2*1700<\/td>\n<td width=\"126\">82<\/td>\n<td width=\"122\">2*90<\/td>\n<td rowspan=\"5\" width=\"117\">380\/220<\/td>\n<td width=\"103\">2.6<\/td>\n<td rowspan=\"8\" width=\"116\">220<\/td>\n<\/tr>\n<tr>\n<td width=\"125\">SEDJ-15<\/td>\n<td width=\"117\">2.3<\/td>\n<td width=\"113\">15<\/td>\n<td width=\"100\">2<\/td>\n<td width=\"115\">300<\/td>\n<td width=\"116\">2*1700<\/td>\n<td width=\"126\">82<\/td>\n<td width=\"122\">2*90<\/td>\n<td width=\"103\">3<\/td>\n<\/tr>\n<tr>\n<td width=\"125\">SEDJ-20<\/td>\n<td width=\"117\">3.2<\/td>\n<td width=\"113\">20<\/td>\n<td width=\"100\">2<\/td>\n<td width=\"115\">350<\/td>\n<td width=\"116\">2*2200<\/td>\n<td width=\"126\">98<\/td>\n<td width=\"122\">2*140<\/td>\n<td width=\"103\">3.6<\/td>\n<\/tr>\n<tr>\n<td width=\"125\">SEDJ-30<\/td>\n<td width=\"117\">4.6<\/td>\n<td width=\"113\">30<\/td>\n<td width=\"100\">3<\/td>\n<td width=\"115\">350<\/td>\n<td width=\"116\">3*2200<\/td>\n<td width=\"126\">98<\/td>\n<td width=\"122\">3*140<\/td>\n<td width=\"103\">5.4<\/td>\n<\/tr>\n<tr>\n<td width=\"125\">SEDJ-40<\/td>\n<td width=\"117\">6.3<\/td>\n<td width=\"113\">40<\/td>\n<td width=\"100\">3<\/td>\n<td width=\"115\">350<\/td>\n<td width=\"116\">3*2200<\/td>\n<td width=\"126\">98<\/td>\n<td width=\"122\">3*140<\/td>\n<td width=\"103\">7.2<\/td>\n<\/tr>\n<tr>\n<td width=\"125\">SEDJ-55<\/td>\n<td width=\"117\">8.8<\/td>\n<td width=\"113\">55<\/td>\n<td width=\"100\">3<\/td>\n<td width=\"115\">400<\/td>\n<td width=\"116\">3*3400<\/td>\n<td width=\"126\">118<\/td>\n<td width=\"122\">3*180<\/td>\n<td rowspan=\"3\" width=\"117\">380<\/td>\n<td width=\"103\">8.6<\/td>\n<\/tr>\n<tr>\n<td width=\"125\">SEDJ-70<\/td>\n<td width=\"117\">11.5<\/td>\n<td width=\"113\">70<\/td>\n<td width=\"100\">4<\/td>\n<td width=\"115\">400<\/td>\n<td width=\"116\">4*3400<\/td>\n<td width=\"126\">118<\/td>\n<td width=\"122\">4*180<\/td>\n<td width=\"103\">9.8<\/td>\n<\/tr>\n<tr>\n<td width=\"125\">SEDJ-85<\/td>\n<td width=\"117\">14.4<\/td>\n<td width=\"113\">85<\/td>\n<td width=\"100\">4<\/td>\n<td width=\"115\">450<\/td>\n<td width=\"116\">4*4800<\/td>\n<td width=\"126\">147<\/td>\n<td width=\"122\">4*250<\/td>\n<td width=\"103\">11.2<\/td>\n<\/tr>\n<\/tbody>\n<\/table>\n<table width=\"1277\">\n<tbody>\n<tr>\n<td style=\"text-align: center;\" colspan=\"12\" width=\"1277\">Tech. Donn\u00e9es pour l&rsquo;\u00e9vaporateur \u00e0 double soufflage lat\u00e9ral de type SEDD <\/td>\n<\/tr>\n<tr>\n<td rowspan=\"2\" width=\"91\">Mod\u00e8le<\/td>\n<td rowspan=\"2\" width=\"118\">Capacit\u00e9 de r\u00e9f\u00e9rence<br \/>\n(kW)<\/td>\n<td rowspan=\"2\" width=\"105\">Surface de refroidissement<br \/>\n(m\u00b2)<\/td>\n<td rowspan=\"2\" width=\"96\">Espacement des ailettes<\/td>\n<td colspan=\"6\" width=\"681\">Ventilateur<\/td>\n<td colspan=\"2\" width=\"186\">Chauffage de d\u00e9givrage<\/td>\n<\/tr>\n<tr>\n<td width=\"120\">Quantit\u00e9<\/td>\n<td width=\"116\">Diam\u00e8tre<br \/>\n(mm)<\/td>\n<td width=\"122\">Volume<br \/>\n(m\u00b3\/h)<\/td>\n<td width=\"107\">Pression<br \/>\n(Pa)<\/td>\n<td width=\"107\">Moteur du ventilateur<br \/>\n(n*w)<\/td>\n<td width=\"109\">Tension<br \/>\n(v)<\/td>\n<td width=\"90\">Puissance<br \/>\n(kW)<\/td>\n<td width=\"96\">Tension<br \/>\n(V)<\/td>\n<\/tr>\n<tr>\n<td width=\"91\">SEDD-15<\/td>\n<td width=\"118\">2.8<\/td>\n<td width=\"105\">15<\/td>\n<td rowspan=\"8\" width=\"96\">6<\/td>\n<td width=\"120\">2<\/td>\n<td width=\"116\">300<\/td>\n<td width=\"122\">2*1700<\/td>\n<td width=\"107\">82<\/td>\n<td width=\"107\">2*90<\/td>\n<td rowspan=\"5\" width=\"109\">380\/220<\/td>\n<td width=\"90\">2.7<\/td>\n<td rowspan=\"8\" width=\"96\">220<\/td>\n<\/tr>\n<tr>\n<td width=\"91\">SEDD-22<\/td>\n<td width=\"118\">4.1<\/td>\n<td width=\"105\">22<\/td>\n<td width=\"120\">2<\/td>\n<td width=\"116\">300<\/td>\n<td width=\"122\">2*1700<\/td>\n<td width=\"107\">82<\/td>\n<td width=\"107\">2*90<\/td>\n<td width=\"90\">2.8<\/td>\n<\/tr>\n<tr>\n<td width=\"91\">SEDD-30<\/td>\n<td width=\"118\">5.6<\/td>\n<td width=\"105\">30<\/td>\n<td width=\"120\">2<\/td>\n<td width=\"116\">350<\/td>\n<td width=\"122\">2*2200<\/td>\n<td width=\"107\">98<\/td>\n<td width=\"107\">2*140<\/td>\n<td width=\"90\">3.5<\/td>\n<\/tr>\n<tr>\n<td width=\"91\">SEDD-40<\/td>\n<td width=\"118\">7.4<\/td>\n<td width=\"105\">40<\/td>\n<td width=\"120\">3<\/td>\n<td width=\"116\">350<\/td>\n<td width=\"122\">3*2200<\/td>\n<td width=\"107\">98<\/td>\n<td width=\"107\">3*140<\/td>\n<td width=\"90\">4.8<\/td>\n<\/tr>\n<tr>\n<td width=\"91\">SEDD-60<\/td>\n<td width=\"118\">11.2<\/td>\n<td width=\"105\">60<\/td>\n<td width=\"120\">3<\/td>\n<td width=\"116\">350<\/td>\n<td width=\"122\">3*2200<\/td>\n<td width=\"107\">98<\/td>\n<td width=\"107\">3*140<\/td>\n<td width=\"90\">8.1<\/td>\n<\/tr>\n<tr>\n<td width=\"91\">SEDD-80<\/td>\n<td width=\"118\">14.2<\/td>\n<td width=\"105\">80<\/td>\n<td width=\"120\">3<\/td>\n<td width=\"116\">400<\/td>\n<td width=\"122\">3*3400<\/td>\n<td width=\"107\">118<\/td>\n<td width=\"107\">3*180<\/td>\n<td rowspan=\"3\" width=\"109\">380<\/td>\n<td width=\"90\">9.5<\/td>\n<\/tr>\n<tr>\n<td width=\"91\">SEDD-100<\/td>\n<td width=\"118\">18.6<\/td>\n<td width=\"105\">100<\/td>\n<td width=\"120\">4<\/td>\n<td width=\"116\">400<\/td>\n<td width=\"122\">4*3400<\/td>\n<td width=\"107\">118<\/td>\n<td width=\"107\">4*180<\/td>\n<td width=\"90\">11.5<\/td>\n<\/tr>\n<tr>\n<td width=\"91\">SEDD-120<\/td>\n<td width=\"118\">22.2<\/td>\n<td width=\"105\">120<\/td>\n<td width=\"120\">4<\/td>\n<td width=\"116\">450<\/td>\n<td width=\"122\">4*4800<\/td>\n<td width=\"107\">147<\/td>\n<td width=\"107\">4*250<\/td>\n<td width=\"90\">13.8<\/td>\n<\/tr>\n<\/tbody>\n<\/table>\n<h2>Dimensions de l&rsquo;installation du produit<\/h2>\n<table>\n<tbody>\n<tr>\n<td>Mod\u00e8le<\/td>\n<td>A<\/td>\n<td>B<\/td>\n<td>C<\/td>\n<td>D<\/td>\n<td>E<\/td>\n<td>E1<\/td>\n<td>E2<\/td>\n<td>E3<\/td>\n<td>F<\/td>\n<td>Tube d&rsquo;entr\u00e9e<br \/>\n(mm)<\/td>\n<td>Dos Trach\u00e9e<br \/>\n(mm)<\/td>\n<td>Tuyau d&rsquo;\u00e9vacuation<\/td>\n<\/tr>\n<tr>\n<td>SEDL-20<\/td>\n<td rowspan=\"3\">1010<\/td>\n<td rowspan=\"3\">680<\/td>\n<td rowspan=\"3\">350<\/td>\n<td rowspan=\"3\">730<\/td>\n<td rowspan=\"3\">780<\/td>\n<td rowspan=\"3\">\/<\/td>\n<td rowspan=\"3\">\/<\/td>\n<td rowspan=\"3\">\/<\/td>\n<td rowspan=\"24\">95<\/td>\n<td rowspan=\"12\">16<\/td>\n<td rowspan=\"9\">22<\/td>\n<td rowspan=\"24\">G1<\/td>\n<\/tr>\n<tr>\n<td>SEDD-15<\/td>\n<\/tr>\n<tr>\n<td>SEDJ-10<\/td>\n<\/tr>\n<tr>\n<td>SEDL-30<\/td>\n<td rowspan=\"3\">1010<\/td>\n<td rowspan=\"3\">680<\/td>\n<td rowspan=\"3\">450<\/td>\n<td rowspan=\"3\">730<\/td>\n<td rowspan=\"3\">810<\/td>\n<td rowspan=\"3\">\/<\/td>\n<td rowspan=\"3\">\/<\/td>\n<td rowspan=\"3\">\/<\/td>\n<\/tr>\n<tr>\n<td>SEDD-22<\/td>\n<\/tr>\n<tr>\n<td>SEDJ-15<\/td>\n<\/tr>\n<tr>\n<td>SEDL-40<\/td>\n<td rowspan=\"3\">1210<\/td>\n<td rowspan=\"3\">740<\/td>\n<td rowspan=\"3\">350<\/td>\n<td rowspan=\"3\">800<\/td>\n<td rowspan=\"3\">980<\/td>\n<td rowspan=\"3\">\/<\/td>\n<td rowspan=\"3\">\/<\/td>\n<td rowspan=\"3\">\/<\/td>\n<\/tr>\n<tr>\n<td>SEDD-30<\/td>\n<\/tr>\n<tr>\n<td>SEDJ-20<\/td>\n<\/tr>\n<tr>\n<td>SEDL-55<\/td>\n<td rowspan=\"3\">1580<\/td>\n<td rowspan=\"3\">740<\/td>\n<td rowspan=\"3\">350<\/td>\n<td rowspan=\"3\">800<\/td>\n<td rowspan=\"3\">1350<\/td>\n<td rowspan=\"3\">\/<\/td>\n<td rowspan=\"3\">\/<\/td>\n<td rowspan=\"3\">\/<\/td>\n<td rowspan=\"3\">25<\/td>\n<\/tr>\n<tr>\n<td>SEDD-40<\/td>\n<\/tr>\n<tr>\n<td>SEDJ-30<\/td>\n<\/tr>\n<tr>\n<td>SEDL-80<\/td>\n<td rowspan=\"3\">1760<\/td>\n<td rowspan=\"3\">790<\/td>\n<td rowspan=\"3\">450<\/td>\n<td rowspan=\"3\">830<\/td>\n<td rowspan=\"3\">1530<\/td>\n<td rowspan=\"3\">\/<\/td>\n<td rowspan=\"3\">\/<\/td>\n<td rowspan=\"3\">\/<\/td>\n<td rowspan=\"12\">19<\/td>\n<td rowspan=\"6\">28<\/td>\n<\/tr>\n<tr>\n<td>SEDD-60<\/td>\n<\/tr>\n<tr>\n<td>SEDJ-40<\/td>\n<\/tr>\n<tr>\n<td>SEDL-105<\/td>\n<td rowspan=\"3\">2240<\/td>\n<td rowspan=\"3\">790<\/td>\n<td rowspan=\"3\">450<\/td>\n<td rowspan=\"3\">850<\/td>\n<td rowspan=\"3\">2010<\/td>\n<td rowspan=\"3\">660<\/td>\n<td rowspan=\"3\">660<\/td>\n<td rowspan=\"3\">\/<\/td>\n<\/tr>\n<tr>\n<td>SEDD-80<\/td>\n<\/tr>\n<tr>\n<td>SEDJ-55<\/td>\n<\/tr>\n<tr>\n<td>SEDL-130<\/td>\n<td rowspan=\"3\">2660<\/td>\n<td rowspan=\"3\">790<\/td>\n<td rowspan=\"3\">450<\/td>\n<td rowspan=\"3\">850<\/td>\n<td rowspan=\"3\">2430<\/td>\n<td rowspan=\"3\">600<\/td>\n<td rowspan=\"3\">600<\/td>\n<td rowspan=\"3\">600<\/td>\n<td rowspan=\"3\">35<\/td>\n<\/tr>\n<tr>\n<td>SEDD-100<\/td>\n<\/tr>\n<tr>\n<td>SEDJ-70<\/td>\n<\/tr>\n<tr>\n<td>SEDL-160<\/td>\n<td rowspan=\"3\">3140<\/td>\n<td rowspan=\"3\">840<\/td>\n<td rowspan=\"3\">450<\/td>\n<td rowspan=\"3\">900<\/td>\n<td rowspan=\"3\">2910<\/td>\n<td rowspan=\"3\">720<\/td>\n<td rowspan=\"3\">720<\/td>\n<td rowspan=\"3\">720<\/td>\n<td rowspan=\"3\">42<\/td>\n<\/tr>\n<tr>\n<td>SEDD-120<\/td>\n<\/tr>\n<tr>\n<td>SEDJ-85<\/td>\n<\/tr>\n<\/tbody>\n<\/table>\n","protected":false},"excerpt":{"rendered":"<p>Assure un refroidissement uniforme en soufflant de l&rsquo;air des deux c\u00f4t\u00e9s, favorisant une r\u00e9partition homog\u00e8ne de la temp\u00e9rature dans toute la chambre froide.<\/p>\n<p>La conception \u00e0 double flux d&rsquo;air am\u00e9liore le transfert de chaleur, r\u00e9duit les temps de d\u00e9givrage et am\u00e9liore l&rsquo;efficacit\u00e9 \u00e9nerg\u00e9tique globale.<\/p>\n<ul>\n<li>Structure raisonnable, nombre r\u00e9duit de pi\u00e8ces et faible niveau de bruit.<\/li>\n<li>\u00c9change de chaleur efficace 1,5-33,6 kW.<\/li>\n<li>Assembl\u00e9 avec un ventilateur axial, double face, doux, peu bruyant.<\/li>\n<li>Des r\u00e9chauffeurs en acier inoxydable en forme de U sont utilis\u00e9s pour am\u00e9liorer l&rsquo;efficacit\u00e9 du d\u00e9givrage.<\/li>\n<li>Adapt\u00e9 aux ateliers de transformation alimentaire, aux supermarch\u00e9s et aux h\u00f4tels.<\/li>\n<\/ul>\n","protected":false},"featured_media":4156,"comment_status":"open","ping_status":"closed","template":"","meta":{"site-sidebar-layout":"default","site-content-layout":"","ast-site-content-layout":"default","site-content-style":"default","site-sidebar-style":"default","ast-global-header-display":"","ast-banner-title-visibility":"","ast-main-header-display":"","ast-hfb-above-header-display":"","ast-hfb-below-header-display":"","ast-hfb-mobile-header-display":"","site-post-title":"","ast-breadcrumbs-content":"","ast-featured-img":"","footer-sml-layout":"","theme-transparent-header-meta":"default","adv-header-id-meta":"","stick-header-meta":"","header-above-stick-meta":"","header-main-stick-meta":"","header-below-stick-meta":"","astra-migrate-meta-layouts":"default","ast-page-background-enabled":"default","ast-page-background-meta":{"desktop":{"background-color":"var(--ast-global-color-4)","background-image":"","background-repeat":"repeat","background-position":"center center","background-size":"auto","background-attachment":"scroll","background-type":"","background-media":"","overlay-type":"","overlay-color":"","overlay-opacity":"","overlay-gradient":""},"tablet":{"background-color":"","background-image":"","background-repeat":"repeat","background-position":"center center","background-size":"auto","background-attachment":"scroll","background-type":"","background-media":"","overlay-type":"","overlay-color":"","overlay-opacity":"","overlay-gradient":""},"mobile":{"background-color":"","background-image":"","background-repeat":"repeat","background-position":"center center","background-size":"auto","background-attachment":"scroll","background-type":"","background-media":"","overlay-type":"","overlay-color":"","overlay-opacity":"","overlay-gradient":""}},"ast-content-background-meta":{"desktop":{"background-color":"var(--ast-global-color-5)","background-image":"","background-repeat":"repeat","background-position":"center center","background-size":"auto","background-attachment":"scroll","background-type":"","background-media":"","overlay-type":"","overlay-color":"","overlay-opacity":"","overlay-gradient":""},"tablet":{"background-color":"var(--ast-global-color-5)","background-image":"","background-repeat":"repeat","background-position":"center center","background-size":"auto","background-attachment":"scroll","background-type":"","background-media":"","overlay-type":"","overlay-color":"","overlay-opacity":"","overlay-gradient":""},"mobile":{"background-color":"var(--ast-global-color-5)","background-image":"","background-repeat":"repeat","background-position":"center center","background-size":"auto","background-attachment":"scroll","background-type":"","background-media":"","overlay-type":"","overlay-color":"","overlay-opacity":"","overlay-gradient":""}}},"product_brand":[],"product_cat":[53],"product_tag":[],"class_list":{"0":"post-4955","1":"product","2":"type-product","3":"status-publish","4":"has-post-thumbnail","6":"product_cat-evaporateur-electrique-de-degivrage-pour-chambre-froide","7":"desktop-align-left","8":"tablet-align-left","9":"mobile-align-left","11":"first","12":"instock","13":"shipping-taxable","14":"product-type-simple"},"_links":{"self":[{"href":"https:\/\/www.linble-coldroom.com\/fr\/wp-json\/wp\/v2\/product\/4955","targetHints":{"allow":["GET"]}}],"collection":[{"href":"https:\/\/www.linble-coldroom.com\/fr\/wp-json\/wp\/v2\/product"}],"about":[{"href":"https:\/\/www.linble-coldroom.com\/fr\/wp-json\/wp\/v2\/types\/product"}],"replies":[{"embeddable":true,"href":"https:\/\/www.linble-coldroom.com\/fr\/wp-json\/wp\/v2\/comments?post=4955"}],"wp:featuredmedia":[{"embeddable":true,"href":"https:\/\/www.linble-coldroom.com\/fr\/wp-json\/wp\/v2\/media\/4156"}],"wp:attachment":[{"href":"https:\/\/www.linble-coldroom.com\/fr\/wp-json\/wp\/v2\/media?parent=4955"}],"wp:term":[{"taxonomy":"product_brand","embeddable":true,"href":"https:\/\/www.linble-coldroom.com\/fr\/wp-json\/wp\/v2\/product_brand?post=4955"},{"taxonomy":"product_cat","embeddable":true,"href":"https:\/\/www.linble-coldroom.com\/fr\/wp-json\/wp\/v2\/product_cat?post=4955"},{"taxonomy":"product_tag","embeddable":true,"href":"https:\/\/www.linble-coldroom.com\/fr\/wp-json\/wp\/v2\/product_tag?post=4955"}],"curies":[{"name":"wp","href":"https:\/\/api.w.org\/{rel}","templated":true}]}}