{"id":4958,"date":"2025-01-06T11:24:42","date_gmt":"2025-01-06T03:24:42","guid":{"rendered":"https:\/\/www.linble-coldroom.com\/evaporateur-de-chambre-de-congelation\/"},"modified":"2025-01-06T11:24:42","modified_gmt":"2025-01-06T03:24:42","slug":"evaporateur-de-chambre-de-congelation","status":"publish","type":"product","link":"https:\/\/www.linble-coldroom.com\/fr\/product\/evaporateur-de-chambre-de-congelation\/","title":{"rendered":"\u00c9vaporateur de Chambre de Cong\u00e9lation"},"content":{"rendered":"<h2>Param\u00e8tres du produit<\/h2>\n<table>\n<tbody>\n<tr>\n<td width=\"72\">Mod\u00e8le<\/td>\n<td width=\"55\">Capacit\u00e9 de r\u00e9f\u00e9rence<br \/>\n(kW)<\/td>\n<td width=\"36\">Surface de refroidissement<br \/>\n(m\u00b2)<\/td>\n<td width=\"36\">Espacement<br \/>\ndes ailettes<\/td>\n<td width=\"41\">Quantit\u00e9 de ventilateurs<\/td>\n<td width=\"43\">Diam\u00e8tre du ventilateur<br \/>\n(mm)<\/td>\n<td width=\"41\">Volume du ventilateur<br \/>\n(m\u00b3\/h)<\/td>\n<td width=\"40\">Pression du ventilateur<br \/>\n(Pa)<\/td>\n<td width=\"36\">Moteur du ventilateur<br \/>\n(n*w)<\/td>\n<td width=\"46\">Ventilateur Alimentation<\/td>\n<td width=\"24\">Batterie de d\u00e9givrage<br \/>\n(kW)<\/td>\n<td width=\"50\">Chauffage de d\u00e9givrage Plateau de captage<br \/>\n(kW)<\/td>\n<td width=\"33\">Alimentation du chauffage de d\u00e9givrage\n<\/td>\n<\/tr>\n<tr>\n<td width=\"72\">DD-1.4\/7<\/td>\n<td width=\"55\">1.4<\/td>\n<td width=\"36\">7<\/td>\n<td rowspan=\"29\" width=\"36\">6<\/td>\n<td width=\"41\">1<\/td>\n<td width=\"43\">300<\/td>\n<td width=\"41\">1700<\/td>\n<td width=\"40\">98<\/td>\n<td width=\"36\">90<\/td>\n<td rowspan=\"3\" width=\"46\">220\/380V<br \/>\n50Hz<br \/>\n1Ph\/3Ph<\/td>\n<td width=\"24\">0.5<\/td>\n<td width=\"50\">0.5<\/td>\n<td rowspan=\"29\" width=\"33\">220V<br \/>\n50Hz<br \/>\n1Ph<\/td>\n<\/tr>\n<tr>\n<td width=\"72\">DD-2.35\/12<\/td>\n<td width=\"55\">2.35<\/td>\n<td width=\"36\">42<\/td>\n<td width=\"41\">2<\/td>\n<td width=\"43\">300<\/td>\n<td width=\"41\">2*1700<\/td>\n<td width=\"40\">98<\/td>\n<td width=\"36\">2*90<\/td>\n<td width=\"24\">0.7<\/td>\n<td width=\"50\">0.7<\/td>\n<\/tr>\n<tr>\n<td width=\"72\">DD-3.0\/15<\/td>\n<td width=\"55\">3<\/td>\n<td width=\"36\">15<\/td>\n<td width=\"41\">2<\/td>\n<td width=\"43\">300<\/td>\n<td width=\"41\">2*1700<\/td>\n<td width=\"40\">98<\/td>\n<td width=\"36\">2*90<\/td>\n<td width=\"24\">0.8<\/td>\n<td width=\"50\">0.8<\/td>\n<\/tr>\n<tr>\n<td width=\"72\">DD-4.0\/22<\/td>\n<td width=\"55\">4<\/td>\n<td width=\"36\">22<\/td>\n<td width=\"41\">2<\/td>\n<td width=\"43\">350<\/td>\n<td width=\"41\">2*2200<\/td>\n<td width=\"40\">98<\/td>\n<td width=\"36\">2*140<\/td>\n<td rowspan=\"26\" width=\"46\">380V<br \/>\n50Hz<br \/>\n3Ph<\/td>\n<td width=\"24\">1<\/td>\n<td width=\"50\">1<\/td>\n<\/tr>\n<tr>\n<td width=\"72\">DD-6.0\/30<\/td>\n<td width=\"55\">6<\/td>\n<td width=\"36\">30<\/td>\n<td width=\"41\">2<\/td>\n<td width=\"43\">400<\/td>\n<td width=\"41\">2*3400<\/td>\n<td width=\"40\">118<\/td>\n<td width=\"36\">2*180<\/td>\n<td width=\"24\">2.2<\/td>\n<td width=\"50\">1.1<\/td>\n<\/tr>\n<tr>\n<td width=\"72\">DD-8.0\/40<\/td>\n<td width=\"55\">8<\/td>\n<td width=\"36\">40<\/td>\n<td width=\"41\">2<\/td>\n<td width=\"43\">400<\/td>\n<td width=\"41\">2*3400<\/td>\n<td width=\"40\">118<\/td>\n<td width=\"36\">2*180<\/td>\n<td width=\"24\">2.2<\/td>\n<td width=\"50\">1.1<\/td>\n<\/tr>\n<tr>\n<td width=\"72\">DD-12.0\/60<\/td>\n<td width=\"55\">12<\/td>\n<td width=\"36\">60<\/td>\n<td width=\"41\">2<\/td>\n<td width=\"43\">500<\/td>\n<td width=\"41\">2*600<\/td>\n<td width=\"40\">167<\/td>\n<td width=\"36\">2*550<\/td>\n<td width=\"24\">2.7<\/td>\n<td width=\"50\">1.35<\/td>\n<\/tr>\n<tr>\n<td width=\"72\">DD-15.9\/80<\/td>\n<td width=\"55\">15.9<\/td>\n<td width=\"36\">80<\/td>\n<td width=\"41\">2<\/td>\n<td width=\"43\">500<\/td>\n<td width=\"41\">2*600<\/td>\n<td width=\"40\">167<\/td>\n<td width=\"36\">2*550<\/td>\n<td width=\"24\">4<\/td>\n<td width=\"50\">1.35<\/td>\n<\/tr>\n<tr>\n<td width=\"72\">DD-20.0\/100<\/td>\n<td width=\"55\">20<\/td>\n<td width=\"36\">100<\/td>\n<td width=\"41\">3<\/td>\n<td width=\"43\">500<\/td>\n<td width=\"41\">3*600<\/td>\n<td width=\"40\">167<\/td>\n<td width=\"36\">3*550<\/td>\n<td width=\"24\">7.2<\/td>\n<td width=\"50\">1.8<\/td>\n<\/tr>\n<tr>\n<td width=\"72\">DD-24.0\/120<\/td>\n<td width=\"55\">24<\/td>\n<td width=\"36\">120<\/td>\n<td width=\"41\">3<\/td>\n<td width=\"43\">500<\/td>\n<td width=\"41\">3*600<\/td>\n<td width=\"40\">167<\/td>\n<td width=\"36\">3*550<\/td>\n<td width=\"24\">8.8<\/td>\n<td width=\"50\">2.2<\/td>\n<\/tr>\n<tr>\n<td width=\"72\">DD-28.0\/140<\/td>\n<td width=\"55\">28<\/td>\n<td width=\"36\">140<\/td>\n<td width=\"41\">4<\/td>\n<td width=\"43\">500<\/td>\n<td width=\"41\">4*600<\/td>\n<td width=\"40\">167<\/td>\n<td width=\"36\">4*550<\/td>\n<td width=\"24\">10<\/td>\n<td width=\"50\">2.5<\/td>\n<\/tr>\n<tr>\n<td width=\"72\">DD-32.1\/160<\/td>\n<td width=\"55\">32.1<\/td>\n<td width=\"36\">160<\/td>\n<td width=\"41\">4<\/td>\n<td width=\"43\">500<\/td>\n<td width=\"41\">4*600<\/td>\n<td width=\"40\">167<\/td>\n<td width=\"36\">4*550<\/td>\n<td width=\"24\">11.2<\/td>\n<td width=\"50\">2.8<\/td>\n<\/tr>\n<tr>\n<td width=\"72\">DD-37.4\/200(A)<\/td>\n<td width=\"55\">37.4<\/td>\n<td width=\"36\">200<\/td>\n<td width=\"41\">4<\/td>\n<td width=\"43\">500<\/td>\n<td width=\"41\">4*6000<\/td>\n<td width=\"40\">167<\/td>\n<td width=\"36\">4*550<\/td>\n<td width=\"24\">14<\/td>\n<td width=\"50\">2.8<\/td>\n<\/tr>\n<tr>\n<td width=\"72\">DD-37.4\/200(B)<\/td>\n<td width=\"55\">37.4<\/td>\n<td width=\"36\">200<\/td>\n<td width=\"41\">2<\/td>\n<td width=\"43\">600<\/td>\n<td width=\"41\">2*10000<\/td>\n<td width=\"40\">200<\/td>\n<td width=\"36\">2*1100<\/td>\n<td width=\"24\">12.6<\/td>\n<td width=\"50\">1.8<\/td>\n<\/tr>\n<tr>\n<td width=\"72\">DD-46.8\/250(A)<\/td>\n<td width=\"55\">46.8<\/td>\n<td width=\"36\">250<\/td>\n<td width=\"41\">4<\/td>\n<td width=\"43\">550<\/td>\n<td width=\"41\">4*7500<\/td>\n<td width=\"40\">180<\/td>\n<td width=\"36\">4*750<\/td>\n<td width=\"24\">16.8<\/td>\n<td width=\"50\">2.8<\/td>\n<\/tr>\n<tr>\n<td width=\"72\">DD-46.8\/250(8)<\/td>\n<td width=\"55\">46.8<\/td>\n<td width=\"36\">250<\/td>\n<td width=\"41\">3<\/td>\n<td width=\"43\">600<\/td>\n<td width=\"41\">3*10000<\/td>\n<td width=\"40\">200<\/td>\n<td width=\"36\">3*1100<\/td>\n<td width=\"24\">15.5<\/td>\n<td width=\"50\">2.2<\/td>\n<\/tr>\n<tr>\n<td width=\"72\">DD-56.2\/310<\/td>\n<td width=\"55\">56.2<\/td>\n<td width=\"36\">310<\/td>\n<td width=\"41\">3<\/td>\n<td width=\"43\">600<\/td>\n<td width=\"41\">3*10000<\/td>\n<td width=\"40\">200<\/td>\n<td width=\"36\">3*1100<\/td>\n<td width=\"24\">18.2<\/td>\n<td width=\"50\">2.6<\/td>\n<\/tr>\n<tr>\n<td width=\"72\">DD-59.4\/330<\/td>\n<td width=\"55\">59.4<\/td>\n<td width=\"36\">330<\/td>\n<td width=\"41\">3<\/td>\n<td width=\"43\">600<\/td>\n<td width=\"41\">3*10000<\/td>\n<td width=\"40\">200<\/td>\n<td width=\"36\">3*1100<\/td>\n<td width=\"24\">19.6<\/td>\n<td width=\"50\">2.8<\/td>\n<\/tr>\n<tr>\n<td width=\"72\">DD-64.7\/350<\/td>\n<td width=\"55\">64.7<\/td>\n<td width=\"36\">350<\/td>\n<td width=\"41\">3<\/td>\n<td width=\"43\">650<\/td>\n<td width=\"41\">3*12000<\/td>\n<td width=\"40\">210<\/td>\n<td width=\"36\">3*2200<\/td>\n<td width=\"24\">20.8<\/td>\n<td width=\"50\">2.6<\/td>\n<\/tr>\n<tr>\n<td width=\"72\">DD-68.4\/380<\/td>\n<td width=\"55\">68.4<\/td>\n<td width=\"36\">380<\/td>\n<td width=\"41\">3<\/td>\n<td width=\"43\">650<\/td>\n<td width=\"41\">4*12000<\/td>\n<td width=\"40\">210<\/td>\n<td width=\"36\">3*2200<\/td>\n<td width=\"24\">22.4<\/td>\n<td width=\"50\">2.8<\/td>\n<\/tr>\n<tr>\n<td width=\"72\">DD-72.0\/400<\/td>\n<td width=\"55\">72<\/td>\n<td width=\"36\">400<\/td>\n<td width=\"41\">4<\/td>\n<td width=\"43\">600<\/td>\n<td width=\"41\">4*10000<\/td>\n<td width=\"40\">200<\/td>\n<td width=\"36\">4*1100<\/td>\n<td width=\"24\">22.4<\/td>\n<td width=\"50\">2.8<\/td>\n<\/tr>\n<tr>\n<td width=\"72\">DD-76.5\/425<\/td>\n<td width=\"55\">76.5<\/td>\n<td width=\"36\">425<\/td>\n<td width=\"41\">4<\/td>\n<td width=\"43\">600<\/td>\n<td width=\"41\">4*10000<\/td>\n<td width=\"40\">200<\/td>\n<td width=\"36\">4*1100<\/td>\n<td width=\"24\">22.4<\/td>\n<td width=\"50\">2.8<\/td>\n<\/tr>\n<tr>\n<td width=\"72\">DD-81.0\/450<\/td>\n<td width=\"55\">81<\/td>\n<td width=\"36\">450<\/td>\n<td width=\"41\">4<\/td>\n<td width=\"43\">650<\/td>\n<td width=\"41\">4*12000<\/td>\n<td width=\"40\">210<\/td>\n<td width=\"36\">4*2200<\/td>\n<td width=\"24\">25.2<\/td>\n<td width=\"50\">2.8<\/td>\n<\/tr>\n<tr>\n<td width=\"72\">DD-86.5\/480<\/td>\n<td width=\"55\">86.5<\/td>\n<td width=\"36\">480<\/td>\n<td width=\"41\">4<\/td>\n<td width=\"43\">650<\/td>\n<td width=\"41\">4*12000<\/td>\n<td width=\"40\">210<\/td>\n<td width=\"36\">4*2200<\/td>\n<td width=\"24\">25.2<\/td>\n<td width=\"50\">2.8<\/td>\n<\/tr>\n<tr>\n<td width=\"72\">DD-90.0\/500<\/td>\n<td width=\"55\">90<\/td>\n<td width=\"36\">500<\/td>\n<td width=\"41\">4<\/td>\n<td width=\"43\">650<\/td>\n<td width=\"41\">4*12000<\/td>\n<td width=\"40\">210<\/td>\n<td width=\"36\">4*2200<\/td>\n<td width=\"24\">25.2<\/td>\n<td width=\"50\">2.8<\/td>\n<\/tr>\n<tr>\n<td width=\"72\">DD-93.0\/530<\/td>\n<td width=\"55\">93<\/td>\n<td width=\"36\">530<\/td>\n<td width=\"41\">4<\/td>\n<td width=\"43\">650<\/td>\n<td width=\"41\">4*12000<\/td>\n<td width=\"40\">210<\/td>\n<td width=\"36\">4*2200<\/td>\n<td width=\"24\">28<\/td>\n<td width=\"50\">5.6<\/td>\n<\/tr>\n<tr>\n<td width=\"72\">DD-96.0\/550<\/td>\n<td width=\"55\">96<\/td>\n<td width=\"36\">550<\/td>\n<td width=\"41\">4<\/td>\n<td width=\"43\">650<\/td>\n<td width=\"41\">4*12000<\/td>\n<td width=\"40\">210<\/td>\n<td width=\"36\">4*2200<\/td>\n<td width=\"24\">28<\/td>\n<td width=\"50\">5.6<\/td>\n<\/tr>\n<tr>\n<td width=\"72\">DD-101.0\/580<\/td>\n<td width=\"55\">101<\/td>\n<td width=\"36\">580<\/td>\n<td width=\"41\">4<\/td>\n<td width=\"43\">650<\/td>\n<td width=\"41\">4*12000<\/td>\n<td width=\"40\">210<\/td>\n<td width=\"36\">4*2200<\/td>\n<td width=\"24\">33.5<\/td>\n<td width=\"50\">5.6<\/td>\n<\/tr>\n<tr>\n<td width=\"72\">DD-105.0\/600<\/td>\n<td width=\"55\">105<\/td>\n<td width=\"36\">600<\/td>\n<td width=\"41\">4<\/td>\n<td width=\"43\">650<\/td>\n<td width=\"41\">4*12000<\/td>\n<td width=\"40\">210<\/td>\n<td width=\"36\">4*2200<\/td>\n<td width=\"24\">33.5<\/td>\n<td width=\"50\">5.6<\/td>\n<\/tr>\n<\/tbody>\n<\/table>\n","protected":false},"excerpt":{"rendered":"<ul>\n<li>Pour cong\u00e9lateur -18\u00b0C \u00e0 -5\u00b0C ( 0\u2109 \u00e0 23\u2109) chambre froide.<\/li>\n<li>L&rsquo;espace de refroidissement est compris entre 7 et 600\u33a1.<\/li>\n<li>La capacit\u00e9 d&rsquo;\u00e9change de chaleur est comprise entre 1,4 kW et 105 kW.<\/li>\n<li>L&rsquo;espacement des ailettes de 6 mm est un choix \u00e9quilibr\u00e9 qui offre une efficacit\u00e9 mod\u00e9r\u00e9e et une r\u00e9sistance au gel.<\/li>\n<li>\u00c9quip\u00e9 d&rsquo;un moteur de ventilateur de haute qualit\u00e9, il offre un faible niveau sonore, un volume d&rsquo;air \u00e9lev\u00e9 et un fonctionnement stable.<\/li>\n<li>Les mat\u00e9riaux de la coque peuvent \u00eatre modifi\u00e9s pour r\u00e9pondre aux besoins particuliers du client.<\/li>\n<\/ul>\n","protected":false},"featured_media":1341,"comment_status":"open","ping_status":"closed","template":"","meta":{"site-sidebar-layout":"default","site-content-layout":"","ast-site-content-layout":"default","site-content-style":"default","site-sidebar-style":"default","ast-global-header-display":"","ast-banner-title-visibility":"","ast-main-header-display":"","ast-hfb-above-header-display":"","ast-hfb-below-header-display":"","ast-hfb-mobile-header-display":"","site-post-title":"","ast-breadcrumbs-content":"","ast-featured-img":"","footer-sml-layout":"","theme-transparent-header-meta":"default","adv-header-id-meta":"","stick-header-meta":"","header-above-stick-meta":"","header-main-stick-meta":"","header-below-stick-meta":"","astra-migrate-meta-layouts":"default","ast-page-background-enabled":"default","ast-page-background-meta":{"desktop":{"background-color":"var(--ast-global-color-4)","background-image":"","background-repeat":"repeat","background-position":"center center","background-size":"auto","background-attachment":"scroll","background-type":"","background-media":"","overlay-type":"","overlay-color":"","overlay-opacity":"","overlay-gradient":""},"tablet":{"background-color":"","background-image":"","background-repeat":"repeat","background-position":"center center","background-size":"auto","background-attachment":"scroll","background-type":"","background-media":"","overlay-type":"","overlay-color":"","overlay-opacity":"","overlay-gradient":""},"mobile":{"background-color":"","background-image":"","background-repeat":"repeat","background-position":"center center","background-size":"auto","background-attachment":"scroll","background-type":"","background-media":"","overlay-type":"","overlay-color":"","overlay-opacity":"","overlay-gradient":""}},"ast-content-background-meta":{"desktop":{"background-color":"var(--ast-global-color-5)","background-image":"","background-repeat":"repeat","background-position":"center center","background-size":"auto","background-attachment":"scroll","background-type":"","background-media":"","overlay-type":"","overlay-color":"","overlay-opacity":"","overlay-gradient":""},"tablet":{"background-color":"var(--ast-global-color-5)","background-image":"","background-repeat":"repeat","background-position":"center center","background-size":"auto","background-attachment":"scroll","background-type":"","background-media":"","overlay-type":"","overlay-color":"","overlay-opacity":"","overlay-gradient":""},"mobile":{"background-color":"var(--ast-global-color-5)","background-image":"","background-repeat":"repeat","background-position":"center center","background-size":"auto","background-attachment":"scroll","background-type":"","background-media":"","overlay-type":"","overlay-color":"","overlay-opacity":"","overlay-gradient":""}}},"product_brand":[],"product_cat":[53],"product_tag":[],"class_list":{"0":"post-4958","1":"product","2":"type-product","3":"status-publish","4":"has-post-thumbnail","6":"product_cat-evaporateur-electrique-de-degivrage-pour-chambre-froide","7":"desktop-align-left","8":"tablet-align-left","9":"mobile-align-left","11":"first","12":"instock","13":"shipping-taxable","14":"product-type-simple"},"_links":{"self":[{"href":"https:\/\/www.linble-coldroom.com\/fr\/wp-json\/wp\/v2\/product\/4958","targetHints":{"allow":["GET"]}}],"collection":[{"href":"https:\/\/www.linble-coldroom.com\/fr\/wp-json\/wp\/v2\/product"}],"about":[{"href":"https:\/\/www.linble-coldroom.com\/fr\/wp-json\/wp\/v2\/types\/product"}],"replies":[{"embeddable":true,"href":"https:\/\/www.linble-coldroom.com\/fr\/wp-json\/wp\/v2\/comments?post=4958"}],"wp:featuredmedia":[{"embeddable":true,"href":"https:\/\/www.linble-coldroom.com\/fr\/wp-json\/wp\/v2\/media\/1341"}],"wp:attachment":[{"href":"https:\/\/www.linble-coldroom.com\/fr\/wp-json\/wp\/v2\/media?parent=4958"}],"wp:term":[{"taxonomy":"product_brand","embeddable":true,"href":"https:\/\/www.linble-coldroom.com\/fr\/wp-json\/wp\/v2\/product_brand?post=4958"},{"taxonomy":"product_cat","embeddable":true,"href":"https:\/\/www.linble-coldroom.com\/fr\/wp-json\/wp\/v2\/product_cat?post=4958"},{"taxonomy":"product_tag","embeddable":true,"href":"https:\/\/www.linble-coldroom.com\/fr\/wp-json\/wp\/v2\/product_tag?post=4958"}],"curies":[{"name":"wp","href":"https:\/\/api.w.org\/{rel}","templated":true}]}}