{"id":6883,"date":"2025-01-13T10:49:25","date_gmt":"2025-01-13T02:49:25","guid":{"rendered":"https:\/\/www.linble-coldroom.com\/unidades-de-refrigeracao-tipo-caixa-l\/"},"modified":"2025-01-13T10:49:25","modified_gmt":"2025-01-13T02:49:25","slug":"unidades-de-refrigeracao-tipo-caixa-l","status":"publish","type":"product","link":"https:\/\/www.linble-coldroom.com\/pt-br\/product\/unidades-de-refrigeracao-tipo-caixa-l\/","title":{"rendered":"Unidades de Refrigera\u00e7\u00e3o Tipo Caixa L"},"content":{"rendered":"<h2>Par\u00e2metros do Condensador Tipo Caixa L<\/h2>\n<table>\n<tbody>\n<tr>\n<td>Modelo<\/p>\n<p>&nbsp;<\/td>\n<td>Capacidade de troca de calor<br \/>\n(kW)<\/td>\n<td>Pot\u00eancia do ventilador<br \/>\n(w)<\/td>\n<td>Di\u00e2metro do ventilador<br \/>\n(mm)<\/td>\n<td>Volume de ar do ventilador<br \/>\n(m\u00b3\/h)<\/td>\n<td>Tens\u00e3o do ventilador<br \/>\n(v)<\/td>\n<td>Tubo de entrada<br \/>\n(mm)<\/td>\n<td>Traqueia posterior<br \/>\n(mm)<\/td>\n<td>Dimens\u00e3o geral<br \/>\n(mm)<br \/>\nA*B*H<\/td>\n<td>Instala\u00e7\u00e3o<br \/>\nDimens\u00e3o (mm) D<\/td>\n<td>Instala\u00e7\u00e3o<br \/>\nDimens\u00e3o (mm)E<\/td>\n<\/tr>\n<tr>\n<td>FNL-20<\/td>\n<td>6.6<\/td>\n<td>1*190<\/td>\n<td>\u03c6400<\/td>\n<td>1*3800<\/td>\n<td>380<\/td>\n<td>\u03c610<\/td>\n<td>\u03c616<\/td>\n<td>1110*500*790<\/td>\n<td>590<\/td>\n<td>440<\/td>\n<\/tr>\n<tr>\n<td>FNL-29<\/td>\n<td>9.6<\/td>\n<td>1*190<\/td>\n<td>\u03c6400<\/td>\n<td>1*3800<\/td>\n<td>380<\/td>\n<td>\u03c610<\/td>\n<td>\u03c616<\/td>\n<td>1110*500*790<\/td>\n<td>590<\/td>\n<td>440<\/td>\n<\/tr>\n<tr>\n<td>FNL-39<\/td>\n<td>12.5<\/td>\n<td>1*190<\/td>\n<td>\u03c6400<\/td>\n<td>1*3800<\/td>\n<td>380<\/td>\n<td>\u03c610<\/td>\n<td>\u03c616<\/td>\n<td>1110*500*790<\/td>\n<td>590<\/td>\n<td>440<\/td>\n<\/tr>\n<tr>\n<td>FNL-48<\/td>\n<td>15.9<\/td>\n<td>2*190<\/td>\n<td>\u03c6400<\/td>\n<td>2*3800<\/td>\n<td>380<\/td>\n<td>\u03c612<\/td>\n<td>\u03c619<\/td>\n<td>1110*500*1240<\/td>\n<td>590<\/td>\n<td>440<\/td>\n<\/tr>\n<tr>\n<td>FNL-58<\/td>\n<td>18.1<\/td>\n<td>2*190<\/td>\n<td>\u03c6400<\/td>\n<td>2*3800<\/td>\n<td>380<\/td>\n<td>\u03c612<\/td>\n<td>\u03c619<\/td>\n<td>1110*500*1240<\/td>\n<td>590<\/td>\n<td>440<\/td>\n<\/tr>\n<tr>\n<td>FNL-68<\/td>\n<td>20.5<\/td>\n<td>2*190<\/td>\n<td>\u03c6400<\/td>\n<td>2*3800<\/td>\n<td>380<\/td>\n<td>\u03c612<\/td>\n<td>\u03c619<\/td>\n<td>1110*500*1240<\/td>\n<td>590<\/td>\n<td>440<\/td>\n<\/tr>\n<tr>\n<td>FNL-70<\/td>\n<td>22.4<\/td>\n<td>2*230<\/td>\n<td>\u03c6450<\/td>\n<td>2*5000<\/td>\n<td>380<\/td>\n<td>\u03c616<\/td>\n<td>\u03c622<\/td>\n<td>1230*560*1240<\/td>\n<td>840<\/td>\n<td>500<\/td>\n<\/tr>\n<tr>\n<td>FNL-80<\/td>\n<td>25.6<\/td>\n<td>2*230<\/td>\n<td>\u03c6450<\/td>\n<td>2*5000<\/td>\n<td>380<\/td>\n<td>\u03c616<\/td>\n<td>\u03c628<\/td>\n<td>1230*560*1390<\/td>\n<td>900<\/td>\n<td>500<\/td>\n<\/tr>\n<tr>\n<td>FNL-90<\/td>\n<td>28.8<\/td>\n<td>2*230<\/td>\n<td>\u03c6450<\/td>\n<td>2*5000<\/td>\n<td>380<\/td>\n<td>\u03c616<\/td>\n<td>\u03c635<\/td>\n<td>1330*560*1390<\/td>\n<td>940<\/td>\n<td>500<\/td>\n<\/tr>\n<tr>\n<td>FNL-100<\/td>\n<td>32.1<\/td>\n<td>2*320<\/td>\n<td>\u03c6500<\/td>\n<td>2*6600<\/td>\n<td>380<\/td>\n<td>\u03c616<\/td>\n<td>\u03c635<\/td>\n<td>1430*560*1390<\/td>\n<td>1040<\/td>\n<td>500<\/td>\n<\/tr>\n<tr>\n<td>FNL-120<\/td>\n<td>38.4<\/td>\n<td>4*190<\/td>\n<td>\u03c6400<\/td>\n<td>4*3800<\/td>\n<td>380<\/td>\n<td>\u03c616<\/td>\n<td>\u03c635<\/td>\n<td>1630*630*1390<\/td>\n<td>1110<\/td>\n<td>570<\/td>\n<\/tr>\n<tr>\n<td>FNL-140<\/td>\n<td>44.4<\/td>\n<td>4*190<\/td>\n<td>\u03c6450<\/td>\n<td>4*5000<\/td>\n<td>380<\/td>\n<td>\u03c616<\/td>\n<td>\u03c635<\/td>\n<td>1730*630*1390<\/td>\n<td>1210<\/td>\n<td>570<\/td>\n<\/tr>\n<\/tbody>\n<\/table>\n<p>Observa\u00e7\u00e3o: FNL-20m2 a FNL-67m2 com v\u00e1lvula de entrada e sa\u00edda, FNL-70m2 e acima sem v\u00e1lvula.<\/p>\n<h2>Par\u00e2metros da Unidade de Refrigera\u00e7\u00e3o Tipo Caixa L<\/h2>\n<table>\n<tbody>\n<tr>\n<td colspan=\"13\">\n<p style=\"text-align: center;\">Unidade de Refrigera\u00e7\u00e3o Refrigerada a Ar para M\u00e9dias e Altas Temperaturas &#8211; S\u00e9rie Scroll<\/p>\n<\/td>\n<\/tr>\n<tr>\n<td colspan=\"3\">Modelo de unidades<\/td>\n<td>CX-FNL-02MH<\/td>\n<td>CX-FNL-03MH<\/td>\n<td>CX-FNL-04MH<\/td>\n<td>CX-FNL-05MH<\/td>\n<td>CX-FNL-06MH<\/td>\n<td>CX-FNL- 07MH<\/td>\n<td>CX-FNL-08MH<\/td>\n<td>CX-FNL-10MH<\/td>\n<td>CX-FNL-12MH<\/td>\n<td>CX-FNL-15MH<\/td>\n<\/tr>\n<tr>\n<td colspan=\"3\">Modelo do compressor<\/td>\n<td>ZB15KQ<\/td>\n<td>ZB21KQ<\/td>\n<td>ZB29KQ<\/td>\n<td>ZB38KQ<\/td>\n<td>ZB45KQ<\/td>\n<td>ZB48KQ<\/td>\n<td>ZB58KQ<\/td>\n<td>ZB76KQ<\/td>\n<td>ZB88KQ<\/td>\n<td>ZB114KQ<\/td>\n<\/tr>\n<tr>\n<td colspan=\"3\">Temperatura aplic\u00e1vel (\u2103)<\/td>\n<td colspan=\"10\">0\u2103~-15\u2103<\/td>\n<\/tr>\n<tr>\n<td colspan=\"3\">Refrigerante<\/td>\n<td colspan=\"10\">R22\/R404A<\/td>\n<\/tr>\n<tr>\n<td colspan=\"3\">Alimenta\u00e7\u00e3o<\/td>\n<td colspan=\"10\">380V 50Hz<\/td>\n<\/tr>\n<tr>\n<td rowspan=\"3\">Condensador<\/td>\n<td colspan=\"2\">Quantidade de ventiladores (unidades)<\/td>\n<td>1<\/td>\n<td>1<\/td>\n<td>1<\/td>\n<td>2<\/td>\n<td>2<\/td>\n<td>2<\/td>\n<td>2<\/td>\n<td>2<\/td>\n<td>4<\/td>\n<td>4<\/td>\n<\/tr>\n<tr>\n<td colspan=\"2\">Fluxo de ar (m\u00b3\/h)<\/td>\n<td>1*3800<\/td>\n<td>1*3800<\/td>\n<td>1*3800<\/td>\n<td>2*3800<\/td>\n<td>2*3800<\/td>\n<td>2*5000<\/td>\n<td>2*5000<\/td>\n<td>2*7000<\/td>\n<td>4*3800<\/td>\n<td>5*5000<\/td>\n<\/tr>\n<tr>\n<td colspan=\"2\">Pot\u00eancia do ventilador (w)<\/td>\n<td>1*190<\/td>\n<td>1*190<\/td>\n<td>1*190<\/td>\n<td>2*190<\/td>\n<td>2*190<\/td>\n<td>2*230<\/td>\n<td>2*230<\/td>\n<td>2*420<\/td>\n<td>4*190<\/td>\n<td>4*250<\/td>\n<\/tr>\n<tr>\n<td rowspan=\"6\">Capacidade das Unidades de Refrigera\u00e7\u00e3o <\/td>\n<td rowspan=\"2\">Evapora\u00e7\u00e3o<br \/>\nTemperatura -0\u2103<\/td>\n<td>Ref. Capacidade (w) <\/td>\n<td>4830\/4670<\/td>\n<td>7020\/6690<\/td>\n<td>9430\/9480<\/td>\n<td>11700\/11950<\/td>\n<td>14150\/14000<\/td>\n<td>15600\/15750<\/td>\n<td>18550\/18600<\/td>\n<td>24900\/24700<\/td>\n<td>28500<\/td>\n<td>36200\/36300<\/td>\n<\/tr>\n<tr>\n<td>Pot\u00eancia (w)<\/td>\n<td>1540\/1720<\/td>\n<td>2270\/2480<\/td>\n<td>2890\/3290<\/td>\n<td>660\/4150<\/td>\n<td>4230\/4700<\/td>\n<td>4650\/5570<\/td>\n<td>5470\/6390<\/td>\n<td>7180\/8360<\/td>\n<td>8130<\/td>\n<td>10900\/12700<\/td>\n<\/tr>\n<tr>\n<td rowspan=\"2\">Evapora\u00e7\u00e3o<br \/>\nTemperatura-5\u2103<\/td>\n<td>Ref. Capacidade (w) <\/td>\n<td>4000\/3820<\/td>\n<td>5820\/5740<\/td>\n<td>7810\/7790<\/td>\n<td>9710\/9830<\/td>\n<td>11750\/11500<\/td>\n<td>12950\/13000<\/td>\n<td>15100\/15300<\/td>\n<td>20600\/20400<\/td>\n<td>23500<\/td>\n<td>29500\/29700<\/td>\n<\/tr>\n<tr>\n<td>Pot\u00eancia (w)<\/td>\n<td>1520\/1760<\/td>\n<td>2240\/2500<\/td>\n<td>2860\/3310<\/td>\n<td>3610\/4180<\/td>\n<td>4210\/4730<\/td>\n<td>4630\/5410<\/td>\n<td>5460\/6360<\/td>\n<td>7130\/8290<\/td>\n<td>8070<\/td>\n<td>10800\/12650<\/td>\n<\/tr>\n<tr>\n<td rowspan=\"2\">Evapora\u00e7\u00e3o<br \/>\nTemperatura -12\u2103<\/td>\n<td>Ref. Capacidade (w) <\/td>\n<td>2990\/2710<\/td>\n<td>4350\/4300<\/td>\n<td>5840\/5840<\/td>\n<td>7260\/7370<\/td>\n<td>8840\/8630<\/td>\n<td>9730\/9800<\/td>\n<td>10900\/11350<\/td>\n<td>15450\/15250<\/td>\n<td>17550<\/td>\n<td>21100\/21900<\/td>\n<\/tr>\n<tr>\n<td>Pot\u00eancia (w)<\/td>\n<td>1510\/1840<\/td>\n<td>2220\/2510<\/td>\n<td>2930\/3330<\/td>\n<td>3570\/4200<\/td>\n<td>4150\/4760<\/td>\n<td>4570\/5150<\/td>\n<td>5470\/6320<\/td>\n<td>7040\/8190<\/td>\n<td>7970<\/td>\n<td>10750\/12650<\/td>\n<\/tr>\n<tr>\n<td rowspan=\"2\">Acoplamento<\/td>\n<td colspan=\"2\">Acoplamento de tubo<\/td>\n<td>\u03c610<\/td>\n<td>\u03c610<\/td>\n<td>\u03c612<\/td>\n<td>\u03c612<\/td>\n<td>\u03c612<\/td>\n<td>\u03c616<\/td>\n<td>\u03c616<\/td>\n<td>\u03c616<\/td>\n<td>\u03c616<\/td>\n<td>\u03c616<\/td>\n<\/tr>\n<tr>\n<td colspan=\"2\">Acoplamento de suc\u00e7\u00e3o<\/td>\n<td>\u03c616<\/td>\n<td>\u03c616<\/td>\n<td>\u03c619<\/td>\n<td>\u03c619<\/td>\n<td>\u03c619<\/td>\n<td>\u03c622<\/td>\n<td>\u03c628<\/td>\n<td>\u03c635<\/td>\n<td>\u03c635<\/td>\n<td>\u03c635<\/td>\n<\/tr>\n<tr>\n<td rowspan=\"3\">Dimens\u00e3o geral\n<\/td>\n<td colspan=\"2\">Comprimento (A) mm<\/td>\n<td>1110<\/td>\n<td>1110<\/td>\n<td>1110<\/td>\n<td>1110<\/td>\n<td>1110<\/td>\n<td>1230<\/td>\n<td>1230<\/td>\n<td>1430<\/td>\n<td>1630<\/td>\n<td>1730<\/td>\n<\/tr>\n<tr>\n<td colspan=\"2\">Largura (B) mm<\/td>\n<td>500<\/td>\n<td>500<\/td>\n<td>500<\/td>\n<td>500<\/td>\n<td>500<\/td>\n<td>560<\/td>\n<td>560<\/td>\n<td>560<\/td>\n<td>630<\/td>\n<td>630<\/td>\n<\/tr>\n<tr>\n<td colspan=\"2\">Altura (H) mm<\/td>\n<td>790<\/td>\n<td>790<\/td>\n<td>790<\/td>\n<td>1240<\/td>\n<td>1240<\/td>\n<td>1240<\/td>\n<td>1390<\/td>\n<td>1390<\/td>\n<td>1390<\/td>\n<td>1490<\/td>\n<\/tr>\n<tr>\n<td rowspan=\"2\">Instala\u00e7\u00e3o<br \/>\nDimens\u00e3o<\/td>\n<td colspan=\"2\">Comprimento (D) mm<\/td>\n<td>590<\/td>\n<td>590<\/td>\n<td>590<\/td>\n<td>590<\/td>\n<td>590<\/td>\n<td>840<\/td>\n<td>900<\/td>\n<td>1040<\/td>\n<td>1110<\/td>\n<td>1210<\/td>\n<\/tr>\n<tr>\n<td colspan=\"2\">Largura (E) mm<\/td>\n<td>440<\/td>\n<td>440<\/td>\n<td>440<\/td>\n<td>440<\/td>\n<td>440<\/td>\n<td>500<\/td>\n<td>500<\/td>\n<td>500<\/td>\n<td>570<\/td>\n<td>570<\/td>\n<\/tr>\n<\/tbody>\n<\/table>\n<p>Observa\u00e7\u00e3o:<\/p>\n<ol>\n<li>A capacidade e a pot\u00eancia s\u00e3o baseadas na temperatura ambiente de 32\u00b0C.<\/li>\n<li>Permite adicionar e reduzir configura\u00e7\u00f5es de acordo com as necessidades do cliente.<\/li>\n<li>Se voc\u00ea deseja personalizar uma unidade de refrigera\u00e7\u00e3o semi-herm\u00e9tica, n\u00e3o hesite em nos contatar.<\/li>\n<\/ol>\n<table>\n<tbody>\n<tr>\n<td style=\"text-align: center;\" colspan=\"7\">Unidade de Refrigera\u00e7\u00e3o de Alta Temperatura Refrigerada a Ar S\u00e9rie Tecumseh<\/td>\n<\/tr>\n<tr>\n<td colspan=\"3\">Modelo de Unidades<\/td>\n<td>CX-FNL-02MH<\/td>\n<td>CX-FNL-03MH<\/td>\n<td>CX-FNL-04MH<\/td>\n<td>CX-FNL-05MH<\/td>\n<\/tr>\n<tr>\n<td colspan=\"3\">Modelo de Compressor<\/td>\n<td>FH4524Z<\/td>\n<td>TFH4540Z<\/td>\n<td>TAG4546Z<\/td>\n<td>TAG4561Z<\/td>\n<\/tr>\n<tr>\n<td colspan=\"3\">Temperatura Aplic\u00e1vel<\/td>\n<td colspan=\"4\">0\u2103~-15\u2103<\/td>\n<\/tr>\n<tr>\n<td colspan=\"3\">Refrigerante<\/td>\n<td colspan=\"4\">R404A<\/td>\n<\/tr>\n<tr>\n<td rowspan=\"2\">Condensador<\/td>\n<td colspan=\"2\">Quantidade de ventiladores (unidades)<\/td>\n<td>1<\/td>\n<td>1<\/td>\n<td>1<\/td>\n<td>2<\/td>\n<\/tr>\n<tr>\n<td colspan=\"2\">Pot\u00eancia do ventilador (w)<\/td>\n<td>1*190<\/td>\n<td>1*190<\/td>\n<td>1*190<\/td>\n<td>2*190<\/td>\n<\/tr>\n<tr>\n<td rowspan=\"6\">Capacidade das Unidades de Refrigera\u00e7\u00e3o <\/td>\n<td rowspan=\"2\">Evapora\u00e7\u00e3o<br \/>\nTemperatura -0\u2103<\/td>\n<td>Ref. Capacidade (w) <\/td>\n<td>4371<\/td>\n<td>8390<\/td>\n<td>9670<\/td>\n<td>12126<\/td>\n<\/tr>\n<tr>\n<td>Pot\u00eancia (w)<\/td>\n<td>2088<\/td>\n<td>3483<\/td>\n<td>3668<\/td>\n<td>4728<\/td>\n<\/tr>\n<tr>\n<td rowspan=\"2\">Evapora\u00e7\u00e3o<br \/>\nTemperatura-5\u2103<\/td>\n<td>Ref. Capacidade (w) <\/td>\n<td>3526<\/td>\n<td>6861<\/td>\n<td>7591<\/td>\n<td>9681<\/td>\n<\/tr>\n<tr>\n<td>Pot\u00eancia (w)<\/td>\n<td>1920<\/td>\n<td>3184<\/td>\n<td>3322<\/td>\n<td>4256<\/td>\n<\/tr>\n<tr>\n<td rowspan=\"2\">Evapora\u00e7\u00e3o<br \/>\nTemperatura -12\u2103<\/td>\n<td>Ref. Capacidade (w) <\/td>\n<td>2500<\/td>\n<td>5009<\/td>\n<td>5175<\/td>\n<td>6804<\/td>\n<\/tr>\n<tr>\n<td>Pot\u00eancia (w)<\/td>\n<td>1664<\/td>\n<td>2773<\/td>\n<td>2791<\/td>\n<td>3589<\/td>\n<\/tr>\n<tr>\n<td rowspan=\"2\">Acoplamento<\/td>\n<td colspan=\"2\">Acoplamento de tubo<\/td>\n<td>\u03c610<\/td>\n<td>\u03c610<\/td>\n<td>\u03c610<\/td>\n<td>\u03c612<\/td>\n<\/tr>\n<tr>\n<td colspan=\"2\">Acoplamento de suc\u00e7\u00e3o<\/td>\n<td>\u03c616<\/td>\n<td>\u03c616<\/td>\n<td>\u03c616<\/td>\n<td>\u03c619<\/td>\n<\/tr>\n<tr>\n<td rowspan=\"3\">Dimens\u00e3o geral<\/td>\n<td colspan=\"2\">Comprimento (A) mm<\/td>\n<td>1110<\/td>\n<td>1110<\/td>\n<td>1110<\/td>\n<td>1110<\/td>\n<\/tr>\n<tr>\n<td colspan=\"2\">Largura (B) mm<\/td>\n<td>500<\/td>\n<td>500<\/td>\n<td>500<\/td>\n<td>500<\/td>\n<\/tr>\n<tr>\n<td colspan=\"2\">Altura (H) mm<\/td>\n<td>790<\/td>\n<td>790<\/td>\n<td>790<\/td>\n<td>1240<\/td>\n<\/tr>\n<tr>\n<td>Dimens\u00e3o da instala\u00e7\u00e3o<\/td>\n<td colspan=\"2\">(D*E)mm<\/td>\n<td>590*440<\/td>\n<td>590*440<\/td>\n<td>590*440<\/td>\n<td>590*440<\/td>\n<\/tr>\n<\/tbody>\n<\/table>\n<table>\n<tbody>\n<tr>\n<td style=\"text-align: center;\" colspan=\"7\">Unidade de Refrigera\u00e7\u00e3o de Baixa Temperatura Refrigerada a Ar S\u00e9rie Tecumseh<\/td>\n<\/tr>\n<tr>\n<td colspan=\"3\">Modelo de Unidades<\/td>\n<td>CX-FNL-02ML<\/td>\n<td>CX-FNL-03ML<\/td>\n<td>CX-FNL-04ML<\/td>\n<td>CX-FNL-05ML<\/td>\n<\/tr>\n<tr>\n<td colspan=\"3\">Modelo de Compressor<\/td>\n<td>FH2480Z<\/td>\n<td>FH2511Z<\/td>\n<td>TAG2516Z<\/td>\n<td>TAG2522Z<\/td>\n<\/tr>\n<tr>\n<td colspan=\"3\">Temperatura Aplic\u00e1vel<\/td>\n<td colspan=\"4\">-10\u2103~-35\u2103<\/td>\n<\/tr>\n<tr>\n<td colspan=\"3\">Refrigerante<\/td>\n<td colspan=\"4\">R404A<\/td>\n<\/tr>\n<tr>\n<td rowspan=\"2\">Condensador<\/td>\n<td colspan=\"2\">Quantidade de ventiladores (unidades)<\/td>\n<td>1<\/td>\n<td>1<\/td>\n<td>1<\/td>\n<td>2<\/td>\n<\/tr>\n<tr>\n<td colspan=\"2\">Pot\u00eancia do ventilador (w)<\/td>\n<td>1*190<\/td>\n<td>1*190<\/td>\n<td>1*190<\/td>\n<td>2*190<\/td>\n<\/tr>\n<tr>\n<td rowspan=\"6\">Capacidade das Unidades de Refrigera\u00e7\u00e3o <\/td>\n<td rowspan=\"2\">Temperatura de evapora\u00e7\u00e3o -15\u00b0\u2103.<\/td>\n<td>Ref. Capacidade (w) <\/td>\n<td>2983<\/td>\n<td>4040<\/td>\n<td>5725<\/td>\n<td>7235<\/td>\n<\/tr>\n<tr>\n<td>Pot\u00eancia (w)<\/td>\n<td>2172<\/td>\n<td>2833<\/td>\n<td>3803<\/td>\n<td>4695<\/td>\n<\/tr>\n<tr>\n<td rowspan=\"2\">Temperatura de evapora\u00e7\u00e3o -20\u2103<\/td>\n<td>Ref. Capacidade (w) <\/td>\n<td>2268<\/td>\n<td>3054<\/td>\n<td>4218<\/td>\n<td>5406<\/td>\n<\/tr>\n<tr>\n<td>Pot\u00eancia (w)<\/td>\n<td>1909<\/td>\n<td>2483<\/td>\n<td>3275<\/td>\n<td>4052<\/td>\n<\/tr>\n<tr>\n<td rowspan=\"2\">Temperatura de evapora\u00e7\u00e3o -25\u00b0\u2103.<\/td>\n<td>Ref. Capacidade (w) <\/td>\n<td>1671<\/td>\n<td>2240<\/td>\n<td>3005<\/td>\n<td>3940<\/td>\n<\/tr>\n<tr>\n<td>Pot\u00eancia (w)<\/td>\n<td>1655<\/td>\n<td>2143<\/td>\n<td>2770<\/td>\n<td>3446<\/td>\n<\/tr>\n<tr>\n<td rowspan=\"2\">Acoplamento<\/td>\n<td colspan=\"2\">Acoplamento de tubo<\/td>\n<td>\u03c610<\/td>\n<td>\u03c610<\/td>\n<td>\u03c610<\/td>\n<td>\u03c612<\/td>\n<\/tr>\n<tr>\n<td colspan=\"2\">Acoplamento de suc\u00e7\u00e3o<\/td>\n<td>\u03c616<\/td>\n<td>\u03c616<\/td>\n<td>\u03c616<\/td>\n<td>\u03c619<\/td>\n<\/tr>\n<tr>\n<td rowspan=\"3\">Dimens\u00e3o geral<\/td>\n<td colspan=\"2\">Comprimento (A) mm<\/td>\n<td>1110<\/td>\n<td>1110<\/td>\n<td>1110<\/td>\n<td>1110<\/td>\n<\/tr>\n<tr>\n<td colspan=\"2\">Largura (B) mm<\/td>\n<td>500<\/td>\n<td>500<\/td>\n<td>500<\/td>\n<td>500<\/td>\n<\/tr>\n<tr>\n<td colspan=\"2\">Altura (H) mm<\/td>\n<td>790<\/td>\n<td>790<\/td>\n<td>790<\/td>\n<td>1240<\/td>\n<\/tr>\n<tr>\n<td>Dimens\u00e3o da instala\u00e7\u00e3o<\/td>\n<td colspan=\"2\">(D*E)mm<\/td>\n<td>590*440<\/td>\n<td>590*440<\/td>\n<td>590*440<\/td>\n<td>590*440<\/td>\n<\/tr>\n<\/tbody>\n<\/table>\n","protected":false},"excerpt":{"rendered":"<ul>\n<li>A caixa suporta compressores de 1 HP a 30 HP, com estrutura de parede fina para instala\u00e7\u00e3o na parede ou no piso.<\/li>\n<li>As unidades de refrigera\u00e7\u00e3o de 1 a 15 HP s\u00e3o equipadas com compressores scroll, com op\u00e7\u00f5es de projetos compat\u00edveis com compressores semi-herm\u00e9ticos.<\/li>\n<li>Unidades de refrigera\u00e7\u00e3o de 15 a 30 HP utilizam principalmente compressores semi-herm\u00e9ticos Copeland e Bitzer para um desempenho confi\u00e1vel.<\/li>\n<li>Ventiladores axiais garantem f\u00e1cil instala\u00e7\u00e3o e manuten\u00e7\u00e3o, opera\u00e7\u00e3o est\u00e1vel e baixos n\u00edveis de ru\u00eddo.<\/li>\n<\/ul>\n","protected":false},"featured_media":6884,"comment_status":"open","ping_status":"closed","template":"","meta":{"site-sidebar-layout":"default","site-content-layout":"","ast-site-content-layout":"default","site-content-style":"default","site-sidebar-style":"default","ast-global-header-display":"","ast-banner-title-visibility":"","ast-main-header-display":"","ast-hfb-above-header-display":"","ast-hfb-below-header-display":"","ast-hfb-mobile-header-display":"","site-post-title":"","ast-breadcrumbs-content":"","ast-featured-img":"","footer-sml-layout":"","theme-transparent-header-meta":"default","adv-header-id-meta":"","stick-header-meta":"","header-above-stick-meta":"","header-main-stick-meta":"","header-below-stick-meta":"","astra-migrate-meta-layouts":"default","ast-page-background-enabled":"default","ast-page-background-meta":{"desktop":{"background-color":"var(--ast-global-color-4)","background-image":"","background-repeat":"repeat","background-position":"center center","background-size":"auto","background-attachment":"scroll","background-type":"","background-media":"","overlay-type":"","overlay-color":"","overlay-opacity":"","overlay-gradient":""},"tablet":{"background-color":"","background-image":"","background-repeat":"repeat","background-position":"center center","background-size":"auto","background-attachment":"scroll","background-type":"","background-media":"","overlay-type":"","overlay-color":"","overlay-opacity":"","overlay-gradient":""},"mobile":{"background-color":"","background-image":"","background-repeat":"repeat","background-position":"center center","background-size":"auto","background-attachment":"scroll","background-type":"","background-media":"","overlay-type":"","overlay-color":"","overlay-opacity":"","overlay-gradient":""}},"ast-content-background-meta":{"desktop":{"background-color":"var(--ast-global-color-5)","background-image":"","background-repeat":"repeat","background-position":"center center","background-size":"auto","background-attachment":"scroll","background-type":"","background-media":"","overlay-type":"","overlay-color":"","overlay-opacity":"","overlay-gradient":""},"tablet":{"background-color":"var(--ast-global-color-5)","background-image":"","background-repeat":"repeat","background-position":"center center","background-size":"auto","background-attachment":"scroll","background-type":"","background-media":"","overlay-type":"","overlay-color":"","overlay-opacity":"","overlay-gradient":""},"mobile":{"background-color":"var(--ast-global-color-5)","background-image":"","background-repeat":"repeat","background-position":"center center","background-size":"auto","background-attachment":"scroll","background-type":"","background-media":"","overlay-type":"","overlay-color":"","overlay-opacity":"","overlay-gradient":""}}},"product_brand":[],"product_cat":[85,87],"product_tag":[],"class_list":{"0":"post-6883","1":"product","2":"type-product","3":"status-publish","4":"has-post-thumbnail","6":"product_cat-sem-categoria","7":"product_cat-unidade-de-refrigeracao-hermetica-para-camaras-frigorificas","8":"desktop-align-left","9":"tablet-align-left","10":"mobile-align-left","12":"first","13":"instock","14":"shipping-taxable","15":"product-type-simple"},"_links":{"self":[{"href":"https:\/\/www.linble-coldroom.com\/pt-br\/wp-json\/wp\/v2\/product\/6883","targetHints":{"allow":["GET"]}}],"collection":[{"href":"https:\/\/www.linble-coldroom.com\/pt-br\/wp-json\/wp\/v2\/product"}],"about":[{"href":"https:\/\/www.linble-coldroom.com\/pt-br\/wp-json\/wp\/v2\/types\/product"}],"replies":[{"embeddable":true,"href":"https:\/\/www.linble-coldroom.com\/pt-br\/wp-json\/wp\/v2\/comments?post=6883"}],"wp:featuredmedia":[{"embeddable":true,"href":"https:\/\/www.linble-coldroom.com\/pt-br\/wp-json\/wp\/v2\/media\/6884"}],"wp:attachment":[{"href":"https:\/\/www.linble-coldroom.com\/pt-br\/wp-json\/wp\/v2\/media?parent=6883"}],"wp:term":[{"taxonomy":"product_brand","embeddable":true,"href":"https:\/\/www.linble-coldroom.com\/pt-br\/wp-json\/wp\/v2\/product_brand?post=6883"},{"taxonomy":"product_cat","embeddable":true,"href":"https:\/\/www.linble-coldroom.com\/pt-br\/wp-json\/wp\/v2\/product_cat?post=6883"},{"taxonomy":"product_tag","embeddable":true,"href":"https:\/\/www.linble-coldroom.com\/pt-br\/wp-json\/wp\/v2\/product_tag?post=6883"}],"curies":[{"name":"wp","href":"https:\/\/api.w.org\/{rel}","templated":true}]}}