{"id":6885,"date":"2025-01-10T15:01:48","date_gmt":"2025-01-10T07:01:48","guid":{"rendered":"https:\/\/www.linble-coldroom.com\/porta-de-enrolar-rapida-para-camara-fria\/"},"modified":"2025-01-10T15:01:48","modified_gmt":"2025-01-10T07:01:48","slug":"porta-de-enrolar-rapida-para-camara-fria","status":"publish","type":"product","link":"https:\/\/www.linble-coldroom.com\/pt-br\/product\/porta-de-enrolar-rapida-para-camara-fria\/","title":{"rendered":"Porta de enrolar r\u00e1pida para c\u00e2mara fria"},"content":{"rendered":"<table>\n<tbody>\n<tr>\n<td style=\"text-align: center;\" colspan=\"2\"><strong>Par\u00e2metros da porta de enrolar r\u00e1pida para c\u00e2mara fria<\/strong><\/td>\n<\/tr>\n<tr>\n<td>Largura<\/td>\n<td>600mm to 4500mm<\/td>\n<\/tr>\n<tr>\n<td>Altura<\/td>\n<td>900mm to 5000mm<\/td>\n<\/tr>\n<tr>\n<td>Door frame<\/td>\n<td>1. A\u00e7o galvanizado com espessura padr\u00e3o de 1,2 mm e pintura eletrost\u00e1tica externa.<\/p>\n<p>2. Liga de alum\u00ednio e a\u00e7o inoxid\u00e1vel opcionais.<\/p>\n<p>3. Sele com pincel em fileira dupla.<\/p>\n<p>4. Cor personalizada dispon\u00edvel.<\/td>\n<\/tr>\n<tr>\n<td>Material of curtain<\/td>\n<td>1. Tecido de poli\u00e9ster de alta resist\u00eancia e resistente ao desgaste.<\/p>\n<p>2. 0,8 mm a 1,2 mm de espessura.<\/p>\n<p>3. Resist\u00eancia ao fogo B2.<\/p>\n<p>4. Autolimpante em ambos os lados.<\/td>\n<\/tr>\n<tr>\n<td>Sistema de controle<\/td>\n<td>Sistema de controle integrado de alta intelig\u00eancia FROG PUPIL alem\u00e3o<\/td>\n<\/tr>\n<tr>\n<td>Capacidade anti-vento<\/td>\n<td>N\u00edvel 5 a 8<\/td>\n<\/tr>\n<tr>\n<td>Safety performance<\/td>\n<td>1. Fotoel\u00e9trico infravermelho de seguran\u00e7a (padr\u00e3o).<\/p>\n<p>2. Airbag de seguran\u00e7a e tela de luz de seguran\u00e7a na parte inferior (opcional).<\/p>\n<p>3. Temperatura adequada -40\u00b0C a 80\u00b0C.<\/td>\n<\/tr>\n<tr>\n<td>Maneira de controlar<\/td>\n<td>Alimenta\u00e7\u00e3o de emerg\u00eancia opcional, abra a porta com uma chave inglesa em caso de falha de energia.<\/td>\n<\/tr>\n<\/tbody>\n<\/table>\n","protected":false},"excerpt":{"rendered":"<ul>\n<li>Largura de 600 mm a 4500 mm<\/li>\n<li>Altura de 900 mm a 5000 mm<\/li>\n<li>Moldura de porta de a\u00e7o galvanizado de 1,2 mm de espessura<\/li>\n<li>Cortina de tecido de poli\u00e9ster de 8 a 1,2 mm de espessura<\/li>\n<li>Resist\u00eancia ao fogo B2<\/li>\n<li>Faixa de temperatura de -40\u00b0C a 80\u00b0C<\/li>\n<li>Sistema de controle inteligente integrado<\/li>\n<li>Capacidade anti-vento de n\u00edvel 5 a 8<\/li>\n<li>Fotoel\u00e9trico infravermelho de seguran\u00e7a<\/li>\n<li>Op\u00e7\u00f5es adicionais\n<ul>\n<li>Energia de emerg\u00eancia<\/li>\n<li>Airbag de seguran\u00e7a inferior<\/li>\n<li>Tela de luz inferior<\/li>\n<\/ul>\n<\/li>\n<\/ul>\n","protected":false},"featured_media":6886,"comment_status":"open","ping_status":"closed","template":"","meta":{"site-sidebar-layout":"default","site-content-layout":"","ast-site-content-layout":"default","site-content-style":"default","site-sidebar-style":"default","ast-global-header-display":"","ast-banner-title-visibility":"","ast-main-header-display":"","ast-hfb-above-header-display":"","ast-hfb-below-header-display":"","ast-hfb-mobile-header-display":"","site-post-title":"","ast-breadcrumbs-content":"","ast-featured-img":"","footer-sml-layout":"","theme-transparent-header-meta":"default","adv-header-id-meta":"","stick-header-meta":"","header-above-stick-meta":"","header-main-stick-meta":"","header-below-stick-meta":"","astra-migrate-meta-layouts":"default","ast-page-background-enabled":"default","ast-page-background-meta":{"desktop":{"background-color":"var(--ast-global-color-4)","background-image":"","background-repeat":"repeat","background-position":"center center","background-size":"auto","background-attachment":"scroll","background-type":"","background-media":"","overlay-type":"","overlay-color":"","overlay-opacity":"","overlay-gradient":""},"tablet":{"background-color":"","background-image":"","background-repeat":"repeat","background-position":"center center","background-size":"auto","background-attachment":"scroll","background-type":"","background-media":"","overlay-type":"","overlay-color":"","overlay-opacity":"","overlay-gradient":""},"mobile":{"background-color":"","background-image":"","background-repeat":"repeat","background-position":"center center","background-size":"auto","background-attachment":"scroll","background-type":"","background-media":"","overlay-type":"","overlay-color":"","overlay-opacity":"","overlay-gradient":""}},"ast-content-background-meta":{"desktop":{"background-color":"var(--ast-global-color-5)","background-image":"","background-repeat":"repeat","background-position":"center center","background-size":"auto","background-attachment":"scroll","background-type":"","background-media":"","overlay-type":"","overlay-color":"","overlay-opacity":"","overlay-gradient":""},"tablet":{"background-color":"var(--ast-global-color-5)","background-image":"","background-repeat":"repeat","background-position":"center center","background-size":"auto","background-attachment":"scroll","background-type":"","background-media":"","overlay-type":"","overlay-color":"","overlay-opacity":"","overlay-gradient":""},"mobile":{"background-color":"var(--ast-global-color-5)","background-image":"","background-repeat":"repeat","background-position":"center center","background-size":"auto","background-attachment":"scroll","background-type":"","background-media":"","overlay-type":"","overlay-color":"","overlay-opacity":"","overlay-gradient":""}}},"product_brand":[],"product_cat":[85],"product_tag":[],"class_list":{"0":"post-6885","1":"product","2":"type-product","3":"status-publish","4":"has-post-thumbnail","6":"product_cat-sem-categoria","7":"desktop-align-left","8":"tablet-align-left","9":"mobile-align-left","11":"first","12":"instock","13":"shipping-taxable","14":"product-type-simple"},"_links":{"self":[{"href":"https:\/\/www.linble-coldroom.com\/pt-br\/wp-json\/wp\/v2\/product\/6885","targetHints":{"allow":["GET"]}}],"collection":[{"href":"https:\/\/www.linble-coldroom.com\/pt-br\/wp-json\/wp\/v2\/product"}],"about":[{"href":"https:\/\/www.linble-coldroom.com\/pt-br\/wp-json\/wp\/v2\/types\/product"}],"replies":[{"embeddable":true,"href":"https:\/\/www.linble-coldroom.com\/pt-br\/wp-json\/wp\/v2\/comments?post=6885"}],"wp:featuredmedia":[{"embeddable":true,"href":"https:\/\/www.linble-coldroom.com\/pt-br\/wp-json\/wp\/v2\/media\/6886"}],"wp:attachment":[{"href":"https:\/\/www.linble-coldroom.com\/pt-br\/wp-json\/wp\/v2\/media?parent=6885"}],"wp:term":[{"taxonomy":"product_brand","embeddable":true,"href":"https:\/\/www.linble-coldroom.com\/pt-br\/wp-json\/wp\/v2\/product_brand?post=6885"},{"taxonomy":"product_cat","embeddable":true,"href":"https:\/\/www.linble-coldroom.com\/pt-br\/wp-json\/wp\/v2\/product_cat?post=6885"},{"taxonomy":"product_tag","embeddable":true,"href":"https:\/\/www.linble-coldroom.com\/pt-br\/wp-json\/wp\/v2\/product_tag?post=6885"}],"curies":[{"name":"wp","href":"https:\/\/api.w.org\/{rel}","templated":true}]}}