{"id":6905,"date":"2025-01-06T15:36:44","date_gmt":"2025-01-06T07:36:44","guid":{"rendered":"https:\/\/www.linble-coldroom.com\/evaporador-de-sopro-duplo\/"},"modified":"2025-01-06T15:36:44","modified_gmt":"2025-01-06T07:36:44","slug":"evaporador-de-sopro-duplo","status":"publish","type":"product","link":"https:\/\/www.linble-coldroom.com\/pt-br\/product\/evaporador-de-sopro-duplo\/","title":{"rendered":"Evaporador de sopro duplo"},"content":{"rendered":"<h2>Par\u00e2metros do produto<\/h2>\n<table>\n<tbody>\n<tr>\n<td colspan=\"12\" width=\"907\">\n<p style=\"text-align: center;\">Dados t\u00e9cnicos. Dados t\u00e9cnicos do evaporador de sopro lateral duplo tipo SEDL <\/p>\n<\/td>\n<\/tr>\n<tr>\n<td rowspan=\"2\" width=\"110\">Modelo<\/td>\n<td rowspan=\"2\" width=\"88\">Capacidade de refer\u00eancia<br \/>\n(kW)<\/td>\n<td rowspan=\"2\" width=\"79\">\u00c1rea de resfriamento<br \/>\n(m\u00b2)<\/td>\n<td rowspan=\"2\" width=\"83\">Espa\u00e7amento das aletas<\/td>\n<td colspan=\"6\" width=\"426\">Ventilador<\/td>\n<td colspan=\"2\" width=\"121\">Aquecedor de degelo<\/td>\n<\/tr>\n<tr>\n<td width=\"56\">Quantidade<\/td>\n<td width=\"71\">Di\u00e2metro<br \/>\n(mm)<\/td>\n<td width=\"73\">Volume<br \/>\n(m3\/h)<\/td>\n<td width=\"83\">Press\u00e3o<br \/>\n(Pa)<\/td>\n<td width=\"80\">Motor do ventilador<br \/>\n(n*w)<\/td>\n<td width=\"63\">Voltagem<\/td>\n<td width=\"69\">Poder<br \/>\n(kW)<\/td>\n<td width=\"52\">Voltagem<br \/>\n(v)<\/td>\n<\/tr>\n<tr>\n<td width=\"110\">SEDL-20<\/td>\n<td width=\"88\">4.2<\/td>\n<td width=\"79\">20<\/td>\n<td rowspan=\"8\" width=\"83\">4.5<\/td>\n<td width=\"56\">2<\/td>\n<td width=\"71\">300<\/td>\n<td width=\"73\">2*1700<\/td>\n<td width=\"83\">82<\/td>\n<td width=\"80\">2*90<\/td>\n<td rowspan=\"8\" width=\"63\">380\/220<\/td>\n<td width=\"69\">2.7<\/td>\n<td rowspan=\"8\" width=\"52\">220<\/td>\n<\/tr>\n<tr>\n<td width=\"110\">SEDL-30<\/td>\n<td width=\"88\">6.2<\/td>\n<td width=\"79\">30<\/td>\n<td width=\"56\">2<\/td>\n<td width=\"71\">300<\/td>\n<td width=\"73\">2*1700<\/td>\n<td width=\"83\">82<\/td>\n<td width=\"80\">2*90<\/td>\n<td width=\"69\">2.8<\/td>\n<\/tr>\n<tr>\n<td width=\"110\">SEDL-40<\/td>\n<td width=\"88\">8.3<\/td>\n<td width=\"79\">40<\/td>\n<td width=\"56\">2<\/td>\n<td width=\"71\">350<\/td>\n<td width=\"73\">2*2200<\/td>\n<td width=\"83\">98<\/td>\n<td width=\"80\">2*140<\/td>\n<td width=\"69\">3.5<\/td>\n<\/tr>\n<tr>\n<td width=\"110\">SEDL-55<\/td>\n<td width=\"88\">11.5<\/td>\n<td width=\"79\">55<\/td>\n<td width=\"56\">3<\/td>\n<td width=\"71\">350<\/td>\n<td width=\"73\">3*2200<\/td>\n<td width=\"83\">98<\/td>\n<td width=\"80\">3*140<\/td>\n<td width=\"69\">4.8<\/td>\n<\/tr>\n<tr>\n<td width=\"110\">SEDL-80<\/td>\n<td width=\"88\">16.5<\/td>\n<td width=\"79\">80<\/td>\n<td width=\"56\">3<\/td>\n<td width=\"71\">350<\/td>\n<td width=\"73\">3*2200<\/td>\n<td width=\"83\">98<\/td>\n<td width=\"80\">3*140<\/td>\n<td width=\"69\">8.1<\/td>\n<\/tr>\n<tr>\n<td width=\"110\">SEDL-105<\/td>\n<td width=\"88\">22.2<\/td>\n<td width=\"79\">105<\/td>\n<td width=\"56\">3<\/td>\n<td width=\"71\">400<\/td>\n<td width=\"73\">3*3400<\/td>\n<td width=\"83\">118<\/td>\n<td width=\"80\">3*180<\/td>\n<td width=\"69\">9.5<\/td>\n<\/tr>\n<tr>\n<td width=\"110\">SEDL-130<\/td>\n<td width=\"88\">27.8<\/td>\n<td width=\"79\">130<\/td>\n<td width=\"56\">4<\/td>\n<td width=\"71\">400<\/td>\n<td width=\"73\">4*3400<\/td>\n<td width=\"83\">118<\/td>\n<td width=\"80\">4*180<\/td>\n<td width=\"69\">11.5<\/td>\n<\/tr>\n<tr>\n<td width=\"110\">SEDL-160<\/td>\n<td width=\"88\">33.6<\/td>\n<td width=\"79\">160<\/td>\n<td width=\"56\">4<\/td>\n<td width=\"71\">450<\/td>\n<td width=\"73\">4*4800<\/td>\n<td width=\"83\">147<\/td>\n<td width=\"80\">4*250<\/td>\n<td width=\"69\">13.8<\/td>\n<\/tr>\n<\/tbody>\n<\/table>\n<table width=\"1377\">\n<tbody>\n<tr>\n<td style=\"text-align: center;\" colspan=\"12\" width=\"1377\">Dados t\u00e9cnicos. Dados t\u00e9cnicos do evaporador de sopro lateral duplo tipo SEDJ <\/td>\n<\/tr>\n<tr>\n<td rowspan=\"2\" width=\"125\">Modelo<\/td>\n<td rowspan=\"2\" width=\"117\">Capacidade de refer\u00eancia<br \/>\n(kW)<\/td>\n<td rowspan=\"2\" width=\"113\">\u00c1rea de resfriamento<br \/>\n(m\u00b2)<\/td>\n<td rowspan=\"2\" width=\"107\">Espa\u00e7amento das aletas<\/td>\n<td colspan=\"6\" width=\"696\">Ventilador<\/td>\n<td colspan=\"2\" width=\"219\">Aquecedor de degelo<\/td>\n<\/tr>\n<tr>\n<td width=\"100\">Quantidade<\/td>\n<td width=\"115\">Di\u00e2metro<br \/>\n(mm)<\/td>\n<td width=\"116\">Volume<br \/>\n(m\u00b3\/h)<\/td>\n<td width=\"126\">Press\u00e3o<br \/>\n(Pa)<\/td>\n<td width=\"122\">Motor do ventilador<br \/>\n(n*w)<\/td>\n<td width=\"117\">Voltagem<\/td>\n<td width=\"103\">Poder<br \/>\n(kW)<\/td>\n<td width=\"116\">Tens\u00e3o<br \/>\n(V)<\/td>\n<\/tr>\n<tr>\n<td width=\"125\">SEDJ-10<\/td>\n<td width=\"117\">1.5<\/td>\n<td width=\"113\">10<\/td>\n<td rowspan=\"8\" width=\"107\">9<\/td>\n<td width=\"100\">2<\/td>\n<td width=\"115\">300<\/td>\n<td width=\"116\">2*1700<\/td>\n<td width=\"126\">82<\/td>\n<td width=\"122\">2*90<\/td>\n<td rowspan=\"5\" width=\"117\">380\/220<\/td>\n<td width=\"103\">2.6<\/td>\n<td rowspan=\"8\" width=\"116\">220<\/td>\n<\/tr>\n<tr>\n<td width=\"125\">SEDJ-15<\/td>\n<td width=\"117\">2.3<\/td>\n<td width=\"113\">15<\/td>\n<td width=\"100\">2<\/td>\n<td width=\"115\">300<\/td>\n<td width=\"116\">2*1700<\/td>\n<td width=\"126\">82<\/td>\n<td width=\"122\">2*90<\/td>\n<td width=\"103\">3<\/td>\n<\/tr>\n<tr>\n<td width=\"125\">SEDJ-20<\/td>\n<td width=\"117\">3.2<\/td>\n<td width=\"113\">20<\/td>\n<td width=\"100\">2<\/td>\n<td width=\"115\">350<\/td>\n<td width=\"116\">2*2200<\/td>\n<td width=\"126\">98<\/td>\n<td width=\"122\">2*140<\/td>\n<td width=\"103\">3.6<\/td>\n<\/tr>\n<tr>\n<td width=\"125\">SEDJ-30<\/td>\n<td width=\"117\">4.6<\/td>\n<td width=\"113\">30<\/td>\n<td width=\"100\">3<\/td>\n<td width=\"115\">350<\/td>\n<td width=\"116\">3*2200<\/td>\n<td width=\"126\">98<\/td>\n<td width=\"122\">3*140<\/td>\n<td width=\"103\">5.4<\/td>\n<\/tr>\n<tr>\n<td width=\"125\">SEDJ-40<\/td>\n<td width=\"117\">6.3<\/td>\n<td width=\"113\">40<\/td>\n<td width=\"100\">3<\/td>\n<td width=\"115\">350<\/td>\n<td width=\"116\">3*2200<\/td>\n<td width=\"126\">98<\/td>\n<td width=\"122\">3*140<\/td>\n<td width=\"103\">7.2<\/td>\n<\/tr>\n<tr>\n<td width=\"125\">SEDJ-55<\/td>\n<td width=\"117\">8.8<\/td>\n<td width=\"113\">55<\/td>\n<td width=\"100\">3<\/td>\n<td width=\"115\">400<\/td>\n<td width=\"116\">3*3400<\/td>\n<td width=\"126\">118<\/td>\n<td width=\"122\">3*180<\/td>\n<td rowspan=\"3\" width=\"117\">380<\/td>\n<td width=\"103\">8.6<\/td>\n<\/tr>\n<tr>\n<td width=\"125\">SEDJ-70<\/td>\n<td width=\"117\">11.5<\/td>\n<td width=\"113\">70<\/td>\n<td width=\"100\">4<\/td>\n<td width=\"115\">400<\/td>\n<td width=\"116\">4*3400<\/td>\n<td width=\"126\">118<\/td>\n<td width=\"122\">4*180<\/td>\n<td width=\"103\">9.8<\/td>\n<\/tr>\n<tr>\n<td width=\"125\">SEDJ-85<\/td>\n<td width=\"117\">14.4<\/td>\n<td width=\"113\">85<\/td>\n<td width=\"100\">4<\/td>\n<td width=\"115\">450<\/td>\n<td width=\"116\">4*4800<\/td>\n<td width=\"126\">147<\/td>\n<td width=\"122\">4*250<\/td>\n<td width=\"103\">11.2<\/td>\n<\/tr>\n<\/tbody>\n<\/table>\n<table width=\"1277\">\n<tbody>\n<tr>\n<td style=\"text-align: center;\" colspan=\"12\" width=\"1277\">Dados t\u00e9cnicos. Dados t\u00e9cnicos do evaporador de sopro lateral duplo tipo SEDD <\/td>\n<\/tr>\n<tr>\n<td rowspan=\"2\" width=\"91\">Modelo<\/td>\n<td rowspan=\"2\" width=\"118\">Capacidade de refer\u00eancia<br \/>\n(kW)<\/td>\n<td rowspan=\"2\" width=\"105\">\u00c1rea de resfriamento<br \/>\n(m\u00b2)<\/td>\n<td rowspan=\"2\" width=\"96\">Espa\u00e7amento das aletas<\/td>\n<td colspan=\"6\" width=\"681\">Ventilador<\/td>\n<td colspan=\"2\" width=\"186\">Aquecedor de degelo<\/td>\n<\/tr>\n<tr>\n<td width=\"120\">Quantidade<\/td>\n<td width=\"116\">Di\u00e2metro<br \/>\n(mm)<\/td>\n<td width=\"122\">Volume<br \/>\n(m\u00b3\/h)<\/td>\n<td width=\"107\">Press\u00e3o<br \/>\n(Pa)<\/td>\n<td width=\"107\">Motor do ventilador<br \/>\n(n*w)<\/td>\n<td width=\"109\">Voltagem<br \/>\n(v)<\/td>\n<td width=\"90\">Poder<br \/>\n(kW)<\/td>\n<td width=\"96\">Tens\u00e3o<br \/>\n(V)<\/td>\n<\/tr>\n<tr>\n<td width=\"91\">SEDD-15<\/td>\n<td width=\"118\">2.8<\/td>\n<td width=\"105\">15<\/td>\n<td rowspan=\"8\" width=\"96\">6<\/td>\n<td width=\"120\">2<\/td>\n<td width=\"116\">300<\/td>\n<td width=\"122\">2*1700<\/td>\n<td width=\"107\">82<\/td>\n<td width=\"107\">2*90<\/td>\n<td rowspan=\"5\" width=\"109\">380\/220<\/td>\n<td width=\"90\">2.7<\/td>\n<td rowspan=\"8\" width=\"96\">220<\/td>\n<\/tr>\n<tr>\n<td width=\"91\">SEDD-22<\/td>\n<td width=\"118\">4.1<\/td>\n<td width=\"105\">22<\/td>\n<td width=\"120\">2<\/td>\n<td width=\"116\">300<\/td>\n<td width=\"122\">2*1700<\/td>\n<td width=\"107\">82<\/td>\n<td width=\"107\">2*90<\/td>\n<td width=\"90\">2.8<\/td>\n<\/tr>\n<tr>\n<td width=\"91\">SEDD-30<\/td>\n<td width=\"118\">5.6<\/td>\n<td width=\"105\">30<\/td>\n<td width=\"120\">2<\/td>\n<td width=\"116\">350<\/td>\n<td width=\"122\">2*2200<\/td>\n<td width=\"107\">98<\/td>\n<td width=\"107\">2*140<\/td>\n<td width=\"90\">3.5<\/td>\n<\/tr>\n<tr>\n<td width=\"91\">SEDD-40<\/td>\n<td width=\"118\">7.4<\/td>\n<td width=\"105\">40<\/td>\n<td width=\"120\">3<\/td>\n<td width=\"116\">350<\/td>\n<td width=\"122\">3*2200<\/td>\n<td width=\"107\">98<\/td>\n<td width=\"107\">3*140<\/td>\n<td width=\"90\">4.8<\/td>\n<\/tr>\n<tr>\n<td width=\"91\">SEDD-60<\/td>\n<td width=\"118\">11.2<\/td>\n<td width=\"105\">60<\/td>\n<td width=\"120\">3<\/td>\n<td width=\"116\">350<\/td>\n<td width=\"122\">3*2200<\/td>\n<td width=\"107\">98<\/td>\n<td width=\"107\">3*140<\/td>\n<td width=\"90\">8.1<\/td>\n<\/tr>\n<tr>\n<td width=\"91\">SEDD-80<\/td>\n<td width=\"118\">14.2<\/td>\n<td width=\"105\">80<\/td>\n<td width=\"120\">3<\/td>\n<td width=\"116\">400<\/td>\n<td width=\"122\">3*3400<\/td>\n<td width=\"107\">118<\/td>\n<td width=\"107\">3*180<\/td>\n<td rowspan=\"3\" width=\"109\">380<\/td>\n<td width=\"90\">9.5<\/td>\n<\/tr>\n<tr>\n<td width=\"91\">SEDD-100<\/td>\n<td width=\"118\">18.6<\/td>\n<td width=\"105\">100<\/td>\n<td width=\"120\">4<\/td>\n<td width=\"116\">400<\/td>\n<td width=\"122\">4*3400<\/td>\n<td width=\"107\">118<\/td>\n<td width=\"107\">4*180<\/td>\n<td width=\"90\">11.5<\/td>\n<\/tr>\n<tr>\n<td width=\"91\">SEDD-120<\/td>\n<td width=\"118\">22.2<\/td>\n<td width=\"105\">120<\/td>\n<td width=\"120\">4<\/td>\n<td width=\"116\">450<\/td>\n<td width=\"122\">4*4800<\/td>\n<td width=\"107\">147<\/td>\n<td width=\"107\">4*250<\/td>\n<td width=\"90\">13.8<\/td>\n<\/tr>\n<\/tbody>\n<\/table>\n<h2>Dimens\u00f5es de instala\u00e7\u00e3o do produto<\/h2>\n<table>\n<tbody>\n<tr>\n<td>Modelo<\/td>\n<td>A<\/td>\n<td>B<\/td>\n<td>C<\/td>\n<td>D<\/td>\n<td>E<\/td>\n<td>E1<\/td>\n<td>E2<\/td>\n<td>E3<\/td>\n<td>F<\/td>\n<td>Tubo de entrada<br \/>\n(mm)<\/td>\n<td>Traqueia posterior<br \/>\n(mm)<\/td>\n<td>Tubo de drenagem<\/td>\n<\/tr>\n<tr>\n<td>SEDL-20<\/td>\n<td rowspan=\"3\">1010<\/td>\n<td rowspan=\"3\">680<\/td>\n<td rowspan=\"3\">350<\/td>\n<td rowspan=\"3\">730<\/td>\n<td rowspan=\"3\">780<\/td>\n<td rowspan=\"3\">\/<\/td>\n<td rowspan=\"3\">\/<\/td>\n<td rowspan=\"3\">\/<\/td>\n<td rowspan=\"24\">95<\/td>\n<td rowspan=\"12\">16<\/td>\n<td rowspan=\"9\">22<\/td>\n<td rowspan=\"24\">G1<\/td>\n<\/tr>\n<tr>\n<td>SEDD-15<\/td>\n<\/tr>\n<tr>\n<td>SEDJ-10<\/td>\n<\/tr>\n<tr>\n<td>SEDL-30<\/td>\n<td rowspan=\"3\">1010<\/td>\n<td rowspan=\"3\">680<\/td>\n<td rowspan=\"3\">450<\/td>\n<td rowspan=\"3\">730<\/td>\n<td rowspan=\"3\">810<\/td>\n<td rowspan=\"3\">\/<\/td>\n<td rowspan=\"3\">\/<\/td>\n<td rowspan=\"3\">\/<\/td>\n<\/tr>\n<tr>\n<td>SEDD-22<\/td>\n<\/tr>\n<tr>\n<td>SEDJ-15<\/td>\n<\/tr>\n<tr>\n<td>SEDL-40<\/td>\n<td rowspan=\"3\">1210<\/td>\n<td rowspan=\"3\">740<\/td>\n<td rowspan=\"3\">350<\/td>\n<td rowspan=\"3\">800<\/td>\n<td rowspan=\"3\">980<\/td>\n<td rowspan=\"3\">\/<\/td>\n<td rowspan=\"3\">\/<\/td>\n<td rowspan=\"3\">\/<\/td>\n<\/tr>\n<tr>\n<td>SEDD-30<\/td>\n<\/tr>\n<tr>\n<td>SEDJ-20<\/td>\n<\/tr>\n<tr>\n<td>SEDL-55<\/td>\n<td rowspan=\"3\">1580<\/td>\n<td rowspan=\"3\">740<\/td>\n<td rowspan=\"3\">350<\/td>\n<td rowspan=\"3\">800<\/td>\n<td rowspan=\"3\">1350<\/td>\n<td rowspan=\"3\">\/<\/td>\n<td rowspan=\"3\">\/<\/td>\n<td rowspan=\"3\">\/<\/td>\n<td rowspan=\"3\">25<\/td>\n<\/tr>\n<tr>\n<td>SEDD-40<\/td>\n<\/tr>\n<tr>\n<td>SEDJ-30<\/td>\n<\/tr>\n<tr>\n<td>SEDL-80<\/td>\n<td rowspan=\"3\">1760<\/td>\n<td rowspan=\"3\">790<\/td>\n<td rowspan=\"3\">450<\/td>\n<td rowspan=\"3\">830<\/td>\n<td rowspan=\"3\">1530<\/td>\n<td rowspan=\"3\">\/<\/td>\n<td rowspan=\"3\">\/<\/td>\n<td rowspan=\"3\">\/<\/td>\n<td rowspan=\"12\">19<\/td>\n<td rowspan=\"6\">28<\/td>\n<\/tr>\n<tr>\n<td>SEDD-60<\/td>\n<\/tr>\n<tr>\n<td>SEDJ-40<\/td>\n<\/tr>\n<tr>\n<td>SEDL-105<\/td>\n<td rowspan=\"3\">2240<\/td>\n<td rowspan=\"3\">790<\/td>\n<td rowspan=\"3\">450<\/td>\n<td rowspan=\"3\">850<\/td>\n<td rowspan=\"3\">2010<\/td>\n<td rowspan=\"3\">660<\/td>\n<td rowspan=\"3\">660<\/td>\n<td rowspan=\"3\">\/<\/td>\n<\/tr>\n<tr>\n<td>SEDD-80<\/td>\n<\/tr>\n<tr>\n<td>SEDJ-55<\/td>\n<\/tr>\n<tr>\n<td>SEDL-130<\/td>\n<td rowspan=\"3\">2660<\/td>\n<td rowspan=\"3\">790<\/td>\n<td rowspan=\"3\">450<\/td>\n<td rowspan=\"3\">850<\/td>\n<td rowspan=\"3\">2430<\/td>\n<td rowspan=\"3\">600<\/td>\n<td rowspan=\"3\">600<\/td>\n<td rowspan=\"3\">600<\/td>\n<td rowspan=\"3\">35<\/td>\n<\/tr>\n<tr>\n<td>SEDD-100<\/td>\n<\/tr>\n<tr>\n<td>SEDJ-70<\/td>\n<\/tr>\n<tr>\n<td>SEDL-160<\/td>\n<td rowspan=\"3\">3140<\/td>\n<td rowspan=\"3\">840<\/td>\n<td rowspan=\"3\">450<\/td>\n<td rowspan=\"3\">900<\/td>\n<td rowspan=\"3\">2910<\/td>\n<td rowspan=\"3\">720<\/td>\n<td rowspan=\"3\">720<\/td>\n<td rowspan=\"3\">720<\/td>\n<td rowspan=\"3\">42<\/td>\n<\/tr>\n<tr>\n<td>SEDD-120<\/td>\n<\/tr>\n<tr>\n<td>SEDJ-85<\/td>\n<\/tr>\n<\/tbody>\n<\/table>\n","protected":false},"excerpt":{"rendered":"<p>Garante resfriamento uniforme soprando ar de ambos os lados, promovendo distribui\u00e7\u00e3o uniforme da temperatura por toda a c\u00e2mara fria.<\/p>\n<p>O design de fluxo de ar duplo melhora a transfer\u00eancia de calor, reduz os tempos de descongelamento e melhora a efici\u00eancia energ\u00e9tica geral.<\/p>\n<ul>\n<li>Estrutura razo\u00e1vel, menos pe\u00e7as e baixo ru\u00eddo.<\/li>\n<li>Tenha troca de calor eficiente de 1,5-33,6 kW.<\/li>\n<li>Montado com ventilador axial, dupla face, suave, baixo ru\u00eddo.<\/li>\n<li>Aquecedores de a\u00e7o inoxid\u00e1vel em forma de U s\u00e3o usados \u200b\u200bpara aumentar a efici\u00eancia do descongelamento.<\/li>\n<li>Adequado para oficinas de processamento de alimentos, supermercados e hot\u00e9is.<\/li>\n<\/ul>\n","protected":false},"featured_media":6906,"comment_status":"open","ping_status":"closed","template":"","meta":{"site-sidebar-layout":"default","site-content-layout":"","ast-site-content-layout":"default","site-content-style":"default","site-sidebar-style":"default","ast-global-header-display":"","ast-banner-title-visibility":"","ast-main-header-display":"","ast-hfb-above-header-display":"","ast-hfb-below-header-display":"","ast-hfb-mobile-header-display":"","site-post-title":"","ast-breadcrumbs-content":"","ast-featured-img":"","footer-sml-layout":"","theme-transparent-header-meta":"default","adv-header-id-meta":"","stick-header-meta":"","header-above-stick-meta":"","header-main-stick-meta":"","header-below-stick-meta":"","astra-migrate-meta-layouts":"default","ast-page-background-enabled":"default","ast-page-background-meta":{"desktop":{"background-color":"var(--ast-global-color-4)","background-image":"","background-repeat":"repeat","background-position":"center center","background-size":"auto","background-attachment":"scroll","background-type":"","background-media":"","overlay-type":"","overlay-color":"","overlay-opacity":"","overlay-gradient":""},"tablet":{"background-color":"","background-image":"","background-repeat":"repeat","background-position":"center center","background-size":"auto","background-attachment":"scroll","background-type":"","background-media":"","overlay-type":"","overlay-color":"","overlay-opacity":"","overlay-gradient":""},"mobile":{"background-color":"","background-image":"","background-repeat":"repeat","background-position":"center center","background-size":"auto","background-attachment":"scroll","background-type":"","background-media":"","overlay-type":"","overlay-color":"","overlay-opacity":"","overlay-gradient":""}},"ast-content-background-meta":{"desktop":{"background-color":"var(--ast-global-color-5)","background-image":"","background-repeat":"repeat","background-position":"center center","background-size":"auto","background-attachment":"scroll","background-type":"","background-media":"","overlay-type":"","overlay-color":"","overlay-opacity":"","overlay-gradient":""},"tablet":{"background-color":"var(--ast-global-color-5)","background-image":"","background-repeat":"repeat","background-position":"center center","background-size":"auto","background-attachment":"scroll","background-type":"","background-media":"","overlay-type":"","overlay-color":"","overlay-opacity":"","overlay-gradient":""},"mobile":{"background-color":"var(--ast-global-color-5)","background-image":"","background-repeat":"repeat","background-position":"center center","background-size":"auto","background-attachment":"scroll","background-type":"","background-media":"","overlay-type":"","overlay-color":"","overlay-opacity":"","overlay-gradient":""}}},"product_brand":[],"product_cat":[88],"product_tag":[],"class_list":{"0":"post-6905","1":"product","2":"type-product","3":"status-publish","4":"has-post-thumbnail","6":"product_cat-evaporador-de-degelo-eletrico-para-camara-fria","7":"desktop-align-left","8":"tablet-align-left","9":"mobile-align-left","11":"first","12":"instock","13":"shipping-taxable","14":"product-type-simple"},"_links":{"self":[{"href":"https:\/\/www.linble-coldroom.com\/pt-br\/wp-json\/wp\/v2\/product\/6905","targetHints":{"allow":["GET"]}}],"collection":[{"href":"https:\/\/www.linble-coldroom.com\/pt-br\/wp-json\/wp\/v2\/product"}],"about":[{"href":"https:\/\/www.linble-coldroom.com\/pt-br\/wp-json\/wp\/v2\/types\/product"}],"replies":[{"embeddable":true,"href":"https:\/\/www.linble-coldroom.com\/pt-br\/wp-json\/wp\/v2\/comments?post=6905"}],"wp:featuredmedia":[{"embeddable":true,"href":"https:\/\/www.linble-coldroom.com\/pt-br\/wp-json\/wp\/v2\/media\/6906"}],"wp:attachment":[{"href":"https:\/\/www.linble-coldroom.com\/pt-br\/wp-json\/wp\/v2\/media?parent=6905"}],"wp:term":[{"taxonomy":"product_brand","embeddable":true,"href":"https:\/\/www.linble-coldroom.com\/pt-br\/wp-json\/wp\/v2\/product_brand?post=6905"},{"taxonomy":"product_cat","embeddable":true,"href":"https:\/\/www.linble-coldroom.com\/pt-br\/wp-json\/wp\/v2\/product_cat?post=6905"},{"taxonomy":"product_tag","embeddable":true,"href":"https:\/\/www.linble-coldroom.com\/pt-br\/wp-json\/wp\/v2\/product_tag?post=6905"}],"curies":[{"name":"wp","href":"https:\/\/api.w.org\/{rel}","templated":true}]}}