{"id":6909,"date":"2025-01-06T10:00:25","date_gmt":"2025-01-06T02:00:25","guid":{"rendered":"https:\/\/www.linble-coldroom.com\/evaporador-de-resfriador\/"},"modified":"2025-01-06T10:00:25","modified_gmt":"2025-01-06T02:00:25","slug":"evaporador-de-resfriador","status":"publish","type":"product","link":"https:\/\/www.linble-coldroom.com\/pt-br\/product\/evaporador-de-resfriador\/","title":{"rendered":"Evaporador de Resfriador"},"content":{"rendered":"<h2>Par\u00e2metros do produto<\/h2>\n<table class=\" aligncenter\">\n<tbody>\n<tr>\n<td width=\"42\">Modelo<\/td>\n<td width=\"48\">Capacidade de refer\u00eancia<br \/>\n(kW)<\/td>\n<td width=\"42\">\u00c1rea de resfriamento<br \/>\n(m\u00b2)<\/td>\n<td width=\"40\">Espa\u00e7amento das aletas<\/td>\n<td width=\"40\">Quantidade de ventiladores<\/td>\n<td width=\"40\">Di\u00e2metro do ventilador<br \/>\n(mm)<\/td>\n<td width=\"40\">Volume do ventilador<br \/>\n(m\u00b3\/h)<\/td>\n<td width=\"40\">Press\u00e3o do ventilador<br \/>\n(Pa)<\/td>\n<td width=\"40\">Motor do ventilador<br \/>\n(n*w)<\/td>\n<td width=\"40\">Fonte de alimenta\u00e7\u00e3o com ventilador<\/td>\n<td width=\"40\">Bobina do aquecedor de degelo<br \/>\n(kW)<\/td>\n<td width=\"40\">Bandeja de capta\u00e7\u00e3o do aquecedor de degelo<br \/>\n(kW)<\/td>\n<td width=\"40\">Fonte de alimenta\u00e7\u00e3o do aquecedor de degelo<\/td>\n<\/tr>\n<tr>\n<td width=\"42\">DL-2.1\/10<\/td>\n<td width=\"48\">2.1<\/td>\n<td width=\"42\">10<\/td>\n<td rowspan=\"29\" width=\"40\">4.5<\/td>\n<td width=\"42\">1<\/td>\n<td width=\"46\">300<\/td>\n<td width=\"42\">1700<\/td>\n<td width=\"48\">98<\/td>\n<td width=\"50\">90<\/td>\n<td rowspan=\"3\" width=\"40\">220\/380V<br \/>\n50Hz<br \/>\n1Ph\/3Ph<\/td>\n<td width=\"45\">0.5<\/td>\n<td width=\"57\">0.5<\/td>\n<td rowspan=\"29\" width=\"35\">220V<br \/>\n50Hz<br \/>\n1Ph<\/td>\n<\/tr>\n<tr>\n<td width=\"42\">DL-3.1\/15<\/td>\n<td width=\"48\">3.1<\/td>\n<td width=\"42\">15<\/td>\n<td width=\"42\">2<\/td>\n<td width=\"46\">300<\/td>\n<td width=\"42\">2*1700<\/td>\n<td width=\"48\">98<\/td>\n<td width=\"50\">2*90<\/td>\n<td width=\"45\">0.7<\/td>\n<td width=\"57\">0.7<\/td>\n<\/tr>\n<tr>\n<td width=\"42\">DL-4.2\/20<\/td>\n<td width=\"48\">4.2<\/td>\n<td width=\"42\">20<\/td>\n<td width=\"42\">2<\/td>\n<td width=\"46\">300<\/td>\n<td width=\"42\">2*1700<\/td>\n<td width=\"48\">98<\/td>\n<td width=\"50\">2*90<\/td>\n<td width=\"45\">0.8<\/td>\n<td width=\"57\">0.8<\/td>\n<\/tr>\n<tr>\n<td width=\"42\">DL-5.2\/25<\/td>\n<td width=\"48\">5.2<\/td>\n<td width=\"42\">25<\/td>\n<td width=\"42\">2<\/td>\n<td width=\"46\">350<\/td>\n<td width=\"42\">2*2200<\/td>\n<td width=\"48\">98<\/td>\n<td width=\"50\">2*140<\/td>\n<td rowspan=\"26\" width=\"40\">380V<br \/>\n50Hz<br \/>\n3Ph<\/td>\n<td width=\"45\">1<\/td>\n<td width=\"57\">1<\/td>\n<\/tr>\n<tr>\n<td width=\"42\">DL-8.2\/40<\/td>\n<td width=\"48\">8.2<\/td>\n<td width=\"42\">40<\/td>\n<td width=\"42\">2<\/td>\n<td width=\"46\">400<\/td>\n<td width=\"42\">2*3400<\/td>\n<td width=\"48\">118<\/td>\n<td width=\"50\">2*180<\/td>\n<td width=\"45\">2.2<\/td>\n<td width=\"57\">1.1<\/td>\n<\/tr>\n<tr>\n<td width=\"42\">DL-11.5\/55<\/td>\n<td width=\"48\">11.5<\/td>\n<td width=\"42\">55<\/td>\n<td width=\"42\">2<\/td>\n<td width=\"46\">400<\/td>\n<td width=\"42\">2*3400<\/td>\n<td width=\"48\">118<\/td>\n<td width=\"50\">2*180<\/td>\n<td width=\"45\">2.2<\/td>\n<td width=\"57\">1.1<\/td>\n<\/tr>\n<tr>\n<td width=\"42\">DL-16.7\/80<\/td>\n<td width=\"48\">16.7<\/td>\n<td width=\"42\">80<\/td>\n<td width=\"42\">2<\/td>\n<td width=\"46\">500<\/td>\n<td width=\"42\">2*600<\/td>\n<td width=\"48\">167<\/td>\n<td width=\"50\">2*550<\/td>\n<td width=\"45\">2.7<\/td>\n<td width=\"57\">1.35<\/td>\n<\/tr>\n<tr>\n<td width=\"42\">DL-22.0\/105<\/td>\n<td width=\"48\">22<\/td>\n<td width=\"42\">105<\/td>\n<td width=\"42\">2<\/td>\n<td width=\"46\">500<\/td>\n<td width=\"42\">2*600<\/td>\n<td width=\"48\">167<\/td>\n<td width=\"50\">2*550<\/td>\n<td width=\"45\">4<\/td>\n<td width=\"57\">1.35<\/td>\n<\/tr>\n<tr>\n<td width=\"42\">DL-25.8\/125<\/td>\n<td width=\"48\">25.8<\/td>\n<td width=\"42\">125<\/td>\n<td width=\"42\">3<\/td>\n<td width=\"46\">500<\/td>\n<td width=\"42\">3*600<\/td>\n<td width=\"48\">167<\/td>\n<td width=\"50\">3*550<\/td>\n<td width=\"45\">7.2<\/td>\n<td width=\"57\">1.8<\/td>\n<\/tr>\n<tr>\n<td width=\"42\">DL-35.6\/160<\/td>\n<td width=\"48\">33.6<\/td>\n<td width=\"42\">160<\/td>\n<td width=\"42\">3<\/td>\n<td width=\"46\">500<\/td>\n<td width=\"42\">3*600<\/td>\n<td width=\"48\">167<\/td>\n<td width=\"50\">3*550<\/td>\n<td width=\"45\">8.8<\/td>\n<td width=\"57\">2.2<\/td>\n<\/tr>\n<tr>\n<td width=\"42\">DL-38.7\/185<\/td>\n<td width=\"48\">38.7<\/td>\n<td width=\"42\">185<\/td>\n<td width=\"42\">4<\/td>\n<td width=\"46\">500<\/td>\n<td width=\"42\">4*600<\/td>\n<td width=\"48\">167<\/td>\n<td width=\"50\">4*550<\/td>\n<td width=\"45\">10<\/td>\n<td width=\"57\">2.5<\/td>\n<\/tr>\n<tr>\n<td width=\"42\">DL-44.0\/210<\/td>\n<td width=\"48\">44<\/td>\n<td width=\"42\">210<\/td>\n<td width=\"42\">4<\/td>\n<td width=\"46\">500<\/td>\n<td width=\"42\">4*600<\/td>\n<td width=\"48\">167<\/td>\n<td width=\"50\">4*550<\/td>\n<td width=\"45\">11.2<\/td>\n<td width=\"57\">2.8<\/td>\n<\/tr>\n<tr>\n<td width=\"42\">DL-52.9\/260(A)<\/td>\n<td width=\"48\">52.9<\/td>\n<td width=\"42\">260<\/td>\n<td width=\"42\">4<\/td>\n<td width=\"46\">500<\/td>\n<td width=\"42\">4*6000<\/td>\n<td width=\"48\">167<\/td>\n<td width=\"50\">4*550<\/td>\n<td width=\"45\">14<\/td>\n<td width=\"57\">2.8<\/td>\n<\/tr>\n<tr>\n<td width=\"42\">DL-52.9\/260(B)<\/td>\n<td width=\"48\">52.9<\/td>\n<td width=\"42\">260<\/td>\n<td width=\"42\">2<\/td>\n<td width=\"46\">600<\/td>\n<td width=\"42\">2*10000<\/td>\n<td width=\"48\">200<\/td>\n<td width=\"50\">2*1100<\/td>\n<td width=\"45\">12.6<\/td>\n<td width=\"57\">1.8<\/td>\n<\/tr>\n<tr>\n<td width=\"42\">DL-67.2\/330(A)<\/td>\n<td width=\"48\">67.2<\/td>\n<td width=\"42\">330<\/td>\n<td width=\"42\">4<\/td>\n<td width=\"46\">550<\/td>\n<td width=\"42\">4*7500<\/td>\n<td width=\"48\">180<\/td>\n<td width=\"50\">4*750<\/td>\n<td width=\"45\">16.8<\/td>\n<td width=\"57\">2.8<\/td>\n<\/tr>\n<tr>\n<td width=\"42\">DL-67.2\/330(B)<\/td>\n<td width=\"48\">67.2<\/td>\n<td width=\"42\">330<\/td>\n<td width=\"42\">3<\/td>\n<td width=\"46\">600<\/td>\n<td width=\"42\">3*10000<\/td>\n<td width=\"48\">200<\/td>\n<td width=\"50\">3*1100<\/td>\n<td width=\"45\">15.5<\/td>\n<td width=\"57\">2.2<\/td>\n<\/tr>\n<tr>\n<td width=\"42\">DL-83.4\/410<\/td>\n<td width=\"48\">83.4<\/td>\n<td width=\"42\">410<\/td>\n<td width=\"42\">3<\/td>\n<td width=\"46\">600<\/td>\n<td width=\"42\">3*10000<\/td>\n<td width=\"48\">200<\/td>\n<td width=\"50\">3*1100<\/td>\n<td width=\"45\">18.2<\/td>\n<td width=\"57\">2.6<\/td>\n<\/tr>\n<tr>\n<td width=\"42\">DL-86.0\/440<\/td>\n<td width=\"48\">86<\/td>\n<td width=\"42\">440<\/td>\n<td width=\"42\">3<\/td>\n<td width=\"46\">600<\/td>\n<td width=\"42\">3*10000<\/td>\n<td width=\"48\">200<\/td>\n<td width=\"50\">3*1100<\/td>\n<td width=\"45\">19.6<\/td>\n<td width=\"57\">2.8<\/td>\n<\/tr>\n<tr>\n<td width=\"42\">DL-91.0\/460<\/td>\n<td width=\"48\">91<\/td>\n<td width=\"42\">460<\/td>\n<td width=\"42\">3<\/td>\n<td width=\"46\">650<\/td>\n<td width=\"42\">3*12000<\/td>\n<td width=\"48\">210<\/td>\n<td width=\"50\">3*2200<\/td>\n<td width=\"45\">20.8<\/td>\n<td width=\"57\">2.6<\/td>\n<\/tr>\n<tr>\n<td width=\"42\">DL-97.5\/500<\/td>\n<td width=\"48\">97.5<\/td>\n<td width=\"42\">500<\/td>\n<td width=\"42\">3<\/td>\n<td width=\"46\">650<\/td>\n<td width=\"42\">4*12000<\/td>\n<td width=\"48\">210<\/td>\n<td width=\"50\">3*2200<\/td>\n<td width=\"45\">22.4<\/td>\n<td width=\"57\">2.8<\/td>\n<\/tr>\n<tr>\n<td width=\"42\">DL-105.0\/540<\/td>\n<td width=\"48\">105<\/td>\n<td width=\"42\">540<\/td>\n<td width=\"42\">4<\/td>\n<td width=\"46\">600<\/td>\n<td width=\"42\">4*10000<\/td>\n<td width=\"48\">200<\/td>\n<td width=\"50\">4*1100<\/td>\n<td width=\"45\">22.4<\/td>\n<td width=\"57\">2.8<\/td>\n<\/tr>\n<tr>\n<td width=\"42\">DL-111.0\/570<\/td>\n<td width=\"48\">111<\/td>\n<td width=\"42\">570<\/td>\n<td width=\"42\">4<\/td>\n<td width=\"46\">600<\/td>\n<td width=\"42\">4*10000<\/td>\n<td width=\"48\">200<\/td>\n<td width=\"50\">4*1100<\/td>\n<td width=\"45\">22.4<\/td>\n<td width=\"57\">2.8<\/td>\n<\/tr>\n<tr>\n<td width=\"42\">DL-117.0\/600<\/td>\n<td width=\"48\">117<\/td>\n<td width=\"42\">600<\/td>\n<td width=\"42\">4<\/td>\n<td width=\"46\">650<\/td>\n<td width=\"42\">4*12000<\/td>\n<td width=\"48\">210<\/td>\n<td width=\"50\">4*2200<\/td>\n<td width=\"45\">25.2<\/td>\n<td width=\"57\">2.8<\/td>\n<\/tr>\n<tr>\n<td width=\"42\">DL-125.0\/640<\/td>\n<td width=\"48\">125<\/td>\n<td width=\"42\">640<\/td>\n<td width=\"42\">4<\/td>\n<td width=\"46\">650<\/td>\n<td width=\"42\">4*12000<\/td>\n<td width=\"48\">210<\/td>\n<td width=\"50\">4*2200<\/td>\n<td width=\"45\">25.2<\/td>\n<td width=\"57\">2.8<\/td>\n<\/tr>\n<tr>\n<td width=\"42\">DL-129.0\/665<\/td>\n<td width=\"48\">129<\/td>\n<td width=\"42\">665<\/td>\n<td width=\"42\">4<\/td>\n<td width=\"46\">650<\/td>\n<td width=\"42\">4*12000<\/td>\n<td width=\"48\">210<\/td>\n<td width=\"50\">4*2200<\/td>\n<td width=\"45\">25.2<\/td>\n<td width=\"57\">2.8<\/td>\n<\/tr>\n<tr>\n<td width=\"42\">DL-133.0\/700<\/td>\n<td width=\"48\">133<\/td>\n<td width=\"42\">700<\/td>\n<td width=\"42\">4<\/td>\n<td width=\"46\">650<\/td>\n<td width=\"42\">4*12000<\/td>\n<td width=\"48\">210<\/td>\n<td width=\"50\">4*2200<\/td>\n<td width=\"45\">28<\/td>\n<td width=\"57\">5.6<\/td>\n<\/tr>\n<tr>\n<td width=\"42\">DL-140.0\/735<\/td>\n<td width=\"48\">140<\/td>\n<td width=\"42\">735<\/td>\n<td width=\"42\">4<\/td>\n<td width=\"46\">650<\/td>\n<td width=\"42\">4*12000<\/td>\n<td width=\"48\">210<\/td>\n<td width=\"50\">4*2200<\/td>\n<td width=\"45\">28<\/td>\n<td width=\"57\">5.6<\/td>\n<\/tr>\n<tr>\n<td width=\"42\">DL-147.0\/775<\/td>\n<td width=\"48\">147<\/td>\n<td width=\"42\">775<\/td>\n<td width=\"42\">4<\/td>\n<td width=\"46\">650<\/td>\n<td width=\"42\">4*12000<\/td>\n<td width=\"48\">210<\/td>\n<td width=\"50\">4*2200<\/td>\n<td width=\"45\">33.5<\/td>\n<td width=\"57\">5.6<\/td>\n<\/tr>\n<tr>\n<td width=\"42\">DL-152.0\/800<\/td>\n<td width=\"48\">152<\/td>\n<td width=\"42\">800<\/td>\n<td width=\"42\">4<\/td>\n<td width=\"46\">650<\/td>\n<td width=\"42\">4*12000<\/td>\n<td width=\"48\">210<\/td>\n<td width=\"50\">4*2200<\/td>\n<td width=\"45\">33.5<\/td>\n<td width=\"57\">5.6<\/td>\n<\/tr>\n<\/tbody>\n<\/table>\n","protected":false},"excerpt":{"rendered":"<ul>\n<li>Projetado para c\u00e2maras frias com temperaturas de -5\u00b0C a 5\u00b0C.<\/li>\n<li>Capacidade de troca de calor de 2,1 kW a 152 kW.<\/li>\n<li>O espa\u00e7o de resfriamento varia de 10 \u33a1 a 800 \u33a1.<\/li>\n<li>O espa\u00e7amento das aletas de 4,5 mm aumenta a efici\u00eancia da transfer\u00eancia de calor e a capacidade de resfriamento.<\/li>\n<li>Apresenta uma estrutura bem projetada, garantindo cobertura uniforme e troca de calor eficiente.<\/li>\n<li>A estrutura \u00e9 constru\u00edda em a\u00e7o de alta qualidade com revestimento pl\u00e1stico resistente \u00e0 corros\u00e3o.<\/li>\n<\/ul>\n","protected":false},"featured_media":6910,"comment_status":"open","ping_status":"closed","template":"","meta":{"site-sidebar-layout":"default","site-content-layout":"","ast-site-content-layout":"default","site-content-style":"default","site-sidebar-style":"default","ast-global-header-display":"","ast-banner-title-visibility":"","ast-main-header-display":"","ast-hfb-above-header-display":"","ast-hfb-below-header-display":"","ast-hfb-mobile-header-display":"","site-post-title":"","ast-breadcrumbs-content":"","ast-featured-img":"","footer-sml-layout":"","theme-transparent-header-meta":"default","adv-header-id-meta":"","stick-header-meta":"","header-above-stick-meta":"","header-main-stick-meta":"","header-below-stick-meta":"","astra-migrate-meta-layouts":"default","ast-page-background-enabled":"default","ast-page-background-meta":{"desktop":{"background-color":"var(--ast-global-color-4)","background-image":"","background-repeat":"repeat","background-position":"center center","background-size":"auto","background-attachment":"scroll","background-type":"","background-media":"","overlay-type":"","overlay-color":"","overlay-opacity":"","overlay-gradient":""},"tablet":{"background-color":"","background-image":"","background-repeat":"repeat","background-position":"center center","background-size":"auto","background-attachment":"scroll","background-type":"","background-media":"","overlay-type":"","overlay-color":"","overlay-opacity":"","overlay-gradient":""},"mobile":{"background-color":"","background-image":"","background-repeat":"repeat","background-position":"center center","background-size":"auto","background-attachment":"scroll","background-type":"","background-media":"","overlay-type":"","overlay-color":"","overlay-opacity":"","overlay-gradient":""}},"ast-content-background-meta":{"desktop":{"background-color":"var(--ast-global-color-5)","background-image":"","background-repeat":"repeat","background-position":"center center","background-size":"auto","background-attachment":"scroll","background-type":"","background-media":"","overlay-type":"","overlay-color":"","overlay-opacity":"","overlay-gradient":""},"tablet":{"background-color":"var(--ast-global-color-5)","background-image":"","background-repeat":"repeat","background-position":"center center","background-size":"auto","background-attachment":"scroll","background-type":"","background-media":"","overlay-type":"","overlay-color":"","overlay-opacity":"","overlay-gradient":""},"mobile":{"background-color":"var(--ast-global-color-5)","background-image":"","background-repeat":"repeat","background-position":"center center","background-size":"auto","background-attachment":"scroll","background-type":"","background-media":"","overlay-type":"","overlay-color":"","overlay-opacity":"","overlay-gradient":""}}},"product_brand":[],"product_cat":[88],"product_tag":[],"class_list":{"0":"post-6909","1":"product","2":"type-product","3":"status-publish","4":"has-post-thumbnail","6":"product_cat-evaporador-de-degelo-eletrico-para-camara-fria","7":"desktop-align-left","8":"tablet-align-left","9":"mobile-align-left","11":"first","12":"instock","13":"shipping-taxable","14":"product-type-simple"},"_links":{"self":[{"href":"https:\/\/www.linble-coldroom.com\/pt-br\/wp-json\/wp\/v2\/product\/6909","targetHints":{"allow":["GET"]}}],"collection":[{"href":"https:\/\/www.linble-coldroom.com\/pt-br\/wp-json\/wp\/v2\/product"}],"about":[{"href":"https:\/\/www.linble-coldroom.com\/pt-br\/wp-json\/wp\/v2\/types\/product"}],"replies":[{"embeddable":true,"href":"https:\/\/www.linble-coldroom.com\/pt-br\/wp-json\/wp\/v2\/comments?post=6909"}],"wp:featuredmedia":[{"embeddable":true,"href":"https:\/\/www.linble-coldroom.com\/pt-br\/wp-json\/wp\/v2\/media\/6910"}],"wp:attachment":[{"href":"https:\/\/www.linble-coldroom.com\/pt-br\/wp-json\/wp\/v2\/media?parent=6909"}],"wp:term":[{"taxonomy":"product_brand","embeddable":true,"href":"https:\/\/www.linble-coldroom.com\/pt-br\/wp-json\/wp\/v2\/product_brand?post=6909"},{"taxonomy":"product_cat","embeddable":true,"href":"https:\/\/www.linble-coldroom.com\/pt-br\/wp-json\/wp\/v2\/product_cat?post=6909"},{"taxonomy":"product_tag","embeddable":true,"href":"https:\/\/www.linble-coldroom.com\/pt-br\/wp-json\/wp\/v2\/product_tag?post=6909"}],"curies":[{"name":"wp","href":"https:\/\/api.w.org\/{rel}","templated":true}]}}