{"id":6911,"date":"2025-01-06T12:00:49","date_gmt":"2025-01-06T04:00:49","guid":{"rendered":"https:\/\/www.linble-coldroom.com\/evaporador-de-congelamento-rapido\/"},"modified":"2025-01-06T12:00:49","modified_gmt":"2025-01-06T04:00:49","slug":"evaporador-de-congelamento-rapido","status":"publish","type":"product","link":"https:\/\/www.linble-coldroom.com\/pt-br\/product\/evaporador-de-congelamento-rapido\/","title":{"rendered":"Evaporador de Congelamento R\u00e1pido"},"content":{"rendered":"<h2>Par\u00e2metros do produto<\/h2>\n<table>\n<tbody>\n<tr>\n<td width=\"69\">Modelo<\/td>\n<td width=\"55\">Capacidade de refer\u00eancia<br \/>\n(kW)<\/td>\n<td width=\"36\">\u00c1rea de resfriamento<br \/>\n(m\u00b2)<\/td>\n<td width=\"37\">Espa\u00e7amento das aletas<\/td>\n<td width=\"41\">Quantidade de ventiladores<\/td>\n<td width=\"44\">Di\u00e2metro do ventilador<br \/>\n(mm)<\/td>\n<td width=\"41\">Volume do ventilador<br \/>\n(m\u00b3\/h)<\/td>\n<td width=\"41\">Press\u00e3o do ventilador<br \/>\n(Pa)<\/td>\n<td width=\"36\">Motor do ventilador<br \/>\n(n*w)<\/td>\n<td width=\"46\">Fonte de alimenta\u00e7\u00e3o com ventilador<\/td>\n<td width=\"24\">Bobina do aquecedor de degelo<br \/>\n(kW)<\/td>\n<td width=\"51\">Bandeja de capta\u00e7\u00e3o do aquecedor de degelo<br \/>\n(kW)<\/td>\n<td width=\"33\">Fonte de alimenta\u00e7\u00e3o do aquecedor de degelo<\/td>\n<\/tr>\n<tr>\n<td width=\"69\">DJ-1.2\/7<\/td>\n<td width=\"55\">1.2<\/td>\n<td width=\"36\">7<\/td>\n<td rowspan=\"28\" width=\"37\">9<\/td>\n<td width=\"41\">2<\/td>\n<td width=\"44\">300<\/td>\n<td width=\"41\">1700<\/td>\n<td width=\"41\">98<\/td>\n<td width=\"36\">2*90<\/td>\n<td rowspan=\"3\" width=\"46\">220\/380V<br \/>\n50Hz<br \/>\n1Ph\/3Ph<\/td>\n<td width=\"24\">0.7<\/td>\n<td width=\"51\">0.7<\/td>\n<td rowspan=\"28\" width=\"33\">220V<br \/>\n50Hz<br \/>\n1Ph<\/td>\n<\/tr>\n<tr>\n<td width=\"69\">DJ-1.32\/10<\/td>\n<td width=\"55\">1.32<\/td>\n<td width=\"36\">10<\/td>\n<td width=\"41\">2<\/td>\n<td width=\"44\">300<\/td>\n<td width=\"41\">2*1700<\/td>\n<td width=\"41\">98<\/td>\n<td width=\"36\">2*140<\/td>\n<td width=\"24\">0.8<\/td>\n<td width=\"51\">0.8<\/td>\n<\/tr>\n<tr>\n<td width=\"69\">DJ-2.3\/15<\/td>\n<td width=\"55\">2.3<\/td>\n<td width=\"36\">15<\/td>\n<td width=\"41\">2<\/td>\n<td width=\"44\">350<\/td>\n<td width=\"41\">2*1700<\/td>\n<td width=\"41\">98<\/td>\n<td width=\"36\">2*140<\/td>\n<td width=\"24\">1<\/td>\n<td width=\"51\">1<\/td>\n<\/tr>\n<tr>\n<td width=\"69\">DJ-4.0\/20<\/td>\n<td width=\"55\">4<\/td>\n<td width=\"36\">20<\/td>\n<td width=\"41\">2<\/td>\n<td width=\"44\">400<\/td>\n<td width=\"41\">2*2200<\/td>\n<td width=\"41\">98<\/td>\n<td width=\"36\">2*180<\/td>\n<td rowspan=\"25\" width=\"46\">380V<br \/>\n50Hz<br \/>\n3Ph<\/td>\n<td width=\"24\">2.2<\/td>\n<td width=\"51\">1.1<\/td>\n<\/tr>\n<tr>\n<td width=\"69\">DJ-5.1\/30<\/td>\n<td width=\"55\">5.1<\/td>\n<td width=\"36\">30<\/td>\n<td width=\"41\">2<\/td>\n<td width=\"44\">400<\/td>\n<td width=\"41\">2*3400<\/td>\n<td width=\"41\">118<\/td>\n<td width=\"36\">2*180<\/td>\n<td width=\"24\">2.2<\/td>\n<td width=\"51\">1.1<\/td>\n<\/tr>\n<tr>\n<td width=\"69\">DJ-7.8\/40<\/td>\n<td width=\"55\">7.8<\/td>\n<td width=\"36\">40<\/td>\n<td width=\"41\">2<\/td>\n<td width=\"44\">500<\/td>\n<td width=\"41\">2*3400<\/td>\n<td width=\"41\">118<\/td>\n<td width=\"36\">2*550<\/td>\n<td width=\"24\">4<\/td>\n<td width=\"51\">1.4<\/td>\n<\/tr>\n<tr>\n<td width=\"69\">DJ-9.5\/55<\/td>\n<td width=\"55\">9.5<\/td>\n<td width=\"36\">55<\/td>\n<td width=\"41\">2<\/td>\n<td width=\"44\">500<\/td>\n<td width=\"41\">2*6000<\/td>\n<td width=\"41\">167<\/td>\n<td width=\"36\">2*550<\/td>\n<td width=\"24\">5.4<\/td>\n<td width=\"51\">1.4<\/td>\n<\/tr>\n<tr>\n<td width=\"69\">DJ-12.8\/70<\/td>\n<td width=\"55\">9.5<\/td>\n<td width=\"36\">70<\/td>\n<td width=\"41\">3<\/td>\n<td width=\"44\">500<\/td>\n<td width=\"41\">2*6000<\/td>\n<td width=\"41\">167<\/td>\n<td width=\"36\">3*550<\/td>\n<td width=\"24\">9<\/td>\n<td width=\"51\">1.8<\/td>\n<\/tr>\n<tr>\n<td width=\"69\">DJ-15.7\/85<\/td>\n<td width=\"55\">12.8<\/td>\n<td width=\"36\">85<\/td>\n<td width=\"41\">3<\/td>\n<td width=\"44\">500<\/td>\n<td width=\"41\">3*6000<\/td>\n<td width=\"41\">167<\/td>\n<td width=\"36\">3*550<\/td>\n<td width=\"24\">11<\/td>\n<td width=\"51\">2.2<\/td>\n<\/tr>\n<tr>\n<td width=\"69\">DJ-18.5\/100<\/td>\n<td width=\"55\">15.7<\/td>\n<td width=\"36\">100<\/td>\n<td width=\"41\">4<\/td>\n<td width=\"44\">500<\/td>\n<td width=\"41\">3*6000<\/td>\n<td width=\"41\">167<\/td>\n<td width=\"36\">4*550<\/td>\n<td width=\"24\">12.5<\/td>\n<td width=\"51\">2.5<\/td>\n<\/tr>\n<tr>\n<td width=\"69\">DJ-21.6\/115<\/td>\n<td width=\"55\">18.5<\/td>\n<td width=\"36\">115<\/td>\n<td width=\"41\">4<\/td>\n<td width=\"44\">500<\/td>\n<td width=\"41\">4*6000<\/td>\n<td width=\"41\">167<\/td>\n<td width=\"36\">4*550<\/td>\n<td width=\"24\">14<\/td>\n<td width=\"51\">2.8<\/td>\n<\/tr>\n<tr>\n<td width=\"69\">DJ-23.8\/140(A)<\/td>\n<td width=\"55\">21.6<\/td>\n<td width=\"36\">140<\/td>\n<td width=\"41\">4<\/td>\n<td width=\"44\">500<\/td>\n<td width=\"41\">4*6000<\/td>\n<td width=\"41\">167<\/td>\n<td width=\"36\">4*550<\/td>\n<td width=\"24\">16.8<\/td>\n<td width=\"51\">2.8<\/td>\n<\/tr>\n<tr>\n<td width=\"69\">DJ-23.8\/140(B)<\/td>\n<td width=\"55\">23.8<\/td>\n<td width=\"36\">140<\/td>\n<td width=\"41\">2<\/td>\n<td width=\"44\">600<\/td>\n<td width=\"41\">2*10000<\/td>\n<td width=\"41\">200<\/td>\n<td width=\"36\">2*1500<\/td>\n<td width=\"24\">14.4<\/td>\n<td width=\"51\">1.8<\/td>\n<\/tr>\n<tr>\n<td width=\"69\">DJ-29.0\/170(A)<\/td>\n<td width=\"55\">23.8<\/td>\n<td width=\"36\">170<\/td>\n<td width=\"41\">4<\/td>\n<td width=\"44\">550<\/td>\n<td width=\"41\">4*7500<\/td>\n<td width=\"41\">180<\/td>\n<td width=\"36\">4*750<\/td>\n<td width=\"24\">19.6<\/td>\n<td width=\"51\">2.8<\/td>\n<\/tr>\n<tr>\n<td width=\"69\">DJ-29.0\/170(B)<\/td>\n<td width=\"55\">29<\/td>\n<td width=\"36\">170<\/td>\n<td width=\"41\">3<\/td>\n<td width=\"44\">600<\/td>\n<td width=\"41\">3*10000<\/td>\n<td width=\"41\">200<\/td>\n<td width=\"36\">3*1500<\/td>\n<td width=\"24\">17.6<\/td>\n<td width=\"51\">2.4<\/td>\n<\/tr>\n<tr>\n<td width=\"69\">DJ-35.9\/210<\/td>\n<td width=\"55\">35.9<\/td>\n<td width=\"36\">210<\/td>\n<td width=\"41\">3<\/td>\n<td width=\"44\">600<\/td>\n<td width=\"41\">4*7500<\/td>\n<td width=\"41\">180<\/td>\n<td width=\"36\">3*1500<\/td>\n<td width=\"24\">20.8<\/td>\n<td width=\"51\">2.6<\/td>\n<\/tr>\n<tr>\n<td width=\"69\">DJ-38.0\/225<\/td>\n<td width=\"55\">38<\/td>\n<td width=\"36\">225<\/td>\n<td width=\"41\">3<\/td>\n<td width=\"44\">600<\/td>\n<td width=\"41\">3*10000<\/td>\n<td width=\"41\">200<\/td>\n<td width=\"36\">3*1500<\/td>\n<td width=\"24\">22.4<\/td>\n<td width=\"51\">2.8<\/td>\n<\/tr>\n<tr>\n<td width=\"69\">DJ-39.8\/235<\/td>\n<td width=\"55\">39.8<\/td>\n<td width=\"36\">235<\/td>\n<td width=\"41\">3<\/td>\n<td width=\"44\">650<\/td>\n<td width=\"41\">3*10000<\/td>\n<td width=\"41\">200<\/td>\n<td width=\"36\">3*2200<\/td>\n<td width=\"24\">26<\/td>\n<td width=\"51\">2.6<\/td>\n<\/tr>\n<tr>\n<td width=\"69\">DJ-43.2\/255<\/td>\n<td width=\"55\">43.2<\/td>\n<td width=\"36\">255<\/td>\n<td width=\"41\">3<\/td>\n<td width=\"44\">650<\/td>\n<td width=\"41\">3*12000<\/td>\n<td width=\"41\">210<\/td>\n<td width=\"36\">3*2200<\/td>\n<td width=\"24\">28<\/td>\n<td width=\"51\">2.8<\/td>\n<\/tr>\n<tr>\n<td width=\"69\">D]-47.6\/280<\/td>\n<td width=\"55\">47.6<\/td>\n<td width=\"36\">280<\/td>\n<td width=\"41\">3<\/td>\n<td width=\"44\">600<\/td>\n<td width=\"41\">3*12000<\/td>\n<td width=\"41\">210<\/td>\n<td width=\"36\">4*1500<\/td>\n<td width=\"24\">28<\/td>\n<td width=\"51\">2.8<\/td>\n<\/tr>\n<tr>\n<td width=\"69\">DJ-50.0\/295<\/td>\n<td width=\"55\">50<\/td>\n<td width=\"36\">295<\/td>\n<td width=\"41\">4<\/td>\n<td width=\"44\">600<\/td>\n<td width=\"41\">4*10000<\/td>\n<td width=\"41\">200<\/td>\n<td width=\"36\">4*1500<\/td>\n<td width=\"24\">28<\/td>\n<td width=\"51\">2.8<\/td>\n<\/tr>\n<tr>\n<td width=\"69\">DJ-52.7\/310<\/td>\n<td width=\"55\">52.7<\/td>\n<td width=\"36\">310<\/td>\n<td width=\"41\">4<\/td>\n<td width=\"44\">650<\/td>\n<td width=\"41\">4*10000<\/td>\n<td width=\"41\">200<\/td>\n<td width=\"36\">4*2200<\/td>\n<td width=\"24\">31<\/td>\n<td width=\"51\">2.8<\/td>\n<\/tr>\n<tr>\n<td width=\"69\">DJ-56.0\/330<\/td>\n<td width=\"55\">56<\/td>\n<td width=\"36\">330<\/td>\n<td width=\"41\">4<\/td>\n<td width=\"44\">650<\/td>\n<td width=\"41\">4*12000<\/td>\n<td width=\"41\">210<\/td>\n<td width=\"36\">4*2200<\/td>\n<td width=\"24\">31<\/td>\n<td width=\"51\">2.8<\/td>\n<\/tr>\n<tr>\n<td width=\"69\">DJ-58.5\/345<\/td>\n<td width=\"55\">58.5<\/td>\n<td width=\"36\">345<\/td>\n<td width=\"41\">4<\/td>\n<td width=\"44\">650<\/td>\n<td width=\"41\">4*12000<\/td>\n<td width=\"41\">210<\/td>\n<td width=\"36\">4*2200<\/td>\n<td width=\"24\">31<\/td>\n<td width=\"51\">2.8<\/td>\n<\/tr>\n<tr>\n<td width=\"69\">DJ-60.0\/365<\/td>\n<td width=\"55\">60<\/td>\n<td width=\"36\">365<\/td>\n<td width=\"41\">4<\/td>\n<td width=\"44\">650<\/td>\n<td width=\"41\">4*12000<\/td>\n<td width=\"41\">210<\/td>\n<td width=\"36\">4*2200<\/td>\n<td width=\"24\">35.4<\/td>\n<td width=\"51\">5.6<\/td>\n<\/tr>\n<tr>\n<td width=\"69\">DJ-63.0\/380<\/td>\n<td width=\"55\">63<\/td>\n<td width=\"36\">380<\/td>\n<td width=\"41\">4<\/td>\n<td width=\"44\">650<\/td>\n<td width=\"41\">4*12000<\/td>\n<td width=\"41\">210<\/td>\n<td width=\"36\">4*2200<\/td>\n<td width=\"24\">35.4<\/td>\n<td width=\"51\">5.6<\/td>\n<\/tr>\n<tr>\n<td width=\"69\">DJ-66.0\/400<\/td>\n<td width=\"55\">66<\/td>\n<td width=\"36\">400<\/td>\n<td width=\"41\">4<\/td>\n<td width=\"44\">650<\/td>\n<td width=\"41\">4*12000<\/td>\n<td width=\"41\">210<\/td>\n<td width=\"36\">4*2200<\/td>\n<td width=\"24\">40<\/td>\n<td width=\"51\">5.6<\/td>\n<\/tr>\n<tr>\n<td width=\"69\">DJ-68.0\/415<\/td>\n<td width=\"55\">68<\/td>\n<td width=\"36\">415<\/td>\n<td width=\"41\">4<\/td>\n<td width=\"44\">650<\/td>\n<td width=\"41\">4*12000<\/td>\n<td width=\"41\">210<\/td>\n<td width=\"36\">4*2200<\/td>\n<td width=\"24\">40<\/td>\n<td width=\"51\">5.6<\/td>\n<\/tr>\n<\/tbody>\n<\/table>\n","protected":false},"excerpt":{"rendered":"<ul>\n<li>Usado em c\u00e2maras frias de congelamento r\u00e1pido de -35\u00b0C a -25\u00b0C<\/li>\n<li>A \u00e1rea de resfriamento varia de 7 a 415\u33a1 para atender \u00e0s necessidades de diferentes espa\u00e7os.<\/li>\n<li>Capacidade de troca de calor de 1,2 kW a 68 kW.<\/li>\n<li>O espa\u00e7amento das aletas \u00e9 de 9 mm, ideal para condi\u00e7\u00f5es de alta umidade ou propensas \u00e0 geada.<\/li>\n<li>Utilize tubos de cobre inoxid\u00e1vel em forma de U colocados uniformemente dentro das aletas, reduzindo o tempo de descongelamento.<\/li>\n<li>Testado a uma press\u00e3o de ar de 2,5 MPa, garantindo alta estanqueidade e confiabilidade.<\/li>\n<\/ul>\n","protected":false},"featured_media":6912,"comment_status":"open","ping_status":"closed","template":"","meta":{"site-sidebar-layout":"default","site-content-layout":"","ast-site-content-layout":"default","site-content-style":"default","site-sidebar-style":"default","ast-global-header-display":"","ast-banner-title-visibility":"","ast-main-header-display":"","ast-hfb-above-header-display":"","ast-hfb-below-header-display":"","ast-hfb-mobile-header-display":"","site-post-title":"","ast-breadcrumbs-content":"","ast-featured-img":"","footer-sml-layout":"","theme-transparent-header-meta":"default","adv-header-id-meta":"","stick-header-meta":"","header-above-stick-meta":"","header-main-stick-meta":"","header-below-stick-meta":"","astra-migrate-meta-layouts":"default","ast-page-background-enabled":"default","ast-page-background-meta":{"desktop":{"background-color":"var(--ast-global-color-4)","background-image":"","background-repeat":"repeat","background-position":"center center","background-size":"auto","background-attachment":"scroll","background-type":"","background-media":"","overlay-type":"","overlay-color":"","overlay-opacity":"","overlay-gradient":""},"tablet":{"background-color":"","background-image":"","background-repeat":"repeat","background-position":"center center","background-size":"auto","background-attachment":"scroll","background-type":"","background-media":"","overlay-type":"","overlay-color":"","overlay-opacity":"","overlay-gradient":""},"mobile":{"background-color":"","background-image":"","background-repeat":"repeat","background-position":"center center","background-size":"auto","background-attachment":"scroll","background-type":"","background-media":"","overlay-type":"","overlay-color":"","overlay-opacity":"","overlay-gradient":""}},"ast-content-background-meta":{"desktop":{"background-color":"var(--ast-global-color-5)","background-image":"","background-repeat":"repeat","background-position":"center center","background-size":"auto","background-attachment":"scroll","background-type":"","background-media":"","overlay-type":"","overlay-color":"","overlay-opacity":"","overlay-gradient":""},"tablet":{"background-color":"var(--ast-global-color-5)","background-image":"","background-repeat":"repeat","background-position":"center center","background-size":"auto","background-attachment":"scroll","background-type":"","background-media":"","overlay-type":"","overlay-color":"","overlay-opacity":"","overlay-gradient":""},"mobile":{"background-color":"var(--ast-global-color-5)","background-image":"","background-repeat":"repeat","background-position":"center center","background-size":"auto","background-attachment":"scroll","background-type":"","background-media":"","overlay-type":"","overlay-color":"","overlay-opacity":"","overlay-gradient":""}}},"product_brand":[],"product_cat":[88],"product_tag":[],"class_list":{"0":"post-6911","1":"product","2":"type-product","3":"status-publish","4":"has-post-thumbnail","6":"product_cat-evaporador-de-degelo-eletrico-para-camara-fria","7":"desktop-align-left","8":"tablet-align-left","9":"mobile-align-left","11":"first","12":"instock","13":"shipping-taxable","14":"product-type-simple"},"_links":{"self":[{"href":"https:\/\/www.linble-coldroom.com\/pt-br\/wp-json\/wp\/v2\/product\/6911","targetHints":{"allow":["GET"]}}],"collection":[{"href":"https:\/\/www.linble-coldroom.com\/pt-br\/wp-json\/wp\/v2\/product"}],"about":[{"href":"https:\/\/www.linble-coldroom.com\/pt-br\/wp-json\/wp\/v2\/types\/product"}],"replies":[{"embeddable":true,"href":"https:\/\/www.linble-coldroom.com\/pt-br\/wp-json\/wp\/v2\/comments?post=6911"}],"wp:featuredmedia":[{"embeddable":true,"href":"https:\/\/www.linble-coldroom.com\/pt-br\/wp-json\/wp\/v2\/media\/6912"}],"wp:attachment":[{"href":"https:\/\/www.linble-coldroom.com\/pt-br\/wp-json\/wp\/v2\/media?parent=6911"}],"wp:term":[{"taxonomy":"product_brand","embeddable":true,"href":"https:\/\/www.linble-coldroom.com\/pt-br\/wp-json\/wp\/v2\/product_brand?post=6911"},{"taxonomy":"product_cat","embeddable":true,"href":"https:\/\/www.linble-coldroom.com\/pt-br\/wp-json\/wp\/v2\/product_cat?post=6911"},{"taxonomy":"product_tag","embeddable":true,"href":"https:\/\/www.linble-coldroom.com\/pt-br\/wp-json\/wp\/v2\/product_tag?post=6911"}],"curies":[{"name":"wp","href":"https:\/\/api.w.org\/{rel}","templated":true}]}}