{"id":11284,"date":"2025-01-13T17:34:45","date_gmt":"2025-01-13T09:34:45","guid":{"rendered":"https:\/\/www.linble-coldroom.com\/box-v-type-condensing-units-up-and-down-whole\/"},"modified":"2026-05-14T22:53:33","modified_gmt":"2026-05-14T14:53:33","slug":"kutu-v-tipi-yogusmali-uniteler-yukari-ve-asagi-butun","status":"publish","type":"product","link":"https:\/\/www.linble-coldroom.com\/tr\/kutu-v-tipi-yogusmali-uniteler-yukari-ve-asagi-tam\/","title":{"rendered":"Kutu V Tipi Yo\u011fu\u015fmal\u0131 \u00dcniteler (Yukar\u0131 ve A\u015fa\u011f\u0131 Tam)"},"content":{"rendered":"<h2>V Tipi Kondansat\u00f6r Parametreleri<\/h2>\n<table>\n<tbody>\n<tr>\n<td>Model<\/td>\n<td>Is\u0131 De\u011fi\u015fim Kapasitesi<br \/>\n(kW)<\/td>\n<td>Fan G\u00fcc\u00fc<br \/>\n(w)<\/td>\n<td>Fan \u00c7ap\u0131<br \/>\n(mm)<\/td>\n<td>Fan Hava Hacmi (m\u00b3\/h)<\/td>\n<td>Fan Gerilimi<br \/>\n(V)<\/td>\n<td>Ba\u011flant\u0131 Giri\u015f Borusu<br \/>\n(mm)<\/td>\n<td>Ba\u011flant\u0131 Arka Trakea<br \/>\n(mm)<\/td>\n<td>Toplam Boyut (mm)<br \/>\nA*B*H<\/td>\n<td>Kurulum Boyutu<br \/>\n(mm)<br \/>\nD<\/td>\n<td>Kurulum Boyutu<br \/>\n(mm)<br \/>\nE<\/td>\n<\/tr>\n<tr>\n<td>FNV-100<\/td>\n<td>31<\/td>\n<td>2*420<\/td>\n<td>500<\/td>\n<td>2*6500<\/td>\n<td>380<\/td>\n<td>25<\/td>\n<td>19<\/td>\n<td>1360*950*1600<\/td>\n<td>956<\/td>\n<td>908<\/td>\n<\/tr>\n<tr>\n<td>FNV-120<\/td>\n<td>34,2<\/td>\n<td>2*550<\/td>\n<td>550<\/td>\n<td>2*7500<\/td>\n<td>380<\/td>\n<td>25<\/td>\n<td>19<\/td>\n<td>1580*950*1600<\/td>\n<td>1176<\/td>\n<td>908<\/td>\n<\/tr>\n<tr>\n<td>FNV-140<\/td>\n<td>38,6<\/td>\n<td>2*550<\/td>\n<td>550<\/td>\n<td>2*7500<\/td>\n<td>380<\/td>\n<td>25<\/td>\n<td>19<\/td>\n<td>1800*950*1600<\/td>\n<td>1396<\/td>\n<td>908<\/td>\n<\/tr>\n<tr>\n<td>FNV-160<\/td>\n<td>48,1<\/td>\n<td>2*550<\/td>\n<td>550<\/td>\n<td>2*7500<\/td>\n<td>380<\/td>\n<td>32<\/td>\n<td>22<\/td>\n<td>1620*990*1750<\/td>\n<td>1316<\/td>\n<td>944<\/td>\n<\/tr>\n<tr>\n<td>FNV-180<\/td>\n<td>55,8<\/td>\n<td>2*800<\/td>\n<td>600<\/td>\n<td>2*9500<\/td>\n<td>380<\/td>\n<td>32<\/td>\n<td>22<\/td>\n<td>1800*990*1750<\/td>\n<td>1496<\/td>\n<td>944<\/td>\n<\/tr>\n<tr>\n<td>FNV-200<\/td>\n<td>61,6<\/td>\n<td>2*800<\/td>\n<td>600<\/td>\n<td>2*9500<\/td>\n<td>380<\/td>\n<td>32<\/td>\n<td>22<\/td>\n<td>1960*990*1750<\/td>\n<td>1656<\/td>\n<td>944<\/td>\n<\/tr>\n<tr>\n<td>FNV-220<\/td>\n<td>67,4<\/td>\n<td>3*550<\/td>\n<td>550<\/td>\n<td>3*7500<\/td>\n<td>380<\/td>\n<td>32<\/td>\n<td>22<\/td>\n<td>2120*990*1750<\/td>\n<td>1816<\/td>\n<td>944<\/td>\n<\/tr>\n<tr>\n<td>FNV-240<\/td>\n<td>73,9<\/td>\n<td>3*550<\/td>\n<td>550<\/td>\n<td>3*7500<\/td>\n<td>380<\/td>\n<td>32<\/td>\n<td>22<\/td>\n<td>2390*990*1750<\/td>\n<td>2086<\/td>\n<td>944<\/td>\n<\/tr>\n<tr>\n<td>FNV-265<\/td>\n<td>81,5<\/td>\n<td>3*550<\/td>\n<td>550<\/td>\n<td>3*7500<\/td>\n<td>380<\/td>\n<td>35<\/td>\n<td>25<\/td>\n<td>2540*990*1750<\/td>\n<td>2236<\/td>\n<td>944<\/td>\n<\/tr>\n<tr>\n<td>FNV-280<\/td>\n<td>86,2<\/td>\n<td>3*800<\/td>\n<td>600<\/td>\n<td>3*9500<\/td>\n<td>380<\/td>\n<td>35<\/td>\n<td>25<\/td>\n<td>2660*990*1750<\/td>\n<td>2356<\/td>\n<td>944<\/td>\n<\/tr>\n<tr>\n<td>FNV-300<\/td>\n<td>92,4<\/td>\n<td>3*800<\/td>\n<td>600<\/td>\n<td>3*9500<\/td>\n<td>380<\/td>\n<td>35<\/td>\n<td>25<\/td>\n<td>2840*990*1750<\/td>\n<td>2536<\/td>\n<td>944<\/td>\n<\/tr>\n<tr>\n<td>FNV-350<\/td>\n<td>108,7<\/td>\n<td>3*850<\/td>\n<td>630<\/td>\n<td>3*10800<\/td>\n<td>380<\/td>\n<td>42<\/td>\n<td>32<\/td>\n<td>2560*1090*1750<\/td>\n<td>2256<\/td>\n<td>1044<\/td>\n<\/tr>\n<tr>\n<td>FNV-400<\/td>\n<td>123,7<\/td>\n<td>4*850<\/td>\n<td>630<\/td>\n<td>4*10800<\/td>\n<td>380<\/td>\n<td>42<\/td>\n<td>32<\/td>\n<td>3710*990*1750<\/td>\n<td>3406<\/td>\n<td>944<\/td>\n<\/tr>\n<tr>\n<td>FNV-450<\/td>\n<td>138,7<\/td>\n<td>4*850<\/td>\n<td>630<\/td>\n<td>4*10800<\/td>\n<td>380<\/td>\n<td>42<\/td>\n<td>32<\/td>\n<td>3190*1090*1750<\/td>\n<td>2886<\/td>\n<td>1044<\/td>\n<\/tr>\n<tr>\n<td>FNV-500<\/td>\n<td>155<\/td>\n<td>5*800<\/td>\n<td>600<\/td>\n<td>4*10800<\/td>\n<td>380<\/td>\n<td>42<\/td>\n<td>32<\/td>\n<td>3700*1090*1750<\/td>\n<td>3396<\/td>\n<td>1044<\/td>\n<\/tr>\n<\/tbody>\n<\/table>\n<h2>V Tipi Yo\u011fu\u015fmal\u0131 \u00dcniteler Parametreleri (Yukar\u0131 ve A\u015fa\u011f\u0131 Tamam)<\/h2>\n<table>\n<tbody>\n<tr>\n<td style=\"text-align: center;\" colspan=\"13\">Orta ve Y\u00fcksek S\u0131cakl\u0131k Hava So\u011futmal\u0131 Yo\u011fu\u015fmal\u0131 \u00dcnite<\/td>\n<\/tr>\n<tr>\n<td colspan=\"3\">\u00dcnite Modeli<\/td>\n<td>CX-FNV-10<\/td>\n<td>CX-FNV-12<\/td>\n<td>CX-FNV-15<\/td>\n<td>CX-FNV-20<\/td>\n<td>CX-FNV-25<\/td>\n<td>CX-FNV-30<\/td>\n<td>CX-FNV-33MH<\/td>\n<td>CX-FNV-35MH<\/td>\n<td>CX-FNV-40MH<\/td>\n<td>CX-FNV-50MH<\/td>\n<\/tr>\n<tr>\n<td colspan=\"3\">Kompres\u00f6r Modeli<\/td>\n<td>4VES-10\/4VES-10Y<\/td>\n<td>4TES-12<\/td>\n<td>4PES-15<\/td>\n<td>4NES-20<\/td>\n<td>4HE-25<\/td>\n<td>4GE-30<\/td>\n<td>6JE-33<\/td>\n<td>6HE-35<\/td>\n<td>6GE-40<\/td>\n<td>6FE-50<\/td>\n<\/tr>\n<tr>\n<td colspan=\"3\">Uygulanabilir S\u0131cakl\u0131k (C)<\/td>\n<td colspan=\"10\">-5\u2103~-15\u2103<\/td>\n<\/tr>\n<tr>\n<td colspan=\"3\">So\u011futucu Ak\u0131\u015fkan<\/td>\n<td colspan=\"10\">R22\/R404A<\/td>\n<\/tr>\n<tr>\n<td rowspan=\"2\">Kondenser<\/td>\n<td colspan=\"2\">Fan Say\u0131s\u0131 (adet)<\/td>\n<td>2<\/td>\n<td>2<\/td>\n<td>2<\/td>\n<td>2<\/td>\n<td>3<\/td>\n<td>3<\/td>\n<td>3<\/td>\n<td>3<\/td>\n<td>4<\/td>\n<td>5<\/td>\n<\/tr>\n<tr>\n<td colspan=\"2\">Fan G\u00fcc\u00fc (w)<\/td>\n<td>2*550<\/td>\n<td>2*550<\/td>\n<td>2*800<\/td>\n<td>3*550<\/td>\n<td>3*550<\/td>\n<td>3*850<\/td>\n<td>3*800<\/td>\n<td>3*850<\/td>\n<td>4*850<\/td>\n<td>5*800<\/td>\n<\/tr>\n<tr>\n<td rowspan=\"4\">Yo\u011fu\u015fmal\u0131 \u00dcnitelerin Referans Kapasitesi<br \/>\n-5\u00b0C<\/td>\n<td rowspan=\"2\">Buharla\u015fma S\u0131cakl\u0131\u011f\u0131 -5\u2103<br \/>\nReferans Kapasite (W)<\/td>\n<td>Ref. Kapasite (w)<\/td>\n<td>21300\/21300<\/td>\n<td>25700\/25800<\/td>\n<td>29400\/29400<\/td>\n<td>34800\/35200<\/td>\n<td>46400\/46500<\/td>\n<td>53800\/53000<\/td>\n<td>58800\/58600<\/td>\n<td>69600\/68300<\/td>\n<td>79800\/77600<\/td>\n<td>96200\/94500<\/td>\n<\/tr>\n<tr>\n<td>G\u00fc\u00e7 (W)<\/td>\n<td>7210\/8010<\/td>\n<td>8830\/9860<\/td>\n<td>10050\/11170<\/td>\n<td>11810\/13320<\/td>\n<td>15860\/17590<\/td>\n<td>18280\/20300<\/td>\n<td>20000\/21700<\/td>\n<td>23900\/26100<\/td>\n<td>27400\/30300<\/td>\n<td>33300\/37500<\/td>\n<\/tr>\n<tr>\n<td rowspan=\"2\">Buharla\u015fma<br \/>\nS\u0131cakl\u0131\u011f\u0131 -15\u2103<\/td>\n<td>Ref. Kapasite (W)<\/td>\n<td>13620\/13730<\/td>\n<td>16580\/16780<\/td>\n<td>22300\/22900<\/td>\n<td>22300\/22900<\/td>\n<td>30000\/30800<\/td>\n<td>35000\/35500<\/td>\n<td>37700\/38300<\/td>\n<td>45000\/45300<\/td>\n<td>51700\/51900<\/td>\n<td>62500\/63600<\/td>\n<\/tr>\n<tr>\n<td>G\u00fc\u00e7 (W)<\/td>\n<td>6020\/6580<\/td>\n<td>7390\/8130<\/td>\n<td>8320\/9090<\/td>\n<td>9860\/11000<\/td>\n<td>13330\/14700<\/td>\n<td>15440\/16990<\/td>\n<td>16710\/18190<\/td>\n<td>20000\/22000<\/td>\n<td>23100\/25600<\/td>\n<td>28200\/31500<\/td>\n<\/tr>\n<tr>\n<td rowspan=\"2\">Ba\u011flant\u0131<\/td>\n<td colspan=\"2\">T\u00fcp Ba\u011flant\u0131s\u0131<\/td>\n<td>16<\/td>\n<td>16<\/td>\n<td>16<\/td>\n<td>22<\/td>\n<td>22<\/td>\n<td>22<\/td>\n<td>22<\/td>\n<td>22<\/td>\n<td>28<\/td>\n<td>28<\/td>\n<\/tr>\n<tr>\n<td colspan=\"2\">Emme Kaplini<\/td>\n<td>28<\/td>\n<td>35<\/td>\n<td>42<\/td>\n<td>42<\/td>\n<td>54<\/td>\n<td>54<\/td>\n<td>54<\/td>\n<td>54<\/td>\n<td>54<\/td>\n<td>54<\/td>\n<\/tr>\n<tr>\n<td rowspan=\"3\">Genel<br \/>\nBoyut<\/td>\n<td colspan=\"2\">Uzunluk (A) mm<\/td>\n<td>1580<\/td>\n<td>1800<\/td>\n<td>1800<\/td>\n<td>2120<\/td>\n<td>2540<\/td>\n<td>2560<\/td>\n<td>2840<\/td>\n<td>2560<\/td>\n<td>3710<\/td>\n<td>3700<\/td>\n<\/tr>\n<tr>\n<td colspan=\"2\">Geni\u015flik (B) mm<\/td>\n<td>950<\/td>\n<td>950<\/td>\n<td>990<\/td>\n<td>990<\/td>\n<td>990<\/td>\n<td>1090<\/td>\n<td>990<\/td>\n<td>1090<\/td>\n<td>990<\/td>\n<td>1090<\/td>\n<\/tr>\n<tr>\n<td colspan=\"2\">Y\u00fckseklik (H) mm<\/td>\n<td>1600<\/td>\n<td>1600<\/td>\n<td>1750<\/td>\n<td>1750<\/td>\n<td>1750<\/td>\n<td>1750<\/td>\n<td>1750<\/td>\n<td>1750<\/td>\n<td>1750<\/td>\n<td>1750<\/td>\n<\/tr>\n<tr>\n<td>Kurulum<br \/>\nBoyut<\/td>\n<td colspan=\"2\">(D*E) mm<\/td>\n<td>1176*908<\/td>\n<td>1396*908<\/td>\n<td>1496*944<\/td>\n<td>1816*944<\/td>\n<td>2236*944<\/td>\n<td>2256*1044<\/td>\n<td>2536*949<\/td>\n<td>2256*1044<\/td>\n<td>3046\/944<\/td>\n<td>3396\/1044<\/td>\n<\/tr>\n<\/tbody>\n<\/table>\n<table>\n<tbody>\n<tr>\n<td colspan=\"8\">\n<p style=\"text-align: center;\">Orta ve D\u00fc\u015f\u00fck S\u0131cakl\u0131k Hava So\u011futmal\u0131 Yo\u011fu\u015fmal\u0131 \u00dcnite<\/p>\n<\/td>\n<\/tr>\n<tr>\n<td colspan=\"3\">\u00dcnite Modelleri<\/td>\n<td>CX-FNV-14ML<\/td>\n<td>CX-FNV-18ML<\/td>\n<td>CX-FNV-23ML<\/td>\n<td>CX-FNV-28ML<\/td>\n<td>CX-FNV-34ML<\/td>\n<\/tr>\n<tr>\n<td colspan=\"3\">Kompres\u00f6r Modeli<\/td>\n<td>4NES-14<\/td>\n<td>4HE-18<\/td>\n<td>4GE-23<\/td>\n<td>6HE-28<\/td>\n<td>6GE-34<\/td>\n<\/tr>\n<tr>\n<td colspan=\"3\">Uygulanabilir S\u0131cakl\u0131k (\u2103)<\/td>\n<td colspan=\"5\">-20\u2103~-35\u2103<\/td>\n<\/tr>\n<tr>\n<td colspan=\"3\">So\u011futucu Ak\u0131\u015fkan<\/td>\n<td colspan=\"5\">R22\/R404A<\/td>\n<\/tr>\n<tr>\n<td rowspan=\"2\">Kondenser<\/td>\n<td colspan=\"2\">Fan Say\u0131s\u0131 (adet)<\/td>\n<td>2<\/td>\n<td>2<\/td>\n<td>2<\/td>\n<td>2<\/td>\n<td>3<\/td>\n<\/tr>\n<tr>\n<td colspan=\"2\">Fan G\u00fcc\u00fc (w)<\/td>\n<td>2*420<\/td>\n<td>2*550<\/td>\n<td>2*550<\/td>\n<td>2*800<\/td>\n<td>3*550<\/td>\n<\/tr>\n<tr>\n<td rowspan=\"4\">Yo\u011fu\u015fmal\u0131 \u00dcnitelerin Referans Kapasitesi<\/td>\n<td rowspan=\"2\">Buharla\u015fma S\u0131cakl\u0131\u011f\u0131 -25\u2103<br \/>\nReferans Kapasite (W)<\/td>\n<td>Ref. Kapasite (w)<\/td>\n<td>13490\/13950<\/td>\n<td>17170\/19880<\/td>\n<td>19920\/23400<\/td>\n<td>25800\/29300<\/td>\n<td>29900\/35400<\/td>\n<\/tr>\n<tr>\n<td>G\u00fc\u00e7 (W)<\/td>\n<td>7880\/8580<\/td>\n<td>10420\/12000<\/td>\n<td>12490\/14270<\/td>\n<td>15610\/17690<\/td>\n<td>18720\/21800<\/td>\n<\/tr>\n<tr>\n<td rowspan=\"2\">Buharla\u015fma<br \/>\nS\u0131cakl\u0131\u011f\u0131 -30\u2103<\/td>\n<td>Ref. Kapasite (w)<\/td>\n<td>10020\/10520<\/td>\n<td>12610\/15320<\/td>\n<td>14670\/18240<\/td>\n<td>18920\/22600<\/td>\n<td>22000\/27800<\/td>\n<\/tr>\n<tr>\n<td>G\u00fc\u00e7 (W)<\/td>\n<td>6800\/7240<\/td>\n<td>8920\/10350<\/td>\n<td>10770\/12330<\/td>\n<td>13370\/15200<\/td>\n<td>16130\/18950<\/td>\n<\/tr>\n<tr>\n<td rowspan=\"2\">Ba\u011flant\u0131<\/td>\n<td colspan=\"2\">T\u00fcp Kaplin<\/td>\n<td>16<\/td>\n<td>16<\/td>\n<td>22<\/td>\n<td>22<\/td>\n<td>22<\/td>\n<\/tr>\n<tr>\n<td colspan=\"2\">Emme Kaplini<\/td>\n<td>35<\/td>\n<td>42<\/td>\n<td>54<\/td>\n<td>54<\/td>\n<td>54<\/td>\n<\/tr>\n<tr>\n<td rowspan=\"3\">Genel Boyut<\/td>\n<td colspan=\"2\">Uzunluk (A) mm<\/td>\n<td>1360<\/td>\n<td>1800<\/td>\n<td>1620<\/td>\n<td>1960<\/td>\n<td>2390<\/td>\n<\/tr>\n<tr>\n<td colspan=\"2\">Geni\u015flik (B) mm<\/td>\n<td>950<\/td>\n<td>950<\/td>\n<td>990<\/td>\n<td>990<\/td>\n<td>990<\/td>\n<\/tr>\n<tr>\n<td colspan=\"2\">Y\u00fckseklik (H) mm<\/td>\n<td>1600<\/td>\n<td>1600<\/td>\n<td>1750<\/td>\n<td>1750<\/td>\n<td>1750<\/td>\n<\/tr>\n<tr>\n<td>Kurulum Boyutu<\/td>\n<td colspan=\"2\">(D*E) mm<\/td>\n<td>956*908<\/td>\n<td>1396*908<\/td>\n<td>1316*944<\/td>\n<td>1656*944<\/td>\n<td>2086*944<\/td>\n<\/tr>\n<\/tbody>\n<\/table>\n","protected":false},"excerpt":{"rendered":"<p>&#8220;V&#8221; \u015fekli, hem yukar\u0131 hem de a\u015fa\u011f\u0131 hava ak\u0131\u015f\u0131na olanak tan\u0131yan yer tasarruflu bir tasar\u0131m sa\u011flar ve so\u011fuk odadaki mevcut alan\u0131n kullan\u0131m\u0131n\u0131 en \u00fcst d\u00fczeye \u00e7\u0131kar\u0131r.<\/p>\n<ul>\n<li>Koruma i\u015flemine tabi tutulmu\u015f kutu tipi g\u00f6vde, dayan\u0131kl\u0131l\u0131k ve g\u00f6rsel olarak \u00e7ekici bir g\u00f6r\u00fcn\u00fcm sa\u011flar.<\/li>\n<li>80-1600 m\u00b2 aras\u0131nda \u0131s\u0131 de\u011fi\u015fim alan\u0131.<\/li>\n<li>Klima, dondurucular, so\u011fuk hava depolar\u0131 ve daha fazlas\u0131n\u0131 destekler, \u00e7e\u015fitli kompres\u00f6rlerle uyumludur.<\/li>\n<li>7 fan kanad\u0131, istikrarl\u0131 ve d\u00fc\u015f\u00fck g\u00fcr\u00fclt\u00fcl\u00fc \u00e7al\u0131\u015fmay\u0131 garanti eder.<\/li>\n<\/ul>\n","protected":false},"featured_media":11288,"comment_status":"open","ping_status":"closed","template":"","meta":{"site-sidebar-layout":"default","site-content-layout":"","ast-site-content-layout":"default","site-content-style":"default","site-sidebar-style":"default","ast-global-header-display":"","ast-banner-title-visibility":"","ast-main-header-display":"","ast-hfb-above-header-display":"","ast-hfb-below-header-display":"","ast-hfb-mobile-header-display":"","site-post-title":"","ast-breadcrumbs-content":"","ast-featured-img":"","footer-sml-layout":"","theme-transparent-header-meta":"default","adv-header-id-meta":"","stick-header-meta":"","header-above-stick-meta":"","header-main-stick-meta":"","header-below-stick-meta":"","astra-migrate-meta-layouts":"set","ast-page-background-enabled":"default","ast-page-background-meta":{"desktop":{"background-color":"var(--ast-global-color-4)","background-image":"","background-repeat":"repeat","background-position":"center center","background-size":"auto","background-attachment":"scroll","background-type":"","background-media":"","overlay-type":"","overlay-color":"","overlay-opacity":"","overlay-gradient":""},"tablet":{"background-color":"","background-image":"","background-repeat":"repeat","background-position":"center center","background-size":"auto","background-attachment":"scroll","background-type":"","background-media":"","overlay-type":"","overlay-color":"","overlay-opacity":"","overlay-gradient":""},"mobile":{"background-color":"","background-image":"","background-repeat":"repeat","background-position":"center center","background-size":"auto","background-attachment":"scroll","background-type":"","background-media":"","overlay-type":"","overlay-color":"","overlay-opacity":"","overlay-gradient":""}},"ast-content-background-meta":{"desktop":{"background-color":"var(--ast-global-color-5)","background-image":"","background-repeat":"repeat","background-position":"center center","background-size":"auto","background-attachment":"scroll","background-type":"","background-media":"","overlay-type":"","overlay-color":"","overlay-opacity":"","overlay-gradient":""},"tablet":{"background-color":"var(--ast-global-color-5)","background-image":"","background-repeat":"repeat","background-position":"center center","background-size":"auto","background-attachment":"scroll","background-type":"","background-media":"","overlay-type":"","overlay-color":"","overlay-opacity":"","overlay-gradient":""},"mobile":{"background-color":"var(--ast-global-color-5)","background-image":"","background-repeat":"repeat","background-position":"center center","background-size":"auto","background-attachment":"scroll","background-type":"","background-media":"","overlay-type":"","overlay-color":"","overlay-opacity":"","overlay-gradient":""}}},"product_brand":[],"product_cat":[96,94],"product_tag":[],"class_list":{"0":"post-11284","1":"product","2":"type-product","3":"status-publish","4":"has-post-thumbnail","6":"product_cat-soguk-oda-icin-hermetik-kondenser-unitesi","7":"product_cat-soguk-odalar-icin-kutu-tipi-v-tipi-kondenser-uniteleri","8":"desktop-align-left","9":"tablet-align-left","10":"mobile-align-left","12":"first","13":"instock","14":"shipping-taxable","15":"product-type-simple"},"_links":{"self":[{"href":"https:\/\/www.linble-coldroom.com\/tr\/wp-json\/wp\/v2\/product\/11284","targetHints":{"allow":["GET"]}}],"collection":[{"href":"https:\/\/www.linble-coldroom.com\/tr\/wp-json\/wp\/v2\/product"}],"about":[{"href":"https:\/\/www.linble-coldroom.com\/tr\/wp-json\/wp\/v2\/types\/product"}],"replies":[{"embeddable":true,"href":"https:\/\/www.linble-coldroom.com\/tr\/wp-json\/wp\/v2\/comments?post=11284"}],"wp:featuredmedia":[{"embeddable":true,"href":"https:\/\/www.linble-coldroom.com\/tr\/wp-json\/wp\/v2\/media\/11288"}],"wp:attachment":[{"href":"https:\/\/www.linble-coldroom.com\/tr\/wp-json\/wp\/v2\/media?parent=11284"}],"wp:term":[{"taxonomy":"product_brand","embeddable":true,"href":"https:\/\/www.linble-coldroom.com\/tr\/wp-json\/wp\/v2\/product_brand?post=11284"},{"taxonomy":"product_cat","embeddable":true,"href":"https:\/\/www.linble-coldroom.com\/tr\/wp-json\/wp\/v2\/product_cat?post=11284"},{"taxonomy":"product_tag","embeddable":true,"href":"https:\/\/www.linble-coldroom.com\/tr\/wp-json\/wp\/v2\/product_tag?post=11284"}],"curies":[{"name":"wp","href":"https:\/\/api.w.org\/{rel}","templated":true}]}}