{"id":11290,"date":"2025-01-13T17:32:43","date_gmt":"2025-01-13T09:32:43","guid":{"rendered":"https:\/\/www.linble-coldroom.com\/box-v-type-condensing-units-left-and-right-whole\/"},"modified":"2026-05-14T22:57:22","modified_gmt":"2026-05-14T14:57:22","slug":"kutu-v-tipi-yogusmali-uniteler-sol-ve-sag-butun","status":"publish","type":"product","link":"https:\/\/www.linble-coldroom.com\/tr\/kutu-v-tipi-yogusmali-uniteler-sol-ve-sag-tam\/","title":{"rendered":"Kutu V Tipi Yo\u011fu\u015fmal\u0131 \u00dcniteler (Sol ve Sa\u011f Tam)"},"content":{"rendered":"<h2>V Tipi Kondansat\u00f6r Parametreleri (Sol ve Sa\u011f Toplam)<\/h2>\n<table>\n<tbody>\n<tr>\n<td>Model<\/td>\n<td>Is\u0131 De\u011fi\u015fim Kapasitesi<br \/>\n(kW)<\/td>\n<td>Fan G\u00fcc\u00fc<br \/>\n(w)<\/td>\n<td>Fan \u00c7ap\u0131 (mm)<\/td>\n<td>Fan Hava Hacmi (m\u00b3\/h)<\/td>\n<td>Fan Gerilimi<br \/>\n(V)<\/td>\n<td>Giri\u015f Borusu<br \/>\n(mm)<\/td>\n<td>Arka Trakea<br \/>\n(mm)<\/td>\n<td>Toplam Boyutlar (mm)<br \/>\nA*B*H<\/td>\n<td>Kurulum Boyutu<br \/>\n(mm)<br \/>\nD<\/td>\n<td>Kurulum Boyutu<br \/>\n(mm)<br \/>\nE<\/td>\n<\/tr>\n<tr>\n<td>FNV-100<\/td>\n<td>31<\/td>\n<td>2*230<\/td>\n<td>2*450<\/td>\n<td>10000<\/td>\n<td>380<\/td>\n<td>25<\/td>\n<td>19<\/td>\n<td>2110*880*920<\/td>\n<td>1710<\/td>\n<td>830<\/td>\n<\/tr>\n<tr>\n<td>FNV-120<\/td>\n<td>37,2<\/td>\n<td>2*320<\/td>\n<td>2*500<\/td>\n<td>13200<br \/>\n(6 kademeli, 7 kanatl\u0131)<\/td>\n<td>380<\/td>\n<td>28<\/td>\n<td>22<\/td>\n<td>2310*880*940<\/td>\n<td>1910<\/td>\n<td>830<\/td>\n<\/tr>\n<tr>\n<td>FNV-130<\/td>\n<td>40,3<\/td>\n<td>2*320<\/td>\n<td>2*500<\/td>\n<td>13200<br \/>\n(6 kademeli, 7 kanatl\u0131)<\/td>\n<td>380<\/td>\n<td>28<\/td>\n<td>22<\/td>\n<td>2410*880*940<\/td>\n<td>2010<\/td>\n<td>830<\/td>\n<\/tr>\n<tr>\n<td>FNV-140<\/td>\n<td>43,4<\/td>\n<td>2*320<\/td>\n<td>2*500<\/td>\n<td>13200<br \/>\n(6 kademeli, 7 kanatl\u0131)<\/td>\n<td>380<\/td>\n<td>28<\/td>\n<td>22<\/td>\n<td>2510*880*940<\/td>\n<td>2110<\/td>\n<td>830<\/td>\n<\/tr>\n<tr>\n<td>FNV-160<\/td>\n<td>49,6<\/td>\n<td>2*350<\/td>\n<td>2*550<\/td>\n<td>16000<br \/>\n(6 kademeli, 7 kanatl\u0131)<\/td>\n<td>380<\/td>\n<td>32 (35)<\/td>\n<td>22<\/td>\n<td>2760*880*940<\/td>\n<td>2360<\/td>\n<td>830<\/td>\n<\/tr>\n<tr>\n<td>FNV-180<\/td>\n<td>55,8<\/td>\n<td>2*580<\/td>\n<td>2*630<\/td>\n<td>22800<br \/>\n(6 kademeli 7 kanatl\u0131)<\/td>\n<td>380<\/td>\n<td>32(35)<\/td>\n<td>22<\/td>\n<td>2510*1070*1140<\/td>\n<td>2110<\/td>\n<td>1020<\/td>\n<\/tr>\n<tr>\n<td>FNV-200<\/td>\n<td>62<\/td>\n<td>2*580<\/td>\n<td>2*630<\/td>\n<td>22800<br \/>\n(6 kademeli, 7 kanatl\u0131)<\/td>\n<td>380<\/td>\n<td>35<\/td>\n<td>25<\/td>\n<td>2710*1070*1140<\/td>\n<td>2310<\/td>\n<td>1020<\/td>\n<\/tr>\n<tr>\n<td>FNV-220<\/td>\n<td>68,2<\/td>\n<td>2*580<\/td>\n<td>2*630<\/td>\n<td>22800<br \/>\n(6 kademeli, 7 kanatl\u0131)<\/td>\n<td>380<\/td>\n<td>35<\/td>\n<td>25<\/td>\n<td>2860*1070*1140<\/td>\n<td>2460<\/td>\n<td>1020<\/td>\n<\/tr>\n<tr>\n<td>FNV-250<\/td>\n<td>77,5<\/td>\n<td>3*350<\/td>\n<td>3*550<\/td>\n<td>24000<br \/>\n(6 kademeli 7 kanatl\u0131)<\/td>\n<td>380<\/td>\n<td>35<\/td>\n<td>25<\/td>\n<td>3210*1070*1140<\/td>\n<td>2810<\/td>\n<td>1020<\/td>\n<\/tr>\n<tr>\n<td>FNV-285<\/td>\n<td>88,3<\/td>\n<td>3*580<\/td>\n<td>3*630<\/td>\n<td>34200<br \/>\n(6 kademeli, 7 kanatl\u0131)<\/td>\n<td>380<\/td>\n<td>35<\/td>\n<td>25<\/td>\n<td>3510*1070*1140<\/td>\n<td>2710<\/td>\n<td>1020<\/td>\n<\/tr>\n<tr>\n<td>FNV-300<\/td>\n<td>93<\/td>\n<td>3*580<\/td>\n<td>3*630<\/td>\n<td>34200<br \/>\n(6 kademeli, 7 kanatl\u0131)<\/td>\n<td>380<\/td>\n<td>35<\/td>\n<td>25<\/td>\n<td>3660*1070*1140<\/td>\n<td>2860<\/td>\n<td>1020<\/td>\n<\/tr>\n<tr>\n<td>FNV-320<\/td>\n<td>98<\/td>\n<td>3*550<\/td>\n<td>3*630<\/td>\n<td>31200<br \/>\n(6 kademeli, 7 kanatl\u0131)<\/td>\n<td>380<\/td>\n<td>35<\/td>\n<td>25<\/td>\n<td>3250*1120*1140<\/td>\n<td>2850<\/td>\n<td>1055<\/td>\n<\/tr>\n<tr>\n<td>FNV-340<\/td>\n<td>105<\/td>\n<td>3*580<\/td>\n<td>3*630<\/td>\n<td>34200<br \/>\n(6 kademeli, 7 kanatl\u0131)<\/td>\n<td>380<\/td>\n<td>35<\/td>\n<td>25<\/td>\n<td>3370*1120*1140<\/td>\n<td>2570<\/td>\n<td>1055<\/td>\n<\/tr>\n<tr>\n<td>FNV-380<\/td>\n<td>113<\/td>\n<td>3*580<\/td>\n<td>3*630<\/td>\n<td>34200<br \/>\n(6 kademeli, 7 kanatl\u0131)<\/td>\n<td>380<\/td>\n<td>42<\/td>\n<td>28<\/td>\n<td>3610*1120*1140<\/td>\n<td>2810<\/td>\n<td>1055<\/td>\n<\/tr>\n<tr>\n<td>FNV-430<\/td>\n<td>129<\/td>\n<td>4*550<\/td>\n<td>4*600<\/td>\n<td>41600<br \/>\n(6 kademeli, 7 kanatl\u0131)<\/td>\n<td>380<\/td>\n<td>42<\/td>\n<td>28<\/td>\n<td>3930*1120*1140<\/td>\n<td>3130<\/td>\n<td>1055<\/td>\n<\/tr>\n<\/tbody>\n<\/table>\n<h2>V Tipi Yo\u011fu\u015fmal\u0131 \u00dcniteler Parametreleri (Sol ve Sa\u011f Tam)<\/h2>\n<table>\n<tbody>\n<tr>\n<td colspan=\"9\">\n<p style=\"text-align: center;\">Orta ve Y\u00fcksek S\u0131cakl\u0131k Hava So\u011futmal\u0131 Yo\u011fu\u015fmal\u0131 \u00dcnite<\/p>\n<\/td>\n<\/tr>\n<tr>\n<td colspan=\"3\">\u00dcnite Modeli<\/td>\n<td>CX-FNV-10<\/td>\n<td>CX-FNV-12<\/td>\n<td>CX-FNV-15<\/td>\n<td>CX-FNV-20<\/td>\n<td>CX-FNV-25<\/td>\n<td>CX-FNV-30<\/td>\n<\/tr>\n<tr>\n<td colspan=\"3\">Kompres\u00f6r Modeli<\/td>\n<td>4VES-10<\/td>\n<td>4TES-12<\/td>\n<td>4PES-15<\/td>\n<td>4NES-20<\/td>\n<td>4HE-25<\/td>\n<td>4GE-30<\/td>\n<\/tr>\n<tr>\n<td colspan=\"3\">Uygulanabilir S\u0131cakl\u0131k (\u2103)<\/td>\n<td colspan=\"6\">-5\u2103~-15\u2103<\/td>\n<\/tr>\n<tr>\n<td colspan=\"3\">So\u011futucu Ak\u0131\u015fkan<\/td>\n<td colspan=\"6\">R22\/R404A<\/td>\n<\/tr>\n<tr>\n<td rowspan=\"2\">Kondenser<\/td>\n<td colspan=\"2\">Fan Say\u0131s\u0131 (adet)<\/td>\n<td>2<\/td>\n<td>2<\/td>\n<td>2<\/td>\n<td>2<\/td>\n<td>3<\/td>\n<td>3<\/td>\n<\/tr>\n<tr>\n<td colspan=\"2\">Fan G\u00fcc\u00fc (w)<\/td>\n<td>2*320<\/td>\n<td>2*320<\/td>\n<td>2*350<\/td>\n<td>2*580<\/td>\n<td>3*350<\/td>\n<td>3*580<\/td>\n<\/tr>\n<tr>\n<td rowspan=\"4\">Ref. Kapasitesi<br \/>\nYo\u011fu\u015fmal\u0131 \u00dcniteler<\/td>\n<td rowspan=\"2\">Buharla\u015fma S\u0131cakl\u0131\u011f\u0131 -5\u2103<br \/>\nReferans Kapasite (W)<\/td>\n<td>Ref. Kapasite (w)<\/td>\n<td>21300\/21300<\/td>\n<td>25700\/25800<\/td>\n<td>29400\/29400<\/td>\n<td>34800\/35200<\/td>\n<td>46400\/46500<\/td>\n<td>53800\/53300<\/td>\n<\/tr>\n<tr>\n<td>G\u00fc\u00e7 (W)<\/td>\n<td>7210\/8010<\/td>\n<td>8830\/9860<\/td>\n<td>10050\/11170<\/td>\n<td>11810\/13320<\/td>\n<td>15860\/17590<\/td>\n<td>18280\/20300<\/td>\n<\/tr>\n<tr>\n<td rowspan=\"2\">Buharla\u015fma<br \/>\nS\u0131cakl\u0131\u011f\u0131 -15\u2103<\/td>\n<td>Ref. Kapasite (w)<\/td>\n<td>13620\/13730<\/td>\n<td>16580\/16780<\/td>\n<td>18730\/18830<\/td>\n<td>22300\/22900<\/td>\n<td>30000\/30800<\/td>\n<td>35000\/35500<\/td>\n<\/tr>\n<tr>\n<td>G\u00fc\u00e7 (W)<\/td>\n<td>6020\/6580<\/td>\n<td>7390\/8130<\/td>\n<td>8320\/9090<\/td>\n<td>9860\/11000<\/td>\n<td>13300\/14700<\/td>\n<td>15400\/16990<\/td>\n<\/tr>\n<tr>\n<td rowspan=\"2\">Ba\u011flant\u0131<\/td>\n<td colspan=\"2\">T\u00fcp Ba\u011flant\u0131s\u0131<\/td>\n<td>16<\/td>\n<td>16<\/td>\n<td>16<\/td>\n<td>19<\/td>\n<td>22<\/td>\n<td>22<\/td>\n<\/tr>\n<tr>\n<td colspan=\"2\">Emme Kaplini<\/td>\n<td>28<\/td>\n<td>35<\/td>\n<td>42<\/td>\n<td>42<\/td>\n<td>54<\/td>\n<td>54<\/td>\n<\/tr>\n<tr>\n<td rowspan=\"3\">Toplam Boyut<\/td>\n<td colspan=\"2\">Uzunluk (A) mm<\/td>\n<td>2310<\/td>\n<td>2410<\/td>\n<td>2760<\/td>\n<td>2710<\/td>\n<td>3210<\/td>\n<td>3660<\/td>\n<\/tr>\n<tr>\n<td colspan=\"2\">Geni\u015flik (B) mm<\/td>\n<td>880<\/td>\n<td>880<\/td>\n<td>880<\/td>\n<td>1070<\/td>\n<td>1070<\/td>\n<td>1070<\/td>\n<\/tr>\n<tr>\n<td colspan=\"2\">Y\u00fckseklik (H) mm<\/td>\n<td>940<\/td>\n<td>940<\/td>\n<td>940<\/td>\n<td>1140<\/td>\n<td>1140<\/td>\n<td>1140<\/td>\n<\/tr>\n<tr>\n<td>Kurulum Boyutu<\/td>\n<td colspan=\"2\">(D*E) mm<\/td>\n<td>1910*830<\/td>\n<td>2010*830<\/td>\n<td>2360*830<\/td>\n<td>2310*1020<\/td>\n<td>2810*1020<\/td>\n<td>2860*1020<\/td>\n<\/tr>\n<\/tbody>\n<\/table>\n<table>\n<tbody>\n<tr>\n<td colspan=\"8\">\n<p style=\"text-align: center;\">D\u00fc\u015f\u00fck S\u0131cakl\u0131k Hava So\u011futmal\u0131 Yo\u011fu\u015fmal\u0131 \u00dcnite<\/p>\n<\/td>\n<\/tr>\n<tr>\n<td colspan=\"3\">\u00dcnite Modelleri<\/td>\n<td>CX-FNV-14ML<\/td>\n<td>CX-FNV-18ML<\/td>\n<td>CX-FNV-23ML<\/td>\n<td>CX-FNV-28ML<\/td>\n<td>CX-FNV-34ML<\/td>\n<\/tr>\n<tr>\n<td colspan=\"3\">Kompres\u00f6r Modeli<\/td>\n<td>4NES-14<\/td>\n<td>4HE-18<\/td>\n<td>4GE-23<\/td>\n<td>6HE-28<\/td>\n<td>6GE-34<\/td>\n<\/tr>\n<tr>\n<td colspan=\"3\">Uygulanabilir S\u0131cakl\u0131k (\u2103)<\/td>\n<td colspan=\"5\">-20\u00b0C~-35\u00b0C<\/td>\n<\/tr>\n<tr>\n<td colspan=\"3\">So\u011futucu Ak\u0131\u015fkan<\/td>\n<td colspan=\"5\">R22\/R404A<\/td>\n<\/tr>\n<tr>\n<td rowspan=\"2\">Kondenser<\/td>\n<td colspan=\"2\">Fan Say\u0131s\u0131 (adet)<\/td>\n<td>2<\/td>\n<td>2<\/td>\n<td>2<\/td>\n<td>2<\/td>\n<td>3<\/td>\n<\/tr>\n<tr>\n<td colspan=\"2\">Fan G\u00fcc\u00fc (W)<\/td>\n<td>2*320<\/td>\n<td>2*320<\/td>\n<td>2*350<\/td>\n<td>2*580<\/td>\n<td>3*350<\/td>\n<\/tr>\n<tr>\n<td rowspan=\"4\">Yo\u011fu\u015fmal\u0131 \u00dcnitelerin Referans Kapasitesi<\/td>\n<td rowspan=\"2\">Buharla\u015fma S\u0131cakl\u0131\u011f\u0131 -25\u00b0C<br \/>\nReferans Kapasite (W)<\/td>\n<td>Ref. Kapasite (w)<\/td>\n<td>13490\/13950<\/td>\n<td>17170\/19880<\/td>\n<td>19920\/23400<\/td>\n<td>25800\/29300<\/td>\n<td>29900\/35400<\/td>\n<\/tr>\n<tr>\n<td>G\u00fc\u00e7 (W)<\/td>\n<td>7880\/8580<\/td>\n<td>10420\/12000<\/td>\n<td>12490\/14270<\/td>\n<td>15610\/17690<\/td>\n<td>18720\/21800<\/td>\n<\/tr>\n<tr>\n<td rowspan=\"2\">Buharla\u015fma<br \/>\nS\u0131cakl\u0131\u011f\u0131 -30\u2103<\/td>\n<td>Ref. Kapasite (w)<\/td>\n<td>10020\/10520<\/td>\n<td>12610\/15320<\/td>\n<td>14670\/18240<\/td>\n<td>18920\/22600<\/td>\n<td>22000\/27800<\/td>\n<\/tr>\n<tr>\n<td>G\u00fc\u00e7 (W)<\/td>\n<td>6800\/7240<\/td>\n<td>8920\/10350<\/td>\n<td>10770\/12330<\/td>\n<td>13370\/15200<\/td>\n<td>16130\/18950<\/td>\n<\/tr>\n<tr>\n<td rowspan=\"2\">Ba\u011flant\u0131<\/td>\n<td colspan=\"2\">T\u00fcp Kaplin<\/td>\n<td>16<\/td>\n<td>16<\/td>\n<td>22<\/td>\n<td>22<\/td>\n<td>22<\/td>\n<\/tr>\n<tr>\n<td colspan=\"2\">Emme Kaplini<\/td>\n<td>35<\/td>\n<td>42<\/td>\n<td>54<\/td>\n<td>54<\/td>\n<td>54<\/td>\n<\/tr>\n<tr>\n<td rowspan=\"3\">Genel Boyut<\/td>\n<td colspan=\"2\">Uzunluk (A) mm<\/td>\n<td>2110<\/td>\n<td>2310<\/td>\n<td>2760<\/td>\n<td>2710<\/td>\n<td>3210<\/td>\n<\/tr>\n<tr>\n<td colspan=\"2\">Geni\u015flik (B) mm<\/td>\n<td>880<\/td>\n<td>880<\/td>\n<td>880<\/td>\n<td>1070<\/td>\n<td>1070<\/td>\n<\/tr>\n<tr>\n<td colspan=\"2\">Y\u00fckseklik (H) mm<\/td>\n<td>920<\/td>\n<td>940<\/td>\n<td>940<\/td>\n<td>1140<\/td>\n<td>1140<\/td>\n<\/tr>\n<tr>\n<td>Kurulum Boyutu<\/td>\n<td colspan=\"2\">(D*E) mm<\/td>\n<td>1710*830<\/td>\n<td>1910*830<\/td>\n<td>2360*830<\/td>\n<td>2310\/1020<\/td>\n<td>2810\/1020<\/td>\n<\/tr>\n<\/tbody>\n<\/table>\n","protected":false},"excerpt":{"rendered":"<p>V \u015feklindeki tasar\u0131m hava ak\u0131\u015f\u0131n\u0131n da\u011f\u0131l\u0131m\u0131n\u0131 iyile\u015ftirerek, so\u011fuk odalarda daha verimli \u0131s\u0131 de\u011fi\u015fimi ve daha iyi so\u011futma performans\u0131 sa\u011flar.<\/p>\n<p>\u00dcniteler hem sola hem de sa\u011fa hava ak\u0131\u015f\u0131 sa\u011flayacak \u015fekilde tasarlanm\u0131\u015f olup, hava sirk\u00fclasyonunu optimize ederek mekan\u0131n her yerinde e\u015fit bir so\u011futma sa\u011flar.<\/p>\n<ul>\n<li>Sa\u011flam kutu yap\u0131s\u0131, mukavemet ve stabilite sa\u011flar.<\/li>\n<li>S\u0131radan \u00fcnitelere g\u00f6re daha fazla stabilite ve minimum titre\u015fim sunar.<\/li>\n<li>80-500 m\u00b2 \u0131s\u0131 de\u011fi\u015fim alan\u0131n\u0131 destekler.<\/li>\n<li>\u00c7e\u015fitli hermetik ve yar\u0131 hermetik kompres\u00f6rlerle uyumludur.<\/li>\n<li>Kararl\u0131 \u00e7al\u0131\u015fma ve d\u00fc\u015f\u00fck g\u00fcr\u00fclt\u00fc i\u00e7in 6 kademeli eksenel fanlarda 7 fan kanad\u0131 bulunur.<\/li>\n<\/ul>\n","protected":false},"featured_media":11294,"comment_status":"open","ping_status":"closed","template":"","meta":{"site-sidebar-layout":"default","site-content-layout":"","ast-site-content-layout":"default","site-content-style":"default","site-sidebar-style":"default","ast-global-header-display":"","ast-banner-title-visibility":"","ast-main-header-display":"","ast-hfb-above-header-display":"","ast-hfb-below-header-display":"","ast-hfb-mobile-header-display":"","site-post-title":"","ast-breadcrumbs-content":"","ast-featured-img":"","footer-sml-layout":"","theme-transparent-header-meta":"default","adv-header-id-meta":"","stick-header-meta":"","header-above-stick-meta":"","header-main-stick-meta":"","header-below-stick-meta":"","astra-migrate-meta-layouts":"set","ast-page-background-enabled":"default","ast-page-background-meta":{"desktop":{"background-color":"var(--ast-global-color-4)","background-image":"","background-repeat":"repeat","background-position":"center center","background-size":"auto","background-attachment":"scroll","background-type":"","background-media":"","overlay-type":"","overlay-color":"","overlay-opacity":"","overlay-gradient":""},"tablet":{"background-color":"","background-image":"","background-repeat":"repeat","background-position":"center center","background-size":"auto","background-attachment":"scroll","background-type":"","background-media":"","overlay-type":"","overlay-color":"","overlay-opacity":"","overlay-gradient":""},"mobile":{"background-color":"","background-image":"","background-repeat":"repeat","background-position":"center center","background-size":"auto","background-attachment":"scroll","background-type":"","background-media":"","overlay-type":"","overlay-color":"","overlay-opacity":"","overlay-gradient":""}},"ast-content-background-meta":{"desktop":{"background-color":"var(--ast-global-color-5)","background-image":"","background-repeat":"repeat","background-position":"center center","background-size":"auto","background-attachment":"scroll","background-type":"","background-media":"","overlay-type":"","overlay-color":"","overlay-opacity":"","overlay-gradient":""},"tablet":{"background-color":"var(--ast-global-color-5)","background-image":"","background-repeat":"repeat","background-position":"center center","background-size":"auto","background-attachment":"scroll","background-type":"","background-media":"","overlay-type":"","overlay-color":"","overlay-opacity":"","overlay-gradient":""},"mobile":{"background-color":"var(--ast-global-color-5)","background-image":"","background-repeat":"repeat","background-position":"center center","background-size":"auto","background-attachment":"scroll","background-type":"","background-media":"","overlay-type":"","overlay-color":"","overlay-opacity":"","overlay-gradient":""}}},"product_brand":[],"product_cat":[96,94],"product_tag":[],"class_list":{"0":"post-11290","1":"product","2":"type-product","3":"status-publish","4":"has-post-thumbnail","6":"product_cat-soguk-oda-icin-hermetik-kondenser-unitesi","7":"product_cat-soguk-odalar-icin-kutu-tipi-v-tipi-kondenser-uniteleri","8":"desktop-align-left","9":"tablet-align-left","10":"mobile-align-left","12":"first","13":"instock","14":"shipping-taxable","15":"product-type-simple"},"_links":{"self":[{"href":"https:\/\/www.linble-coldroom.com\/tr\/wp-json\/wp\/v2\/product\/11290","targetHints":{"allow":["GET"]}}],"collection":[{"href":"https:\/\/www.linble-coldroom.com\/tr\/wp-json\/wp\/v2\/product"}],"about":[{"href":"https:\/\/www.linble-coldroom.com\/tr\/wp-json\/wp\/v2\/types\/product"}],"replies":[{"embeddable":true,"href":"https:\/\/www.linble-coldroom.com\/tr\/wp-json\/wp\/v2\/comments?post=11290"}],"wp:featuredmedia":[{"embeddable":true,"href":"https:\/\/www.linble-coldroom.com\/tr\/wp-json\/wp\/v2\/media\/11294"}],"wp:attachment":[{"href":"https:\/\/www.linble-coldroom.com\/tr\/wp-json\/wp\/v2\/media?parent=11290"}],"wp:term":[{"taxonomy":"product_brand","embeddable":true,"href":"https:\/\/www.linble-coldroom.com\/tr\/wp-json\/wp\/v2\/product_brand?post=11290"},{"taxonomy":"product_cat","embeddable":true,"href":"https:\/\/www.linble-coldroom.com\/tr\/wp-json\/wp\/v2\/product_cat?post=11290"},{"taxonomy":"product_tag","embeddable":true,"href":"https:\/\/www.linble-coldroom.com\/tr\/wp-json\/wp\/v2\/product_tag?post=11290"}],"curies":[{"name":"wp","href":"https:\/\/api.w.org\/{rel}","templated":true}]}}