{"id":11295,"date":"2025-01-13T15:53:07","date_gmt":"2025-01-13T07:53:07","guid":{"rendered":"https:\/\/www.linble-coldroom.com\/box-h-type-condensing-units\/"},"modified":"2026-05-14T23:17:18","modified_gmt":"2026-05-14T15:17:18","slug":"kutu-h-tipi-yogusmali-uniteler","status":"publish","type":"product","link":"https:\/\/www.linble-coldroom.com\/tr\/h-tipi-yogusmali-uniteler\/","title":{"rendered":"H Tipi Yo\u011fu\u015fmal\u0131 \u00dcniteler"},"content":{"rendered":"<h2>H Tipi Kondansat\u00f6r Parametreleri<\/h2>\n<table>\n<tbody>\n<tr>\n<td>Model<\/td>\n<td>Is\u0131 De\u011fi\u015fim Kapasitesi<br \/>\n(kW)<\/td>\n<td>Fan G\u00fcc\u00fc (W)<\/td>\n<td>Fan \u00c7ap\u0131 (mm)<\/td>\n<td>Fan Hava Hacmi<br \/>\n(m3\/h)<\/td>\n<td>Fan Gerilimi<br \/>\n(V)<\/td>\n<td>Giri\u015f Borusu<br \/>\n(mm)<\/td>\n<td>Arka Trakea<br \/>\n(mm)<\/td>\n<td>Genel Boyutlar (mm)<br \/>\nA*B*H<\/td>\n<td>Kurulum Boyutu (mm)<br \/>\nD<\/td>\n<td>Kurulum Boyutu (mm)<br \/>\nE<\/td>\n<\/tr>\n<tr>\n<td>FNH-28<\/td>\n<td>9,2<\/td>\n<td>1*190<\/td>\n<td>\u03c6400<\/td>\n<td>1*3800<\/td>\n<td>380<\/td>\n<td>\u03c619<\/td>\n<td>\u03c616<\/td>\n<td>800*660*930<\/td>\n<td>600<\/td>\n<td>600<\/td>\n<\/tr>\n<tr>\n<td>FNH-35<\/td>\n<td>11,5<\/td>\n<td>1*230<\/td>\n<td>\u03c6450<\/td>\n<td>1*5000<\/td>\n<td>380<\/td>\n<td>\u03c619<\/td>\n<td>\u03c616<\/td>\n<td>950*710*930<\/td>\n<td>750<\/td>\n<td>650<\/td>\n<\/tr>\n<tr>\n<td>FNH-45<\/td>\n<td>14,8<\/td>\n<td>2*190<\/td>\n<td>\u03c6400<\/td>\n<td>2*3800<\/td>\n<td>380<\/td>\n<td>\u03c619<\/td>\n<td>\u03c616<\/td>\n<td>1000*660*1020<\/td>\n<td>750<\/td>\n<td>600<\/td>\n<\/tr>\n<tr>\n<td>FNH-60<\/td>\n<td>19,2<\/td>\n<td>2*190<\/td>\n<td>\u03c6400<\/td>\n<td>2*3800<\/td>\n<td>380<\/td>\n<td>\u03c622<\/td>\n<td>\u03c616<\/td>\n<td>1050*750*1270<\/td>\n<td>750<\/td>\n<td>710<\/td>\n<\/tr>\n<tr>\n<td>FNH-80<\/td>\n<td>25,6<\/td>\n<td>2*230<\/td>\n<td>\u03c6450<\/td>\n<td>2*5000<\/td>\n<td>380<\/td>\n<td>\u03c622<\/td>\n<td>\u03c616<\/td>\n<td>1150*750*1420<\/td>\n<td>850<\/td>\n<td>710<\/td>\n<\/tr>\n<tr>\n<td>FNH-90<\/td>\n<td>28,2<\/td>\n<td>2*230<\/td>\n<td>\u03c6450<\/td>\n<td>2*5000<\/td>\n<td>380<\/td>\n<td>\u03c625<\/td>\n<td>\u03c619<\/td>\n<td>1250*750*1420<\/td>\n<td>900<\/td>\n<td>710<\/td>\n<\/tr>\n<tr>\n<td>FNH-100<\/td>\n<td>32,1<\/td>\n<td>2*320<\/td>\n<td>\u03c6500<br \/>\n(6 kademeli 7 kanatl\u0131)<\/td>\n<td>2*6600<\/td>\n<td>380<\/td>\n<td>\u03c625<\/td>\n<td>\u03c619<\/td>\n<td>1400*750*1420<\/td>\n<td>950<\/td>\n<td>710<\/td>\n<\/tr>\n<tr>\n<td>FNH-120<\/td>\n<td>37,2<\/td>\n<td>2*320<\/td>\n<td>\u03c6500<br \/>\n(6 kademeli 7 kanatl\u0131)<\/td>\n<td>2*6600<\/td>\n<td>380<\/td>\n<td>\u03c625<\/td>\n<td>\u03c619<\/td>\n<td>1250*750*1420<\/td>\n<td>900<\/td>\n<td>710<\/td>\n<\/tr>\n<tr>\n<td>FNH-130<\/td>\n<td>40,3<\/td>\n<td>2*320<\/td>\n<td>\u03c6500<br \/>\n(6 kademeli 7 kanatl\u0131)<\/td>\n<td>2*6600<\/td>\n<td>380<\/td>\n<td>\u03c625<\/td>\n<td>\u03c619<\/td>\n<td>1250*750*1520<\/td>\n<td>900<\/td>\n<td>710<\/td>\n<\/tr>\n<tr>\n<td>FNH-140<\/td>\n<td>43,4<\/td>\n<td>2*350<\/td>\n<td>\u03c6550<br \/>\n(6 kademeli 7 kanatl\u0131)<\/td>\n<td>2*8000<\/td>\n<td>380<\/td>\n<td>\u03c625<\/td>\n<td>\u03c619<\/td>\n<td>1400*750*1520<\/td>\n<td>950<\/td>\n<td>710<\/td>\n<\/tr>\n<tr>\n<td>FNH-150<\/td>\n<td>46,5<\/td>\n<td>2*350<\/td>\n<td>\u03c6550<br \/>\n(6 kademeli 7 kanatl\u0131)<\/td>\n<td>2*8000<\/td>\n<td>380<\/td>\n<td>\u03c628<\/td>\n<td>\u03c619<\/td>\n<td>1400*750*1620<\/td>\n<td>950<\/td>\n<td>710<\/td>\n<\/tr>\n<tr>\n<td>FNH-160<\/td>\n<td>49,6<\/td>\n<td>2*350<\/td>\n<td>\u03c6550<br \/>\n(6 kademeli 7 kanatl\u0131)<\/td>\n<td>2*8000<\/td>\n<td>380<\/td>\n<td>\u03c628<\/td>\n<td>\u03c622<\/td>\n<td>1550*750*1520<\/td>\n<td>1100<\/td>\n<td>710<\/td>\n<\/tr>\n<tr>\n<td>FNH-180<\/td>\n<td>55,8<\/td>\n<td>2*580<\/td>\n<td>\u03c6630<br \/>\n(6 kademeli 7 kanatl\u0131)<\/td>\n<td>2*11400<\/td>\n<td>380<\/td>\n<td>\u03c632<\/td>\n<td>\u03c622<\/td>\n<td>1700*750*1520<\/td>\n<td>1100<\/td>\n<td>710<\/td>\n<\/tr>\n<tr>\n<td>FNH-200<\/td>\n<td>62<\/td>\n<td>2*580<\/td>\n<td>\u03c6630<br \/>\n(6 kademeli 7 kanatl\u0131)<\/td>\n<td>2*11400<\/td>\n<td>380<\/td>\n<td>\u03c632<\/td>\n<td>\u03c622<\/td>\n<td>1900*750*1520<\/td>\n<td>1100<\/td>\n<td>710<\/td>\n<\/tr>\n<tr>\n<td>FNH-220<\/td>\n<td>68,2<\/td>\n<td>2*580<\/td>\n<td>\u03c6630<br \/>\n(6 kademeli 7 kanatl\u0131)<\/td>\n<td>2*11400<\/td>\n<td>380<\/td>\n<td>\u03c632<\/td>\n<td>\u03c622<\/td>\n<td>2200*850*1420<\/td>\n<td>1100<\/td>\n<td>810<\/td>\n<\/tr>\n<tr>\n<td>FNH-240<\/td>\n<td>74,4<\/td>\n<td>3*350<\/td>\n<td>\u03c6550<br \/>\n(6 kademeli 7 kanatl\u0131)<\/td>\n<td>3*8000<\/td>\n<td>380<\/td>\n<td>\u03c632<\/td>\n<td>\u03c622<\/td>\n<td>2200*850*1520<\/td>\n<td>1100<\/td>\n<td>810<\/td>\n<\/tr>\n<tr>\n<td>FNH-260<\/td>\n<td>80,6<\/td>\n<td>3*550<\/td>\n<td>\u03c6600<br \/>\n(6 kademeli 7 kanatl\u0131)<\/td>\n<td>3*11400<\/td>\n<td>380<\/td>\n<td>\u03c632<\/td>\n<td>\u03c622<\/td>\n<td>2200*850*1620<\/td>\n<td>1100<\/td>\n<td>810<\/td>\n<\/tr>\n<tr>\n<td>FNH-280<\/td>\n<td>86,8<\/td>\n<td>3*580<\/td>\n<td>\u03c6630<br \/>\n(6 kademeli 7 kanatl\u0131)<\/td>\n<td>3*11400<\/td>\n<td>380<\/td>\n<td>\u03c632<\/td>\n<td>\u03c622<\/td>\n<td>2350*850*1620<\/td>\n<td>1100<\/td>\n<td>810<\/td>\n<\/tr>\n<tr>\n<td>FNH-300<\/td>\n<td>93<\/td>\n<td>3*580<\/td>\n<td>\u03c6630<br \/>\n(6 kademeli 7 kanatl\u0131)<\/td>\n<td>3*11400<\/td>\n<td>380<\/td>\n<td>\u03c635<\/td>\n<td>\u03c625<\/td>\n<td>2500*850*1620<\/td>\n<td>1100<\/td>\n<td>810<\/td>\n<\/tr>\n<tr>\n<td>FNH-320<\/td>\n<td>99<\/td>\n<td>3*580<\/td>\n<td>\u03c6630<br \/>\n(6 kademeli, 7 kanatl\u0131)<\/td>\n<td>3*11400<\/td>\n<td>380<\/td>\n<td>\u03c635<\/td>\n<td>\u03c625<\/td>\n<td>2650*850*1620<\/td>\n<td>1100<\/td>\n<td>810<\/td>\n<\/tr>\n<\/tbody>\n<\/table>\n<h2>H Tipi Yo\u011fu\u015fmal\u0131 \u00dcnite Parametreleri<\/h2>\n<table>\n<tbody>\n<tr>\n<td colspan=\"8\">\n<p style=\"text-align: center;\">Refcomp Orta ve Y\u00fcksek S\u0131cakl\u0131k Hava So\u011futmal\u0131 Yo\u011fu\u015fma \u00dcnitesi<\/p>\n<\/td>\n<\/tr>\n<tr>\n<td colspan=\"3\">\u00dcnite Modelleri<\/td>\n<td>CX-FNH-05MH<\/td>\n<td>CX-FNH-08MH<\/td>\n<td>CX-FNH-12MH<\/td>\n<td>CX-FNH-15MH<\/td>\n<td>CX-FNH-20MH<\/td>\n<\/tr>\n<tr>\n<td colspan=\"3\">Kompres\u00f6r Modeli<\/td>\n<td>SP2H-0500\/SP2H-050E<\/td>\n<td>SP2H-0800\/SP2H-080E<\/td>\n<td>SP4H-1200\/SP4HF-120E<\/td>\n<td>SP4H-1500\/SP4HF-150E<\/td>\n<td>SP4H-2000\/SP4HF-200E<\/td>\n<\/tr>\n<tr>\n<td colspan=\"3\">Uygulanabilir S\u0131cakl\u0131k (\u2103)<\/td>\n<td colspan=\"5\">-5\u2103~-15\u00b0\u2103<\/td>\n<\/tr>\n<tr>\n<td colspan=\"3\">So\u011futucu Ak\u0131\u015fkan<\/td>\n<td colspan=\"5\">R22\/R404A<\/td>\n<\/tr>\n<tr>\n<td rowspan=\"2\">Kondenser<\/td>\n<td colspan=\"2\">Fan Say\u0131s\u0131 (adet)<\/td>\n<td>2<\/td>\n<td>2<\/td>\n<td>2<\/td>\n<td>2<\/td>\n<td>2<\/td>\n<\/tr>\n<tr>\n<td colspan=\"2\">Fan G\u00fcc\u00fc (W)<\/td>\n<td>2*190<\/td>\n<td>2*230<\/td>\n<td>2*350<\/td>\n<td>2*350<\/td>\n<td>2*580<\/td>\n<\/tr>\n<tr>\n<td rowspan=\"4\">Ref. Kapasite &#8211;<br \/>\nYo\u011fu\u015fma \u00dcniteleri<\/td>\n<td rowspan=\"2\">Evaporating<br \/>\nTemperature -5\u00b0C<\/td>\n<td>Ref. Kapasite (w)<\/td>\n<td>11100\/12200<\/td>\n<td>15500\/17100<\/td>\n<td>26500\/26400<\/td>\n<td>31000\/30800<\/td>\n<td>35400\/35200<\/td>\n<\/tr>\n<tr>\n<td>G\u00fc\u00e7 (W)<\/td>\n<td>4100\/4700<\/td>\n<td>5700\/6500<\/td>\n<td>8500\/10000<\/td>\n<td>10000\/11700<\/td>\n<td>11400\/13400<\/td>\n<\/tr>\n<tr>\n<td rowspan=\"2\">Buharla\u015fma<br \/>\nS\u0131cakl\u0131\u011f\u0131 -15\u00b0C<\/td>\n<td>Ref. Kapasite (W)<\/td>\n<td>7000\/7600<\/td>\n<td>9800\/10700<\/td>\n<td>16800\/16500<\/td>\n<td>19600\/19300<\/td>\n<td>22400\/22000<\/td>\n<\/tr>\n<tr>\n<td>G\u00fc\u00e7 (W)<\/td>\n<td>3400\/3800<\/td>\n<td>4700\/5300<\/td>\n<td>7000\/8200<\/td>\n<td>8200\/9500<\/td>\n<td>9300\/10900<\/td>\n<\/tr>\n<tr>\n<td rowspan=\"2\">Kavrama<\/td>\n<td colspan=\"2\">T\u00fcp Kaplin<\/td>\n<td>11<\/td>\n<td>16<\/td>\n<td>16<\/td>\n<td>16<\/td>\n<td>22<\/td>\n<\/tr>\n<tr>\n<td colspan=\"2\">Emme Kaplini<\/td>\n<td>28<\/td>\n<td>28<\/td>\n<td>35<\/td>\n<td>42<\/td>\n<td>42<\/td>\n<\/tr>\n<tr>\n<td rowspan=\"3\">Toplam Boyut<\/td>\n<td colspan=\"2\">Uzunluk (A) mm<\/td>\n<td>1050<\/td>\n<td>1150<\/td>\n<td>1400<\/td>\n<td>1550<\/td>\n<td>1900<\/td>\n<\/tr>\n<tr>\n<td colspan=\"2\">Geni\u015flik (B) mm<\/td>\n<td>750<\/td>\n<td>750<\/td>\n<td>7500<\/td>\n<td>750<\/td>\n<td>750<\/td>\n<\/tr>\n<tr>\n<td colspan=\"2\">Y\u00fckseklik (H) mm<\/td>\n<td>1270<\/td>\n<td>1420<\/td>\n<td>1520<\/td>\n<td>1520<\/td>\n<td>1520<\/td>\n<\/tr>\n<tr>\n<td>Kurulum Boyutlar\u0131<\/td>\n<td colspan=\"2\">(D*E) mm<\/td>\n<td>750*710<\/td>\n<td>850*710<\/td>\n<td>950*710<\/td>\n<td>1100*710<\/td>\n<td>1100*710<\/td>\n<\/tr>\n<\/tbody>\n<\/table>\n<table>\n<tbody>\n<tr>\n<td colspan=\"13\">\n<p style=\"text-align: center;\">Refcomp Orta ve D\u00fc\u015f\u00fck S\u0131cakl\u0131k Hava So\u011futmal\u0131 Yo\u011fu\u015fmal\u0131 \u00dcnite<\/p>\n<\/td>\n<\/tr>\n<tr>\n<td colspan=\"3\">\u00dcnite Modelleri<\/td>\n<td>CX-FNH-05ML<\/td>\n<td>CX-FNH-08ML<\/td>\n<td>CX-FNH-10ML<\/td>\n<td>CX-FNH-12ML<\/td>\n<td>CX-FNH-15ML<\/td>\n<td>CX-FNH-18ML<\/td>\n<td>CX-FNH-22ML<\/td>\n<td>CX-FNH-25ML<\/td>\n<td>CX-FNH-30ML<\/td>\n<td>CX-FNH-40ML<\/td>\n<\/tr>\n<tr>\n<td colspan=\"3\">Kompres\u00f6r Modeli<\/td>\n<td>SP2L-0500\/SP2L-050E<\/td>\n<td>SP4L-0800\/SP4LF-080E<\/td>\n<td>SP4L-1000\/SP4LF-100E<\/td>\n<td>SP4L-1200\/SP4LF-120E<\/td>\n<td>SP4L-1500\/SP4HF-150E<\/td>\n<td>SP4L-1800\/SP4L-190E<\/td>\n<td>SP4L-2200\/SP4L-220E<\/td>\n<td>SP4L-2500\/SP4L-250E<\/td>\n<td>SP4L-3000\/SP4L-200E<\/td>\n<td>SP4L-4000\/SP4L-400E<\/td>\n<\/tr>\n<tr>\n<td colspan=\"3\">Uygulanabilir S\u0131cakl\u0131k (\u2103)<\/td>\n<td colspan=\"10\">-20\u00b0C~-35\u00b0C<\/td>\n<\/tr>\n<tr>\n<td colspan=\"3\">So\u011futucu Ak\u0131\u015fkan<\/td>\n<td colspan=\"10\">R22\/R404A<\/td>\n<\/tr>\n<tr>\n<td rowspan=\"2\">Kondenser<\/td>\n<td colspan=\"2\">Fan Say\u0131s\u0131 (adet)<\/td>\n<td>2<\/td>\n<td>2<\/td>\n<td>2<\/td>\n<td>2<\/td>\n<td>2<\/td>\n<td>2<\/td>\n<td>2<\/td>\n<td>2<\/td>\n<td>3<\/td>\n<td>3<\/td>\n<\/tr>\n<tr>\n<td colspan=\"2\">Fan G\u00fcc\u00fc (W)<\/td>\n<td>2*190<\/td>\n<td>2*190<\/td>\n<td>2*230<\/td>\n<td>2*320<\/td>\n<td>2*320<\/td>\n<td>2*350<\/td>\n<td>2*350<\/td>\n<td>2*580<\/td>\n<td>3*350<\/td>\n<td>3*580<\/td>\n<\/tr>\n<tr>\n<td rowspan=\"4\">Yo\u011fu\u015fma \u00dcnitelerinin Referans Kapasitesi<\/td>\n<td rowspan=\"2\">Evaporasyon S\u0131cakl\u0131\u011f\u0131 -25\u2103<\/td>\n<td>Ref. Kapasite (w)<\/td>\n<td>5900\/6000<\/td>\n<td>10100\/10200<\/td>\n<td>11700\/11900<\/td>\n<td>13400\/13600<\/td>\n<td>14000\/15800<\/td>\n<td>16300\/18300<\/td>\n<td>18600\/21000<\/td>\n<td>22300\/25200<\/td>\n<td>28000\/31500<\/td>\n<td>33500\/37800<\/td>\n<\/tr>\n<tr>\n<td>G\u00fc\u00e7 (W)<\/td>\n<td>3700\/3800<\/td>\n<td>5900\/6900<\/td>\n<td>6900\/8100<\/td>\n<td>7900\/9300<\/td>\n<td>9000\/10700<\/td>\n<td>10400\/12400<\/td>\n<td>11900\/14200<\/td>\n<td>14300\/17100<\/td>\n<td>18000\/21400<\/td>\n<td>21500\/25700<\/td>\n<\/tr>\n<tr>\n<td rowspan=\"2\">Buharla\u015fma S\u0131cakl\u0131\u011f\u0131 -30\u00b0C<\/td>\n<td>Ref. Kapasite (W)<\/td>\n<td>4300\/4400<\/td>\n<td>7300\/7600<\/td>\n<td>8600\/8800<\/td>\n<td>9800\/10100<\/td>\n<td>10400\/11700<\/td>\n<td>12100\/13600<\/td>\n<td>13800\/15500<\/td>\n<td>16600\/18700<\/td>\n<td>20800\/23400<\/td>\n<td>24900\/28000<\/td>\n<\/tr>\n<tr>\n<td>G\u00fc\u00e7 (W)<\/td>\n<td>3100\/3300<\/td>\n<td>5100\/6000<\/td>\n<td>5900\/7000<\/td>\n<td>6700\/8000<\/td>\n<td>7600\/9200<\/td>\n<td>8800\/10700<\/td>\n<td>10100\/12300<\/td>\n<td>12100\/14800<\/td>\n<td>15200\/18400<\/td>\n<td>18100\/22100<\/td>\n<\/tr>\n<tr>\n<td rowspan=\"2\">Kavrama<\/td>\n<td colspan=\"2\">T\u00fcp Kaplin<\/td>\n<td>12<\/td>\n<td>16<\/td>\n<td>16<\/td>\n<td>16<\/td>\n<td>16<\/td>\n<td>22<\/td>\n<td>22<\/td>\n<td>22<\/td>\n<td>22<\/td>\n<td>28<\/td>\n<\/tr>\n<tr>\n<td colspan=\"2\">Emme Kaplini<\/td>\n<td>28<\/td>\n<td>35<\/td>\n<td>35<\/td>\n<td>35<\/td>\n<td>42<\/td>\n<td>42<\/td>\n<td>54<\/td>\n<td>54<\/td>\n<td>54<\/td>\n<td>54<\/td>\n<\/tr>\n<tr>\n<td rowspan=\"3\">Toplam Boyut<\/td>\n<td colspan=\"2\">Uzunluk (A) mm<\/td>\n<td>1100<\/td>\n<td>1050<\/td>\n<td>1150<\/td>\n<td>1400<\/td>\n<td>1250<\/td>\n<td>11400<\/td>\n<td>1550<\/td>\n<td>1900<\/td>\n<td>2200<\/td>\n<td>2650<\/td>\n<\/tr>\n<tr>\n<td colspan=\"2\">Geni\u015flik (B) mm<\/td>\n<td>660<\/td>\n<td>750<\/td>\n<td>750<\/td>\n<td>750<\/td>\n<td>750<\/td>\n<td>750<\/td>\n<td>750<\/td>\n<td>750<\/td>\n<td>850<\/td>\n<td>850<\/td>\n<\/tr>\n<tr>\n<td colspan=\"2\">Y\u00fckseklik (H) mm<\/td>\n<td>1020<\/td>\n<td>1270<\/td>\n<td>1420<\/td>\n<td>1420<\/td>\n<td>1420<\/td>\n<td>1620<\/td>\n<td>1520<\/td>\n<td>1520<\/td>\n<td>1520<\/td>\n<td>1620<\/td>\n<\/tr>\n<tr>\n<td>Kurulum Boyutu<\/td>\n<td colspan=\"2\">(D*E) mm<\/td>\n<td>750*600<\/td>\n<td>750*710<\/td>\n<td>850*710<\/td>\n<td>950*710<\/td>\n<td>900*710<\/td>\n<td>950*710<\/td>\n<td>1100*710<\/td>\n<td>1100*710<\/td>\n<td>1100*810<\/td>\n<td>1100*810<\/td>\n<\/tr>\n<\/tbody>\n<\/table>\n","protected":false},"excerpt":{"rendered":"<ul>\n<li>Kutu yap\u0131l\u0131 g\u00f6vde, \u015f\u0131k bir g\u00f6r\u00fcn\u00fcme sahip olup ta\u015f\u0131nmas\u0131, kurulumu ve bak\u0131m\u0131 kolayd\u0131r.<\/li>\n<li>3 hp\u201330 hp&#8217;yi destekler ve \u00e7e\u015fitli markalar\u0131n hermetik ve yar\u0131 hermetik kompres\u00f6rleri i\u00e7in uygundur.<\/li>\n<li>M\u00fckemmel \u0131s\u0131 de\u011fi\u015fimi i\u00e7in geni\u015f bir y\u00fczeye sahiptir ve \u00e7e\u015fitli yo\u011fu\u015fma \u00fcniteleri i\u00e7in idealdir.<\/li>\n<li>Kolay kurulum, istikrarl\u0131 \u00e7al\u0131\u015fma ve d\u00fc\u015f\u00fck g\u00fcr\u00fclt\u00fc i\u00e7in eksenel fanlarla donat\u0131lm\u0131\u015ft\u0131r.<\/li>\n<\/ul>\n","protected":false},"featured_media":11299,"comment_status":"open","ping_status":"closed","template":"","meta":{"site-sidebar-layout":"default","site-content-layout":"","ast-site-content-layout":"default","site-content-style":"default","site-sidebar-style":"default","ast-global-header-display":"","ast-banner-title-visibility":"","ast-main-header-display":"","ast-hfb-above-header-display":"","ast-hfb-below-header-display":"","ast-hfb-mobile-header-display":"","site-post-title":"","ast-breadcrumbs-content":"","ast-featured-img":"","footer-sml-layout":"","theme-transparent-header-meta":"default","adv-header-id-meta":"","stick-header-meta":"","header-above-stick-meta":"","header-main-stick-meta":"","header-below-stick-meta":"","astra-migrate-meta-layouts":"set","ast-page-background-enabled":"default","ast-page-background-meta":{"desktop":{"background-color":"var(--ast-global-color-4)","background-image":"","background-repeat":"repeat","background-position":"center center","background-size":"auto","background-attachment":"scroll","background-type":"","background-media":"","overlay-type":"","overlay-color":"","overlay-opacity":"","overlay-gradient":""},"tablet":{"background-color":"","background-image":"","background-repeat":"repeat","background-position":"center center","background-size":"auto","background-attachment":"scroll","background-type":"","background-media":"","overlay-type":"","overlay-color":"","overlay-opacity":"","overlay-gradient":""},"mobile":{"background-color":"","background-image":"","background-repeat":"repeat","background-position":"center center","background-size":"auto","background-attachment":"scroll","background-type":"","background-media":"","overlay-type":"","overlay-color":"","overlay-opacity":"","overlay-gradient":""}},"ast-content-background-meta":{"desktop":{"background-color":"var(--ast-global-color-5)","background-image":"","background-repeat":"repeat","background-position":"center center","background-size":"auto","background-attachment":"scroll","background-type":"","background-media":"","overlay-type":"","overlay-color":"","overlay-opacity":"","overlay-gradient":""},"tablet":{"background-color":"var(--ast-global-color-5)","background-image":"","background-repeat":"repeat","background-position":"center center","background-size":"auto","background-attachment":"scroll","background-type":"","background-media":"","overlay-type":"","overlay-color":"","overlay-opacity":"","overlay-gradient":""},"mobile":{"background-color":"var(--ast-global-color-5)","background-image":"","background-repeat":"repeat","background-position":"center center","background-size":"auto","background-attachment":"scroll","background-type":"","background-media":"","overlay-type":"","overlay-color":"","overlay-opacity":"","overlay-gradient":""}}},"product_brand":[],"product_cat":[97,96],"product_tag":[],"class_list":{"0":"post-11295","1":"product","2":"type-product","3":"status-publish","4":"has-post-thumbnail","6":"product_cat-kategorize-edilmemis","7":"product_cat-soguk-oda-icin-hermetik-kondenser-unitesi","8":"desktop-align-left","9":"tablet-align-left","10":"mobile-align-left","12":"first","13":"instock","14":"shipping-taxable","15":"product-type-simple"},"_links":{"self":[{"href":"https:\/\/www.linble-coldroom.com\/tr\/wp-json\/wp\/v2\/product\/11295","targetHints":{"allow":["GET"]}}],"collection":[{"href":"https:\/\/www.linble-coldroom.com\/tr\/wp-json\/wp\/v2\/product"}],"about":[{"href":"https:\/\/www.linble-coldroom.com\/tr\/wp-json\/wp\/v2\/types\/product"}],"replies":[{"embeddable":true,"href":"https:\/\/www.linble-coldroom.com\/tr\/wp-json\/wp\/v2\/comments?post=11295"}],"wp:featuredmedia":[{"embeddable":true,"href":"https:\/\/www.linble-coldroom.com\/tr\/wp-json\/wp\/v2\/media\/11299"}],"wp:attachment":[{"href":"https:\/\/www.linble-coldroom.com\/tr\/wp-json\/wp\/v2\/media?parent=11295"}],"wp:term":[{"taxonomy":"product_brand","embeddable":true,"href":"https:\/\/www.linble-coldroom.com\/tr\/wp-json\/wp\/v2\/product_brand?post=11295"},{"taxonomy":"product_cat","embeddable":true,"href":"https:\/\/www.linble-coldroom.com\/tr\/wp-json\/wp\/v2\/product_cat?post=11295"},{"taxonomy":"product_tag","embeddable":true,"href":"https:\/\/www.linble-coldroom.com\/tr\/wp-json\/wp\/v2\/product_tag?post=11295"}],"curies":[{"name":"wp","href":"https:\/\/api.w.org\/{rel}","templated":true}]}}