{"id":11305,"date":"2025-01-13T10:49:25","date_gmt":"2025-01-13T02:49:25","guid":{"rendered":"https:\/\/www.linble-coldroom.com\/box-l-type-condensing-units\/"},"modified":"2026-05-14T23:19:51","modified_gmt":"2026-05-14T15:19:51","slug":"kutu-l-tipi-yogusmali-uniteler","status":"publish","type":"product","link":"https:\/\/www.linble-coldroom.com\/tr\/l-tipi-yogusmali-uniteler\/","title":{"rendered":"L Tipi Yo\u011fu\u015fmal\u0131 \u00dcniteler"},"content":{"rendered":"<h2>Kutu L Tipi Kondansat\u00f6r Parametreleri<\/h2>\n<table>\n<tbody>\n<tr>\n<td>Model<\/td>\n<td>Is\u0131 De\u011fi\u015fim Kapasitesi<br \/>\n(kW)<\/td>\n<td>Fan G\u00fcc\u00fc<br \/>\n(w)<\/td>\n<td>Fan \u00c7ap\u0131<br \/>\n(mm)<\/td>\n<td>Fan Hava Hacmi<br \/>\n(m\u00b3\/h)<\/td>\n<td>Fan Gerilimi<br \/>\n(v)<\/td>\n<td>Giri\u015f Borusu<br \/>\n(mm)<\/td>\n<td>Arka Trakea<br \/>\n(mm)<\/td>\n<td>Genel<br \/>\nBoyutlar (mm)<br \/>\nA*B*H<\/td>\n<td>Kurulum<br \/>\nBoyutlar\u0131 (mm)D<\/td>\n<td>Kurulum<br \/>\nBoyutlar\u0131 (mm)E<\/td>\n<\/tr>\n<tr>\n<td>FNL-20<\/td>\n<td>6,6<\/td>\n<td>1*190<\/td>\n<td>\u03c6400<\/td>\n<td>1*3800<\/td>\n<td>380<\/td>\n<td>\u03c610<\/td>\n<td>\u03c616<\/td>\n<td>1110*500*790<\/td>\n<td>590<\/td>\n<td>440<\/td>\n<\/tr>\n<tr>\n<td>FNL-29<\/td>\n<td>9,6<\/td>\n<td>1*190<\/td>\n<td>\u03c6400<\/td>\n<td>1*3800<\/td>\n<td>380<\/td>\n<td>\u03c610<\/td>\n<td>\u03c616<\/td>\n<td>1110*500*790<\/td>\n<td>590<\/td>\n<td>440<\/td>\n<\/tr>\n<tr>\n<td>FNL-39<\/td>\n<td>12,5<\/td>\n<td>1*190<\/td>\n<td>\u03c6400<\/td>\n<td>1*3800<\/td>\n<td>380<\/td>\n<td>\u03c610<\/td>\n<td>\u03c616<\/td>\n<td>1110*500*790<\/td>\n<td>590<\/td>\n<td>440<\/td>\n<\/tr>\n<tr>\n<td>FNL-48<\/td>\n<td>15,9<\/td>\n<td>2*190<\/td>\n<td>\u03c6400<\/td>\n<td>2*3800<\/td>\n<td>380<\/td>\n<td>\u03c612<\/td>\n<td>\u03c619<\/td>\n<td>1110*500*1240<\/td>\n<td>590<\/td>\n<td>440<\/td>\n<\/tr>\n<tr>\n<td>FNL-58<\/td>\n<td>18,1<\/td>\n<td>2*190<\/td>\n<td>\u03c6400<\/td>\n<td>2*3800<\/td>\n<td>380<\/td>\n<td>\u03c612<\/td>\n<td>\u03c619<\/td>\n<td>1110*500*1240<\/td>\n<td>590<\/td>\n<td>440<\/td>\n<\/tr>\n<tr>\n<td>FNL-68<\/td>\n<td>20,5<\/td>\n<td>2*190<\/td>\n<td>\u03c6400<\/td>\n<td>2*3800<\/td>\n<td>380<\/td>\n<td>\u03c612<\/td>\n<td>\u03c619<\/td>\n<td>1110*500*1240<\/td>\n<td>590<\/td>\n<td>440<\/td>\n<\/tr>\n<tr>\n<td>FNL-70<\/td>\n<td>22,4<\/td>\n<td>2*230<\/td>\n<td>\u03c6450<\/td>\n<td>2*5000<\/td>\n<td>380<\/td>\n<td>\u03c616<\/td>\n<td>\u03c622<\/td>\n<td>1230*560*1240<\/td>\n<td>840<\/td>\n<td>500<\/td>\n<\/tr>\n<tr>\n<td>FNL-80<\/td>\n<td>25,6<\/td>\n<td>2*230<\/td>\n<td>\u03c6450<\/td>\n<td>2*5000<\/td>\n<td>380<\/td>\n<td>\u03c616<\/td>\n<td>\u03c628<\/td>\n<td>1230*560*1390<\/td>\n<td>900<\/td>\n<td>500<\/td>\n<\/tr>\n<tr>\n<td>FNL-90<\/td>\n<td>28,8<\/td>\n<td>2*230<\/td>\n<td>\u03c6450<\/td>\n<td>2*5000<\/td>\n<td>380<\/td>\n<td>\u03c616<\/td>\n<td>\u03c635<\/td>\n<td>1330*560*1390<\/td>\n<td>940<\/td>\n<td>500<\/td>\n<\/tr>\n<tr>\n<td>FNL-100<\/td>\n<td>32,1<\/td>\n<td>2*320<\/td>\n<td>\u03c6500<\/td>\n<td>2*6600<\/td>\n<td>380<\/td>\n<td>\u03c616<\/td>\n<td>\u03c635<\/td>\n<td>1430*560*1390<\/td>\n<td>1040<\/td>\n<td>500<\/td>\n<\/tr>\n<tr>\n<td>FNL-120<\/td>\n<td>38,4<\/td>\n<td>4*190<\/td>\n<td>\u03c6400<\/td>\n<td>4*3800<\/td>\n<td>380<\/td>\n<td>\u03c616<\/td>\n<td>\u03c635<\/td>\n<td>1630*630*1390<\/td>\n<td>1110<\/td>\n<td>570<\/td>\n<\/tr>\n<tr>\n<td>FNL-140<\/td>\n<td>44,4<\/td>\n<td>4*190<\/td>\n<td>\u03c6450<\/td>\n<td>4*5000<\/td>\n<td>380<\/td>\n<td>\u03c616<\/td>\n<td>\u03c635<\/td>\n<td>1730*630*1390<\/td>\n<td>1210<\/td>\n<td>570<\/td>\n<\/tr>\n<\/tbody>\n<\/table>\n<p>Not: FNL-20m2 ile FNL-67m2 aras\u0131 modellerde giri\u015f ve \u00e7\u0131k\u0131\u015f vanas\u0131 bulunur, FNL-70m2 ve \u00fczeri modellerde vana yoktur.<\/p>\n<h2>Kutu L Tipi Yo\u011fu\u015fmal\u0131 \u00dcnite Parametreleri<\/h2>\n<table>\n<tbody>\n<tr>\n<td colspan=\"13\">\n<p style=\"text-align: center;\">Orta ve Y\u00fcksek S\u0131cakl\u0131k Hava So\u011futmal\u0131 Kondenser \u00dcnitesi Scroll Serisi<\/p>\n<\/td>\n<\/tr>\n<tr>\n<td colspan=\"3\">\u00dcnite Modelleri<\/td>\n<td>CX-FNL-02MH<\/td>\n<td>CX-FNL-03MH<\/td>\n<td>CX-FNL-04MH<\/td>\n<td>CX-FNL-05MH<\/td>\n<td>CX-FNL-06MH<\/td>\n<td>CX-FNL- 07MH<\/td>\n<td>CX-FNL-08MH<\/td>\n<td>CX-FNL-10MH<\/td>\n<td>CX-FNL-12MH<\/td>\n<td>CX-FNL-15MH<\/td>\n<\/tr>\n<tr>\n<td colspan=\"3\">Kompres\u00f6r Modeli<\/td>\n<td>ZB15KQ<\/td>\n<td>ZB21KQ<\/td>\n<td>ZB29KQ<\/td>\n<td>ZB38KQ<\/td>\n<td>ZB45KQ<\/td>\n<td>ZB48KQ<\/td>\n<td>ZB58KQ<\/td>\n<td>ZB76KQ<\/td>\n<td>ZB88KQ<\/td>\n<td>ZB114KQ<\/td>\n<\/tr>\n<tr>\n<td colspan=\"3\">Uygulanabilir S\u0131cakl\u0131k (\u2103)<\/td>\n<td colspan=\"10\">0\u2103~-15\u2103<\/td>\n<\/tr>\n<tr>\n<td colspan=\"3\">So\u011futucu Ak\u0131\u015fkan<\/td>\n<td colspan=\"10\">R22\/R404A<\/td>\n<\/tr>\n<tr>\n<td colspan=\"3\">Besleme<\/td>\n<td colspan=\"10\">380V 50Hz<\/td>\n<\/tr>\n<tr>\n<td rowspan=\"3\">Kondenser<\/td>\n<td colspan=\"2\">Fan Say\u0131s\u0131 (adet)<\/td>\n<td>1<\/td>\n<td>1<\/td>\n<td>1<\/td>\n<td>2<\/td>\n<td>2<\/td>\n<td>2<\/td>\n<td>2<\/td>\n<td>2<\/td>\n<td>4<\/td>\n<td>4<\/td>\n<\/tr>\n<tr>\n<td colspan=\"2\">Hava ak\u0131\u015f\u0131 (m\u00b3\/h)<\/td>\n<td>1*3800<\/td>\n<td>1*3800<\/td>\n<td>1*3800<\/td>\n<td>2*3800<\/td>\n<td>2*3800<\/td>\n<td>2*5000<\/td>\n<td>2*5000<\/td>\n<td>2*7000<\/td>\n<td>4*3800<\/td>\n<td>5*5000<\/td>\n<\/tr>\n<tr>\n<td colspan=\"2\">Fan G\u00fcc\u00fc (W)<\/td>\n<td>1*190<\/td>\n<td>1*190<\/td>\n<td>1*190<\/td>\n<td>2*190<\/td>\n<td>2*190<\/td>\n<td>2*230<\/td>\n<td>2*230<\/td>\n<td>2*420<\/td>\n<td>4*190<\/td>\n<td>4*250<\/td>\n<\/tr>\n<tr>\n<td rowspan=\"6\">Yo\u011fu\u015fmal\u0131 \u00dcnitelerin Referans Kapasitesi<\/td>\n<td rowspan=\"2\">Buharla\u015fma S\u0131cakl\u0131\u011f\u0131 -0\u2103<br \/>\nReferans Kapasite (w)<\/td>\n<td>Ref. Kapasite (w)<\/td>\n<td>4830\/4670<\/td>\n<td>7020\/6690<\/td>\n<td>9430\/9480<\/td>\n<td>11700\/11950<\/td>\n<td>14150\/14000<\/td>\n<td>15600\/15750<\/td>\n<td>18550\/18600<\/td>\n<td>24900\/24700<\/td>\n<td>28500<\/td>\n<td>36200\/36300<\/td>\n<\/tr>\n<tr>\n<td>G\u00fc\u00e7 (W)<\/td>\n<td>1540\/1720<\/td>\n<td>2270\/2480<\/td>\n<td>2890\/3290<\/td>\n<td>660\/4150<\/td>\n<td>4230\/4700<\/td>\n<td>4650\/5570<\/td>\n<td>5470\/6390<\/td>\n<td>7180\/8360<\/td>\n<td>8130<\/td>\n<td>10900\/12700<\/td>\n<\/tr>\n<tr>\n<td rowspan=\"2\">Buharla\u015fma<br \/>\nS\u0131cakl\u0131\u011f\u0131 -5 \u2103<\/td>\n<td>Ref. Kapasite (w)<\/td>\n<td>4000\/3820<\/td>\n<td>5820\/5740<\/td>\n<td>7810\/7790<\/td>\n<td>9710\/9830<\/td>\n<td>11750\/11500<\/td>\n<td>12950\/13000<\/td>\n<td>15100\/15300<\/td>\n<td>20600\/20400<\/td>\n<td>23500<\/td>\n<td>29500\/29700<\/td>\n<\/tr>\n<tr>\n<td>G\u00fc\u00e7 (W)<\/td>\n<td>1520\/1760<\/td>\n<td>2240\/2500<\/td>\n<td>2860\/3310<\/td>\n<td>3610\/4180<\/td>\n<td>4210\/4730<\/td>\n<td>4630\/5410<\/td>\n<td>5460\/6360<\/td>\n<td>7130\/8290<\/td>\n<td>8070<\/td>\n<td>10800\/12650<\/td>\n<\/tr>\n<tr>\n<td rowspan=\"2\">Buharla\u015fma<br \/>\nS\u0131cakl\u0131\u011f\u0131 -12\u2103<\/td>\n<td>Ref. Kapasite (w)<\/td>\n<td>2990\/2710<\/td>\n<td>4350\/4300<\/td>\n<td>5840\/5840<\/td>\n<td>7260\/7370<\/td>\n<td>8840\/8630<\/td>\n<td>9730\/9800<\/td>\n<td>10900\/11350<\/td>\n<td>15450\/15250<\/td>\n<td>17550<\/td>\n<td>21100\/21900<\/td>\n<\/tr>\n<tr>\n<td>G\u00fc\u00e7 (W)<\/td>\n<td>1510\/1840<\/td>\n<td>2220\/2510<\/td>\n<td>2930\/3330<\/td>\n<td>3570\/4200<\/td>\n<td>4150\/4760<\/td>\n<td>4570\/5150<\/td>\n<td>5470\/6320<\/td>\n<td>7040\/8190<\/td>\n<td>7970<\/td>\n<td>10750\/12650<\/td>\n<\/tr>\n<tr>\n<td rowspan=\"2\">Ba\u011flant\u0131<\/td>\n<td colspan=\"2\">Boru ba\u011flant\u0131 par\u00e7as\u0131<\/td>\n<td>\u03c610<\/td>\n<td>\u03c610<\/td>\n<td>\u03c612<\/td>\n<td>\u03c612<\/td>\n<td>\u03c612<\/td>\n<td>\u03c616<\/td>\n<td>\u03c616<\/td>\n<td>\u03c616<\/td>\n<td>\u03c616<\/td>\n<td>\u03c616<\/td>\n<\/tr>\n<tr>\n<td colspan=\"2\">Emme ba\u011flant\u0131s\u0131<\/td>\n<td>\u03c616<\/td>\n<td>\u03c616<\/td>\n<td>\u03c619<\/td>\n<td>\u03c619<\/td>\n<td>\u03c619<\/td>\n<td>\u03c622<\/td>\n<td>\u03c628<\/td>\n<td>\u03c635<\/td>\n<td>\u03c635<\/td>\n<td>\u03c635<\/td>\n<\/tr>\n<tr>\n<td rowspan=\"3\">Toplam<br \/>\nBoyut<\/td>\n<td colspan=\"2\">Uzunluk (A) mm<\/td>\n<td>1110<\/td>\n<td>1110<\/td>\n<td>1110<\/td>\n<td>1110<\/td>\n<td>1110<\/td>\n<td>1230<\/td>\n<td>1230<\/td>\n<td>1430<\/td>\n<td>16:30<\/td>\n<td>1730<\/td>\n<\/tr>\n<tr>\n<td colspan=\"2\">Geni\u015flik (B) mm<\/td>\n<td>500<\/td>\n<td>500<\/td>\n<td>500<\/td>\n<td>500<\/td>\n<td>500<\/td>\n<td>560<\/td>\n<td>560<\/td>\n<td>560<\/td>\n<td>630<\/td>\n<td>630<\/td>\n<\/tr>\n<tr>\n<td colspan=\"2\">Y\u00fckseklik (H) mm<\/td>\n<td>790<\/td>\n<td>790<\/td>\n<td>790<\/td>\n<td>1240<\/td>\n<td>1240<\/td>\n<td>1240<\/td>\n<td>1390<\/td>\n<td>1390<\/td>\n<td>1390<\/td>\n<td>1490<\/td>\n<\/tr>\n<tr>\n<td rowspan=\"2\">Kurulum<br \/>\nBoyut<\/td>\n<td colspan=\"2\">Uzunluk (D) mm<\/td>\n<td>590<\/td>\n<td>590<\/td>\n<td>590<\/td>\n<td>590<\/td>\n<td>590<\/td>\n<td>840<\/td>\n<td>900<\/td>\n<td>1040<\/td>\n<td>1110<\/td>\n<td>1210<\/td>\n<\/tr>\n<tr>\n<td colspan=\"2\">Geni\u015flik (E) mm<\/td>\n<td>440<\/td>\n<td>440<\/td>\n<td>440<\/td>\n<td>440<\/td>\n<td>440<\/td>\n<td>500<\/td>\n<td>500<\/td>\n<td>500<\/td>\n<td>570<\/td>\n<td>570<\/td>\n<\/tr>\n<\/tbody>\n<\/table>\n<p>Not:<\/p>\n<ol>\n<li>Referans kapasite ve g\u00fc\u00e7, 32\u00b0C ortam s\u0131cakl\u0131\u011f\u0131na g\u00f6re hesaplanm\u0131\u015ft\u0131r.<\/li>\n<li>M\u00fc\u015fterilerin gereksinimlerine g\u00f6re konfig\u00fcrasyonun eklenmesi ve azalt\u0131lmas\u0131 m\u00fcmk\u00fcnd\u00fcr.<\/li>\n<li>Yar\u0131 hermetik yo\u011fu\u015fma \u00fcnitesini \u00f6zelle\u015ftirmek istiyorsan\u0131z, bizimle ileti\u015fime ge\u00e7mekten \u00e7ekinmeyin.<\/li>\n<\/ol>\n<table>\n<tbody>\n<tr>\n<td style=\"text-align: center;\" colspan=\"7\">Y\u00fcksek S\u0131cakl\u0131k Hava So\u011futmal\u0131 Kondenser \u00dcnitesi Tecumseh Serisi<\/td>\n<\/tr>\n<tr>\n<td colspan=\"3\">\u00dcnite Modelleri<\/td>\n<td>CX-FNL-02MH<\/td>\n<td>CX-FNL-03MH<\/td>\n<td>CX-FNL-04MH<\/td>\n<td>CX-FNL-05MH<\/td>\n<\/tr>\n<tr>\n<td colspan=\"3\">Kompres\u00f6r Modeli<\/td>\n<td>FH4524Z<\/td>\n<td>TFH4540Z<\/td>\n<td>TAG4546Z<\/td>\n<td>TAG4561Z<\/td>\n<\/tr>\n<tr>\n<td colspan=\"3\">Uygulanabilir S\u0131cakl\u0131k (C)<\/td>\n<td colspan=\"4\">0\u2103~-15\u2103<\/td>\n<\/tr>\n<tr>\n<td colspan=\"3\">So\u011futucu Ak\u0131\u015fkan<\/td>\n<td colspan=\"4\">R404A<\/td>\n<\/tr>\n<tr>\n<td rowspan=\"2\">Kondenser<\/td>\n<td colspan=\"2\">Fan Say\u0131s\u0131 (adet)<\/td>\n<td>1<\/td>\n<td>1<\/td>\n<td>1<\/td>\n<td>2<\/td>\n<\/tr>\n<tr>\n<td colspan=\"2\">Fan G\u00fcc\u00fc (W)<\/td>\n<td>1*190<\/td>\n<td>1*190<\/td>\n<td>1*190<\/td>\n<td>2*190<\/td>\n<\/tr>\n<tr>\n<td rowspan=\"6\">Yo\u011fu\u015fmal\u0131 \u00dcnitelerin Referans Kapasitesi<\/td>\n<td rowspan=\"2\">Buharla\u015fma<br \/>\nS\u0131cakl\u0131\u011f\u0131 -0\u2103<\/td>\n<td>Ref. Kapasite (w)<\/td>\n<td>4371<\/td>\n<td>8390<\/td>\n<td>9670<\/td>\n<td>12126<\/td>\n<\/tr>\n<tr>\n<td>G\u00fc\u00e7 (W)<\/td>\n<td>2088<\/td>\n<td>3483<\/td>\n<td>3668<\/td>\n<td>4728<\/td>\n<\/tr>\n<tr>\n<td rowspan=\"2\">Buharla\u015fma<br \/>\nS\u0131cakl\u0131\u011f\u0131 -5 \u2103<\/td>\n<td>Ref. Kapasite (w)<\/td>\n<td>3526<\/td>\n<td>6861<\/td>\n<td>7591<\/td>\n<td>9681<\/td>\n<\/tr>\n<tr>\n<td>G\u00fc\u00e7 (W)<\/td>\n<td>1920<\/td>\n<td>3184<\/td>\n<td>3322<\/td>\n<td>4256<\/td>\n<\/tr>\n<tr>\n<td rowspan=\"2\">Buharla\u015fma<br \/>\nS\u0131cakl\u0131\u011f\u0131 -12\u2103<\/td>\n<td>Ref. Kapasite (w)<\/td>\n<td>2500<\/td>\n<td>5009<\/td>\n<td>5175<\/td>\n<td>6804<\/td>\n<\/tr>\n<tr>\n<td>G\u00fc\u00e7 (W)<\/td>\n<td>1664<\/td>\n<td>2773<\/td>\n<td>2791<\/td>\n<td>3589<\/td>\n<\/tr>\n<tr>\n<td rowspan=\"2\">Ba\u011flant\u0131<\/td>\n<td colspan=\"2\">Boru Kaplini<\/td>\n<td>\u03c610<\/td>\n<td>\u03c610<\/td>\n<td>\u03c610<\/td>\n<td>\u03c612<\/td>\n<\/tr>\n<tr>\n<td colspan=\"2\">Emme Ba\u011flant\u0131s\u0131<\/td>\n<td>\u03c616<\/td>\n<td>\u03c616<\/td>\n<td>\u03c616<\/td>\n<td>\u03c619<\/td>\n<\/tr>\n<tr>\n<td rowspan=\"3\">Toplam Boyut<\/td>\n<td colspan=\"2\">Uzunluk (A) mm<\/td>\n<td>1110<\/td>\n<td>1110<\/td>\n<td>1110<\/td>\n<td>1110<\/td>\n<\/tr>\n<tr>\n<td colspan=\"2\">Geni\u015flik (B) mm<\/td>\n<td>500<\/td>\n<td>500<\/td>\n<td>500<\/td>\n<td>500<\/td>\n<\/tr>\n<tr>\n<td colspan=\"2\">Y\u00fckseklik (H) mm<\/td>\n<td>790<\/td>\n<td>790<\/td>\n<td>790<\/td>\n<td>1240<\/td>\n<\/tr>\n<tr>\n<td>Kurulum Boyutu<\/td>\n<td colspan=\"2\">(D*E) mm<\/td>\n<td>590*440<\/td>\n<td>590*440<\/td>\n<td>590*440<\/td>\n<td>590*440<\/td>\n<\/tr>\n<\/tbody>\n<\/table>\n<table>\n<tbody>\n<tr>\n<td style=\"text-align: center;\" colspan=\"7\">D\u00fc\u015f\u00fck S\u0131cakl\u0131k Hava So\u011futmal\u0131 Yo\u011fu\u015fmal\u0131 \u00dcnite Tecumseh Serisi<\/td>\n<\/tr>\n<tr>\n<td colspan=\"3\">\u00dcnite Modelleri<\/td>\n<td>CX-FNL-02ML<\/td>\n<td>CX-FNL-03ML<\/td>\n<td>CX-FNL-04ML<\/td>\n<td>CX-FNL-05ML<\/td>\n<\/tr>\n<tr>\n<td colspan=\"3\">Kompres\u00f6r Modeli<\/td>\n<td>FH2480Z<\/td>\n<td>FH2511Z<\/td>\n<td>TAG2516Z<\/td>\n<td>TAG2522Z<\/td>\n<\/tr>\n<tr>\n<td colspan=\"3\">Uygulanabilir S\u0131cakl\u0131k (C)<\/td>\n<td colspan=\"4\">-10\u2103~-35\u2103<\/td>\n<\/tr>\n<tr>\n<td colspan=\"3\">So\u011futucu Ak\u0131\u015fkan<\/td>\n<td colspan=\"4\">R404A<\/td>\n<\/tr>\n<tr>\n<td rowspan=\"2\">Kondenser<\/td>\n<td colspan=\"2\">Fan Say\u0131s\u0131 (adet)<\/td>\n<td>1<\/td>\n<td>1<\/td>\n<td>1<\/td>\n<td>2<\/td>\n<\/tr>\n<tr>\n<td colspan=\"2\">Fan G\u00fcc\u00fc (W)<\/td>\n<td>1*190<\/td>\n<td>1*190<\/td>\n<td>1*190<\/td>\n<td>2*190<\/td>\n<\/tr>\n<tr>\n<td rowspan=\"6\">Yo\u011fu\u015fma \u00dcnitelerinin Referans Kapasitesi<\/td>\n<td rowspan=\"2\">Buharla\u015fma S\u0131cakl\u0131\u011f\u0131 -15\u00b0C<\/td>\n<td>Ref. Kapasite (w)<\/td>\n<td>2983<\/td>\n<td>4040<\/td>\n<td>5725<\/td>\n<td>7235<\/td>\n<\/tr>\n<tr>\n<td>G\u00fc\u00e7 (W)<\/td>\n<td>2172<\/td>\n<td>2833<\/td>\n<td>3803<\/td>\n<td>4695<\/td>\n<\/tr>\n<tr>\n<td rowspan=\"2\">Buharla\u015fma S\u0131cakl\u0131\u011f\u0131 -20\u2103<\/td>\n<td>Ref. Kapasite (w)<\/td>\n<td>2268<\/td>\n<td>3054<\/td>\n<td>4218<\/td>\n<td>5406<\/td>\n<\/tr>\n<tr>\n<td>G\u00fc\u00e7 (W)<\/td>\n<td>1909<\/td>\n<td>2483<\/td>\n<td>3275<\/td>\n<td>4052<\/td>\n<\/tr>\n<tr>\n<td rowspan=\"2\">Buharla\u015fma S\u0131cakl\u0131\u011f\u0131 -25\u00b0C<\/td>\n<td>Ref. Kapasite (w)<\/td>\n<td>1671<\/td>\n<td>2240<\/td>\n<td>3005<\/td>\n<td>3940<\/td>\n<\/tr>\n<tr>\n<td>G\u00fc\u00e7 (W)<\/td>\n<td>1655<\/td>\n<td>2143<\/td>\n<td>2770<\/td>\n<td>3446<\/td>\n<\/tr>\n<tr>\n<td rowspan=\"2\">Ba\u011flant\u0131<\/td>\n<td colspan=\"2\">T\u00fcp Kaplin<\/td>\n<td>\u03c610<\/td>\n<td>\u03c610<\/td>\n<td>\u03c610<\/td>\n<td>\u03c612<\/td>\n<\/tr>\n<tr>\n<td colspan=\"2\">Emme Ba\u011flant\u0131s\u0131<\/td>\n<td>\u03c616<\/td>\n<td>\u03c616<\/td>\n<td>\u03c616<\/td>\n<td>\u03c619<\/td>\n<\/tr>\n<tr>\n<td rowspan=\"3\">Toplam Boyut<\/td>\n<td colspan=\"2\">Uzunluk (A) mm<\/td>\n<td>1110<\/td>\n<td>1110<\/td>\n<td>1110<\/td>\n<td>1110<\/td>\n<\/tr>\n<tr>\n<td colspan=\"2\">Geni\u015flik (B) mm<\/td>\n<td>500<\/td>\n<td>500<\/td>\n<td>500<\/td>\n<td>500<\/td>\n<\/tr>\n<tr>\n<td colspan=\"2\">Y\u00fckseklik (H) mm<\/td>\n<td>790<\/td>\n<td>790<\/td>\n<td>790<\/td>\n<td>1240<\/td>\n<\/tr>\n<tr>\n<td>Kurulum Boyutu<\/td>\n<td colspan=\"2\">(D*E) mm<\/td>\n<td>590*440<\/td>\n<td>590*440<\/td>\n<td>590*440<\/td>\n<td>590*440<\/td>\n<\/tr>\n<\/tbody>\n<\/table>\n","protected":false},"excerpt":{"rendered":"<ul>\n<li>Bu \u00fcnite, 1 HP ile 30 HP aras\u0131 kompres\u00f6rleri destekler ve duvar veya zemine montaj i\u00e7in ince cidarl\u0131 bir yap\u0131ya sahiptir.<\/li>\n<li>1-15 HP yo\u011fu\u015fmal\u0131 \u00fcniteler, scroll kompres\u00f6rlerle donat\u0131lm\u0131\u015ft\u0131r ve yar\u0131 hermetik kompres\u00f6rlerle uyumlu tasar\u0131m se\u00e7enekleri mevcuttur.<\/li>\n<li>15-30 HP kondenser \u00fcniteleri, g\u00fcvenilir performans i\u00e7in \u00f6ncelikle Copeland ve Bitzer yar\u0131 hermetik kompres\u00f6rleri kullan\u0131r.<\/li>\n<li>Eksenel fanlar, kolay kurulum, bak\u0131m, istikrarl\u0131 \u00e7al\u0131\u015fma ve d\u00fc\u015f\u00fck g\u00fcr\u00fclt\u00fc seviyeleri sa\u011flar.<\/li>\n<\/ul>\n","protected":false},"featured_media":11309,"comment_status":"open","ping_status":"closed","template":"","meta":{"site-sidebar-layout":"default","site-content-layout":"","ast-site-content-layout":"default","site-content-style":"default","site-sidebar-style":"default","ast-global-header-display":"","ast-banner-title-visibility":"","ast-main-header-display":"","ast-hfb-above-header-display":"","ast-hfb-below-header-display":"","ast-hfb-mobile-header-display":"","site-post-title":"","ast-breadcrumbs-content":"","ast-featured-img":"","footer-sml-layout":"","theme-transparent-header-meta":"default","adv-header-id-meta":"","stick-header-meta":"","header-above-stick-meta":"","header-main-stick-meta":"","header-below-stick-meta":"","astra-migrate-meta-layouts":"set","ast-page-background-enabled":"default","ast-page-background-meta":{"desktop":{"background-color":"var(--ast-global-color-4)","background-image":"","background-repeat":"repeat","background-position":"center center","background-size":"auto","background-attachment":"scroll","background-type":"","background-media":"","overlay-type":"","overlay-color":"","overlay-opacity":"","overlay-gradient":""},"tablet":{"background-color":"","background-image":"","background-repeat":"repeat","background-position":"center center","background-size":"auto","background-attachment":"scroll","background-type":"","background-media":"","overlay-type":"","overlay-color":"","overlay-opacity":"","overlay-gradient":""},"mobile":{"background-color":"","background-image":"","background-repeat":"repeat","background-position":"center center","background-size":"auto","background-attachment":"scroll","background-type":"","background-media":"","overlay-type":"","overlay-color":"","overlay-opacity":"","overlay-gradient":""}},"ast-content-background-meta":{"desktop":{"background-color":"var(--ast-global-color-5)","background-image":"","background-repeat":"repeat","background-position":"center center","background-size":"auto","background-attachment":"scroll","background-type":"","background-media":"","overlay-type":"","overlay-color":"","overlay-opacity":"","overlay-gradient":""},"tablet":{"background-color":"var(--ast-global-color-5)","background-image":"","background-repeat":"repeat","background-position":"center center","background-size":"auto","background-attachment":"scroll","background-type":"","background-media":"","overlay-type":"","overlay-color":"","overlay-opacity":"","overlay-gradient":""},"mobile":{"background-color":"var(--ast-global-color-5)","background-image":"","background-repeat":"repeat","background-position":"center center","background-size":"auto","background-attachment":"scroll","background-type":"","background-media":"","overlay-type":"","overlay-color":"","overlay-opacity":"","overlay-gradient":""}}},"product_brand":[],"product_cat":[97,96],"product_tag":[],"class_list":{"0":"post-11305","1":"product","2":"type-product","3":"status-publish","4":"has-post-thumbnail","6":"product_cat-kategorize-edilmemis","7":"product_cat-soguk-oda-icin-hermetik-kondenser-unitesi","8":"desktop-align-left","9":"tablet-align-left","10":"mobile-align-left","12":"first","13":"instock","14":"shipping-taxable","15":"product-type-simple"},"_links":{"self":[{"href":"https:\/\/www.linble-coldroom.com\/tr\/wp-json\/wp\/v2\/product\/11305","targetHints":{"allow":["GET"]}}],"collection":[{"href":"https:\/\/www.linble-coldroom.com\/tr\/wp-json\/wp\/v2\/product"}],"about":[{"href":"https:\/\/www.linble-coldroom.com\/tr\/wp-json\/wp\/v2\/types\/product"}],"replies":[{"embeddable":true,"href":"https:\/\/www.linble-coldroom.com\/tr\/wp-json\/wp\/v2\/comments?post=11305"}],"wp:featuredmedia":[{"embeddable":true,"href":"https:\/\/www.linble-coldroom.com\/tr\/wp-json\/wp\/v2\/media\/11309"}],"wp:attachment":[{"href":"https:\/\/www.linble-coldroom.com\/tr\/wp-json\/wp\/v2\/media?parent=11305"}],"wp:term":[{"taxonomy":"product_brand","embeddable":true,"href":"https:\/\/www.linble-coldroom.com\/tr\/wp-json\/wp\/v2\/product_brand?post=11305"},{"taxonomy":"product_cat","embeddable":true,"href":"https:\/\/www.linble-coldroom.com\/tr\/wp-json\/wp\/v2\/product_cat?post=11305"},{"taxonomy":"product_tag","embeddable":true,"href":"https:\/\/www.linble-coldroom.com\/tr\/wp-json\/wp\/v2\/product_tag?post=11305"}],"curies":[{"name":"wp","href":"https:\/\/api.w.org\/{rel}","templated":true}]}}