{"id":11310,"date":"2025-01-10T15:01:48","date_gmt":"2025-01-10T07:01:48","guid":{"rendered":"https:\/\/www.linble-coldroom.com\/cold-room-rapid-roll-up-door\/"},"modified":"2026-05-14T23:23:26","modified_gmt":"2026-05-14T15:23:26","slug":"soguk-oda-hizli-acilir-kapi","status":"publish","type":"product","link":"https:\/\/www.linble-coldroom.com\/tr\/soguk-oda-hizli-sarma-kapisi\/","title":{"rendered":"So\u011fuk Oda H\u0131zl\u0131 Sarma Kap\u0131s\u0131"},"content":{"rendered":"<table>\n<tbody>\n<tr>\n<td style=\"text-align: center;\" colspan=\"2\"><strong>So\u011fuk Oda H\u0131zl\u0131 Sarma Kap\u0131s\u0131n\u0131n \u00d6zellikleri<\/strong><\/td>\n<\/tr>\n<tr>\n<td>Geni\u015flik<\/td>\n<td>600 mm ila 4500 mm<\/td>\n<\/tr>\n<tr>\n<td>Y\u00fckseklik<\/td>\n<td>900 mm ila 5000 mm<\/td>\n<\/tr>\n<tr>\n<td>Kap\u0131 \u00e7er\u00e7evesi<\/td>\n<td>1. Varsay\u0131lan olarak 1,2 mm kal\u0131nl\u0131\u011f\u0131nda, d\u0131\u015f y\u00fczeyi elektrostatik p\u00fcsk\u00fcrtme ile kaplanm\u0131\u015f galvanizli \u00e7elik.<\/p>\n<p>2. \u0130ste\u011fe ba\u011fl\u0131 olarak al\u00fcminyum ala\u015f\u0131m\u0131 ve paslanmaz \u00e7elik.<\/p>\n<p>3. \u00c7ift s\u0131ral\u0131 f\u0131r\u00e7al\u0131 conta.<\/p>\n<p>4. \u00d6zel renk se\u00e7enekleri mevcuttur.<\/td>\n<\/tr>\n<tr>\n<td>Perde malzemesi<\/td>\n<td>1. Y\u00fcksek mukavemetli ve a\u015f\u0131nmaya dayan\u0131kl\u0131 polyester kuma\u015f.<\/p>\n<p>2. 0,8 mm ila 1,2 mm kal\u0131nl\u0131k.<\/p>\n<p>3. B2 yang\u0131n direnci.<\/p>\n<p>4. Her iki tarafta kendi kendini temizleme \u00f6zelli\u011fi.<\/td>\n<\/tr>\n<tr>\n<td>Kontrol sistemi<\/td>\n<td>Alman FROG PUPIL y\u00fcksek ak\u0131ll\u0131 entegre kontrol sistemi<\/td>\n<\/tr>\n<tr>\n<td>R\u00fczgar direnci<\/td>\n<td>Seviye 5 ila 8<\/td>\n<\/tr>\n<tr>\n<td>G\u00fcvenlik performans\u0131<\/td>\n<td>1. G\u00fcvenlik k\u0131z\u0131l\u00f6tesi fotoelektrik (varsay\u0131lan).<\/p>\n<p>2. Alt k\u0131s\u0131mda g\u00fcvenlik hava yast\u0131\u011f\u0131 ve g\u00fcvenlik \u0131\u015f\u0131k perdesi (iste\u011fe ba\u011fl\u0131).<\/p>\n<p>3. Uygun s\u0131cakl\u0131k -40\u00b0C ila 80\u00b0C.<\/td>\n<\/tr>\n<tr>\n<td>Kontrol y\u00f6ntemi<\/td>\n<td>\u0130ste\u011fe ba\u011fl\u0131 acil durum g\u00fcc\u00fc, elektrik kesintisi durumunda bir anahtarla kap\u0131y\u0131 a\u00e7\u0131n.<\/td>\n<\/tr>\n<\/tbody>\n<\/table>\n","protected":false},"excerpt":{"rendered":"<ul>\n<li>600 mm ila 4500 mm geni\u015flik<\/li>\n<li>900 mm ila 5000 mm y\u00fckseklik<\/li>\n<li>1,2 mm kal\u0131nl\u0131\u011f\u0131nda galvanizli \u00e7elik kap\u0131 \u00e7er\u00e7evesi<\/li>\n<li>8 \u2013 1,2 mm kal\u0131nl\u0131\u011f\u0131nda polyester kuma\u015f perde<\/li>\n<li>B2 yang\u0131n direnci<\/li>\n<li>-40\u00b0C ila 80\u00b0C s\u0131cakl\u0131k aral\u0131\u011f\u0131<\/li>\n<li>Entegre ak\u0131ll\u0131 kontrol sistemi<\/li>\n<li>Seviye 5 ila 8 r\u00fczgar direnci<\/li>\n<li>G\u00fcvenlik k\u0131z\u0131l\u00f6tesi fotoelektrik<\/li>\n<li>Ek se\u00e7enekler\n<ul>\n<li>Acil durum g\u00fcc\u00fc<\/li>\n<li>Alt g\u00fcvenlik hava yast\u0131\u011f\u0131<\/li>\n<li>Alt \u0131\u015f\u0131k perdesi<\/li>\n<\/ul>\n<\/li>\n<\/ul>\n","protected":false},"featured_media":11314,"comment_status":"open","ping_status":"closed","template":"","meta":{"site-sidebar-layout":"default","site-content-layout":"","ast-site-content-layout":"default","site-content-style":"default","site-sidebar-style":"default","ast-global-header-display":"","ast-banner-title-visibility":"","ast-main-header-display":"","ast-hfb-above-header-display":"","ast-hfb-below-header-display":"","ast-hfb-mobile-header-display":"","site-post-title":"","ast-breadcrumbs-content":"","ast-featured-img":"","footer-sml-layout":"","theme-transparent-header-meta":"default","adv-header-id-meta":"","stick-header-meta":"","header-above-stick-meta":"","header-main-stick-meta":"","header-below-stick-meta":"","astra-migrate-meta-layouts":"set","ast-page-background-enabled":"default","ast-page-background-meta":{"desktop":{"background-color":"var(--ast-global-color-4)","background-image":"","background-repeat":"repeat","background-position":"center center","background-size":"auto","background-attachment":"scroll","background-type":"","background-media":"","overlay-type":"","overlay-color":"","overlay-opacity":"","overlay-gradient":""},"tablet":{"background-color":"","background-image":"","background-repeat":"repeat","background-position":"center center","background-size":"auto","background-attachment":"scroll","background-type":"","background-media":"","overlay-type":"","overlay-color":"","overlay-opacity":"","overlay-gradient":""},"mobile":{"background-color":"","background-image":"","background-repeat":"repeat","background-position":"center center","background-size":"auto","background-attachment":"scroll","background-type":"","background-media":"","overlay-type":"","overlay-color":"","overlay-opacity":"","overlay-gradient":""}},"ast-content-background-meta":{"desktop":{"background-color":"var(--ast-global-color-5)","background-image":"","background-repeat":"repeat","background-position":"center center","background-size":"auto","background-attachment":"scroll","background-type":"","background-media":"","overlay-type":"","overlay-color":"","overlay-opacity":"","overlay-gradient":""},"tablet":{"background-color":"var(--ast-global-color-5)","background-image":"","background-repeat":"repeat","background-position":"center center","background-size":"auto","background-attachment":"scroll","background-type":"","background-media":"","overlay-type":"","overlay-color":"","overlay-opacity":"","overlay-gradient":""},"mobile":{"background-color":"var(--ast-global-color-5)","background-image":"","background-repeat":"repeat","background-position":"center center","background-size":"auto","background-attachment":"scroll","background-type":"","background-media":"","overlay-type":"","overlay-color":"","overlay-opacity":"","overlay-gradient":""}}},"product_brand":[],"product_cat":[97],"product_tag":[],"class_list":{"0":"post-11310","1":"product","2":"type-product","3":"status-publish","4":"has-post-thumbnail","6":"product_cat-kategorize-edilmemis","7":"desktop-align-left","8":"tablet-align-left","9":"mobile-align-left","11":"first","12":"instock","13":"shipping-taxable","14":"product-type-simple"},"_links":{"self":[{"href":"https:\/\/www.linble-coldroom.com\/tr\/wp-json\/wp\/v2\/product\/11310","targetHints":{"allow":["GET"]}}],"collection":[{"href":"https:\/\/www.linble-coldroom.com\/tr\/wp-json\/wp\/v2\/product"}],"about":[{"href":"https:\/\/www.linble-coldroom.com\/tr\/wp-json\/wp\/v2\/types\/product"}],"replies":[{"embeddable":true,"href":"https:\/\/www.linble-coldroom.com\/tr\/wp-json\/wp\/v2\/comments?post=11310"}],"wp:featuredmedia":[{"embeddable":true,"href":"https:\/\/www.linble-coldroom.com\/tr\/wp-json\/wp\/v2\/media\/11314"}],"wp:attachment":[{"href":"https:\/\/www.linble-coldroom.com\/tr\/wp-json\/wp\/v2\/media?parent=11310"}],"wp:term":[{"taxonomy":"product_brand","embeddable":true,"href":"https:\/\/www.linble-coldroom.com\/tr\/wp-json\/wp\/v2\/product_brand?post=11310"},{"taxonomy":"product_cat","embeddable":true,"href":"https:\/\/www.linble-coldroom.com\/tr\/wp-json\/wp\/v2\/product_cat?post=11310"},{"taxonomy":"product_tag","embeddable":true,"href":"https:\/\/www.linble-coldroom.com\/tr\/wp-json\/wp\/v2\/product_tag?post=11310"}],"curies":[{"name":"wp","href":"https:\/\/api.w.org\/{rel}","templated":true}]}}