{"id":11315,"date":"2025-01-10T14:32:07","date_gmt":"2025-01-10T06:32:07","guid":{"rendered":"https:\/\/www.linble-coldroom.com\/cold-room-lifting-door\/"},"modified":"2026-05-14T23:25:28","modified_gmt":"2026-05-14T15:25:28","slug":"soguk-oda-kaldirma-kapisi","status":"publish","type":"product","link":"https:\/\/www.linble-coldroom.com\/tr\/soguk-oda-kaldirmali-kapi\/","title":{"rendered":"So\u011fuk Oda Kald\u0131rmal\u0131 Kap\u0131"},"content":{"rendered":"<table>\n<tbody>\n<tr>\n<td style=\"text-align: center;\" colspan=\"2\"><strong>So\u011fuk Oda Kald\u0131rma Kap\u0131s\u0131n\u0131n \u00d6zellikleri<\/strong><\/td>\n<\/tr>\n<tr>\n<td>Kap\u0131 panelinin kal\u0131nl\u0131\u011f\u0131<\/td>\n<td>40 mm<\/td>\n<\/tr>\n<tr>\n<td>Renkli \u00e7eli\u011fin kal\u0131nl\u0131\u011f\u0131<\/td>\n<td>0,5 mm<\/td>\n<\/tr>\n<tr>\n<td>PU yo\u011funlu\u011fu<\/td>\n<td>43 kg\/m3<\/td>\n<\/tr>\n<tr>\n<td>Is\u0131l iletkenlik<\/td>\n<td>0,38 W\/m\u00b0C<\/td>\n<\/tr>\n<tr>\n<td>Ses yal\u0131t\u0131m performans\u0131<\/td>\n<td>24 dB<\/td>\n<\/tr>\n<tr>\n<td>R\u00fczgar direnci<\/td>\n<td>Avrupa standard\u0131 EN 13241-1&#8217;in 3. seviyesi<\/td>\n<\/tr>\n<tr>\n<td>Su ge\u00e7irmezlik<\/td>\n<td>30Pa<\/td>\n<\/tr>\n<\/tbody>\n<\/table>\n","protected":false},"excerpt":{"rendered":"<p>So\u011fuk oda kald\u0131rmal\u0131 kap\u0131 panellerimizin kal\u0131nl\u0131\u011f\u0131 0,5 mm renkli \u00e7eliktir ve renkli \u00e7eli\u011fin kenarlar\u0131 birbiriyle do\u011frudan temas etmez; bu da so\u011fuk k\u00f6pr\u00fc etkisiyle kap\u0131 panelinin donmas\u0131n\u0131 etkili bir \u015fekilde \u00f6nler.<\/p>\n<p>So\u011fuk oda kald\u0131rma kap\u0131lar\u0131m\u0131zda, renkli \u00e7elik aras\u0131nda 43 kg\/m\u00b3 yo\u011funlukta y\u00fcksek yo\u011funluklu PU k\u00f6p\u00fck kullan\u0131lmaktad\u0131r.<\/p>\n<p>Kap\u0131 paneli \u00e7evresindeki s\u0131zd\u0131rmazl\u0131k \u015feritleri, hava ve ya\u011fmur giri\u015fini etkili bir \u015fekilde \u00f6nler.<\/p>\n<p>So\u011fuk oda kald\u0131rma kap\u0131m\u0131zda, Avrupa standart sertifikalar\u0131na ve Frans\u0131z CSTP test raporlar\u0131na sahip bir g\u00fcvenlik cihaz\u0131 bulunmaktad\u0131r. G\u00fcvenlik cihaz\u0131 \u015funlar\u0131 i\u00e7erir:<\/p>\n<ul>\n<li>NFMG yay\u0131<\/li>\n<li>\u0130\u00e7 \u00e7elik halat<\/li>\n<li>\u00c7elik tel k\u0131r\u0131lma \u00f6nleyici cihaz<\/li>\n<li>Alt koruma<\/li>\n<\/ul>\n","protected":false},"featured_media":11331,"comment_status":"open","ping_status":"closed","template":"","meta":{"site-sidebar-layout":"default","site-content-layout":"","ast-site-content-layout":"default","site-content-style":"default","site-sidebar-style":"default","ast-global-header-display":"","ast-banner-title-visibility":"","ast-main-header-display":"","ast-hfb-above-header-display":"","ast-hfb-below-header-display":"","ast-hfb-mobile-header-display":"","site-post-title":"","ast-breadcrumbs-content":"","ast-featured-img":"","footer-sml-layout":"","theme-transparent-header-meta":"default","adv-header-id-meta":"","stick-header-meta":"","header-above-stick-meta":"","header-main-stick-meta":"","header-below-stick-meta":"","astra-migrate-meta-layouts":"set","ast-page-background-enabled":"default","ast-page-background-meta":{"desktop":{"background-color":"var(--ast-global-color-4)","background-image":"","background-repeat":"repeat","background-position":"center center","background-size":"auto","background-attachment":"scroll","background-type":"","background-media":"","overlay-type":"","overlay-color":"","overlay-opacity":"","overlay-gradient":""},"tablet":{"background-color":"","background-image":"","background-repeat":"repeat","background-position":"center center","background-size":"auto","background-attachment":"scroll","background-type":"","background-media":"","overlay-type":"","overlay-color":"","overlay-opacity":"","overlay-gradient":""},"mobile":{"background-color":"","background-image":"","background-repeat":"repeat","background-position":"center center","background-size":"auto","background-attachment":"scroll","background-type":"","background-media":"","overlay-type":"","overlay-color":"","overlay-opacity":"","overlay-gradient":""}},"ast-content-background-meta":{"desktop":{"background-color":"var(--ast-global-color-5)","background-image":"","background-repeat":"repeat","background-position":"center center","background-size":"auto","background-attachment":"scroll","background-type":"","background-media":"","overlay-type":"","overlay-color":"","overlay-opacity":"","overlay-gradient":""},"tablet":{"background-color":"var(--ast-global-color-5)","background-image":"","background-repeat":"repeat","background-position":"center center","background-size":"auto","background-attachment":"scroll","background-type":"","background-media":"","overlay-type":"","overlay-color":"","overlay-opacity":"","overlay-gradient":""},"mobile":{"background-color":"var(--ast-global-color-5)","background-image":"","background-repeat":"repeat","background-position":"center center","background-size":"auto","background-attachment":"scroll","background-type":"","background-media":"","overlay-type":"","overlay-color":"","overlay-opacity":"","overlay-gradient":""}}},"product_brand":[],"product_cat":[97],"product_tag":[],"class_list":{"0":"post-11315","1":"product","2":"type-product","3":"status-publish","4":"has-post-thumbnail","6":"product_cat-kategorize-edilmemis","7":"desktop-align-left","8":"tablet-align-left","9":"mobile-align-left","11":"first","12":"instock","13":"shipping-taxable","14":"product-type-simple"},"_links":{"self":[{"href":"https:\/\/www.linble-coldroom.com\/tr\/wp-json\/wp\/v2\/product\/11315","targetHints":{"allow":["GET"]}}],"collection":[{"href":"https:\/\/www.linble-coldroom.com\/tr\/wp-json\/wp\/v2\/product"}],"about":[{"href":"https:\/\/www.linble-coldroom.com\/tr\/wp-json\/wp\/v2\/types\/product"}],"replies":[{"embeddable":true,"href":"https:\/\/www.linble-coldroom.com\/tr\/wp-json\/wp\/v2\/comments?post=11315"}],"wp:featuredmedia":[{"embeddable":true,"href":"https:\/\/www.linble-coldroom.com\/tr\/wp-json\/wp\/v2\/media\/11331"}],"wp:attachment":[{"href":"https:\/\/www.linble-coldroom.com\/tr\/wp-json\/wp\/v2\/media?parent=11315"}],"wp:term":[{"taxonomy":"product_brand","embeddable":true,"href":"https:\/\/www.linble-coldroom.com\/tr\/wp-json\/wp\/v2\/product_brand?post=11315"},{"taxonomy":"product_cat","embeddable":true,"href":"https:\/\/www.linble-coldroom.com\/tr\/wp-json\/wp\/v2\/product_cat?post=11315"},{"taxonomy":"product_tag","embeddable":true,"href":"https:\/\/www.linble-coldroom.com\/tr\/wp-json\/wp\/v2\/product_tag?post=11315"}],"curies":[{"name":"wp","href":"https:\/\/api.w.org\/{rel}","templated":true}]}}