{"id":11334,"date":"2025-01-09T16:35:49","date_gmt":"2025-01-09T08:35:49","guid":{"rendered":"https:\/\/www.linble-coldroom.com\/air-cooled-condenser\/"},"modified":"2026-05-14T23:28:10","modified_gmt":"2026-05-14T15:28:10","slug":"hava-sogutmali-kondenser","status":"publish","type":"product","link":"https:\/\/www.linble-coldroom.com\/tr\/hava-sogutmali-kondansator\/","title":{"rendered":"Hava So\u011futmal\u0131 Kondansat\u00f6r"},"content":{"rendered":"<h2>FNH Parametreleri<\/h2>\n<table>\n<tbody>\n<tr>\n<td width=\"79\">Model<\/td>\n<td width=\"54\">Is\u0131 De\u011fi\u015fim Kapasitesi<br \/>\n(kW)<\/td>\n<td width=\"43\">Y\u00fczey Area<br \/>\n(m\u00b2)<\/td>\n<td width=\"74\">Bak\u0131r Boru D\u00fczeni<\/td>\n<td width=\"50\">Fan Say\u0131s\u0131<\/td>\n<td width=\"41\">Fan \u00c7ap\u0131 \u03c6(mm)<\/td>\n<td width=\"44\">Fan Hava Hacmi<br \/>\n(m\u00b3\/h)<\/td>\n<td width=\"37\">Fan G\u00fcc\u00fc<br \/>\n(w)<\/td>\n<td width=\"48\">Fan Gerilimi<br \/>\n(V)<\/td>\n<td width=\"45\">Trakeaya Giri\u015f<br \/>\n(mm)<\/td>\n<td width=\"38\">S\u0131v\u0131 \u00c7\u0131k\u0131\u015f\u0131<br \/>\n(mm)<\/td>\n<\/tr>\n<tr>\n<td width=\"79\">FNH-0.6\/2<\/td>\n<td width=\"54\">0,6<\/td>\n<td width=\"43\">2<\/td>\n<td width=\"74\">2*4<\/td>\n<td width=\"50\">1<\/td>\n<td width=\"41\">200<\/td>\n<td width=\"44\">425<\/td>\n<td width=\"37\">1*30<\/td>\n<td width=\"48\">220<\/td>\n<td width=\"45\">10<\/td>\n<td width=\"38\">10<\/td>\n<\/tr>\n<tr>\n<td width=\"79\">FNH-0,9\/3<\/td>\n<td width=\"54\">0,9<\/td>\n<td width=\"43\">3<\/td>\n<td width=\"74\">3*4<\/td>\n<td width=\"50\">1<\/td>\n<td width=\"41\">200<\/td>\n<td width=\"44\">425<\/td>\n<td width=\"37\">1*30<\/td>\n<td width=\"48\">220<\/td>\n<td width=\"45\">10<\/td>\n<td width=\"38\">10<\/td>\n<\/tr>\n<tr>\n<td width=\"79\">FNH-1.2\/4<\/td>\n<td width=\"54\">1,2<\/td>\n<td width=\"43\">4<\/td>\n<td width=\"74\">3*5<\/td>\n<td width=\"50\">1<\/td>\n<td width=\"41\">200<\/td>\n<td width=\"44\">425<\/td>\n<td width=\"37\">1*30<\/td>\n<td width=\"48\">220<\/td>\n<td width=\"45\">10<\/td>\n<td width=\"38\">10<\/td>\n<\/tr>\n<tr>\n<td width=\"79\">FNH-1.7\/6<\/td>\n<td width=\"54\">1,7<\/td>\n<td width=\"43\">6<\/td>\n<td width=\"74\">3*6<\/td>\n<td width=\"50\">1<\/td>\n<td width=\"41\">300<\/td>\n<td width=\"44\">1750<\/td>\n<td width=\"37\">1*90<\/td>\n<td width=\"48\">220\/380<\/td>\n<td width=\"45\">10<\/td>\n<td width=\"38\">10<\/td>\n<\/tr>\n<tr>\n<td width=\"79\">FNH-2,5\/8,5<\/td>\n<td width=\"54\">2,5<\/td>\n<td width=\"43\">8,5<\/td>\n<td width=\"74\">3*8<\/td>\n<td width=\"50\">1<\/td>\n<td width=\"41\">350<\/td>\n<td width=\"44\">2670<\/td>\n<td width=\"37\">1*135<\/td>\n<td width=\"48\">220\/380<\/td>\n<td width=\"45\">16<\/td>\n<td width=\"38\">16<\/td>\n<\/tr>\n<tr>\n<td width=\"79\">FNH-4.6\/15<\/td>\n<td width=\"54\">4,6<\/td>\n<td width=\"43\">15<\/td>\n<td width=\"74\">4*9<\/td>\n<td width=\"50\">1<\/td>\n<td width=\"41\">350<\/td>\n<td width=\"44\">2670<\/td>\n<td width=\"37\">1*135<\/td>\n<td width=\"48\">220\/380<\/td>\n<td width=\"45\">19<\/td>\n<td width=\"38\">16<\/td>\n<\/tr>\n<tr>\n<td width=\"79\">FNH-5.4\/18<\/td>\n<td width=\"54\">5,4<\/td>\n<td width=\"43\">18<\/td>\n<td width=\"74\">4*10<\/td>\n<td width=\"50\">1<\/td>\n<td width=\"41\">400<\/td>\n<td width=\"44\">3500<\/td>\n<td width=\"37\">1*190<\/td>\n<td width=\"48\">380<\/td>\n<td width=\"45\">19<\/td>\n<td width=\"38\">16<\/td>\n<\/tr>\n<tr>\n<td width=\"79\">FNH-6.4\/22<\/td>\n<td width=\"54\">6,4<\/td>\n<td width=\"43\">22<\/td>\n<td width=\"74\">5*10<\/td>\n<td width=\"50\">1<\/td>\n<td width=\"41\">400<\/td>\n<td width=\"44\">3500<\/td>\n<td width=\"37\">1*190<\/td>\n<td width=\"48\">380<\/td>\n<td width=\"45\">19<\/td>\n<td width=\"38\">16<\/td>\n<\/tr>\n<tr>\n<td width=\"79\">FNH-6.4\/22B<\/td>\n<td width=\"54\">6,4<\/td>\n<td width=\"43\">22<\/td>\n<td width=\"74\">4*8<\/td>\n<td width=\"50\">2<\/td>\n<td width=\"41\">350<\/td>\n<td width=\"44\">5340<\/td>\n<td width=\"37\">2*135<\/td>\n<td width=\"48\">380<\/td>\n<td width=\"45\">19<\/td>\n<td width=\"38\">16<\/td>\n<\/tr>\n<tr>\n<td width=\"79\">FNH-7.3\/28<\/td>\n<td width=\"54\">7,3<\/td>\n<td width=\"43\">28<\/td>\n<td width=\"74\">4*9<\/td>\n<td width=\"50\">2<\/td>\n<td width=\"41\">350<\/td>\n<td width=\"44\">5340<\/td>\n<td width=\"37\">2*135<\/td>\n<td width=\"48\">380<\/td>\n<td width=\"45\">19<\/td>\n<td width=\"38\">16<\/td>\n<\/tr>\n<tr>\n<td width=\"79\">FNH-9.7\/33<\/td>\n<td width=\"54\">9,7<\/td>\n<td width=\"43\">33<\/td>\n<td width=\"74\">4*10<\/td>\n<td width=\"50\">2<\/td>\n<td width=\"41\">400<\/td>\n<td width=\"44\">7000<\/td>\n<td width=\"37\">2*190<\/td>\n<td width=\"48\">380<\/td>\n<td width=\"45\">19<\/td>\n<td width=\"38\">16<\/td>\n<\/tr>\n<tr>\n<td width=\"79\">FNH-12.0\/41<\/td>\n<td width=\"54\">12<\/td>\n<td width=\"43\">41<\/td>\n<td width=\"74\">5*10<\/td>\n<td width=\"50\">2<\/td>\n<td width=\"41\">400<\/td>\n<td width=\"44\">7000<\/td>\n<td width=\"37\">2*190<\/td>\n<td width=\"48\">380<\/td>\n<td width=\"45\">19<\/td>\n<td width=\"38\">16<\/td>\n<\/tr>\n<tr>\n<td width=\"79\">FNH-13,8\/50<\/td>\n<td width=\"54\">13,8<\/td>\n<td width=\"43\">50<\/td>\n<td width=\"74\">5*12<\/td>\n<td width=\"50\">2<\/td>\n<td width=\"41\">400<\/td>\n<td width=\"44\">7000<\/td>\n<td width=\"37\">2*190<\/td>\n<td width=\"48\">380<\/td>\n<td width=\"45\">22<\/td>\n<td width=\"38\">16<\/td>\n<\/tr>\n<tr>\n<td width=\"79\">FNH-16.2\/60<\/td>\n<td width=\"54\">16,2<\/td>\n<td width=\"43\">60<\/td>\n<td width=\"74\">6*12<\/td>\n<td width=\"50\">2<\/td>\n<td width=\"41\">400<\/td>\n<td width=\"44\">7000<\/td>\n<td width=\"37\">2*190<\/td>\n<td width=\"48\">380<\/td>\n<td width=\"45\">22<\/td>\n<td width=\"38\">16<\/td>\n<\/tr>\n<tr>\n<td width=\"79\">FNH-20.7\/70<\/td>\n<td width=\"54\">20,7<\/td>\n<td width=\"43\">70<\/td>\n<td width=\"74\">4*18<\/td>\n<td width=\"50\">4<\/td>\n<td width=\"41\">350<\/td>\n<td width=\"44\">10680<\/td>\n<td width=\"37\">4*135<\/td>\n<td width=\"48\">380<\/td>\n<td width=\"45\">25<\/td>\n<td width=\"38\">19<\/td>\n<\/tr>\n<tr>\n<td width=\"79\">FNH-23.0\/80<\/td>\n<td width=\"54\">23<\/td>\n<td width=\"43\">80<\/td>\n<td width=\"74\">4*20<\/td>\n<td width=\"50\">4<\/td>\n<td width=\"41\">400<\/td>\n<td width=\"44\">14000<\/td>\n<td width=\"37\">4*190<\/td>\n<td width=\"48\">380<\/td>\n<td width=\"45\">25<\/td>\n<td width=\"38\">19<\/td>\n<\/tr>\n<tr>\n<td width=\"79\">FNH-27,6\/100<\/td>\n<td width=\"54\">27,6<\/td>\n<td width=\"43\">100<\/td>\n<td width=\"74\">5*20<\/td>\n<td width=\"50\">4<\/td>\n<td width=\"41\">400<\/td>\n<td width=\"44\">14000<\/td>\n<td width=\"37\">4*190<\/td>\n<td width=\"48\">380<\/td>\n<td width=\"45\">28<\/td>\n<td width=\"38\">22<\/td>\n<\/tr>\n<tr>\n<td width=\"79\">FNH-33,3\/120<\/td>\n<td width=\"54\">33,3<\/td>\n<td width=\"43\">120<\/td>\n<td width=\"74\">5*24<\/td>\n<td width=\"50\">4<\/td>\n<td width=\"41\">400<\/td>\n<td width=\"44\">14000<\/td>\n<td width=\"37\">4*190<\/td>\n<td width=\"48\">380<\/td>\n<td width=\"45\">32<\/td>\n<td width=\"38\">22<\/td>\n<\/tr>\n<tr>\n<td width=\"79\">FNH-39,8\/140<\/td>\n<td width=\"54\">39,8<\/td>\n<td width=\"43\">140<\/td>\n<td width=\"74\">5*24<\/td>\n<td width=\"50\">4<\/td>\n<td width=\"41\">450<\/td>\n<td width=\"44\">18000<\/td>\n<td width=\"37\">4*250<\/td>\n<td width=\"48\">380<\/td>\n<td width=\"45\">32<\/td>\n<td width=\"38\">22<\/td>\n<\/tr>\n<tr>\n<td width=\"79\">FNH-45,6\/160<\/td>\n<td width=\"54\">45,6<\/td>\n<td width=\"43\">160<\/td>\n<td width=\"74\">5*26<\/td>\n<td width=\"50\">4<\/td>\n<td width=\"41\">450<\/td>\n<td width=\"44\">18000<\/td>\n<td width=\"37\">4*250<\/td>\n<td width=\"48\">380<\/td>\n<td width=\"45\">32<\/td>\n<td width=\"38\">22<\/td>\n<\/tr>\n<tr>\n<td width=\"79\">FNH-49,9\/180<\/td>\n<td width=\"54\">49,9<\/td>\n<td width=\"43\">180<\/td>\n<td width=\"74\">5*26<\/td>\n<td width=\"50\">4<\/td>\n<td width=\"41\">450<\/td>\n<td width=\"44\">18000<\/td>\n<td width=\"37\">4*250<\/td>\n<td width=\"48\">380<\/td>\n<td width=\"45\">32<\/td>\n<td width=\"38\">22<\/td>\n<\/tr>\n<\/tbody>\n<\/table>\n<h2>FNH Genel ve Kurulum Boyutlar\u0131<\/h2>\n<table>\n<tbody>\n<tr>\n<td>Model<\/td>\n<td>L Genel Boyutlar (mm)<\/td>\n<td>K Genel Boyutlar (mm)<\/td>\n<td>H Genel Boyutlar (mm)<\/td>\n<td>A Genel Boyutlar (mm)<\/td>\n<td>B Genel Boyutlar (mm)<\/td>\n<td>W Genel Boyutlar (mm)<\/td>\n<\/tr>\n<tr>\n<td>FNH-0.6\/2<\/td>\n<td>320<\/td>\n<td>130<\/td>\n<td>250<\/td>\n<td>265<\/td>\n<td>70<\/td>\n<td>205<\/td>\n<\/tr>\n<tr>\n<td>FNH-0,9\/3<\/td>\n<td>320<\/td>\n<td>130<\/td>\n<td>250<\/td>\n<td>265<\/td>\n<td>70<\/td>\n<td>205<\/td>\n<\/tr>\n<tr>\n<td>FNH-1.2\/4<\/td>\n<td>340<\/td>\n<td>130<\/td>\n<td>300<\/td>\n<td>285<\/td>\n<td>70<\/td>\n<td>205<\/td>\n<\/tr>\n<tr>\n<td>FNH-1.7\/6<\/td>\n<td>460<\/td>\n<td>160<\/td>\n<td>385<\/td>\n<td>370<\/td>\n<td>90<\/td>\n<td>240<\/td>\n<\/tr>\n<tr>\n<td>FNH-2,5\/8,5<\/td>\n<td>480<\/td>\n<td>160<\/td>\n<td>435<\/td>\n<td>420<\/td>\n<td>90<\/td>\n<td>275<\/td>\n<\/tr>\n<tr>\n<td>FNH-4.6\/15<\/td>\n<td>560<\/td>\n<td>200<\/td>\n<td>485<\/td>\n<td>490<\/td>\n<td>130<\/td>\n<td>295<\/td>\n<\/tr>\n<tr>\n<td>FNH-5.4\/18<\/td>\n<td>640<\/td>\n<td>210<\/td>\n<td>540<\/td>\n<td>570<\/td>\n<td>140<\/td>\n<td>305<\/td>\n<\/tr>\n<tr>\n<td>FNH-6.4\/22<\/td>\n<td>640<\/td>\n<td>210<\/td>\n<td>540<\/td>\n<td>570<\/td>\n<td>140<\/td>\n<td>305<\/td>\n<\/tr>\n<tr>\n<td>FNH-6.4\/22B<\/td>\n<td>940<\/td>\n<td>210<\/td>\n<td>440<\/td>\n<td>870<\/td>\n<td>140<\/td>\n<td>275<\/td>\n<\/tr>\n<tr>\n<td>FNH-7.3\/28<\/td>\n<td>940<\/td>\n<td>210<\/td>\n<td>490<\/td>\n<td>870<\/td>\n<td>140<\/td>\n<td>275<\/td>\n<\/tr>\n<tr>\n<td>FNH-9.7\/33<\/td>\n<td>1010<\/td>\n<td>210<\/td>\n<td>540<\/td>\n<td>930<\/td>\n<td>140<\/td>\n<td>305<\/td>\n<\/tr>\n<tr>\n<td>FNH-12.0\/41<\/td>\n<td>1010<\/td>\n<td>210<\/td>\n<td>540<\/td>\n<td>930<\/td>\n<td>140<\/td>\n<td>305<\/td>\n<\/tr>\n<tr>\n<td>FNH-13,8\/50<\/td>\n<td>1010<\/td>\n<td>230<\/td>\n<td>640<\/td>\n<td>930<\/td>\n<td>150<\/td>\n<td>325<\/td>\n<\/tr>\n<tr>\n<td>FNH-17.2\/60<\/td>\n<td>1010<\/td>\n<td>230<\/td>\n<td>640<\/td>\n<td>930<\/td>\n<td>150<\/td>\n<td>325<\/td>\n<\/tr>\n<tr>\n<td>FNH-20.7\/70<\/td>\n<td>1170<\/td>\n<td>230<\/td>\n<td>940<\/td>\n<td>1080<\/td>\n<td>150<\/td>\n<td>365<\/td>\n<\/tr>\n<tr>\n<td>FNH-23.0\/80<\/td>\n<td>1170<\/td>\n<td>230<\/td>\n<td>1040<\/td>\n<td>1080<\/td>\n<td>150<\/td>\n<td>365<\/td>\n<\/tr>\n<tr>\n<td>FNH-27,6\/100<\/td>\n<td>1170<\/td>\n<td>230<\/td>\n<td>1040<\/td>\n<td>1080<\/td>\n<td>150<\/td>\n<td>365<\/td>\n<\/tr>\n<tr>\n<td>FNH-33.3\/120<\/td>\n<td>1200<\/td>\n<td>230<\/td>\n<td>1240<\/td>\n<td>1110<\/td>\n<td>150<\/td>\n<td>365<\/td>\n<\/tr>\n<tr>\n<td>FNH-39,8\/140<\/td>\n<td>1280<\/td>\n<td>250<\/td>\n<td>1240<\/td>\n<td>1170<\/td>\n<td>170<\/td>\n<td>385<\/td>\n<\/tr>\n<tr>\n<td>FNH-45.6\/160<\/td>\n<td>1340<\/td>\n<td>250<\/td>\n<td>1340<\/td>\n<td>1230<\/td>\n<td>170<\/td>\n<td>385<\/td>\n<\/tr>\n<tr>\n<td>FNH-49,9\/180<\/td>\n<td>1460<\/td>\n<td>250<\/td>\n<td>1340<\/td>\n<td>1350<\/td>\n<td>170<\/td>\n<td>385<\/td>\n<\/tr>\n<\/tbody>\n<\/table>\n<h2>FNHC (Copeland) Parametreleri<\/h2>\n<table>\n<tbody>\n<tr>\n<td>Model<\/td>\n<td>Is\u0131 De\u011fi\u015ftirme Kapasitesi<\/td>\n<td>Y\u00fczey Area<br \/>\n(m\u00b2)<\/td>\n<td>Fan Say\u0131s\u0131<\/td>\n<td>Fan \u00c7ap\u0131 \u03c6<br \/>\n(mm)<\/td>\n<td>Fan Hava Hacmi<br \/>\n(m\u00b3\/h)<\/td>\n<td>Fan G\u00fcc\u00fc<br \/>\n(w)<\/td>\n<td>Fan Gerilimi<br \/>\n(v)<\/td>\n<td>Fan Motoru<br \/>\n(n*w)<\/td>\n<td>Gerilim<\/td>\n<\/tr>\n<tr>\n<td>FNHC-25-3<\/td>\n<td>6,6<\/td>\n<td>25<\/td>\n<td>1<\/td>\n<td>400<\/td>\n<td>3500<\/td>\n<td>1*190<\/td>\n<td rowspan=\"6\">380V<br \/>\n3PH<br \/>\n50Hz<\/td>\n<td>19<\/td>\n<td>16<\/td>\n<\/tr>\n<tr>\n<td>FNHC-35-4<\/td>\n<td>9,1<\/td>\n<td>35<\/td>\n<td>1<\/td>\n<td>450<\/td>\n<td>4800<\/td>\n<td>1*250<\/td>\n<td>19<\/td>\n<td>16<\/td>\n<\/tr>\n<tr>\n<td>FNHC-41-5<\/td>\n<td>10,8<\/td>\n<td>41<\/td>\n<td>1<\/td>\n<td>500<\/td>\n<td>6500<\/td>\n<td>1*420<\/td>\n<td>19<\/td>\n<td>16<\/td>\n<\/tr>\n<tr>\n<td>FNHC-55-8<\/td>\n<td>14,5<\/td>\n<td>55<\/td>\n<td>1<\/td>\n<td>550<\/td>\n<td>7500<\/td>\n<td>1*550<\/td>\n<td>22<\/td>\n<td>19<\/td>\n<\/tr>\n<tr>\n<td>FNHC-80-10<\/td>\n<td>21<\/td>\n<td>80<\/td>\n<td>2<\/td>\n<td>500<\/td>\n<td>13000<\/td>\n<td>2*420<\/td>\n<td>25<\/td>\n<td>19<\/td>\n<\/tr>\n<tr>\n<td>FNHC-110-15<\/td>\n<td>28,8<\/td>\n<td>110<\/td>\n<td>2<\/td>\n<td>550<\/td>\n<td>15000<\/td>\n<td>2*550<\/td>\n<td>28<\/td>\n<td>22<\/td>\n<\/tr>\n<\/tbody>\n<\/table>\n<h2>FNHC (Copeland) Genel ve Kurulum Boyutlar\u0131<\/h2>\n<table>\n<tbody>\n<tr>\n<td width=\"130\">Model<\/td>\n<td width=\"125\">A<\/td>\n<td width=\"99\">B<\/td>\n<td width=\"106\">C<\/td>\n<td width=\"96\">D<\/td>\n<td width=\"88\">E<\/td>\n<td width=\"88\">F<\/td>\n<td width=\"74\">G<\/td>\n<\/tr>\n<tr>\n<td width=\"130\">FNHC-25-3<\/td>\n<td width=\"125\">630<\/td>\n<td width=\"99\">330<\/td>\n<td width=\"106\">540<\/td>\n<td width=\"96\">220<\/td>\n<td width=\"88\">660<\/td>\n<td width=\"88\">140<\/td>\n<td width=\"74\">75<\/td>\n<\/tr>\n<tr>\n<td width=\"130\">FNHC-35-4<\/td>\n<td width=\"125\">730<\/td>\n<td width=\"99\">330<\/td>\n<td width=\"106\">590<\/td>\n<td width=\"96\">230<\/td>\n<td width=\"88\">760<\/td>\n<td width=\"88\">150<\/td>\n<td width=\"74\">120<\/td>\n<\/tr>\n<tr>\n<td width=\"130\">FNHC-41-5<\/td>\n<td width=\"125\">810<\/td>\n<td width=\"99\">330<\/td>\n<td width=\"106\">690<\/td>\n<td width=\"96\">230<\/td>\n<td width=\"88\">840<\/td>\n<td width=\"88\">150<\/td>\n<td width=\"74\">90<\/td>\n<\/tr>\n<tr>\n<td width=\"130\">FNHC-55-8<\/td>\n<td width=\"125\">900<\/td>\n<td width=\"99\">360<\/td>\n<td width=\"106\">840<\/td>\n<td width=\"96\">230<\/td>\n<td width=\"88\">930<\/td>\n<td width=\"88\">150<\/td>\n<td width=\"74\">70<\/td>\n<\/tr>\n<tr>\n<td width=\"130\">FNHC-80-10<\/td>\n<td width=\"125\">1175<\/td>\n<td width=\"99\">385<\/td>\n<td width=\"106\">940<\/td>\n<td width=\"96\">250<\/td>\n<td width=\"88\">1205<\/td>\n<td width=\"88\">170<\/td>\n<td width=\"74\">70<\/td>\n<\/tr>\n<tr>\n<td width=\"130\">FNHC-110-15<\/td>\n<td width=\"125\">1360<\/td>\n<td width=\"99\">405<\/td>\n<td width=\"106\">890<\/td>\n<td width=\"96\">270<\/td>\n<td width=\"88\">1390<\/td>\n<td width=\"88\">170<\/td>\n<td width=\"74\">50<\/td>\n<\/tr>\n<\/tbody>\n<\/table>\n","protected":false},"excerpt":{"rendered":"<ul>\n<li>Linble ve Copeland marka se\u00e7enekleri.<\/li>\n<li>H, V, W tiplerinde hava so\u011futmal\u0131 kondansat\u00f6rler. H tipi yandan \u00fcflemeli, V ve W tipleri ise \u00e7at\u0131dan \u00fcflemeli tasar\u0131mlard\u0131r.<\/li>\n<li>Kondansat\u00f6rler, \u00e7e\u015fitli kompres\u00f6rler i\u00e7in uygun, makul bir yap\u0131ya ve m\u00fckemmel uyumlulu\u011fa sahiptir.<\/li>\n<li>Plastik kaplamal\u0131 y\u00fczeye sahip y\u00fcksek kaliteli \u00e7elik g\u00f6vde, korozyon direnci ve \u00e7ekici bir g\u00f6r\u00fcn\u00fcm sa\u011flar.<\/li>\n<li>Ola\u011fan\u00fcst\u00fc gaz s\u0131zd\u0131rmazl\u0131\u011f\u0131n\u0131 garanti etmek i\u00e7in 2,5 MPa hava bas\u0131nc\u0131 alt\u0131nda test edilmi\u015ftir.<\/li>\n<li>R22, R134a ve R407c dahil olmak \u00fczere bir\u00e7ok so\u011futucu ak\u0131\u015fkanla uyumludur.<\/li>\n<li>M\u00fc\u015fterilerin \u00f6zel gereksinimlerini kar\u015f\u0131lamak i\u00e7in \u00f6zelle\u015ftirilebilir kondenser fanlar\u0131 mevcuttur.<\/li>\n<\/ul>\n","protected":false},"featured_media":11338,"comment_status":"open","ping_status":"closed","template":"","meta":{"site-sidebar-layout":"default","site-content-layout":"","ast-site-content-layout":"default","site-content-style":"default","site-sidebar-style":"default","ast-global-header-display":"","ast-banner-title-visibility":"","ast-main-header-display":"","ast-hfb-above-header-display":"","ast-hfb-below-header-display":"","ast-hfb-mobile-header-display":"","site-post-title":"","ast-breadcrumbs-content":"","ast-featured-img":"","footer-sml-layout":"","theme-transparent-header-meta":"default","adv-header-id-meta":"","stick-header-meta":"","header-above-stick-meta":"","header-main-stick-meta":"","header-below-stick-meta":"","astra-migrate-meta-layouts":"set","ast-page-background-enabled":"default","ast-page-background-meta":{"desktop":{"background-color":"var(--ast-global-color-4)","background-image":"","background-repeat":"repeat","background-position":"center center","background-size":"auto","background-attachment":"scroll","background-type":"","background-media":"","overlay-type":"","overlay-color":"","overlay-opacity":"","overlay-gradient":""},"tablet":{"background-color":"","background-image":"","background-repeat":"repeat","background-position":"center center","background-size":"auto","background-attachment":"scroll","background-type":"","background-media":"","overlay-type":"","overlay-color":"","overlay-opacity":"","overlay-gradient":""},"mobile":{"background-color":"","background-image":"","background-repeat":"repeat","background-position":"center center","background-size":"auto","background-attachment":"scroll","background-type":"","background-media":"","overlay-type":"","overlay-color":"","overlay-opacity":"","overlay-gradient":""}},"ast-content-background-meta":{"desktop":{"background-color":"var(--ast-global-color-5)","background-image":"","background-repeat":"repeat","background-position":"center center","background-size":"auto","background-attachment":"scroll","background-type":"","background-media":"","overlay-type":"","overlay-color":"","overlay-opacity":"","overlay-gradient":""},"tablet":{"background-color":"var(--ast-global-color-5)","background-image":"","background-repeat":"repeat","background-position":"center center","background-size":"auto","background-attachment":"scroll","background-type":"","background-media":"","overlay-type":"","overlay-color":"","overlay-opacity":"","overlay-gradient":""},"mobile":{"background-color":"var(--ast-global-color-5)","background-image":"","background-repeat":"repeat","background-position":"center center","background-size":"auto","background-attachment":"scroll","background-type":"","background-media":"","overlay-type":"","overlay-color":"","overlay-opacity":"","overlay-gradient":""}}},"product_brand":[],"product_cat":[97],"product_tag":[],"class_list":{"0":"post-11334","1":"product","2":"type-product","3":"status-publish","4":"has-post-thumbnail","6":"product_cat-kategorize-edilmemis","7":"desktop-align-left","8":"tablet-align-left","9":"mobile-align-left","11":"first","12":"instock","13":"shipping-taxable","14":"product-type-simple"},"_links":{"self":[{"href":"https:\/\/www.linble-coldroom.com\/tr\/wp-json\/wp\/v2\/product\/11334","targetHints":{"allow":["GET"]}}],"collection":[{"href":"https:\/\/www.linble-coldroom.com\/tr\/wp-json\/wp\/v2\/product"}],"about":[{"href":"https:\/\/www.linble-coldroom.com\/tr\/wp-json\/wp\/v2\/types\/product"}],"replies":[{"embeddable":true,"href":"https:\/\/www.linble-coldroom.com\/tr\/wp-json\/wp\/v2\/comments?post=11334"}],"wp:featuredmedia":[{"embeddable":true,"href":"https:\/\/www.linble-coldroom.com\/tr\/wp-json\/wp\/v2\/media\/11338"}],"wp:attachment":[{"href":"https:\/\/www.linble-coldroom.com\/tr\/wp-json\/wp\/v2\/media?parent=11334"}],"wp:term":[{"taxonomy":"product_brand","embeddable":true,"href":"https:\/\/www.linble-coldroom.com\/tr\/wp-json\/wp\/v2\/product_brand?post=11334"},{"taxonomy":"product_cat","embeddable":true,"href":"https:\/\/www.linble-coldroom.com\/tr\/wp-json\/wp\/v2\/product_cat?post=11334"},{"taxonomy":"product_tag","embeddable":true,"href":"https:\/\/www.linble-coldroom.com\/tr\/wp-json\/wp\/v2\/product_tag?post=11334"}],"curies":[{"name":"wp","href":"https:\/\/api.w.org\/{rel}","templated":true}]}}